{"id":1542,"date":"2024-07-08T08:37:52","date_gmt":"2024-07-08T00:37:52","guid":{"rendered":"https:\/\/scaleorder.com\/front\/"},"modified":"2025-09-23T16:15:34","modified_gmt":"2025-09-23T08:15:34","slug":"front","status":"publish","type":"page","link":"https:\/\/scaleorder.com\/sv\/","title":{"rendered":"Front"},"content":{"rendered":"","protected":false},"excerpt":{"rendered":"","protected":false},"author":1,"featured_media":0,"parent":0,"menu_order":0,"comment_status":"open","ping_status":"closed","template":"front.php","meta":{"inline_featured_image":false,"footnotes":""},"class_list":["post-1542","page","type-page","status-publish","hentry"],"yoast_head":"<!-- This site is optimized with the Yoast SEO plugin v27.4 - https:\/\/yoast.com\/product\/yoast-seo-wordpress\/ -->\n<title>Scaleorder - Ledande Dropshipping-plattform f\u00f6r gratis | B\u00e4sta vinnande produkter f\u00f6r digital Dropshipping-verksamhet<\/title>\n<meta name=\"description\" content=\"Scaleorder \u00e4r en gratis dropshipping-plattform som hj\u00e4lper dig att starta din dropshipping och print-on-demand-verksamhet 2025. Det erbjuder Dropshipping-produkter med h\u00f6g biljett som heminredning, m\u00f6bler, smycken, parfym, underkl\u00e4der, kosmetika och andra sk\u00f6nhetsprodukter - allt kommer direkt fr\u00e5n tillverkare. Scaleorder integreras med Shopify, Amazon, eBay, WooCommerce, Lazada och BigCommerce. Den levereras med inbyggda automatiserade uppfyllande verktyg och ett nyb\u00f6rjarv\u00e4nligt gr\u00e4nssnitt som hj\u00e4lper dig att v\u00e4xa ditt f\u00f6retag och uppn\u00e5 h\u00f6gre vinstmarginaler.\" \/>\n<meta name=\"robots\" content=\"index, follow, max-snippet:-1, max-image-preview:large, max-video-preview:-1\" \/>\n<link rel=\"canonical\" href=\"https:\/\/scaleorder.com\/sv\/front\/\" \/>\n<meta property=\"og:locale\" content=\"sv_SE\" \/>\n<meta property=\"og:type\" content=\"article\" \/>\n<meta property=\"og:title\" content=\"Scaleorder - Ledande Dropshipping-plattform f\u00f6r gratis | B\u00e4sta vinnande produkter f\u00f6r digital Dropshipping-verksamhet\" \/>\n<meta property=\"og:description\" content=\"Scaleorder \u00e4r en gratis dropshipping-plattform som hj\u00e4lper dig att starta din dropshipping och print-on-demand-verksamhet 2025. Det erbjuder Dropshipping-produkter med h\u00f6g biljett som heminredning, m\u00f6bler, smycken, parfym, underkl\u00e4der, kosmetika och andra sk\u00f6nhetsprodukter - allt kommer direkt fr\u00e5n tillverkare. Scaleorder integreras med Shopify, Amazon, eBay, WooCommerce, Lazada och BigCommerce. Den levereras med inbyggda automatiserade uppfyllande verktyg och ett nyb\u00f6rjarv\u00e4nligt gr\u00e4nssnitt som hj\u00e4lper dig att v\u00e4xa ditt f\u00f6retag och uppn\u00e5 h\u00f6gre vinstmarginaler.\" \/>\n<meta property=\"og:url\" content=\"https:\/\/scaleorder.com\/sv\/front\/\" \/>\n<meta property=\"og:site_name\" content=\"ScaleOrder Dropshipping\" \/>\n<meta property=\"article:modified_time\" content=\"2025-09-23T08:15:34+00:00\" \/>\n<meta name=\"twitter:card\" content=\"summary_large_image\" \/>\n<script type=\"application\/ld+json\" class=\"yoast-schema-graph\">{\"@context\":\"https:\\\/\\\/schema.org\",\"@graph\":[{\"@type\":\"WebPage\",\"@id\":\"https:\\\/\\\/scaleorder.com\\\/sv\\\/front\\\/\",\"url\":\"https:\\\/\\\/scaleorder.com\\\/sv\\\/front\\\/\",\"name\":\"Scaleorder - Ledande Dropshipping-plattform f\u00f6r gratis | B\u00e4sta vinnande produkter f\u00f6r digital Dropshipping-verksamhet\",\"isPartOf\":{\"@id\":\"https:\\\/\\\/scaleorder.com\\\/#website\"},\"datePublished\":\"2024-07-08T00:37:52+00:00\",\"dateModified\":\"2025-09-23T08:15:34+00:00\",\"description\":\"Scaleorder \u00e4r en gratis dropshipping-plattform som hj\u00e4lper dig att starta din dropshipping och print-on-demand-verksamhet 2025. Det erbjuder Dropshipping-produkter med h\u00f6g biljett som heminredning, m\u00f6bler, smycken, parfym, underkl\u00e4der, kosmetika och andra sk\u00f6nhetsprodukter - allt kommer direkt fr\u00e5n tillverkare. Scaleorder integreras med Shopify, Amazon, eBay, WooCommerce, Lazada och BigCommerce. Den levereras med inbyggda automatiserade uppfyllande verktyg och ett nyb\u00f6rjarv\u00e4nligt gr\u00e4nssnitt som hj\u00e4lper dig att v\u00e4xa ditt f\u00f6retag och uppn\u00e5 h\u00f6gre vinstmarginaler.\",\"breadcrumb\":{\"@id\":\"https:\\\/\\\/scaleorder.com\\\/sv\\\/front\\\/#breadcrumb\"},\"inLanguage\":\"sv-SE\",\"potentialAction\":[{\"@type\":\"ReadAction\",\"target\":[\"https:\\\/\\\/scaleorder.com\\\/sv\\\/front\\\/\"]}]},{\"@type\":\"BreadcrumbList\",\"@id\":\"https:\\\/\\\/scaleorder.com\\\/sv\\\/front\\\/#breadcrumb\",\"itemListElement\":[{\"@type\":\"ListItem\",\"position\":1,\"name\":\"Home\",\"item\":\"https:\\\/\\\/scaleorder.com\\\/sv\\\/front\\\/\"},{\"@type\":\"ListItem\",\"position\":2,\"name\":\"Front\"}]},{\"@type\":\"WebSite\",\"@id\":\"https:\\\/\\\/scaleorder.com\\\/#website\",\"url\":\"https:\\\/\\\/scaleorder.com\\\/\",\"name\":\"ScaleOrder Dropshipping\",\"description\":\"The Ultimate Branded Dropshipping Solution\",\"potentialAction\":[{\"@type\":\"SearchAction\",\"target\":{\"@type\":\"EntryPoint\",\"urlTemplate\":\"https:\\\/\\\/scaleorder.com\\\/?s={search_term_string}\"},\"query-input\":{\"@type\":\"PropertyValueSpecification\",\"valueRequired\":true,\"valueName\":\"search_term_string\"}}],\"inLanguage\":\"sv-SE\"}]}<\/script>\n<!-- \/ Yoast SEO plugin. -->","yoast_head_json":{"title":"Scaleorder - Ledande Dropshipping-plattform f\u00f6r gratis | B\u00e4sta vinnande produkter f\u00f6r digital Dropshipping-verksamhet","description":"Scaleorder \u00e4r en gratis dropshipping-plattform som hj\u00e4lper dig att starta din dropshipping och print-on-demand-verksamhet 2025. Det erbjuder Dropshipping-produkter med h\u00f6g biljett som heminredning, m\u00f6bler, smycken, parfym, underkl\u00e4der, kosmetika och andra sk\u00f6nhetsprodukter - allt kommer direkt fr\u00e5n tillverkare. Scaleorder integreras med Shopify, Amazon, eBay, WooCommerce, Lazada och BigCommerce. Den levereras med inbyggda automatiserade uppfyllande verktyg och ett nyb\u00f6rjarv\u00e4nligt gr\u00e4nssnitt som hj\u00e4lper dig att v\u00e4xa ditt f\u00f6retag och uppn\u00e5 h\u00f6gre vinstmarginaler.","robots":{"index":"index","follow":"follow","max-snippet":"max-snippet:-1","max-image-preview":"max-image-preview:large","max-video-preview":"max-video-preview:-1"},"canonical":"https:\/\/scaleorder.com\/sv\/front\/","og_locale":"sv_SE","og_type":"article","og_title":"Scaleorder - Ledande Dropshipping-plattform f\u00f6r gratis | B\u00e4sta vinnande produkter f\u00f6r digital Dropshipping-verksamhet","og_description":"Scaleorder \u00e4r en gratis dropshipping-plattform som hj\u00e4lper dig att starta din dropshipping och print-on-demand-verksamhet 2025. Det erbjuder Dropshipping-produkter med h\u00f6g biljett som heminredning, m\u00f6bler, smycken, parfym, underkl\u00e4der, kosmetika och andra sk\u00f6nhetsprodukter - allt kommer direkt fr\u00e5n tillverkare. Scaleorder integreras med Shopify, Amazon, eBay, WooCommerce, Lazada och BigCommerce. Den levereras med inbyggda automatiserade uppfyllande verktyg och ett nyb\u00f6rjarv\u00e4nligt gr\u00e4nssnitt som hj\u00e4lper dig att v\u00e4xa ditt f\u00f6retag och uppn\u00e5 h\u00f6gre vinstmarginaler.","og_url":"https:\/\/scaleorder.com\/sv\/front\/","og_site_name":"ScaleOrder Dropshipping","article_modified_time":"2025-09-23T08:15:34+00:00","twitter_card":"summary_large_image","schema":{"@context":"https:\/\/schema.org","@graph":[{"@type":"WebPage","@id":"https:\/\/scaleorder.com\/sv\/front\/","url":"https:\/\/scaleorder.com\/sv\/front\/","name":"Scaleorder - Ledande Dropshipping-plattform f\u00f6r gratis | B\u00e4sta vinnande produkter f\u00f6r digital Dropshipping-verksamhet","isPartOf":{"@id":"https:\/\/scaleorder.com\/#website"},"datePublished":"2024-07-08T00:37:52+00:00","dateModified":"2025-09-23T08:15:34+00:00","description":"Scaleorder \u00e4r en gratis dropshipping-plattform som hj\u00e4lper dig att starta din dropshipping och print-on-demand-verksamhet 2025. Det erbjuder Dropshipping-produkter med h\u00f6g biljett som heminredning, m\u00f6bler, smycken, parfym, underkl\u00e4der, kosmetika och andra sk\u00f6nhetsprodukter - allt kommer direkt fr\u00e5n tillverkare. Scaleorder integreras med Shopify, Amazon, eBay, WooCommerce, Lazada och BigCommerce. Den levereras med inbyggda automatiserade uppfyllande verktyg och ett nyb\u00f6rjarv\u00e4nligt gr\u00e4nssnitt som hj\u00e4lper dig att v\u00e4xa ditt f\u00f6retag och uppn\u00e5 h\u00f6gre vinstmarginaler.","breadcrumb":{"@id":"https:\/\/scaleorder.com\/sv\/front\/#breadcrumb"},"inLanguage":"sv-SE","potentialAction":[{"@type":"ReadAction","target":["https:\/\/scaleorder.com\/sv\/front\/"]}]},{"@type":"BreadcrumbList","@id":"https:\/\/scaleorder.com\/sv\/front\/#breadcrumb","itemListElement":[{"@type":"ListItem","position":1,"name":"Home","item":"https:\/\/scaleorder.com\/sv\/front\/"},{"@type":"ListItem","position":2,"name":"Front"}]},{"@type":"WebSite","@id":"https:\/\/scaleorder.com\/#website","url":"https:\/\/scaleorder.com\/","name":"ScaleOrder Dropshipping","description":"The Ultimate Branded Dropshipping Solution","potentialAction":[{"@type":"SearchAction","target":{"@type":"EntryPoint","urlTemplate":"https:\/\/scaleorder.com\/?s={search_term_string}"},"query-input":{"@type":"PropertyValueSpecification","valueRequired":true,"valueName":"search_term_string"}}],"inLanguage":"sv-SE"}]}},"_links":{"self":[{"href":"https:\/\/scaleorder.com\/sv\/wp-json\/wp\/v2\/pages\/1542","targetHints":{"allow":["GET"]}}],"collection":[{"href":"https:\/\/scaleorder.com\/sv\/wp-json\/wp\/v2\/pages"}],"about":[{"href":"https:\/\/scaleorder.com\/sv\/wp-json\/wp\/v2\/types\/page"}],"author":[{"embeddable":true,"href":"https:\/\/scaleorder.com\/sv\/wp-json\/wp\/v2\/users\/1"}],"replies":[{"embeddable":true,"href":"https:\/\/scaleorder.com\/sv\/wp-json\/wp\/v2\/comments?post=1542"}],"version-history":[{"count":0,"href":"https:\/\/scaleorder.com\/sv\/wp-json\/wp\/v2\/pages\/1542\/revisions"}],"wp:attachment":[{"href":"https:\/\/scaleorder.com\/sv\/wp-json\/wp\/v2\/media?parent=1542"}],"curies":[{"name":"wp","href":"https:\/\/api.w.org\/{rel}","templated":true}]}}