{"id":13231,"date":"2025-03-13T05:00:53","date_gmt":"2025-03-12T21:00:53","guid":{"rendered":"https:\/\/scaleorder.com\/lazada\/"},"modified":"2025-03-13T05:00:53","modified_gmt":"2025-03-12T21:00:53","slug":"lazada","status":"publish","type":"page","link":"https:\/\/scaleorder.com\/sv\/lazada\/","title":{"rendered":"Lazada"},"content":{"rendered":"","protected":false},"excerpt":{"rendered":"","protected":false},"author":1,"featured_media":0,"parent":0,"menu_order":0,"comment_status":"open","ping_status":"closed","template":"lazada-intregrate.php","meta":{"inline_featured_image":false,"footnotes":""},"class_list":["post-13231","page","type-page","status-publish","hentry"],"yoast_head":"<!-- This site is optimized with the Yoast SEO plugin v27.4 - https:\/\/yoast.com\/product\/yoast-seo-wordpress\/ -->\n<title>Scaleorder - Starta Lazada Dropshipping gratis | Enkel installationsapp, f\u00f6renkla uppfyllande och lager, b\u00e4sta Dropshipping-leverant\u00f6r<\/title>\n<meta name=\"description\" content=\"G\u00e5 med framg\u00e5ngsrika Lazada-s\u00e4ljare som anv\u00e4nder Scaleorder f\u00f6r att automatisera orderuppfyllelse och sp\u00e5rning, effektivisera logistik och skala globalt. Anslut enkelt till globala leverant\u00f6rer och inga installationsavgifter, lagersynkronisering i realtid.\" \/>\n<meta name=\"robots\" content=\"index, follow, max-snippet:-1, max-image-preview:large, max-video-preview:-1\" \/>\n<link rel=\"canonical\" href=\"https:\/\/scaleorder.com\/sv\/lazada\/\" \/>\n<meta property=\"og:locale\" content=\"sv_SE\" \/>\n<meta property=\"og:type\" content=\"article\" \/>\n<meta property=\"og:title\" content=\"Scaleorder - Starta Lazada Dropshipping gratis | Enkel installationsapp, f\u00f6renkla uppfyllande och lager, b\u00e4sta Dropshipping-leverant\u00f6r\" \/>\n<meta property=\"og:description\" content=\"G\u00e5 med framg\u00e5ngsrika Lazada-s\u00e4ljare som anv\u00e4nder Scaleorder f\u00f6r att automatisera orderuppfyllelse och sp\u00e5rning, effektivisera logistik och skala globalt. Anslut enkelt till globala leverant\u00f6rer och inga installationsavgifter, lagersynkronisering i realtid.\" \/>\n<meta property=\"og:url\" content=\"https:\/\/scaleorder.com\/sv\/lazada\/\" \/>\n<meta property=\"og:site_name\" content=\"ScaleOrder Dropshipping\" \/>\n<meta name=\"twitter:card\" content=\"summary_large_image\" \/>\n<script type=\"application\/ld+json\" class=\"yoast-schema-graph\">{\"@context\":\"https:\\\/\\\/schema.org\",\"@graph\":[{\"@type\":\"WebPage\",\"@id\":\"https:\\\/\\\/scaleorder.com\\\/sv\\\/lazada\\\/\",\"url\":\"https:\\\/\\\/scaleorder.com\\\/sv\\\/lazada\\\/\",\"name\":\"Scaleorder - Starta Lazada Dropshipping gratis | Enkel installationsapp, f\u00f6renkla uppfyllande och lager, b\u00e4sta Dropshipping-leverant\u00f6r\",\"isPartOf\":{\"@id\":\"https:\\\/\\\/scaleorder.com\\\/#website\"},\"datePublished\":\"2025-03-12T21:00:53+00:00\",\"description\":\"G\u00e5 med framg\u00e5ngsrika Lazada-s\u00e4ljare som anv\u00e4nder Scaleorder f\u00f6r att automatisera orderuppfyllelse och sp\u00e5rning, effektivisera logistik och skala globalt. Anslut enkelt till globala leverant\u00f6rer och inga installationsavgifter, lagersynkronisering i realtid.\",\"breadcrumb\":{\"@id\":\"https:\\\/\\\/scaleorder.com\\\/sv\\\/lazada\\\/#breadcrumb\"},\"inLanguage\":\"sv-SE\",\"potentialAction\":[{\"@type\":\"ReadAction\",\"target\":[\"https:\\\/\\\/scaleorder.com\\\/sv\\\/lazada\\\/\"]}]},{\"@type\":\"BreadcrumbList\",\"@id\":\"https:\\\/\\\/scaleorder.com\\\/sv\\\/lazada\\\/#breadcrumb\",\"itemListElement\":[{\"@type\":\"ListItem\",\"position\":1,\"name\":\"Home\",\"item\":\"https:\\\/\\\/scaleorder.com\\\/sv\\\/front\\\/\"},{\"@type\":\"ListItem\",\"position\":2,\"name\":\"Lazada\"}]},{\"@type\":\"WebSite\",\"@id\":\"https:\\\/\\\/scaleorder.com\\\/#website\",\"url\":\"https:\\\/\\\/scaleorder.com\\\/\",\"name\":\"ScaleOrder Dropshipping\",\"description\":\"The Ultimate Branded Dropshipping Solution\",\"potentialAction\":[{\"@type\":\"SearchAction\",\"target\":{\"@type\":\"EntryPoint\",\"urlTemplate\":\"https:\\\/\\\/scaleorder.com\\\/?s={search_term_string}\"},\"query-input\":{\"@type\":\"PropertyValueSpecification\",\"valueRequired\":true,\"valueName\":\"search_term_string\"}}],\"inLanguage\":\"sv-SE\"}]}<\/script>\n<!-- \/ Yoast SEO plugin. -->","yoast_head_json":{"title":"Scaleorder - Starta Lazada Dropshipping gratis | Enkel installationsapp, f\u00f6renkla uppfyllande och lager, b\u00e4sta Dropshipping-leverant\u00f6r","description":"G\u00e5 med framg\u00e5ngsrika Lazada-s\u00e4ljare som anv\u00e4nder Scaleorder f\u00f6r att automatisera orderuppfyllelse och sp\u00e5rning, effektivisera logistik och skala globalt. Anslut enkelt till globala leverant\u00f6rer och inga installationsavgifter, lagersynkronisering i realtid.","robots":{"index":"index","follow":"follow","max-snippet":"max-snippet:-1","max-image-preview":"max-image-preview:large","max-video-preview":"max-video-preview:-1"},"canonical":"https:\/\/scaleorder.com\/sv\/lazada\/","og_locale":"sv_SE","og_type":"article","og_title":"Scaleorder - Starta Lazada Dropshipping gratis | Enkel installationsapp, f\u00f6renkla uppfyllande och lager, b\u00e4sta Dropshipping-leverant\u00f6r","og_description":"G\u00e5 med framg\u00e5ngsrika Lazada-s\u00e4ljare som anv\u00e4nder Scaleorder f\u00f6r att automatisera orderuppfyllelse och sp\u00e5rning, effektivisera logistik och skala globalt. Anslut enkelt till globala leverant\u00f6rer och inga installationsavgifter, lagersynkronisering i realtid.","og_url":"https:\/\/scaleorder.com\/sv\/lazada\/","og_site_name":"ScaleOrder Dropshipping","twitter_card":"summary_large_image","schema":{"@context":"https:\/\/schema.org","@graph":[{"@type":"WebPage","@id":"https:\/\/scaleorder.com\/sv\/lazada\/","url":"https:\/\/scaleorder.com\/sv\/lazada\/","name":"Scaleorder - Starta Lazada Dropshipping gratis | Enkel installationsapp, f\u00f6renkla uppfyllande och lager, b\u00e4sta Dropshipping-leverant\u00f6r","isPartOf":{"@id":"https:\/\/scaleorder.com\/#website"},"datePublished":"2025-03-12T21:00:53+00:00","description":"G\u00e5 med framg\u00e5ngsrika Lazada-s\u00e4ljare som anv\u00e4nder Scaleorder f\u00f6r att automatisera orderuppfyllelse och sp\u00e5rning, effektivisera logistik och skala globalt. Anslut enkelt till globala leverant\u00f6rer och inga installationsavgifter, lagersynkronisering i realtid.","breadcrumb":{"@id":"https:\/\/scaleorder.com\/sv\/lazada\/#breadcrumb"},"inLanguage":"sv-SE","potentialAction":[{"@type":"ReadAction","target":["https:\/\/scaleorder.com\/sv\/lazada\/"]}]},{"@type":"BreadcrumbList","@id":"https:\/\/scaleorder.com\/sv\/lazada\/#breadcrumb","itemListElement":[{"@type":"ListItem","position":1,"name":"Home","item":"https:\/\/scaleorder.com\/sv\/front\/"},{"@type":"ListItem","position":2,"name":"Lazada"}]},{"@type":"WebSite","@id":"https:\/\/scaleorder.com\/#website","url":"https:\/\/scaleorder.com\/","name":"ScaleOrder Dropshipping","description":"The Ultimate Branded Dropshipping Solution","potentialAction":[{"@type":"SearchAction","target":{"@type":"EntryPoint","urlTemplate":"https:\/\/scaleorder.com\/?s={search_term_string}"},"query-input":{"@type":"PropertyValueSpecification","valueRequired":true,"valueName":"search_term_string"}}],"inLanguage":"sv-SE"}]}},"_links":{"self":[{"href":"https:\/\/scaleorder.com\/sv\/wp-json\/wp\/v2\/pages\/13231","targetHints":{"allow":["GET"]}}],"collection":[{"href":"https:\/\/scaleorder.com\/sv\/wp-json\/wp\/v2\/pages"}],"about":[{"href":"https:\/\/scaleorder.com\/sv\/wp-json\/wp\/v2\/types\/page"}],"author":[{"embeddable":true,"href":"https:\/\/scaleorder.com\/sv\/wp-json\/wp\/v2\/users\/1"}],"replies":[{"embeddable":true,"href":"https:\/\/scaleorder.com\/sv\/wp-json\/wp\/v2\/comments?post=13231"}],"version-history":[{"count":0,"href":"https:\/\/scaleorder.com\/sv\/wp-json\/wp\/v2\/pages\/13231\/revisions"}],"wp:attachment":[{"href":"https:\/\/scaleorder.com\/sv\/wp-json\/wp\/v2\/media?parent=13231"}],"curies":[{"name":"wp","href":"https:\/\/api.w.org\/{rel}","templated":true}]}}