{"id":13153,"date":"2025-06-26T18:43:36","date_gmt":"2025-06-26T10:43:36","guid":{"rendered":"https:\/\/scaleorder.com\/forberedelser-for-amazon-fba\/"},"modified":"2025-09-30T10:31:22","modified_gmt":"2025-09-30T02:31:22","slug":"forberedelser-for-amazon-fba","status":"publish","type":"page","link":"https:\/\/scaleorder.com\/sv\/forberedelser-for-amazon-fba\/","title":{"rendered":"F\u00f6rberedelser f\u00f6r Amazon FBA"},"content":{"rendered":"","protected":false},"excerpt":{"rendered":"","protected":false},"author":1,"featured_media":0,"parent":0,"menu_order":0,"comment_status":"closed","ping_status":"closed","template":"tpl-amazon-sfp-and-fba-prep.php","meta":{"inline_featured_image":false,"footnotes":""},"class_list":["post-13153","page","type-page","status-publish","hentry"],"yoast_head":"<!-- This site is optimized with the Yoast SEO plugin v27.5 - https:\/\/yoast.com\/product\/yoast-seo-wordpress\/ -->\n<title>Scaleorder - Ledande Amazon FBA-f\u00f6rberedelsetj\u00e4nst gratis | B\u00e4sta 3PL-logistik- och FBA-f\u00f6rberedelsel\u00f6sning f\u00f6r h\u00f6g volym och sm\u00e5 s\u00e4ljare<\/title>\n<meta name=\"description\" content=\"Scaleorder \u00e4r en ledande tredjepartslogistikleverant\u00f6r som erbjuder den b\u00e4sta, snabba och enkla Amazon FBA prep-tj\u00e4nsten, som uppfyller alla krav med fast priss\u00e4ttning - idealisk f\u00f6r b\u00e5de sm\u00e5 s\u00e4ljare och stora volymorder - levererad fr\u00e5n v\u00e5rt FBA prep-center med smarta fraktl\u00f6sningar.\" \/>\n<meta name=\"robots\" content=\"index, follow, max-snippet:-1, max-image-preview:large, max-video-preview:-1\" \/>\n<link rel=\"canonical\" href=\"https:\/\/scaleorder.com\/sv\/forberedelser-for-amazon-fba\/\" \/>\n<meta property=\"og:locale\" content=\"sv_SE\" \/>\n<meta property=\"og:type\" content=\"article\" \/>\n<meta property=\"og:title\" content=\"Scaleorder - Ledande Amazon FBA-f\u00f6rberedelsetj\u00e4nst gratis | B\u00e4sta 3PL-logistik- och FBA-f\u00f6rberedelsel\u00f6sning f\u00f6r h\u00f6g volym och sm\u00e5 s\u00e4ljare\" \/>\n<meta property=\"og:description\" content=\"Scaleorder \u00e4r en ledande tredjepartslogistikleverant\u00f6r som erbjuder den b\u00e4sta, snabba och enkla Amazon FBA prep-tj\u00e4nsten, som uppfyller alla krav med fast priss\u00e4ttning - idealisk f\u00f6r b\u00e5de sm\u00e5 s\u00e4ljare och stora volymorder - levererad fr\u00e5n v\u00e5rt FBA prep-center med smarta fraktl\u00f6sningar.\" \/>\n<meta property=\"og:url\" content=\"https:\/\/scaleorder.com\/sv\/forberedelser-for-amazon-fba\/\" \/>\n<meta property=\"og:site_name\" content=\"ScaleOrder Dropshipping\" \/>\n<meta property=\"article:modified_time\" content=\"2025-09-30T02:31:22+00:00\" \/>\n<meta name=\"twitter:card\" content=\"summary_large_image\" \/>\n<script type=\"application\/ld+json\" class=\"yoast-schema-graph\">{\"@context\":\"https:\\\/\\\/schema.org\",\"@graph\":[{\"@type\":\"WebPage\",\"@id\":\"https:\\\/\\\/scaleorder.com\\\/sv\\\/forberedelser-for-amazon-fba\\\/\",\"url\":\"https:\\\/\\\/scaleorder.com\\\/sv\\\/forberedelser-for-amazon-fba\\\/\",\"name\":\"Scaleorder - Ledande Amazon FBA-f\u00f6rberedelsetj\u00e4nst gratis | B\u00e4sta 3PL-logistik- och FBA-f\u00f6rberedelsel\u00f6sning f\u00f6r h\u00f6g volym och sm\u00e5 s\u00e4ljare\",\"isPartOf\":{\"@id\":\"https:\\\/\\\/scaleorder.com\\\/#website\"},\"datePublished\":\"2025-06-26T10:43:36+00:00\",\"dateModified\":\"2025-09-30T02:31:22+00:00\",\"description\":\"Scaleorder \u00e4r en ledande tredjepartslogistikleverant\u00f6r som erbjuder den b\u00e4sta, snabba och enkla Amazon FBA prep-tj\u00e4nsten, som uppfyller alla krav med fast priss\u00e4ttning - idealisk f\u00f6r b\u00e5de sm\u00e5 s\u00e4ljare och stora volymorder - levererad fr\u00e5n v\u00e5rt FBA prep-center med smarta fraktl\u00f6sningar.\",\"breadcrumb\":{\"@id\":\"https:\\\/\\\/scaleorder.com\\\/sv\\\/forberedelser-for-amazon-fba\\\/#breadcrumb\"},\"inLanguage\":\"sv-SE\",\"potentialAction\":[{\"@type\":\"ReadAction\",\"target\":[\"https:\\\/\\\/scaleorder.com\\\/sv\\\/forberedelser-for-amazon-fba\\\/\"]}]},{\"@type\":\"BreadcrumbList\",\"@id\":\"https:\\\/\\\/scaleorder.com\\\/sv\\\/forberedelser-for-amazon-fba\\\/#breadcrumb\",\"itemListElement\":[{\"@type\":\"ListItem\",\"position\":1,\"name\":\"Home\",\"item\":\"https:\\\/\\\/scaleorder.com\\\/sv\\\/front\\\/\"},{\"@type\":\"ListItem\",\"position\":2,\"name\":\"F\u00f6rberedelser f\u00f6r Amazon FBA\"}]},{\"@type\":\"WebSite\",\"@id\":\"https:\\\/\\\/scaleorder.com\\\/#website\",\"url\":\"https:\\\/\\\/scaleorder.com\\\/\",\"name\":\"ScaleOrder Dropshipping\",\"description\":\"The Ultimate Branded Dropshipping Solution\",\"potentialAction\":[{\"@type\":\"SearchAction\",\"target\":{\"@type\":\"EntryPoint\",\"urlTemplate\":\"https:\\\/\\\/scaleorder.com\\\/?s={search_term_string}\"},\"query-input\":{\"@type\":\"PropertyValueSpecification\",\"valueRequired\":true,\"valueName\":\"search_term_string\"}}],\"inLanguage\":\"sv-SE\"}]}<\/script>\n<!-- \/ Yoast SEO plugin. -->","yoast_head_json":{"title":"Scaleorder - Ledande Amazon FBA-f\u00f6rberedelsetj\u00e4nst gratis | B\u00e4sta 3PL-logistik- och FBA-f\u00f6rberedelsel\u00f6sning f\u00f6r h\u00f6g volym och sm\u00e5 s\u00e4ljare","description":"Scaleorder \u00e4r en ledande tredjepartslogistikleverant\u00f6r som erbjuder den b\u00e4sta, snabba och enkla Amazon FBA prep-tj\u00e4nsten, som uppfyller alla krav med fast priss\u00e4ttning - idealisk f\u00f6r b\u00e5de sm\u00e5 s\u00e4ljare och stora volymorder - levererad fr\u00e5n v\u00e5rt FBA prep-center med smarta fraktl\u00f6sningar.","robots":{"index":"index","follow":"follow","max-snippet":"max-snippet:-1","max-image-preview":"max-image-preview:large","max-video-preview":"max-video-preview:-1"},"canonical":"https:\/\/scaleorder.com\/sv\/forberedelser-for-amazon-fba\/","og_locale":"sv_SE","og_type":"article","og_title":"Scaleorder - Ledande Amazon FBA-f\u00f6rberedelsetj\u00e4nst gratis | B\u00e4sta 3PL-logistik- och FBA-f\u00f6rberedelsel\u00f6sning f\u00f6r h\u00f6g volym och sm\u00e5 s\u00e4ljare","og_description":"Scaleorder \u00e4r en ledande tredjepartslogistikleverant\u00f6r som erbjuder den b\u00e4sta, snabba och enkla Amazon FBA prep-tj\u00e4nsten, som uppfyller alla krav med fast priss\u00e4ttning - idealisk f\u00f6r b\u00e5de sm\u00e5 s\u00e4ljare och stora volymorder - levererad fr\u00e5n v\u00e5rt FBA prep-center med smarta fraktl\u00f6sningar.","og_url":"https:\/\/scaleorder.com\/sv\/forberedelser-for-amazon-fba\/","og_site_name":"ScaleOrder Dropshipping","article_modified_time":"2025-09-30T02:31:22+00:00","twitter_card":"summary_large_image","schema":{"@context":"https:\/\/schema.org","@graph":[{"@type":"WebPage","@id":"https:\/\/scaleorder.com\/sv\/forberedelser-for-amazon-fba\/","url":"https:\/\/scaleorder.com\/sv\/forberedelser-for-amazon-fba\/","name":"Scaleorder - Ledande Amazon FBA-f\u00f6rberedelsetj\u00e4nst gratis | B\u00e4sta 3PL-logistik- och FBA-f\u00f6rberedelsel\u00f6sning f\u00f6r h\u00f6g volym och sm\u00e5 s\u00e4ljare","isPartOf":{"@id":"https:\/\/scaleorder.com\/#website"},"datePublished":"2025-06-26T10:43:36+00:00","dateModified":"2025-09-30T02:31:22+00:00","description":"Scaleorder \u00e4r en ledande tredjepartslogistikleverant\u00f6r som erbjuder den b\u00e4sta, snabba och enkla Amazon FBA prep-tj\u00e4nsten, som uppfyller alla krav med fast priss\u00e4ttning - idealisk f\u00f6r b\u00e5de sm\u00e5 s\u00e4ljare och stora volymorder - levererad fr\u00e5n v\u00e5rt FBA prep-center med smarta fraktl\u00f6sningar.","breadcrumb":{"@id":"https:\/\/scaleorder.com\/sv\/forberedelser-for-amazon-fba\/#breadcrumb"},"inLanguage":"sv-SE","potentialAction":[{"@type":"ReadAction","target":["https:\/\/scaleorder.com\/sv\/forberedelser-for-amazon-fba\/"]}]},{"@type":"BreadcrumbList","@id":"https:\/\/scaleorder.com\/sv\/forberedelser-for-amazon-fba\/#breadcrumb","itemListElement":[{"@type":"ListItem","position":1,"name":"Home","item":"https:\/\/scaleorder.com\/sv\/front\/"},{"@type":"ListItem","position":2,"name":"F\u00f6rberedelser f\u00f6r Amazon FBA"}]},{"@type":"WebSite","@id":"https:\/\/scaleorder.com\/#website","url":"https:\/\/scaleorder.com\/","name":"ScaleOrder Dropshipping","description":"The Ultimate Branded Dropshipping Solution","potentialAction":[{"@type":"SearchAction","target":{"@type":"EntryPoint","urlTemplate":"https:\/\/scaleorder.com\/?s={search_term_string}"},"query-input":{"@type":"PropertyValueSpecification","valueRequired":true,"valueName":"search_term_string"}}],"inLanguage":"sv-SE"}]}},"_links":{"self":[{"href":"https:\/\/scaleorder.com\/sv\/wp-json\/wp\/v2\/pages\/13153","targetHints":{"allow":["GET"]}}],"collection":[{"href":"https:\/\/scaleorder.com\/sv\/wp-json\/wp\/v2\/pages"}],"about":[{"href":"https:\/\/scaleorder.com\/sv\/wp-json\/wp\/v2\/types\/page"}],"author":[{"embeddable":true,"href":"https:\/\/scaleorder.com\/sv\/wp-json\/wp\/v2\/users\/1"}],"replies":[{"embeddable":true,"href":"https:\/\/scaleorder.com\/sv\/wp-json\/wp\/v2\/comments?post=13153"}],"version-history":[{"count":0,"href":"https:\/\/scaleorder.com\/sv\/wp-json\/wp\/v2\/pages\/13153\/revisions"}],"wp:attachment":[{"href":"https:\/\/scaleorder.com\/sv\/wp-json\/wp\/v2\/media?parent=13153"}],"curies":[{"name":"wp","href":"https:\/\/api.w.org\/{rel}","templated":true}]}}