{"id":3487,"date":"2025-06-26T17:40:01","date_gmt":"2025-06-26T09:40:01","guid":{"rendered":"https:\/\/scaleorder.com\/dropshipping-fulfillment\/"},"modified":"2025-07-30T17:45:10","modified_gmt":"2025-07-30T09:45:10","slug":"atendimento-de-dropshipping","status":"publish","type":"page","link":"https:\/\/scaleorder.com\/pt-pt\/atendimento-de-dropshipping\/","title":{"rendered":"Atendimento de Dropshipping"},"content":{"rendered":"","protected":false},"excerpt":{"rendered":"","protected":false},"author":1,"featured_media":0,"parent":0,"menu_order":0,"comment_status":"open","ping_status":"closed","template":"tpl-dropshipping-fulfillment.php","meta":{"inline_featured_image":false,"footnotes":""},"class_list":["post-3487","page","type-page","status-publish","hentry"],"yoast_head":"<!-- This site is optimized with the Yoast SEO plugin v27.5 - https:\/\/yoast.com\/product\/yoast-seo-wordpress\/ -->\n<title>Scaleorder \u2013 Melhor Servi\u00e7o de Fulfillment para Dropshipping |Software de Automa\u00e7\u00e3o para Shopify, Amazon e Canais Omnicanal \u2013 Gr\u00e1tis<\/title>\n<meta name=\"description\" content=\"A Scaleorder \u00e9 uma empresa l\u00edder em fulfillment, oferecendo servi\u00e7os gratuitos de processamento de pedidos em todo o mundo para o seu neg\u00f3cio de dropshipping. Gerencie facilmente pedidos do Shopify, Amazon e B2B com o melhor software de automa\u00e7\u00e3o de fulfillment. Nosso centro 3PL oferece envio r\u00e1pido e fulfillment multicanal, incluindo integra\u00e7\u00e3o com WooCommerce, para produtos de beleza, cosm\u00e9ticos, moda e muito mais.\" \/>\n<meta name=\"robots\" content=\"index, follow, max-snippet:-1, max-image-preview:large, max-video-preview:-1\" \/>\n<link rel=\"canonical\" href=\"https:\/\/scaleorder.com\/pt-pt\/atendimento-de-dropshipping\/\" \/>\n<meta property=\"og:locale\" content=\"pt_PT\" \/>\n<meta property=\"og:type\" content=\"article\" \/>\n<meta property=\"og:title\" content=\"Scaleorder \u2013 Melhor Servi\u00e7o de Fulfillment para Dropshipping |Software de Automa\u00e7\u00e3o para Shopify, Amazon e Canais Omnicanal \u2013 Gr\u00e1tis\" \/>\n<meta property=\"og:description\" content=\"A Scaleorder \u00e9 uma empresa l\u00edder em fulfillment, oferecendo servi\u00e7os gratuitos de processamento de pedidos em todo o mundo para o seu neg\u00f3cio de dropshipping. Gerencie facilmente pedidos do Shopify, Amazon e B2B com o melhor software de automa\u00e7\u00e3o de fulfillment. Nosso centro 3PL oferece envio r\u00e1pido e fulfillment multicanal, incluindo integra\u00e7\u00e3o com WooCommerce, para produtos de beleza, cosm\u00e9ticos, moda e muito mais.\" \/>\n<meta property=\"og:url\" content=\"https:\/\/scaleorder.com\/pt-pt\/atendimento-de-dropshipping\/\" \/>\n<meta property=\"og:site_name\" content=\"ScaleOrder Dropshipping\" \/>\n<meta property=\"article:modified_time\" content=\"2025-07-30T09:45:10+00:00\" \/>\n<meta name=\"twitter:card\" content=\"summary_large_image\" \/>\n<script type=\"application\/ld+json\" class=\"yoast-schema-graph\">{\"@context\":\"https:\\\/\\\/schema.org\",\"@graph\":[{\"@type\":\"WebPage\",\"@id\":\"https:\\\/\\\/scaleorder.com\\\/pt-pt\\\/atendimento-de-dropshipping\\\/\",\"url\":\"https:\\\/\\\/scaleorder.com\\\/pt-pt\\\/atendimento-de-dropshipping\\\/\",\"name\":\"Scaleorder \u2013 Melhor Servi\u00e7o de Fulfillment para Dropshipping |Software de Automa\u00e7\u00e3o para Shopify, Amazon e Canais Omnicanal \u2013 Gr\u00e1tis\",\"isPartOf\":{\"@id\":\"https:\\\/\\\/scaleorder.com\\\/#website\"},\"datePublished\":\"2025-06-26T09:40:01+00:00\",\"dateModified\":\"2025-07-30T09:45:10+00:00\",\"description\":\"A Scaleorder \u00e9 uma empresa l\u00edder em fulfillment, oferecendo servi\u00e7os gratuitos de processamento de pedidos em todo o mundo para o seu neg\u00f3cio de dropshipping. Gerencie facilmente pedidos do Shopify, Amazon e B2B com o melhor software de automa\u00e7\u00e3o de fulfillment. Nosso centro 3PL oferece envio r\u00e1pido e fulfillment multicanal, incluindo integra\u00e7\u00e3o com WooCommerce, para produtos de beleza, cosm\u00e9ticos, moda e muito mais.\",\"breadcrumb\":{\"@id\":\"https:\\\/\\\/scaleorder.com\\\/pt-pt\\\/atendimento-de-dropshipping\\\/#breadcrumb\"},\"inLanguage\":\"pt-PT\",\"potentialAction\":[{\"@type\":\"ReadAction\",\"target\":[\"https:\\\/\\\/scaleorder.com\\\/pt-pt\\\/atendimento-de-dropshipping\\\/\"]}]},{\"@type\":\"BreadcrumbList\",\"@id\":\"https:\\\/\\\/scaleorder.com\\\/pt-pt\\\/atendimento-de-dropshipping\\\/#breadcrumb\",\"itemListElement\":[{\"@type\":\"ListItem\",\"position\":1,\"name\":\"Home\",\"item\":\"https:\\\/\\\/scaleorder.com\\\/pt-pt\\\/front\\\/\"},{\"@type\":\"ListItem\",\"position\":2,\"name\":\"Atendimento de Dropshipping\"}]},{\"@type\":\"WebSite\",\"@id\":\"https:\\\/\\\/scaleorder.com\\\/#website\",\"url\":\"https:\\\/\\\/scaleorder.com\\\/\",\"name\":\"ScaleOrder Dropshipping\",\"description\":\"The Ultimate Branded Dropshipping Solution\",\"potentialAction\":[{\"@type\":\"SearchAction\",\"target\":{\"@type\":\"EntryPoint\",\"urlTemplate\":\"https:\\\/\\\/scaleorder.com\\\/?s={search_term_string}\"},\"query-input\":{\"@type\":\"PropertyValueSpecification\",\"valueRequired\":true,\"valueName\":\"search_term_string\"}}],\"inLanguage\":\"pt-PT\"}]}<\/script>\n<!-- \/ Yoast SEO plugin. -->","yoast_head_json":{"title":"Scaleorder \u2013 Melhor Servi\u00e7o de Fulfillment para Dropshipping |Software de Automa\u00e7\u00e3o para Shopify, Amazon e Canais Omnicanal \u2013 Gr\u00e1tis","description":"A Scaleorder \u00e9 uma empresa l\u00edder em fulfillment, oferecendo servi\u00e7os gratuitos de processamento de pedidos em todo o mundo para o seu neg\u00f3cio de dropshipping. Gerencie facilmente pedidos do Shopify, Amazon e B2B com o melhor software de automa\u00e7\u00e3o de fulfillment. Nosso centro 3PL oferece envio r\u00e1pido e fulfillment multicanal, incluindo integra\u00e7\u00e3o com WooCommerce, para produtos de beleza, cosm\u00e9ticos, moda e muito mais.","robots":{"index":"index","follow":"follow","max-snippet":"max-snippet:-1","max-image-preview":"max-image-preview:large","max-video-preview":"max-video-preview:-1"},"canonical":"https:\/\/scaleorder.com\/pt-pt\/atendimento-de-dropshipping\/","og_locale":"pt_PT","og_type":"article","og_title":"Scaleorder \u2013 Melhor Servi\u00e7o de Fulfillment para Dropshipping |Software de Automa\u00e7\u00e3o para Shopify, Amazon e Canais Omnicanal \u2013 Gr\u00e1tis","og_description":"A Scaleorder \u00e9 uma empresa l\u00edder em fulfillment, oferecendo servi\u00e7os gratuitos de processamento de pedidos em todo o mundo para o seu neg\u00f3cio de dropshipping. Gerencie facilmente pedidos do Shopify, Amazon e B2B com o melhor software de automa\u00e7\u00e3o de fulfillment. Nosso centro 3PL oferece envio r\u00e1pido e fulfillment multicanal, incluindo integra\u00e7\u00e3o com WooCommerce, para produtos de beleza, cosm\u00e9ticos, moda e muito mais.","og_url":"https:\/\/scaleorder.com\/pt-pt\/atendimento-de-dropshipping\/","og_site_name":"ScaleOrder Dropshipping","article_modified_time":"2025-07-30T09:45:10+00:00","twitter_card":"summary_large_image","schema":{"@context":"https:\/\/schema.org","@graph":[{"@type":"WebPage","@id":"https:\/\/scaleorder.com\/pt-pt\/atendimento-de-dropshipping\/","url":"https:\/\/scaleorder.com\/pt-pt\/atendimento-de-dropshipping\/","name":"Scaleorder \u2013 Melhor Servi\u00e7o de Fulfillment para Dropshipping |Software de Automa\u00e7\u00e3o para Shopify, Amazon e Canais Omnicanal \u2013 Gr\u00e1tis","isPartOf":{"@id":"https:\/\/scaleorder.com\/#website"},"datePublished":"2025-06-26T09:40:01+00:00","dateModified":"2025-07-30T09:45:10+00:00","description":"A Scaleorder \u00e9 uma empresa l\u00edder em fulfillment, oferecendo servi\u00e7os gratuitos de processamento de pedidos em todo o mundo para o seu neg\u00f3cio de dropshipping. Gerencie facilmente pedidos do Shopify, Amazon e B2B com o melhor software de automa\u00e7\u00e3o de fulfillment. Nosso centro 3PL oferece envio r\u00e1pido e fulfillment multicanal, incluindo integra\u00e7\u00e3o com WooCommerce, para produtos de beleza, cosm\u00e9ticos, moda e muito mais.","breadcrumb":{"@id":"https:\/\/scaleorder.com\/pt-pt\/atendimento-de-dropshipping\/#breadcrumb"},"inLanguage":"pt-PT","potentialAction":[{"@type":"ReadAction","target":["https:\/\/scaleorder.com\/pt-pt\/atendimento-de-dropshipping\/"]}]},{"@type":"BreadcrumbList","@id":"https:\/\/scaleorder.com\/pt-pt\/atendimento-de-dropshipping\/#breadcrumb","itemListElement":[{"@type":"ListItem","position":1,"name":"Home","item":"https:\/\/scaleorder.com\/pt-pt\/front\/"},{"@type":"ListItem","position":2,"name":"Atendimento de Dropshipping"}]},{"@type":"WebSite","@id":"https:\/\/scaleorder.com\/#website","url":"https:\/\/scaleorder.com\/","name":"ScaleOrder Dropshipping","description":"The Ultimate Branded Dropshipping Solution","potentialAction":[{"@type":"SearchAction","target":{"@type":"EntryPoint","urlTemplate":"https:\/\/scaleorder.com\/?s={search_term_string}"},"query-input":{"@type":"PropertyValueSpecification","valueRequired":true,"valueName":"search_term_string"}}],"inLanguage":"pt-PT"}]}},"_links":{"self":[{"href":"https:\/\/scaleorder.com\/pt-pt\/wp-json\/wp\/v2\/pages\/3487","targetHints":{"allow":["GET"]}}],"collection":[{"href":"https:\/\/scaleorder.com\/pt-pt\/wp-json\/wp\/v2\/pages"}],"about":[{"href":"https:\/\/scaleorder.com\/pt-pt\/wp-json\/wp\/v2\/types\/page"}],"author":[{"embeddable":true,"href":"https:\/\/scaleorder.com\/pt-pt\/wp-json\/wp\/v2\/users\/1"}],"replies":[{"embeddable":true,"href":"https:\/\/scaleorder.com\/pt-pt\/wp-json\/wp\/v2\/comments?post=3487"}],"version-history":[{"count":0,"href":"https:\/\/scaleorder.com\/pt-pt\/wp-json\/wp\/v2\/pages\/3487\/revisions"}],"wp:attachment":[{"href":"https:\/\/scaleorder.com\/pt-pt\/wp-json\/wp\/v2\/media?parent=3487"}],"curies":[{"name":"wp","href":"https:\/\/api.w.org\/{rel}","templated":true}]}}