{"id":28712,"date":"2025-05-05T15:50:25","date_gmt":"2025-05-05T07:50:25","guid":{"rendered":"https:\/\/scaleorder.com\/pagina-de-conteudo-seo-da-shopee\/"},"modified":"2025-05-05T15:50:25","modified_gmt":"2025-05-05T07:50:25","slug":"pagina-de-conteudo-seo-da-shopee","status":"publish","type":"page","link":"https:\/\/scaleorder.com\/pt-pt\/pagina-de-conteudo-seo-da-shopee\/","title":{"rendered":"P\u00e1gina de conte\u00fado seo da Shopee"},"content":{"rendered":"<h2>Principais benef\u00edcios do <span class=\"themecolor\">dropshipping da Shopee<\/span> com pedido de escala<\/h2>\n<p><strong><span class=\"themecolor\">Custos de invent\u00e1rio zero:<\/span><\/strong> Evite a necessidade de investimento inicial em estoque \u2014 pague apenas pelos produtos \u00e0 medida que os vende. Esta \u00e9 uma grande vantagem do dropshipping no Shopee. <\/p>\n<p><strong><span class=\"themecolor\">Atendimento eficiente de pedidos:<\/span><\/strong> O Scale Order automatiza o processamento de pedidos, garantindo que seus produtos cheguem aos clientes de forma r\u00e1pida e eficiente.<\/p>\n<p><strong><span class=\"themecolor\">Rede Global de Fornecedores:<\/span><\/strong> Aproveite uma ampla gama de fornecedores confi\u00e1veis de todo o mundo para oferecer aos seus clientes uma sele\u00e7\u00e3o diversificada de produtos. Tamb\u00e9m pode gerir facilmente o dropshipping do Alibaba para Shopee. <\/p>\n<p><strong><span class=\"themecolor\">Integra\u00e7\u00e3o simples com Shopee:<\/span><\/strong> O Scale Order integra-se facilmente \u00e0 sua loja Shopee, permitindo listagens de produtos e gerenciamento de pedidos f\u00e1ceis. \u00c9 perfeito para quem est\u00e1 a come\u00e7ar com dropshipping no Shopee. <\/p>\n<h4>Como o pedido de escala ajuda seu neg\u00f3cio <span class=\"themecolor\">dropshipping da Shopee<\/span> a prosperar<\/h4>\n<p>A Scale Order oferece solu\u00e7\u00f5es personalizadas para ajudar o seu neg\u00f3cio dropshipping Shopee a ter sucesso. Desde o fornecimento de produtos at\u00e9 o fornecimento de rastreamento em tempo real e atendimento de pedidos, garantimos que sua loja online opere com a m\u00e1xima efici\u00eancia e rentabilidade. Com os fornecedores dropshipping para a Shopee, ter\u00e1 uma gama diversificada de produtos para oferecer aos seus clientes.  <\/p>\n<h4>Comece hoje mesmo a sua jornada <span class=\"themecolor\">dropshipping Shopee<\/span> com o Scale Order!<\/h4>\n<p>A Scale Order oferece solu\u00e7\u00f5es personalizadas para ajudar o seu neg\u00f3cio dropshipping Shopee a ter sucesso. Desde o fornecimento de produtos at\u00e9 o fornecimento de rastreamento em tempo real e atendimento de pedidos, garantimos que sua loja online opere com a m\u00e1xima efici\u00eancia e rentabilidade. Se voc\u00ea est\u00e1 procurando come\u00e7ar a fazer dropshipping na Shopee ou precisa de ajuda para gerenciar seu dropshipping Shopee, n\u00f3s temos tudo o que voc\u00ea precisa.  <\/p>\n","protected":false},"excerpt":{"rendered":"<p>Principais benef\u00edcios do dropshipping da Shopee com pedido de escala Custos de invent\u00e1rio zero: Evite a necessidade de investimento inicial em estoque \u2014 pague apenas pelos produtos \u00e0 medida que os vende. Esta \u00e9 uma grande vantagem do dropshipping no Shopee. Atendimento eficiente de pedidos: O Scale Order automatiza o processamento de pedidos, garantindo que <a href=\"https:\/\/scaleorder.com\/pt-pt\/pagina-de-conteudo-seo-da-shopee\/\" class=\"more-link\">&#8230;<span class=\"screen-reader-text\">  P\u00e1gina de conte\u00fado seo da Shopee<\/span><\/a><\/p>\n","protected":false},"author":1,"featured_media":0,"parent":0,"menu_order":0,"comment_status":"closed","ping_status":"closed","template":"","meta":{"inline_featured_image":false,"footnotes":""},"class_list":["post-28712","page","type-page","status-publish","hentry"],"yoast_head":"<!-- This site is optimized with the Yoast SEO plugin v27.4 - https:\/\/yoast.com\/product\/yoast-seo-wordpress\/ -->\n<title>P\u00e1gina de conte\u00fado seo da Shopee - ScaleOrder Dropshipping<\/title>\n<meta name=\"description\" content=\"Principais benef\u00edcios do dropshipping da Shopee com pedido de escala Custos de invent\u00e1rio zero: Evite a necessidade de investimento inicial em estoque \u2014\" \/>\n<meta name=\"robots\" content=\"index, follow, max-snippet:-1, max-image-preview:large, max-video-preview:-1\" \/>\n<link rel=\"canonical\" href=\"https:\/\/scaleorder.com\/pagina-de-conteudo-seo-da-shopee\/\" \/>\n<meta property=\"og:locale\" content=\"pt_PT\" \/>\n<meta property=\"og:type\" content=\"article\" \/>\n<meta property=\"og:title\" content=\"P\u00e1gina de conte\u00fado seo da Shopee - ScaleOrder Dropshipping\" \/>\n<meta property=\"og:description\" content=\"Principais benef\u00edcios do dropshipping da Shopee com pedido de escala Custos de invent\u00e1rio zero: Evite a necessidade de investimento inicial em estoque \u2014\" \/>\n<meta property=\"og:url\" content=\"https:\/\/scaleorder.com\/pagina-de-conteudo-seo-da-shopee\/\" \/>\n<meta property=\"og:site_name\" content=\"ScaleOrder Dropshipping\" \/>\n<meta name=\"twitter:card\" content=\"summary_large_image\" \/>\n<meta name=\"twitter:label1\" content=\"Tempo estimado de leitura\" \/>\n\t<meta name=\"twitter:data1\" content=\"2 minutos\" \/>\n<script type=\"application\/ld+json\" class=\"yoast-schema-graph\">{\"@context\":\"https:\\\/\\\/schema.org\",\"@graph\":[{\"@type\":\"WebPage\",\"@id\":\"https:\\\/\\\/scaleorder.com\\\/pagina-de-conteudo-seo-da-shopee\\\/\",\"url\":\"https:\\\/\\\/scaleorder.com\\\/pagina-de-conteudo-seo-da-shopee\\\/\",\"name\":\"P\u00e1gina de conte\u00fado seo da Shopee - ScaleOrder Dropshipping\",\"isPartOf\":{\"@id\":\"https:\\\/\\\/scaleorder.com\\\/#website\"},\"datePublished\":\"2025-05-05T07:50:25+00:00\",\"description\":\"Principais benef\u00edcios do dropshipping da Shopee com pedido de escala Custos de invent\u00e1rio zero: Evite a necessidade de investimento inicial em estoque \u2014\",\"breadcrumb\":{\"@id\":\"https:\\\/\\\/scaleorder.com\\\/pagina-de-conteudo-seo-da-shopee\\\/#breadcrumb\"},\"inLanguage\":\"pt-PT\",\"potentialAction\":[{\"@type\":\"ReadAction\",\"target\":[\"https:\\\/\\\/scaleorder.com\\\/pagina-de-conteudo-seo-da-shopee\\\/\"]}]},{\"@type\":\"BreadcrumbList\",\"@id\":\"https:\\\/\\\/scaleorder.com\\\/pagina-de-conteudo-seo-da-shopee\\\/#breadcrumb\",\"itemListElement\":[{\"@type\":\"ListItem\",\"position\":1,\"name\":\"Home\",\"item\":\"https:\\\/\\\/scaleorder.com\\\/pt-pt\\\/front\\\/\"},{\"@type\":\"ListItem\",\"position\":2,\"name\":\"P\u00e1gina de conte\u00fado seo da Shopee\"}]},{\"@type\":\"WebSite\",\"@id\":\"https:\\\/\\\/scaleorder.com\\\/#website\",\"url\":\"https:\\\/\\\/scaleorder.com\\\/\",\"name\":\"ScaleOrder Dropshipping\",\"description\":\"The Ultimate Branded Dropshipping Solution\",\"potentialAction\":[{\"@type\":\"SearchAction\",\"target\":{\"@type\":\"EntryPoint\",\"urlTemplate\":\"https:\\\/\\\/scaleorder.com\\\/?s={search_term_string}\"},\"query-input\":{\"@type\":\"PropertyValueSpecification\",\"valueRequired\":true,\"valueName\":\"search_term_string\"}}],\"inLanguage\":\"pt-PT\"}]}<\/script>\n<!-- \/ Yoast SEO plugin. -->","yoast_head_json":{"title":"P\u00e1gina de conte\u00fado seo da Shopee - ScaleOrder Dropshipping","description":"Principais benef\u00edcios do dropshipping da Shopee com pedido de escala Custos de invent\u00e1rio zero: Evite a necessidade de investimento inicial em estoque \u2014","robots":{"index":"index","follow":"follow","max-snippet":"max-snippet:-1","max-image-preview":"max-image-preview:large","max-video-preview":"max-video-preview:-1"},"canonical":"https:\/\/scaleorder.com\/pagina-de-conteudo-seo-da-shopee\/","og_locale":"pt_PT","og_type":"article","og_title":"P\u00e1gina de conte\u00fado seo da Shopee - ScaleOrder Dropshipping","og_description":"Principais benef\u00edcios do dropshipping da Shopee com pedido de escala Custos de invent\u00e1rio zero: Evite a necessidade de investimento inicial em estoque \u2014","og_url":"https:\/\/scaleorder.com\/pagina-de-conteudo-seo-da-shopee\/","og_site_name":"ScaleOrder Dropshipping","twitter_card":"summary_large_image","twitter_misc":{"Tempo estimado de leitura":"2 minutos"},"schema":{"@context":"https:\/\/schema.org","@graph":[{"@type":"WebPage","@id":"https:\/\/scaleorder.com\/pagina-de-conteudo-seo-da-shopee\/","url":"https:\/\/scaleorder.com\/pagina-de-conteudo-seo-da-shopee\/","name":"P\u00e1gina de conte\u00fado seo da Shopee - ScaleOrder Dropshipping","isPartOf":{"@id":"https:\/\/scaleorder.com\/#website"},"datePublished":"2025-05-05T07:50:25+00:00","description":"Principais benef\u00edcios do dropshipping da Shopee com pedido de escala Custos de invent\u00e1rio zero: Evite a necessidade de investimento inicial em estoque \u2014","breadcrumb":{"@id":"https:\/\/scaleorder.com\/pagina-de-conteudo-seo-da-shopee\/#breadcrumb"},"inLanguage":"pt-PT","potentialAction":[{"@type":"ReadAction","target":["https:\/\/scaleorder.com\/pagina-de-conteudo-seo-da-shopee\/"]}]},{"@type":"BreadcrumbList","@id":"https:\/\/scaleorder.com\/pagina-de-conteudo-seo-da-shopee\/#breadcrumb","itemListElement":[{"@type":"ListItem","position":1,"name":"Home","item":"https:\/\/scaleorder.com\/pt-pt\/front\/"},{"@type":"ListItem","position":2,"name":"P\u00e1gina de conte\u00fado seo da Shopee"}]},{"@type":"WebSite","@id":"https:\/\/scaleorder.com\/#website","url":"https:\/\/scaleorder.com\/","name":"ScaleOrder Dropshipping","description":"The Ultimate Branded Dropshipping Solution","potentialAction":[{"@type":"SearchAction","target":{"@type":"EntryPoint","urlTemplate":"https:\/\/scaleorder.com\/?s={search_term_string}"},"query-input":{"@type":"PropertyValueSpecification","valueRequired":true,"valueName":"search_term_string"}}],"inLanguage":"pt-PT"}]}},"_links":{"self":[{"href":"https:\/\/scaleorder.com\/pt-pt\/wp-json\/wp\/v2\/pages\/28712","targetHints":{"allow":["GET"]}}],"collection":[{"href":"https:\/\/scaleorder.com\/pt-pt\/wp-json\/wp\/v2\/pages"}],"about":[{"href":"https:\/\/scaleorder.com\/pt-pt\/wp-json\/wp\/v2\/types\/page"}],"author":[{"embeddable":true,"href":"https:\/\/scaleorder.com\/pt-pt\/wp-json\/wp\/v2\/users\/1"}],"replies":[{"embeddable":true,"href":"https:\/\/scaleorder.com\/pt-pt\/wp-json\/wp\/v2\/comments?post=28712"}],"version-history":[{"count":0,"href":"https:\/\/scaleorder.com\/pt-pt\/wp-json\/wp\/v2\/pages\/28712\/revisions"}],"wp:attachment":[{"href":"https:\/\/scaleorder.com\/pt-pt\/wp-json\/wp\/v2\/media?parent=28712"}],"curies":[{"name":"wp","href":"https:\/\/api.w.org\/{rel}","templated":true}]}}