{"id":1613,"date":"2024-07-05T12:39:55","date_gmt":"2024-07-05T04:39:55","guid":{"rendered":"https:\/\/scaleorder.com\/politica-de-privacidade\/"},"modified":"2024-07-05T12:39:55","modified_gmt":"2024-07-05T04:39:55","slug":"politica-de-privacidade","status":"publish","type":"page","link":"https:\/\/scaleorder.com\/pt-pt\/politica-de-privacidade\/","title":{"rendered":"Pol\u00edtica de privacidade"},"content":{"rendered":"<div class=\"row justify-content-center\">\n<div class=\"col-md-12 col-xl-10\">\n<div class=\"tltle\"><!-- \n\n<h1 class=\"text-center mt-5\" style=\"font-weight:bold;\">Scaleorder Privacy Policy<\/h1>\n\n\n--><\/p>\n<div style=\"text-align: right;\" data-i18n=\"privacyPolicy.a.1\">\u00daltima atualiza\u00e7\u00e3o: 24 de maio de 2022<\/div>\n<\/div>\n<div class=\"text-content\">\n<div class=\"text-body\" data-i18n=\"privacyPolicy.a.2\">Scaleorder &#8220;o aplicativo&#8221; fornece Construindo o neg\u00f3cio mais sustent\u00e1vel &#8220;o servi\u00e7o&#8221; para comerciantes que usam Shopify para alimentar suas lojas. Esta Pol\u00edtica de Privacidade descreve como as informa\u00e7\u00f5es pessoais s\u00e3o coletadas, usadas e compartilhadas quando instala ou usa o Aplicativo em conex\u00e3o com sua loja suportada pelo Shopify. <\/div>\n<div class=\"text-body\">\n<h3 data-i18n=\"privacyPolicy.a.3\">Informa\u00e7\u00f5es pessoais que a aplica\u00e7\u00e3o recolhe<\/h3>\n<div class=\"text-part\" data-i18n=\"privacyPolicy.a.4\">Quando instalas a aplica\u00e7\u00e3o, podemos aceder automaticamente a determinados tipos de informa\u00e7\u00f5es da tua conta Shopify. Al\u00e9m disso, recolhemos os seguintes tipos de informa\u00e7\u00f5es pessoais do utilizador e\/ou dos seus clientes ap\u00f3s a instala\u00e7\u00e3o da aplica\u00e7\u00e3o. Informa\u00e7\u00f5es sobre ti e outras pessoas que possam aceder \u00e0 Aplica\u00e7\u00e3o em nome da tua loja, como o teu nome, endere\u00e7o, endere\u00e7o de e-mail, n\u00famero de telefone e informa\u00e7\u00f5es de fatura\u00e7\u00e3o; Informa\u00e7\u00f5es sobre indiv\u00edduos que visitam a tua loja, como o endere\u00e7o IP, detalhes do navegador da Web, fuso hor\u00e1rio e informa\u00e7\u00f5es sobre os cookies instalados no dispositivo espec\u00edfico. Recolhemos informa\u00e7\u00f5es pessoais diretamente do indiv\u00edduo relevante, atrav\u00e9s da tua conta Shopify, ou utilizando as seguintes tecnologias: &#8220;Cookies&#8221; s\u00e3o ficheiros de dados que s\u00e3o colocados no teu dispositivo ou computador e incluem frequentemente um identificador \u00fanico an\u00f3nimo. Para obter mais informa\u00e7\u00f5es sobre cookies e como desativar os cookies, visita <a href=\"http:\/\/www.allaboutcookies.org\">http:\/\/www.allaboutcookies.org.<\/a> Os &#8220;ficheiros de registo&#8221; acompanham as ac\u00e7\u00f5es que ocorrem no Site e recolhem dados, incluindo o teu endere\u00e7o IP, tipo de browser, fornecedor de servi\u00e7os de Internet, p\u00e1ginas de refer\u00eancia\/sa\u00edda e carimbos de data\/hora. &#8220;Web beacons&#8221;, &#8220;tags&#8221; e &#8220;pixels&#8221; s\u00e3o ficheiros electr\u00f3nicos utilizados para registar informa\u00e7\u00f5es sobre a forma como navega no Site.\n  <\/div>\n<\/div>\n<div class=\"text-body\">\n<h3 data-i18n=\"privacyPolicy.a.7\">Como \u00e9 que utilizamos as tuas informa\u00e7\u00f5es pessoais?<\/h3>\n<div class=\"text-part\" data-i18n=\"privacyPolicy.a.8\">Utilizamos as informa\u00e7\u00f5es pessoais que recolhemos de ti e dos teus clientes para fornecer o Servi\u00e7o e operar a Aplica\u00e7\u00e3o. Al\u00e9m disso, utilizamos estas informa\u00e7\u00f5es pessoais para:<br \/>\nComunicar contigo; Otimizar ou melhorar a Aplica\u00e7\u00e3o; e Fornecer-te informa\u00e7\u00f5es ou publicidade relacionadas com os nossos produtos ou servi\u00e7os. <\/div>\n<\/div>\n<div class=\"text-body\">\n<h3 data-i18n=\"privacyPolicy.a.9\">Partilhar as tuas informa\u00e7\u00f5es pessoais<\/h3>\n<div class=\"text-part\" data-i18n=\"privacyPolicy.a.10\">Por fim, tamb\u00e9m podemos partilhar as tuas Informa\u00e7\u00f5es Pessoais para cumprir as leis e regulamentos aplic\u00e1veis, para responder a uma intima\u00e7\u00e3o, mandado de busca ou outro pedido legal de informa\u00e7\u00f5es que recebamos, ou para proteger os nossos direitos. Publicidade comportamental Tal como descrito acima, utilizamos os teus Dados Pessoais para te fornecer an\u00fancios direcionados ou comunica\u00e7\u00f5es de marketing que acreditamos serem do teu interesse. Para mais informa\u00e7\u00f5es sobre como funciona a publicidade direcionada, podes visitar a p\u00e1gina educacional da Network Advertising Initiative (&#8220;NAI&#8221;) em <a href=\"http:\/\/www.networkadvertising.org\/understanding-online-advertising\/how-does-it-work\">http:\/\/www.networkadvertising.org\/understanding-online-advertising\/how-does-it-work.<\/a>  <\/div>\n<div class=\"text-part\" data-i18n=\"privacyPolicy.a.12\">Podes optar por n\u00e3o receber publicidade direcionada em. Al\u00e9m disso, podes optar por n\u00e3o participar em alguns destes servi\u00e7os visitando o portal de exclus\u00e3o da Digital Advertising Alliance em: <a href=\"http:\/\/optout.aboutads.info\/\"><br \/>\nhttp:\/\/optout.aboutads.info\/.<\/a> Os teus direitos Se fores um residente europeu, tens o direito de aceder \u00e0s informa\u00e7\u00f5es pessoais que temos sobre ti e de pedir que as tuas informa\u00e7\u00f5es pessoais sejam corrigidas, actualizadas ou eliminadas. Se pretenderes exercer este direito, contacta-nos atrav\u00e9s das informa\u00e7\u00f5es de contacto abaixo. Adicionalmente, se fores um residente europeu, temos em aten\u00e7\u00e3o que estamos a processar as tuas informa\u00e7\u00f5es para cumprir contratos que possamos ter contigo (por exemplo, se fizeres uma encomenda atrav\u00e9s do Site), ou para prosseguir os nossos interesses comerciais leg\u00edtimos acima referidos. Al\u00e9m disso, tem em aten\u00e7\u00e3o que as tuas informa\u00e7\u00f5es ser\u00e3o transferidas para fora da Europa, incluindo para o Canad\u00e1 e os Estados Unidos. Reten\u00e7\u00e3o de dados Quando efectuares uma encomenda atrav\u00e9s do S\u00edtio, manteremos a tua Informa\u00e7\u00e3o de Encomenda nos nossos registos, a menos e at\u00e9 que nos pe\u00e7as para apagar essa informa\u00e7\u00e3o. Altera\u00e7\u00f5es Podemos atualizar esta pol\u00edtica de privacidade periodicamente para refletir, por exemplo, altera\u00e7\u00f5es \u00e0s nossas pr\u00e1ticas ou por outras raz\u00f5es operacionais, legais ou regulamentares. Contacta-nos Para mais informa\u00e7\u00f5es sobre as nossas pr\u00e1ticas de privacidade, se tiveres d\u00favidas ou se quiseres fazer uma reclama\u00e7\u00e3o, contacta-nos por e-mail para support@scaleorder.com ou por correio, utilizando os detalhes fornecidos abaixo:\n       <\/div>\n<\/div>\n<\/div>\n<\/div>\n<\/div>\n","protected":false},"excerpt":{"rendered":"<p>\u00daltima atualiza\u00e7\u00e3o: 24 de maio de 2022 Scaleorder &#8220;o aplicativo&#8221; fornece Construindo o neg\u00f3cio mais sustent\u00e1vel &#8220;o servi\u00e7o&#8221; para comerciantes que usam Shopify para alimentar suas lojas. Esta Pol\u00edtica de Privacidade descreve como as informa\u00e7\u00f5es pessoais s\u00e3o coletadas, usadas e compartilhadas quando instala ou usa o Aplicativo em conex\u00e3o com sua loja suportada pelo Shopify. <a href=\"https:\/\/scaleorder.com\/pt-pt\/politica-de-privacidade\/\" class=\"more-link\">&#8230;<span class=\"screen-reader-text\">  Pol\u00edtica de privacidade<\/span><\/a><\/p>\n","protected":false},"author":1,"featured_media":0,"parent":0,"menu_order":0,"comment_status":"closed","ping_status":"closed","template":"","meta":{"inline_featured_image":false,"footnotes":""},"class_list":["post-1613","page","type-page","status-publish","hentry"],"yoast_head":"<!-- This site is optimized with the Yoast SEO plugin v27.5 - https:\/\/yoast.com\/product\/yoast-seo-wordpress\/ -->\n<title>Pol\u00edtica de privacidade - ScaleOrder Dropshipping<\/title>\n<meta name=\"description\" content=\"\u00daltima atualiza\u00e7\u00e3o: 24 de maio de 2022 Scaleorder &quot;o aplicativo&quot; fornece Construindo o neg\u00f3cio mais sustent\u00e1vel &quot;o servi\u00e7o&quot; para comerciantes que usam\" \/>\n<meta name=\"robots\" content=\"index, follow, max-snippet:-1, max-image-preview:large, max-video-preview:-1\" \/>\n<link rel=\"canonical\" href=\"https:\/\/scaleorder.com\/pt-pt\/politica-de-privacidade\/\" \/>\n<meta property=\"og:locale\" content=\"pt_PT\" \/>\n<meta property=\"og:type\" content=\"article\" \/>\n<meta property=\"og:title\" content=\"Pol\u00edtica de privacidade - ScaleOrder Dropshipping\" \/>\n<meta property=\"og:description\" content=\"\u00daltima atualiza\u00e7\u00e3o: 24 de maio de 2022 Scaleorder &quot;o aplicativo&quot; fornece Construindo o neg\u00f3cio mais sustent\u00e1vel &quot;o servi\u00e7o&quot; para comerciantes que usam\" \/>\n<meta property=\"og:url\" content=\"https:\/\/scaleorder.com\/pt-pt\/politica-de-privacidade\/\" \/>\n<meta property=\"og:site_name\" content=\"ScaleOrder Dropshipping\" \/>\n<meta name=\"twitter:card\" content=\"summary_large_image\" \/>\n<meta name=\"twitter:label1\" content=\"Tempo estimado de leitura\" \/>\n\t<meta name=\"twitter:data1\" content=\"4 minutos\" \/>\n<script type=\"application\/ld+json\" class=\"yoast-schema-graph\">{\"@context\":\"https:\\\/\\\/schema.org\",\"@graph\":[{\"@type\":\"WebPage\",\"@id\":\"https:\\\/\\\/scaleorder.com\\\/pt-pt\\\/politica-de-privacidade\\\/\",\"url\":\"https:\\\/\\\/scaleorder.com\\\/pt-pt\\\/politica-de-privacidade\\\/\",\"name\":\"Pol\u00edtica de privacidade - ScaleOrder Dropshipping\",\"isPartOf\":{\"@id\":\"https:\\\/\\\/scaleorder.com\\\/#website\"},\"datePublished\":\"2024-07-05T04:39:55+00:00\",\"description\":\"\u00daltima atualiza\u00e7\u00e3o: 24 de maio de 2022 Scaleorder \\\"o aplicativo\\\" fornece Construindo o neg\u00f3cio mais sustent\u00e1vel \\\"o servi\u00e7o\\\" para comerciantes que usam\",\"breadcrumb\":{\"@id\":\"https:\\\/\\\/scaleorder.com\\\/pt-pt\\\/politica-de-privacidade\\\/#breadcrumb\"},\"inLanguage\":\"pt-PT\",\"potentialAction\":[{\"@type\":\"ReadAction\",\"target\":[\"https:\\\/\\\/scaleorder.com\\\/pt-pt\\\/politica-de-privacidade\\\/\"]}]},{\"@type\":\"BreadcrumbList\",\"@id\":\"https:\\\/\\\/scaleorder.com\\\/pt-pt\\\/politica-de-privacidade\\\/#breadcrumb\",\"itemListElement\":[{\"@type\":\"ListItem\",\"position\":1,\"name\":\"Home\",\"item\":\"https:\\\/\\\/scaleorder.com\\\/pt-pt\\\/front\\\/\"},{\"@type\":\"ListItem\",\"position\":2,\"name\":\"Pol\u00edtica de privacidade\"}]},{\"@type\":\"WebSite\",\"@id\":\"https:\\\/\\\/scaleorder.com\\\/#website\",\"url\":\"https:\\\/\\\/scaleorder.com\\\/\",\"name\":\"ScaleOrder Dropshipping\",\"description\":\"The Ultimate Branded Dropshipping Solution\",\"potentialAction\":[{\"@type\":\"SearchAction\",\"target\":{\"@type\":\"EntryPoint\",\"urlTemplate\":\"https:\\\/\\\/scaleorder.com\\\/?s={search_term_string}\"},\"query-input\":{\"@type\":\"PropertyValueSpecification\",\"valueRequired\":true,\"valueName\":\"search_term_string\"}}],\"inLanguage\":\"pt-PT\"}]}<\/script>\n<!-- \/ Yoast SEO plugin. -->","yoast_head_json":{"title":"Pol\u00edtica de privacidade - ScaleOrder Dropshipping","description":"\u00daltima atualiza\u00e7\u00e3o: 24 de maio de 2022 Scaleorder \"o aplicativo\" fornece Construindo o neg\u00f3cio mais sustent\u00e1vel \"o servi\u00e7o\" para comerciantes que usam","robots":{"index":"index","follow":"follow","max-snippet":"max-snippet:-1","max-image-preview":"max-image-preview:large","max-video-preview":"max-video-preview:-1"},"canonical":"https:\/\/scaleorder.com\/pt-pt\/politica-de-privacidade\/","og_locale":"pt_PT","og_type":"article","og_title":"Pol\u00edtica de privacidade - ScaleOrder Dropshipping","og_description":"\u00daltima atualiza\u00e7\u00e3o: 24 de maio de 2022 Scaleorder \"o aplicativo\" fornece Construindo o neg\u00f3cio mais sustent\u00e1vel \"o servi\u00e7o\" para comerciantes que usam","og_url":"https:\/\/scaleorder.com\/pt-pt\/politica-de-privacidade\/","og_site_name":"ScaleOrder Dropshipping","twitter_card":"summary_large_image","twitter_misc":{"Tempo estimado de leitura":"4 minutos"},"schema":{"@context":"https:\/\/schema.org","@graph":[{"@type":"WebPage","@id":"https:\/\/scaleorder.com\/pt-pt\/politica-de-privacidade\/","url":"https:\/\/scaleorder.com\/pt-pt\/politica-de-privacidade\/","name":"Pol\u00edtica de privacidade - ScaleOrder Dropshipping","isPartOf":{"@id":"https:\/\/scaleorder.com\/#website"},"datePublished":"2024-07-05T04:39:55+00:00","description":"\u00daltima atualiza\u00e7\u00e3o: 24 de maio de 2022 Scaleorder \"o aplicativo\" fornece Construindo o neg\u00f3cio mais sustent\u00e1vel \"o servi\u00e7o\" para comerciantes que usam","breadcrumb":{"@id":"https:\/\/scaleorder.com\/pt-pt\/politica-de-privacidade\/#breadcrumb"},"inLanguage":"pt-PT","potentialAction":[{"@type":"ReadAction","target":["https:\/\/scaleorder.com\/pt-pt\/politica-de-privacidade\/"]}]},{"@type":"BreadcrumbList","@id":"https:\/\/scaleorder.com\/pt-pt\/politica-de-privacidade\/#breadcrumb","itemListElement":[{"@type":"ListItem","position":1,"name":"Home","item":"https:\/\/scaleorder.com\/pt-pt\/front\/"},{"@type":"ListItem","position":2,"name":"Pol\u00edtica de privacidade"}]},{"@type":"WebSite","@id":"https:\/\/scaleorder.com\/#website","url":"https:\/\/scaleorder.com\/","name":"ScaleOrder Dropshipping","description":"The Ultimate Branded Dropshipping Solution","potentialAction":[{"@type":"SearchAction","target":{"@type":"EntryPoint","urlTemplate":"https:\/\/scaleorder.com\/?s={search_term_string}"},"query-input":{"@type":"PropertyValueSpecification","valueRequired":true,"valueName":"search_term_string"}}],"inLanguage":"pt-PT"}]}},"_links":{"self":[{"href":"https:\/\/scaleorder.com\/pt-pt\/wp-json\/wp\/v2\/pages\/1613","targetHints":{"allow":["GET"]}}],"collection":[{"href":"https:\/\/scaleorder.com\/pt-pt\/wp-json\/wp\/v2\/pages"}],"about":[{"href":"https:\/\/scaleorder.com\/pt-pt\/wp-json\/wp\/v2\/types\/page"}],"author":[{"embeddable":true,"href":"https:\/\/scaleorder.com\/pt-pt\/wp-json\/wp\/v2\/users\/1"}],"replies":[{"embeddable":true,"href":"https:\/\/scaleorder.com\/pt-pt\/wp-json\/wp\/v2\/comments?post=1613"}],"version-history":[{"count":0,"href":"https:\/\/scaleorder.com\/pt-pt\/wp-json\/wp\/v2\/pages\/1613\/revisions"}],"wp:attachment":[{"href":"https:\/\/scaleorder.com\/pt-pt\/wp-json\/wp\/v2\/media?parent=1613"}],"curies":[{"name":"wp","href":"https:\/\/api.w.org\/{rel}","templated":true}]}}