{"id":1604,"date":"2024-07-09T11:32:02","date_gmt":"2024-07-09T03:32:02","guid":{"rendered":"https:\/\/scaleorder.com\/integracao-do-amazon-sfp\/"},"modified":"2025-07-30T16:52:01","modified_gmt":"2025-07-30T08:52:01","slug":"integracao-do-amazon-sfp","status":"publish","type":"page","link":"https:\/\/scaleorder.com\/pt-pt\/integracao-do-amazon-sfp\/","title":{"rendered":"Integra\u00e7\u00e3o do Amazon SFP"},"content":{"rendered":"","protected":false},"excerpt":{"rendered":"","protected":false},"author":1,"featured_media":0,"parent":0,"menu_order":0,"comment_status":"open","ping_status":"closed","template":"amazon-sfp.php","meta":{"inline_featured_image":false,"footnotes":""},"class_list":["post-1604","page","type-page","status-publish","hentry"],"yoast_head":"<!-- This site is optimized with the Yoast SEO plugin v27.4 - https:\/\/yoast.com\/product\/yoast-seo-wordpress\/ -->\n<title>Scaleorder \u2013 Melhor Fulfillment Amazon SFP Gratuito |Servi\u00e7os de Log\u00edstica e Fulfillment de Terceiros para Neg\u00f3cios de E-commerce<\/title>\n<meta name=\"description\" content=\"A Scaleorder oferece a voc\u00ea o poder de simplificar seu processo de transfer\u00eancia FBA, melhorando o fluxo de invent\u00e1rio e a efici\u00eancia operacional. Como uma empresa de e-commerce experiente, fornecemos um servi\u00e7o de fulfillment confi\u00e1vel por meio de solu\u00e7\u00f5es de log\u00edstica terceirizada (3PL), totalmente compat\u00edveis com o Amazon SFP e outras plataformas l\u00edderes.\" \/>\n<meta name=\"robots\" content=\"index, follow, max-snippet:-1, max-image-preview:large, max-video-preview:-1\" \/>\n<link rel=\"canonical\" href=\"https:\/\/scaleorder.com\/pt-pt\/integracao-do-amazon-sfp\/\" \/>\n<meta property=\"og:locale\" content=\"pt_PT\" \/>\n<meta property=\"og:type\" content=\"article\" \/>\n<meta property=\"og:title\" content=\"Scaleorder \u2013 Melhor Fulfillment Amazon SFP Gratuito |Servi\u00e7os de Log\u00edstica e Fulfillment de Terceiros para Neg\u00f3cios de E-commerce\" \/>\n<meta property=\"og:description\" content=\"A Scaleorder oferece a voc\u00ea o poder de simplificar seu processo de transfer\u00eancia FBA, melhorando o fluxo de invent\u00e1rio e a efici\u00eancia operacional. Como uma empresa de e-commerce experiente, fornecemos um servi\u00e7o de fulfillment confi\u00e1vel por meio de solu\u00e7\u00f5es de log\u00edstica terceirizada (3PL), totalmente compat\u00edveis com o Amazon SFP e outras plataformas l\u00edderes.\" \/>\n<meta property=\"og:url\" content=\"https:\/\/scaleorder.com\/pt-pt\/integracao-do-amazon-sfp\/\" \/>\n<meta property=\"og:site_name\" content=\"ScaleOrder Dropshipping\" \/>\n<meta property=\"article:modified_time\" content=\"2025-07-30T08:52:01+00:00\" \/>\n<meta name=\"twitter:card\" content=\"summary_large_image\" \/>\n<script type=\"application\/ld+json\" class=\"yoast-schema-graph\">{\"@context\":\"https:\\\/\\\/schema.org\",\"@graph\":[{\"@type\":\"WebPage\",\"@id\":\"https:\\\/\\\/scaleorder.com\\\/pt-pt\\\/integracao-do-amazon-sfp\\\/\",\"url\":\"https:\\\/\\\/scaleorder.com\\\/pt-pt\\\/integracao-do-amazon-sfp\\\/\",\"name\":\"Scaleorder \u2013 Melhor Fulfillment Amazon SFP Gratuito |Servi\u00e7os de Log\u00edstica e Fulfillment de Terceiros para Neg\u00f3cios de E-commerce\",\"isPartOf\":{\"@id\":\"https:\\\/\\\/scaleorder.com\\\/#website\"},\"datePublished\":\"2024-07-09T03:32:02+00:00\",\"dateModified\":\"2025-07-30T08:52:01+00:00\",\"description\":\"A Scaleorder oferece a voc\u00ea o poder de simplificar seu processo de transfer\u00eancia FBA, melhorando o fluxo de invent\u00e1rio e a efici\u00eancia operacional. Como uma empresa de e-commerce experiente, fornecemos um servi\u00e7o de fulfillment confi\u00e1vel por meio de solu\u00e7\u00f5es de log\u00edstica terceirizada (3PL), totalmente compat\u00edveis com o Amazon SFP e outras plataformas l\u00edderes.\",\"breadcrumb\":{\"@id\":\"https:\\\/\\\/scaleorder.com\\\/pt-pt\\\/integracao-do-amazon-sfp\\\/#breadcrumb\"},\"inLanguage\":\"pt-PT\",\"potentialAction\":[{\"@type\":\"ReadAction\",\"target\":[\"https:\\\/\\\/scaleorder.com\\\/pt-pt\\\/integracao-do-amazon-sfp\\\/\"]}]},{\"@type\":\"BreadcrumbList\",\"@id\":\"https:\\\/\\\/scaleorder.com\\\/pt-pt\\\/integracao-do-amazon-sfp\\\/#breadcrumb\",\"itemListElement\":[{\"@type\":\"ListItem\",\"position\":1,\"name\":\"Home\",\"item\":\"https:\\\/\\\/scaleorder.com\\\/pt-pt\\\/front\\\/\"},{\"@type\":\"ListItem\",\"position\":2,\"name\":\"Integra\u00e7\u00e3o do Amazon SFP\"}]},{\"@type\":\"WebSite\",\"@id\":\"https:\\\/\\\/scaleorder.com\\\/#website\",\"url\":\"https:\\\/\\\/scaleorder.com\\\/\",\"name\":\"ScaleOrder Dropshipping\",\"description\":\"The Ultimate Branded Dropshipping Solution\",\"potentialAction\":[{\"@type\":\"SearchAction\",\"target\":{\"@type\":\"EntryPoint\",\"urlTemplate\":\"https:\\\/\\\/scaleorder.com\\\/?s={search_term_string}\"},\"query-input\":{\"@type\":\"PropertyValueSpecification\",\"valueRequired\":true,\"valueName\":\"search_term_string\"}}],\"inLanguage\":\"pt-PT\"}]}<\/script>\n<!-- \/ Yoast SEO plugin. -->","yoast_head_json":{"title":"Scaleorder \u2013 Melhor Fulfillment Amazon SFP Gratuito |Servi\u00e7os de Log\u00edstica e Fulfillment de Terceiros para Neg\u00f3cios de E-commerce","description":"A Scaleorder oferece a voc\u00ea o poder de simplificar seu processo de transfer\u00eancia FBA, melhorando o fluxo de invent\u00e1rio e a efici\u00eancia operacional. Como uma empresa de e-commerce experiente, fornecemos um servi\u00e7o de fulfillment confi\u00e1vel por meio de solu\u00e7\u00f5es de log\u00edstica terceirizada (3PL), totalmente compat\u00edveis com o Amazon SFP e outras plataformas l\u00edderes.","robots":{"index":"index","follow":"follow","max-snippet":"max-snippet:-1","max-image-preview":"max-image-preview:large","max-video-preview":"max-video-preview:-1"},"canonical":"https:\/\/scaleorder.com\/pt-pt\/integracao-do-amazon-sfp\/","og_locale":"pt_PT","og_type":"article","og_title":"Scaleorder \u2013 Melhor Fulfillment Amazon SFP Gratuito |Servi\u00e7os de Log\u00edstica e Fulfillment de Terceiros para Neg\u00f3cios de E-commerce","og_description":"A Scaleorder oferece a voc\u00ea o poder de simplificar seu processo de transfer\u00eancia FBA, melhorando o fluxo de invent\u00e1rio e a efici\u00eancia operacional. Como uma empresa de e-commerce experiente, fornecemos um servi\u00e7o de fulfillment confi\u00e1vel por meio de solu\u00e7\u00f5es de log\u00edstica terceirizada (3PL), totalmente compat\u00edveis com o Amazon SFP e outras plataformas l\u00edderes.","og_url":"https:\/\/scaleorder.com\/pt-pt\/integracao-do-amazon-sfp\/","og_site_name":"ScaleOrder Dropshipping","article_modified_time":"2025-07-30T08:52:01+00:00","twitter_card":"summary_large_image","schema":{"@context":"https:\/\/schema.org","@graph":[{"@type":"WebPage","@id":"https:\/\/scaleorder.com\/pt-pt\/integracao-do-amazon-sfp\/","url":"https:\/\/scaleorder.com\/pt-pt\/integracao-do-amazon-sfp\/","name":"Scaleorder \u2013 Melhor Fulfillment Amazon SFP Gratuito |Servi\u00e7os de Log\u00edstica e Fulfillment de Terceiros para Neg\u00f3cios de E-commerce","isPartOf":{"@id":"https:\/\/scaleorder.com\/#website"},"datePublished":"2024-07-09T03:32:02+00:00","dateModified":"2025-07-30T08:52:01+00:00","description":"A Scaleorder oferece a voc\u00ea o poder de simplificar seu processo de transfer\u00eancia FBA, melhorando o fluxo de invent\u00e1rio e a efici\u00eancia operacional. Como uma empresa de e-commerce experiente, fornecemos um servi\u00e7o de fulfillment confi\u00e1vel por meio de solu\u00e7\u00f5es de log\u00edstica terceirizada (3PL), totalmente compat\u00edveis com o Amazon SFP e outras plataformas l\u00edderes.","breadcrumb":{"@id":"https:\/\/scaleorder.com\/pt-pt\/integracao-do-amazon-sfp\/#breadcrumb"},"inLanguage":"pt-PT","potentialAction":[{"@type":"ReadAction","target":["https:\/\/scaleorder.com\/pt-pt\/integracao-do-amazon-sfp\/"]}]},{"@type":"BreadcrumbList","@id":"https:\/\/scaleorder.com\/pt-pt\/integracao-do-amazon-sfp\/#breadcrumb","itemListElement":[{"@type":"ListItem","position":1,"name":"Home","item":"https:\/\/scaleorder.com\/pt-pt\/front\/"},{"@type":"ListItem","position":2,"name":"Integra\u00e7\u00e3o do Amazon SFP"}]},{"@type":"WebSite","@id":"https:\/\/scaleorder.com\/#website","url":"https:\/\/scaleorder.com\/","name":"ScaleOrder Dropshipping","description":"The Ultimate Branded Dropshipping Solution","potentialAction":[{"@type":"SearchAction","target":{"@type":"EntryPoint","urlTemplate":"https:\/\/scaleorder.com\/?s={search_term_string}"},"query-input":{"@type":"PropertyValueSpecification","valueRequired":true,"valueName":"search_term_string"}}],"inLanguage":"pt-PT"}]}},"_links":{"self":[{"href":"https:\/\/scaleorder.com\/pt-pt\/wp-json\/wp\/v2\/pages\/1604","targetHints":{"allow":["GET"]}}],"collection":[{"href":"https:\/\/scaleorder.com\/pt-pt\/wp-json\/wp\/v2\/pages"}],"about":[{"href":"https:\/\/scaleorder.com\/pt-pt\/wp-json\/wp\/v2\/types\/page"}],"author":[{"embeddable":true,"href":"https:\/\/scaleorder.com\/pt-pt\/wp-json\/wp\/v2\/users\/1"}],"replies":[{"embeddable":true,"href":"https:\/\/scaleorder.com\/pt-pt\/wp-json\/wp\/v2\/comments?post=1604"}],"version-history":[{"count":0,"href":"https:\/\/scaleorder.com\/pt-pt\/wp-json\/wp\/v2\/pages\/1604\/revisions"}],"wp:attachment":[{"href":"https:\/\/scaleorder.com\/pt-pt\/wp-json\/wp\/v2\/media?parent=1604"}],"curies":[{"name":"wp","href":"https:\/\/api.w.org\/{rel}","templated":true}]}}