{"id":33084,"date":"2024-07-08T08:37:52","date_gmt":"2024-07-08T00:37:52","guid":{"rendered":"https:\/\/scaleorder.com\/front\/"},"modified":"2024-07-08T08:37:52","modified_gmt":"2024-07-08T00:37:52","slug":"front","status":"publish","type":"page","link":"https:\/\/scaleorder.com\/pl\/","title":{"rendered":"Front"},"content":{"rendered":"","protected":false},"excerpt":{"rendered":"","protected":false},"author":1,"featured_media":0,"parent":0,"menu_order":0,"comment_status":"open","ping_status":"closed","template":"front.php","meta":{"inline_featured_image":false,"footnotes":""},"class_list":["post-33084","page","type-page","status-publish","hentry"],"yoast_head":"<!-- This site is optimized with the Yoast SEO plugin v27.4 - https:\/\/yoast.com\/product\/yoast-seo-wordpress\/ -->\n<title>Scaleorder \u2013 wiod\u0105ca platforma dropshippingowa za darmo | Najlepsze zwyci\u0119skie produkty dla cyfrowego biznesu dropshipping<\/title>\n<meta name=\"description\" content=\"Scaleorder to bezp\u0142atna platforma dropshippingowa, kt\u00f3ra pomo\u017ce Ci rozpocz\u0105\u0107 dzia\u0142alno\u015b\u0107 w zakresie dropshippingu i druku na \u017c\u0105danie w 2025 roku. Oferuje drogie produkty Dropshipping, takie jak wystr\u00f3j domu, meble, bi\u017cuteria, perfumy, bielizna, kosmetyki i inne produkty kosmetyczne \u2014 wszystkie pochodz\u0105ce bezpo\u015brednio od producent\u00f3w. Scaleorder integruje si\u0119 z Shopify, Amazon, eBay, WooCommerce, Lazada i BigCommerce. Jest wyposa\u017cony we wbudowane narz\u0119dzia do automatycznej realizacji zam\u00f3wie\u0144 i przyjazny dla pocz\u0105tkuj\u0105cych interfejs, kt\u00f3re pomog\u0105 Ci rozwin\u0105\u0107 firm\u0119 i osi\u0105gn\u0105\u0107 wy\u017csze mar\u017ce zysku.\" \/>\n<meta name=\"robots\" content=\"index, follow, max-snippet:-1, max-image-preview:large, max-video-preview:-1\" \/>\n<link rel=\"canonical\" href=\"https:\/\/scaleorder.com\/pl\/front\/\" \/>\n<meta property=\"og:locale\" content=\"pl_PL\" \/>\n<meta property=\"og:type\" content=\"article\" \/>\n<meta property=\"og:title\" content=\"Scaleorder \u2013 wiod\u0105ca platforma dropshippingowa za darmo | Najlepsze zwyci\u0119skie produkty dla cyfrowego biznesu dropshipping\" \/>\n<meta property=\"og:description\" content=\"Scaleorder to bezp\u0142atna platforma dropshippingowa, kt\u00f3ra pomo\u017ce Ci rozpocz\u0105\u0107 dzia\u0142alno\u015b\u0107 w zakresie dropshippingu i druku na \u017c\u0105danie w 2025 roku. Oferuje drogie produkty Dropshipping, takie jak wystr\u00f3j domu, meble, bi\u017cuteria, perfumy, bielizna, kosmetyki i inne produkty kosmetyczne \u2014 wszystkie pochodz\u0105ce bezpo\u015brednio od producent\u00f3w. Scaleorder integruje si\u0119 z Shopify, Amazon, eBay, WooCommerce, Lazada i BigCommerce. Jest wyposa\u017cony we wbudowane narz\u0119dzia do automatycznej realizacji zam\u00f3wie\u0144 i przyjazny dla pocz\u0105tkuj\u0105cych interfejs, kt\u00f3re pomog\u0105 Ci rozwin\u0105\u0107 firm\u0119 i osi\u0105gn\u0105\u0107 wy\u017csze mar\u017ce zysku.\" \/>\n<meta property=\"og:url\" content=\"https:\/\/scaleorder.com\/pl\/front\/\" \/>\n<meta property=\"og:site_name\" content=\"ScaleOrder Dropshipping\" \/>\n<meta name=\"twitter:card\" content=\"summary_large_image\" \/>\n<script type=\"application\/ld+json\" class=\"yoast-schema-graph\">{\"@context\":\"https:\\\/\\\/schema.org\",\"@graph\":[{\"@type\":\"WebPage\",\"@id\":\"https:\\\/\\\/scaleorder.com\\\/pl\\\/front\\\/\",\"url\":\"https:\\\/\\\/scaleorder.com\\\/pl\\\/front\\\/\",\"name\":\"Scaleorder \u2013 wiod\u0105ca platforma dropshippingowa za darmo | Najlepsze zwyci\u0119skie produkty dla cyfrowego biznesu dropshipping\",\"isPartOf\":{\"@id\":\"https:\\\/\\\/scaleorder.com\\\/#website\"},\"datePublished\":\"2024-07-08T00:37:52+00:00\",\"description\":\"Scaleorder to bezp\u0142atna platforma dropshippingowa, kt\u00f3ra pomo\u017ce Ci rozpocz\u0105\u0107 dzia\u0142alno\u015b\u0107 w zakresie dropshippingu i druku na \u017c\u0105danie w 2025 roku. Oferuje drogie produkty Dropshipping, takie jak wystr\u00f3j domu, meble, bi\u017cuteria, perfumy, bielizna, kosmetyki i inne produkty kosmetyczne \u2014 wszystkie pochodz\u0105ce bezpo\u015brednio od producent\u00f3w. Scaleorder integruje si\u0119 z Shopify, Amazon, eBay, WooCommerce, Lazada i BigCommerce. Jest wyposa\u017cony we wbudowane narz\u0119dzia do automatycznej realizacji zam\u00f3wie\u0144 i przyjazny dla pocz\u0105tkuj\u0105cych interfejs, kt\u00f3re pomog\u0105 Ci rozwin\u0105\u0107 firm\u0119 i osi\u0105gn\u0105\u0107 wy\u017csze mar\u017ce zysku.\",\"breadcrumb\":{\"@id\":\"https:\\\/\\\/scaleorder.com\\\/pl\\\/front\\\/#breadcrumb\"},\"inLanguage\":\"pl-PL\",\"potentialAction\":[{\"@type\":\"ReadAction\",\"target\":[\"https:\\\/\\\/scaleorder.com\\\/pl\\\/front\\\/\"]}]},{\"@type\":\"BreadcrumbList\",\"@id\":\"https:\\\/\\\/scaleorder.com\\\/pl\\\/front\\\/#breadcrumb\",\"itemListElement\":[{\"@type\":\"ListItem\",\"position\":1,\"name\":\"Home\",\"item\":\"https:\\\/\\\/scaleorder.com\\\/pl\\\/front\\\/\"},{\"@type\":\"ListItem\",\"position\":2,\"name\":\"Front\"}]},{\"@type\":\"WebSite\",\"@id\":\"https:\\\/\\\/scaleorder.com\\\/#website\",\"url\":\"https:\\\/\\\/scaleorder.com\\\/\",\"name\":\"ScaleOrder Dropshipping\",\"description\":\"The Ultimate Branded Dropshipping Solution\",\"potentialAction\":[{\"@type\":\"SearchAction\",\"target\":{\"@type\":\"EntryPoint\",\"urlTemplate\":\"https:\\\/\\\/scaleorder.com\\\/?s={search_term_string}\"},\"query-input\":{\"@type\":\"PropertyValueSpecification\",\"valueRequired\":true,\"valueName\":\"search_term_string\"}}],\"inLanguage\":\"pl-PL\"}]}<\/script>\n<!-- \/ Yoast SEO plugin. -->","yoast_head_json":{"title":"Scaleorder \u2013 wiod\u0105ca platforma dropshippingowa za darmo | Najlepsze zwyci\u0119skie produkty dla cyfrowego biznesu dropshipping","description":"Scaleorder to bezp\u0142atna platforma dropshippingowa, kt\u00f3ra pomo\u017ce Ci rozpocz\u0105\u0107 dzia\u0142alno\u015b\u0107 w zakresie dropshippingu i druku na \u017c\u0105danie w 2025 roku. Oferuje drogie produkty Dropshipping, takie jak wystr\u00f3j domu, meble, bi\u017cuteria, perfumy, bielizna, kosmetyki i inne produkty kosmetyczne \u2014 wszystkie pochodz\u0105ce bezpo\u015brednio od producent\u00f3w. Scaleorder integruje si\u0119 z Shopify, Amazon, eBay, WooCommerce, Lazada i BigCommerce. Jest wyposa\u017cony we wbudowane narz\u0119dzia do automatycznej realizacji zam\u00f3wie\u0144 i przyjazny dla pocz\u0105tkuj\u0105cych interfejs, kt\u00f3re pomog\u0105 Ci rozwin\u0105\u0107 firm\u0119 i osi\u0105gn\u0105\u0107 wy\u017csze mar\u017ce zysku.","robots":{"index":"index","follow":"follow","max-snippet":"max-snippet:-1","max-image-preview":"max-image-preview:large","max-video-preview":"max-video-preview:-1"},"canonical":"https:\/\/scaleorder.com\/pl\/front\/","og_locale":"pl_PL","og_type":"article","og_title":"Scaleorder \u2013 wiod\u0105ca platforma dropshippingowa za darmo | Najlepsze zwyci\u0119skie produkty dla cyfrowego biznesu dropshipping","og_description":"Scaleorder to bezp\u0142atna platforma dropshippingowa, kt\u00f3ra pomo\u017ce Ci rozpocz\u0105\u0107 dzia\u0142alno\u015b\u0107 w zakresie dropshippingu i druku na \u017c\u0105danie w 2025 roku. Oferuje drogie produkty Dropshipping, takie jak wystr\u00f3j domu, meble, bi\u017cuteria, perfumy, bielizna, kosmetyki i inne produkty kosmetyczne \u2014 wszystkie pochodz\u0105ce bezpo\u015brednio od producent\u00f3w. Scaleorder integruje si\u0119 z Shopify, Amazon, eBay, WooCommerce, Lazada i BigCommerce. Jest wyposa\u017cony we wbudowane narz\u0119dzia do automatycznej realizacji zam\u00f3wie\u0144 i przyjazny dla pocz\u0105tkuj\u0105cych interfejs, kt\u00f3re pomog\u0105 Ci rozwin\u0105\u0107 firm\u0119 i osi\u0105gn\u0105\u0107 wy\u017csze mar\u017ce zysku.","og_url":"https:\/\/scaleorder.com\/pl\/front\/","og_site_name":"ScaleOrder Dropshipping","twitter_card":"summary_large_image","schema":{"@context":"https:\/\/schema.org","@graph":[{"@type":"WebPage","@id":"https:\/\/scaleorder.com\/pl\/front\/","url":"https:\/\/scaleorder.com\/pl\/front\/","name":"Scaleorder \u2013 wiod\u0105ca platforma dropshippingowa za darmo | Najlepsze zwyci\u0119skie produkty dla cyfrowego biznesu dropshipping","isPartOf":{"@id":"https:\/\/scaleorder.com\/#website"},"datePublished":"2024-07-08T00:37:52+00:00","description":"Scaleorder to bezp\u0142atna platforma dropshippingowa, kt\u00f3ra pomo\u017ce Ci rozpocz\u0105\u0107 dzia\u0142alno\u015b\u0107 w zakresie dropshippingu i druku na \u017c\u0105danie w 2025 roku. Oferuje drogie produkty Dropshipping, takie jak wystr\u00f3j domu, meble, bi\u017cuteria, perfumy, bielizna, kosmetyki i inne produkty kosmetyczne \u2014 wszystkie pochodz\u0105ce bezpo\u015brednio od producent\u00f3w. Scaleorder integruje si\u0119 z Shopify, Amazon, eBay, WooCommerce, Lazada i BigCommerce. Jest wyposa\u017cony we wbudowane narz\u0119dzia do automatycznej realizacji zam\u00f3wie\u0144 i przyjazny dla pocz\u0105tkuj\u0105cych interfejs, kt\u00f3re pomog\u0105 Ci rozwin\u0105\u0107 firm\u0119 i osi\u0105gn\u0105\u0107 wy\u017csze mar\u017ce zysku.","breadcrumb":{"@id":"https:\/\/scaleorder.com\/pl\/front\/#breadcrumb"},"inLanguage":"pl-PL","potentialAction":[{"@type":"ReadAction","target":["https:\/\/scaleorder.com\/pl\/front\/"]}]},{"@type":"BreadcrumbList","@id":"https:\/\/scaleorder.com\/pl\/front\/#breadcrumb","itemListElement":[{"@type":"ListItem","position":1,"name":"Home","item":"https:\/\/scaleorder.com\/pl\/front\/"},{"@type":"ListItem","position":2,"name":"Front"}]},{"@type":"WebSite","@id":"https:\/\/scaleorder.com\/#website","url":"https:\/\/scaleorder.com\/","name":"ScaleOrder Dropshipping","description":"The Ultimate Branded Dropshipping Solution","potentialAction":[{"@type":"SearchAction","target":{"@type":"EntryPoint","urlTemplate":"https:\/\/scaleorder.com\/?s={search_term_string}"},"query-input":{"@type":"PropertyValueSpecification","valueRequired":true,"valueName":"search_term_string"}}],"inLanguage":"pl-PL"}]}},"_links":{"self":[{"href":"https:\/\/scaleorder.com\/pl\/wp-json\/wp\/v2\/pages\/33084","targetHints":{"allow":["GET"]}}],"collection":[{"href":"https:\/\/scaleorder.com\/pl\/wp-json\/wp\/v2\/pages"}],"about":[{"href":"https:\/\/scaleorder.com\/pl\/wp-json\/wp\/v2\/types\/page"}],"author":[{"embeddable":true,"href":"https:\/\/scaleorder.com\/pl\/wp-json\/wp\/v2\/users\/1"}],"replies":[{"embeddable":true,"href":"https:\/\/scaleorder.com\/pl\/wp-json\/wp\/v2\/comments?post=33084"}],"version-history":[{"count":0,"href":"https:\/\/scaleorder.com\/pl\/wp-json\/wp\/v2\/pages\/33084\/revisions"}],"wp:attachment":[{"href":"https:\/\/scaleorder.com\/pl\/wp-json\/wp\/v2\/media?parent=33084"}],"curies":[{"name":"wp","href":"https:\/\/api.w.org\/{rel}","templated":true}]}}