{"id":28711,"date":"2025-05-05T15:50:25","date_gmt":"2025-05-05T07:50:25","guid":{"rendered":"https:\/\/scaleorder.com\/strona-z-tresciami-seo-shopee\/"},"modified":"2025-05-05T15:50:25","modified_gmt":"2025-05-05T07:50:25","slug":"strona-z-tresciami-seo-shopee","status":"publish","type":"page","link":"https:\/\/scaleorder.com\/pl\/strona-z-tresciami-seo-shopee\/","title":{"rendered":"Strona z tre\u015bciami seo Shopee"},"content":{"rendered":"<h2>Kluczowe zalety <span class=\"themecolor\">Shopee Dropshipping<\/span> z Scale Order<\/h2>\n<p><strong><span class=\"themecolor\">Zerowe koszty zapas\u00f3w:<\/span><\/strong> Unikaj konieczno\u015bci inwestowania z g\u00f3ry w zapasy \u2014 p\u0142a\u0107 za produkty tylko wtedy, gdy je sprzedajesz. To g\u0142\u00f3wna zaleta dropshippingu na Shopee. <\/p>\n<p><strong><span class=\"themecolor\">Sprawna realizacja zam\u00f3wie\u0144:<\/span><\/strong> Scale Order automatyzuje przetwarzanie zam\u00f3wie\u0144, zapewniaj\u0105c, \u017ce Twoje produkty szybko i sprawnie docieraj\u0105 do klient\u00f3w.<\/p>\n<p><strong><span class=\"themecolor\">Globalna sie\u0107 dostawc\u00f3w:<\/span><\/strong> Skorzystaj z szerokiej gamy zaufanych dostawc\u00f3w z ca\u0142ego \u015bwiata, aby zaoferowa\u0107 swoim klientom r\u00f3\u017cnorodny wyb\u00f3r produkt\u00f3w. Mo\u017cesz tak\u017ce \u0142atwo zarz\u0105dza\u0107 dropshippingiem Alibaba do Shopee. <\/p>\n<p><strong><span class=\"themecolor\">Prosta integracja z Shopee:<\/span><\/strong> Scale Order bez wysi\u0142ku integruje si\u0119 z Twoim sklepem Shopee, umo\u017cliwiaj\u0105c \u0142atwe tworzenie list produkt\u00f3w i zarz\u0105dzanie zam\u00f3wieniami. Jest idealny dla ka\u017cdego, kto zaczyna od dropshippingu w Shopee. <\/p>\n<h4>Jak Scale Order pomaga rozwija\u0107 si\u0119 Twojemu biznesowi <span class=\"themecolor\">dropshippingowemu Shopee<\/span><\/h4>\n<p>Scale Order oferuje rozwi\u0105zania dostosowane do Twoich potrzeb, kt\u00f3re pomog\u0105 Twojej firmie dropshipping Shopee odnie\u015b\u0107 sukces. Od pozyskiwania produkt\u00f3w po zapewnianie \u015bledzenia w czasie rzeczywistym i realizacji zam\u00f3wie\u0144, zapewniamy, \u017ce Tw\u00f3j sklep internetowy dzia\u0142a z maksymaln\u0105 wydajno\u015bci\u0105 i rentowno\u015bci\u0105. Dzi\u0119ki dostawcom dropshipping dla Shopee b\u0119dziesz mie\u0107 do zaoferowania swoim klientom r\u00f3\u017cnorodn\u0105 gam\u0119 produkt\u00f3w.  <\/p>\n<h4>Rozpocznij swoj\u0105 przygod\u0119 z <span class=\"themecolor\">dropshippingiem Shopee<\/span> z Scale Order ju\u017c dzi\u015b!<\/h4>\n<p>Scale Order oferuje rozwi\u0105zania dostosowane do Twoich potrzeb, kt\u00f3re pomog\u0105 Twojej firmie dropshipping Shopee odnie\u015b\u0107 sukces. Od pozyskiwania produkt\u00f3w po zapewnianie \u015bledzenia w czasie rzeczywistym i realizacji zam\u00f3wie\u0144, zapewniamy, \u017ce Tw\u00f3j sklep internetowy dzia\u0142a z maksymaln\u0105 wydajno\u015bci\u0105 i rentowno\u015bci\u0105. Niezale\u017cnie od tego, czy chcesz rozpocz\u0105\u0107 dropshipping na Shopee, czy potrzebujesz pomocy w zarz\u0105dzaniu dropshippingiem Shopee, mamy dla Ciebie ochron\u0119.  <\/p>\n","protected":false},"excerpt":{"rendered":"<p>Kluczowe zalety Shopee Dropshipping z Scale Order Zerowe koszty zapas\u00f3w: Unikaj konieczno\u015bci inwestowania z g\u00f3ry w zapasy \u2014 p\u0142a\u0107 za produkty tylko wtedy, gdy je sprzedajesz. To g\u0142\u00f3wna zaleta dropshippingu na Shopee. Sprawna realizacja zam\u00f3wie\u0144: Scale Order automatyzuje przetwarzanie zam\u00f3wie\u0144, zapewniaj\u0105c, \u017ce Twoje produkty szybko i sprawnie docieraj\u0105 do klient\u00f3w. Globalna sie\u0107 dostawc\u00f3w: Skorzystaj z <a href=\"https:\/\/scaleorder.com\/pl\/strona-z-tresciami-seo-shopee\/\" class=\"more-link\">&#8230;<span class=\"screen-reader-text\">  Strona z tre\u015bciami seo Shopee<\/span><\/a><\/p>\n","protected":false},"author":1,"featured_media":0,"parent":0,"menu_order":0,"comment_status":"closed","ping_status":"closed","template":"","meta":{"inline_featured_image":false,"footnotes":""},"class_list":["post-28711","page","type-page","status-publish","hentry"],"yoast_head":"<!-- This site is optimized with the Yoast SEO plugin v27.4 - https:\/\/yoast.com\/product\/yoast-seo-wordpress\/ -->\n<title>Strona z tre\u015bciami seo Shopee - ScaleOrder Dropshipping<\/title>\n<meta name=\"description\" content=\"Kluczowe zalety Shopee Dropshipping z Scale Order Zerowe koszty zapas\u00f3w: Unikaj konieczno\u015bci inwestowania z g\u00f3ry w zapasy \u2014 p\u0142a\u0107 za produkty tylko wtedy,\" \/>\n<meta name=\"robots\" content=\"index, follow, max-snippet:-1, max-image-preview:large, max-video-preview:-1\" \/>\n<link rel=\"canonical\" href=\"https:\/\/scaleorder.com\/strona-z-tresciami-seo-shopee\/\" \/>\n<meta property=\"og:locale\" content=\"pl_PL\" \/>\n<meta property=\"og:type\" content=\"article\" \/>\n<meta property=\"og:title\" content=\"Strona z tre\u015bciami seo Shopee - ScaleOrder Dropshipping\" \/>\n<meta property=\"og:description\" content=\"Kluczowe zalety Shopee Dropshipping z Scale Order Zerowe koszty zapas\u00f3w: Unikaj konieczno\u015bci inwestowania z g\u00f3ry w zapasy \u2014 p\u0142a\u0107 za produkty tylko wtedy,\" \/>\n<meta property=\"og:url\" content=\"https:\/\/scaleorder.com\/strona-z-tresciami-seo-shopee\/\" \/>\n<meta property=\"og:site_name\" content=\"ScaleOrder Dropshipping\" \/>\n<meta name=\"twitter:card\" content=\"summary_large_image\" \/>\n<meta name=\"twitter:label1\" content=\"Szacowany czas czytania\" \/>\n\t<meta name=\"twitter:data1\" content=\"1 minuta\" \/>\n<script type=\"application\/ld+json\" class=\"yoast-schema-graph\">{\"@context\":\"https:\\\/\\\/schema.org\",\"@graph\":[{\"@type\":\"WebPage\",\"@id\":\"https:\\\/\\\/scaleorder.com\\\/strona-z-tresciami-seo-shopee\\\/\",\"url\":\"https:\\\/\\\/scaleorder.com\\\/strona-z-tresciami-seo-shopee\\\/\",\"name\":\"Strona z tre\u015bciami seo Shopee - ScaleOrder Dropshipping\",\"isPartOf\":{\"@id\":\"https:\\\/\\\/scaleorder.com\\\/#website\"},\"datePublished\":\"2025-05-05T07:50:25+00:00\",\"description\":\"Kluczowe zalety Shopee Dropshipping z Scale Order Zerowe koszty zapas\u00f3w: Unikaj konieczno\u015bci inwestowania z g\u00f3ry w zapasy \u2014 p\u0142a\u0107 za produkty tylko wtedy,\",\"breadcrumb\":{\"@id\":\"https:\\\/\\\/scaleorder.com\\\/strona-z-tresciami-seo-shopee\\\/#breadcrumb\"},\"inLanguage\":\"pl-PL\",\"potentialAction\":[{\"@type\":\"ReadAction\",\"target\":[\"https:\\\/\\\/scaleorder.com\\\/strona-z-tresciami-seo-shopee\\\/\"]}]},{\"@type\":\"BreadcrumbList\",\"@id\":\"https:\\\/\\\/scaleorder.com\\\/strona-z-tresciami-seo-shopee\\\/#breadcrumb\",\"itemListElement\":[{\"@type\":\"ListItem\",\"position\":1,\"name\":\"Home\",\"item\":\"https:\\\/\\\/scaleorder.com\\\/pl\\\/front\\\/\"},{\"@type\":\"ListItem\",\"position\":2,\"name\":\"Strona z tre\u015bciami seo Shopee\"}]},{\"@type\":\"WebSite\",\"@id\":\"https:\\\/\\\/scaleorder.com\\\/#website\",\"url\":\"https:\\\/\\\/scaleorder.com\\\/\",\"name\":\"ScaleOrder Dropshipping\",\"description\":\"The Ultimate Branded Dropshipping Solution\",\"potentialAction\":[{\"@type\":\"SearchAction\",\"target\":{\"@type\":\"EntryPoint\",\"urlTemplate\":\"https:\\\/\\\/scaleorder.com\\\/?s={search_term_string}\"},\"query-input\":{\"@type\":\"PropertyValueSpecification\",\"valueRequired\":true,\"valueName\":\"search_term_string\"}}],\"inLanguage\":\"pl-PL\"}]}<\/script>\n<!-- \/ Yoast SEO plugin. -->","yoast_head_json":{"title":"Strona z tre\u015bciami seo Shopee - ScaleOrder Dropshipping","description":"Kluczowe zalety Shopee Dropshipping z Scale Order Zerowe koszty zapas\u00f3w: Unikaj konieczno\u015bci inwestowania z g\u00f3ry w zapasy \u2014 p\u0142a\u0107 za produkty tylko wtedy,","robots":{"index":"index","follow":"follow","max-snippet":"max-snippet:-1","max-image-preview":"max-image-preview:large","max-video-preview":"max-video-preview:-1"},"canonical":"https:\/\/scaleorder.com\/strona-z-tresciami-seo-shopee\/","og_locale":"pl_PL","og_type":"article","og_title":"Strona z tre\u015bciami seo Shopee - ScaleOrder Dropshipping","og_description":"Kluczowe zalety Shopee Dropshipping z Scale Order Zerowe koszty zapas\u00f3w: Unikaj konieczno\u015bci inwestowania z g\u00f3ry w zapasy \u2014 p\u0142a\u0107 za produkty tylko wtedy,","og_url":"https:\/\/scaleorder.com\/strona-z-tresciami-seo-shopee\/","og_site_name":"ScaleOrder Dropshipping","twitter_card":"summary_large_image","twitter_misc":{"Szacowany czas czytania":"1 minuta"},"schema":{"@context":"https:\/\/schema.org","@graph":[{"@type":"WebPage","@id":"https:\/\/scaleorder.com\/strona-z-tresciami-seo-shopee\/","url":"https:\/\/scaleorder.com\/strona-z-tresciami-seo-shopee\/","name":"Strona z tre\u015bciami seo Shopee - ScaleOrder Dropshipping","isPartOf":{"@id":"https:\/\/scaleorder.com\/#website"},"datePublished":"2025-05-05T07:50:25+00:00","description":"Kluczowe zalety Shopee Dropshipping z Scale Order Zerowe koszty zapas\u00f3w: Unikaj konieczno\u015bci inwestowania z g\u00f3ry w zapasy \u2014 p\u0142a\u0107 za produkty tylko wtedy,","breadcrumb":{"@id":"https:\/\/scaleorder.com\/strona-z-tresciami-seo-shopee\/#breadcrumb"},"inLanguage":"pl-PL","potentialAction":[{"@type":"ReadAction","target":["https:\/\/scaleorder.com\/strona-z-tresciami-seo-shopee\/"]}]},{"@type":"BreadcrumbList","@id":"https:\/\/scaleorder.com\/strona-z-tresciami-seo-shopee\/#breadcrumb","itemListElement":[{"@type":"ListItem","position":1,"name":"Home","item":"https:\/\/scaleorder.com\/pl\/front\/"},{"@type":"ListItem","position":2,"name":"Strona z tre\u015bciami seo Shopee"}]},{"@type":"WebSite","@id":"https:\/\/scaleorder.com\/#website","url":"https:\/\/scaleorder.com\/","name":"ScaleOrder Dropshipping","description":"The Ultimate Branded Dropshipping Solution","potentialAction":[{"@type":"SearchAction","target":{"@type":"EntryPoint","urlTemplate":"https:\/\/scaleorder.com\/?s={search_term_string}"},"query-input":{"@type":"PropertyValueSpecification","valueRequired":true,"valueName":"search_term_string"}}],"inLanguage":"pl-PL"}]}},"_links":{"self":[{"href":"https:\/\/scaleorder.com\/pl\/wp-json\/wp\/v2\/pages\/28711","targetHints":{"allow":["GET"]}}],"collection":[{"href":"https:\/\/scaleorder.com\/pl\/wp-json\/wp\/v2\/pages"}],"about":[{"href":"https:\/\/scaleorder.com\/pl\/wp-json\/wp\/v2\/types\/page"}],"author":[{"embeddable":true,"href":"https:\/\/scaleorder.com\/pl\/wp-json\/wp\/v2\/users\/1"}],"replies":[{"embeddable":true,"href":"https:\/\/scaleorder.com\/pl\/wp-json\/wp\/v2\/comments?post=28711"}],"version-history":[{"count":0,"href":"https:\/\/scaleorder.com\/pl\/wp-json\/wp\/v2\/pages\/28711\/revisions"}],"wp:attachment":[{"href":"https:\/\/scaleorder.com\/pl\/wp-json\/wp\/v2\/media?parent=28711"}],"curies":[{"name":"wp","href":"https:\/\/api.w.org\/{rel}","templated":true}]}}