{"id":28632,"date":"2025-03-13T05:00:53","date_gmt":"2025-03-12T21:00:53","guid":{"rendered":"https:\/\/scaleorder.com\/lazada\/"},"modified":"2025-03-13T05:00:53","modified_gmt":"2025-03-12T21:00:53","slug":"lazada","status":"publish","type":"page","link":"https:\/\/scaleorder.com\/pl\/lazada\/","title":{"rendered":"Lazada"},"content":{"rendered":"","protected":false},"excerpt":{"rendered":"","protected":false},"author":1,"featured_media":0,"parent":0,"menu_order":0,"comment_status":"closed","ping_status":"closed","template":"lazada-intregrate.php","meta":{"inline_featured_image":false,"footnotes":""},"class_list":["post-28632","page","type-page","status-publish","hentry"],"yoast_head":"<!-- This site is optimized with the Yoast SEO plugin v27.4 - https:\/\/yoast.com\/product\/yoast-seo-wordpress\/ -->\n<title>Scaleorder - Rozpocznij dropshipping Lazada za darmo | \u0141atwa konfiguracja aplikacji, upro\u015b\u0107 realizacj\u0119 i inwentaryzacj\u0119, najlepszy dostawca dropshipping<\/title>\n<meta name=\"description\" content=\"Do\u0142\u0105cz do odnosz\u0105cych sukcesy sprzedawc\u00f3w Lazada za pomoc\u0105 Scaleorder, aby zautomatyzowa\u0107 realizacj\u0119 i \u015bledzenie zam\u00f3wie\u0144, usprawni\u0107 logistyk\u0119 i skalowa\u0107 si\u0119 globalnie. \u0141atwo \u0142\u0105cz si\u0119 z globalnymi dostawcami i nie pobieraj op\u0142at instalacyjnych, synchronizuj zapasy w czasie rzeczywistym.\" \/>\n<meta name=\"robots\" content=\"index, follow, max-snippet:-1, max-image-preview:large, max-video-preview:-1\" \/>\n<link rel=\"canonical\" href=\"https:\/\/scaleorder.com\/pl\/lazada\/\" \/>\n<meta property=\"og:locale\" content=\"pl_PL\" \/>\n<meta property=\"og:type\" content=\"article\" \/>\n<meta property=\"og:title\" content=\"Scaleorder - Rozpocznij dropshipping Lazada za darmo | \u0141atwa konfiguracja aplikacji, upro\u015b\u0107 realizacj\u0119 i inwentaryzacj\u0119, najlepszy dostawca dropshipping\" \/>\n<meta property=\"og:description\" content=\"Do\u0142\u0105cz do odnosz\u0105cych sukcesy sprzedawc\u00f3w Lazada za pomoc\u0105 Scaleorder, aby zautomatyzowa\u0107 realizacj\u0119 i \u015bledzenie zam\u00f3wie\u0144, usprawni\u0107 logistyk\u0119 i skalowa\u0107 si\u0119 globalnie. \u0141atwo \u0142\u0105cz si\u0119 z globalnymi dostawcami i nie pobieraj op\u0142at instalacyjnych, synchronizuj zapasy w czasie rzeczywistym.\" \/>\n<meta property=\"og:url\" content=\"https:\/\/scaleorder.com\/pl\/lazada\/\" \/>\n<meta property=\"og:site_name\" content=\"ScaleOrder Dropshipping\" \/>\n<meta name=\"twitter:card\" content=\"summary_large_image\" \/>\n<script type=\"application\/ld+json\" class=\"yoast-schema-graph\">{\"@context\":\"https:\\\/\\\/schema.org\",\"@graph\":[{\"@type\":\"WebPage\",\"@id\":\"https:\\\/\\\/scaleorder.com\\\/pl\\\/lazada\\\/\",\"url\":\"https:\\\/\\\/scaleorder.com\\\/pl\\\/lazada\\\/\",\"name\":\"Scaleorder - Rozpocznij dropshipping Lazada za darmo | \u0141atwa konfiguracja aplikacji, upro\u015b\u0107 realizacj\u0119 i inwentaryzacj\u0119, najlepszy dostawca dropshipping\",\"isPartOf\":{\"@id\":\"https:\\\/\\\/scaleorder.com\\\/#website\"},\"datePublished\":\"2025-03-12T21:00:53+00:00\",\"description\":\"Do\u0142\u0105cz do odnosz\u0105cych sukcesy sprzedawc\u00f3w Lazada za pomoc\u0105 Scaleorder, aby zautomatyzowa\u0107 realizacj\u0119 i \u015bledzenie zam\u00f3wie\u0144, usprawni\u0107 logistyk\u0119 i skalowa\u0107 si\u0119 globalnie. \u0141atwo \u0142\u0105cz si\u0119 z globalnymi dostawcami i nie pobieraj op\u0142at instalacyjnych, synchronizuj zapasy w czasie rzeczywistym.\",\"breadcrumb\":{\"@id\":\"https:\\\/\\\/scaleorder.com\\\/pl\\\/lazada\\\/#breadcrumb\"},\"inLanguage\":\"pl-PL\",\"potentialAction\":[{\"@type\":\"ReadAction\",\"target\":[\"https:\\\/\\\/scaleorder.com\\\/pl\\\/lazada\\\/\"]}]},{\"@type\":\"BreadcrumbList\",\"@id\":\"https:\\\/\\\/scaleorder.com\\\/pl\\\/lazada\\\/#breadcrumb\",\"itemListElement\":[{\"@type\":\"ListItem\",\"position\":1,\"name\":\"Home\",\"item\":\"https:\\\/\\\/scaleorder.com\\\/pl\\\/front\\\/\"},{\"@type\":\"ListItem\",\"position\":2,\"name\":\"Lazada\"}]},{\"@type\":\"WebSite\",\"@id\":\"https:\\\/\\\/scaleorder.com\\\/#website\",\"url\":\"https:\\\/\\\/scaleorder.com\\\/\",\"name\":\"ScaleOrder Dropshipping\",\"description\":\"The Ultimate Branded Dropshipping Solution\",\"potentialAction\":[{\"@type\":\"SearchAction\",\"target\":{\"@type\":\"EntryPoint\",\"urlTemplate\":\"https:\\\/\\\/scaleorder.com\\\/?s={search_term_string}\"},\"query-input\":{\"@type\":\"PropertyValueSpecification\",\"valueRequired\":true,\"valueName\":\"search_term_string\"}}],\"inLanguage\":\"pl-PL\"}]}<\/script>\n<!-- \/ Yoast SEO plugin. -->","yoast_head_json":{"title":"Scaleorder - Rozpocznij dropshipping Lazada za darmo | \u0141atwa konfiguracja aplikacji, upro\u015b\u0107 realizacj\u0119 i inwentaryzacj\u0119, najlepszy dostawca dropshipping","description":"Do\u0142\u0105cz do odnosz\u0105cych sukcesy sprzedawc\u00f3w Lazada za pomoc\u0105 Scaleorder, aby zautomatyzowa\u0107 realizacj\u0119 i \u015bledzenie zam\u00f3wie\u0144, usprawni\u0107 logistyk\u0119 i skalowa\u0107 si\u0119 globalnie. \u0141atwo \u0142\u0105cz si\u0119 z globalnymi dostawcami i nie pobieraj op\u0142at instalacyjnych, synchronizuj zapasy w czasie rzeczywistym.","robots":{"index":"index","follow":"follow","max-snippet":"max-snippet:-1","max-image-preview":"max-image-preview:large","max-video-preview":"max-video-preview:-1"},"canonical":"https:\/\/scaleorder.com\/pl\/lazada\/","og_locale":"pl_PL","og_type":"article","og_title":"Scaleorder - Rozpocznij dropshipping Lazada za darmo | \u0141atwa konfiguracja aplikacji, upro\u015b\u0107 realizacj\u0119 i inwentaryzacj\u0119, najlepszy dostawca dropshipping","og_description":"Do\u0142\u0105cz do odnosz\u0105cych sukcesy sprzedawc\u00f3w Lazada za pomoc\u0105 Scaleorder, aby zautomatyzowa\u0107 realizacj\u0119 i \u015bledzenie zam\u00f3wie\u0144, usprawni\u0107 logistyk\u0119 i skalowa\u0107 si\u0119 globalnie. \u0141atwo \u0142\u0105cz si\u0119 z globalnymi dostawcami i nie pobieraj op\u0142at instalacyjnych, synchronizuj zapasy w czasie rzeczywistym.","og_url":"https:\/\/scaleorder.com\/pl\/lazada\/","og_site_name":"ScaleOrder Dropshipping","twitter_card":"summary_large_image","schema":{"@context":"https:\/\/schema.org","@graph":[{"@type":"WebPage","@id":"https:\/\/scaleorder.com\/pl\/lazada\/","url":"https:\/\/scaleorder.com\/pl\/lazada\/","name":"Scaleorder - Rozpocznij dropshipping Lazada za darmo | \u0141atwa konfiguracja aplikacji, upro\u015b\u0107 realizacj\u0119 i inwentaryzacj\u0119, najlepszy dostawca dropshipping","isPartOf":{"@id":"https:\/\/scaleorder.com\/#website"},"datePublished":"2025-03-12T21:00:53+00:00","description":"Do\u0142\u0105cz do odnosz\u0105cych sukcesy sprzedawc\u00f3w Lazada za pomoc\u0105 Scaleorder, aby zautomatyzowa\u0107 realizacj\u0119 i \u015bledzenie zam\u00f3wie\u0144, usprawni\u0107 logistyk\u0119 i skalowa\u0107 si\u0119 globalnie. \u0141atwo \u0142\u0105cz si\u0119 z globalnymi dostawcami i nie pobieraj op\u0142at instalacyjnych, synchronizuj zapasy w czasie rzeczywistym.","breadcrumb":{"@id":"https:\/\/scaleorder.com\/pl\/lazada\/#breadcrumb"},"inLanguage":"pl-PL","potentialAction":[{"@type":"ReadAction","target":["https:\/\/scaleorder.com\/pl\/lazada\/"]}]},{"@type":"BreadcrumbList","@id":"https:\/\/scaleorder.com\/pl\/lazada\/#breadcrumb","itemListElement":[{"@type":"ListItem","position":1,"name":"Home","item":"https:\/\/scaleorder.com\/pl\/front\/"},{"@type":"ListItem","position":2,"name":"Lazada"}]},{"@type":"WebSite","@id":"https:\/\/scaleorder.com\/#website","url":"https:\/\/scaleorder.com\/","name":"ScaleOrder Dropshipping","description":"The Ultimate Branded Dropshipping Solution","potentialAction":[{"@type":"SearchAction","target":{"@type":"EntryPoint","urlTemplate":"https:\/\/scaleorder.com\/?s={search_term_string}"},"query-input":{"@type":"PropertyValueSpecification","valueRequired":true,"valueName":"search_term_string"}}],"inLanguage":"pl-PL"}]}},"_links":{"self":[{"href":"https:\/\/scaleorder.com\/pl\/wp-json\/wp\/v2\/pages\/28632","targetHints":{"allow":["GET"]}}],"collection":[{"href":"https:\/\/scaleorder.com\/pl\/wp-json\/wp\/v2\/pages"}],"about":[{"href":"https:\/\/scaleorder.com\/pl\/wp-json\/wp\/v2\/types\/page"}],"author":[{"embeddable":true,"href":"https:\/\/scaleorder.com\/pl\/wp-json\/wp\/v2\/users\/1"}],"replies":[{"embeddable":true,"href":"https:\/\/scaleorder.com\/pl\/wp-json\/wp\/v2\/comments?post=28632"}],"version-history":[{"count":0,"href":"https:\/\/scaleorder.com\/pl\/wp-json\/wp\/v2\/pages\/28632\/revisions"}],"wp:attachment":[{"href":"https:\/\/scaleorder.com\/pl\/wp-json\/wp\/v2\/media?parent=28632"}],"curies":[{"name":"wp","href":"https:\/\/api.w.org\/{rel}","templated":true}]}}