{"id":1540,"date":"2024-07-08T08:37:52","date_gmt":"2024-07-08T00:37:52","guid":{"rendered":"https:\/\/scaleorder.com\/front\/"},"modified":"2025-09-24T18:03:34","modified_gmt":"2025-09-24T10:03:34","slug":"front","status":"publish","type":"page","link":"https:\/\/scaleorder.com\/no\/","title":{"rendered":"Front"},"content":{"rendered":"","protected":false},"excerpt":{"rendered":"","protected":false},"author":1,"featured_media":0,"parent":0,"menu_order":0,"comment_status":"open","ping_status":"closed","template":"front.php","meta":{"inline_featured_image":false,"footnotes":""},"class_list":["post-1540","page","type-page","status-publish","hentry"],"yoast_head":"<!-- This site is optimized with the Yoast SEO plugin v27.4 - https:\/\/yoast.com\/product\/yoast-seo-wordpress\/ -->\n<title>Scaleorder - Ledende Dropshipping-plattform for gratis | Beste vinnende produkter for digital Dropshipping-virksomhet<\/title>\n<meta name=\"description\" content=\"Scaleorder er en gratis dropshipping-plattform som hjelper deg med \u00e5 starte dropshipping og print-on-demand-virksomhet i 2025. Det tilbyr Dropshipping-produkter med h\u00f8y billett som hjemmeinnredning, m\u00f8bler, smykker, parfyme, undert\u00f8y, kosmetikk og andre skj\u00f8nnhetsprodukter - alt hentet direkte fra produsenter. Scaleorder integreres med Shopify, Amazon, eBay, WooCommerce, Lazada og BigCommerce. Den leveres med innebygde automatiserte oppfyllingsverkt\u00f8y og et nybegynnervennlig grensesnitt for \u00e5 hjelpe deg med \u00e5 utvide virksomheten din og oppn\u00e5 h\u00f8yere fortjenestemarginer.\" \/>\n<meta name=\"robots\" content=\"index, follow, max-snippet:-1, max-image-preview:large, max-video-preview:-1\" \/>\n<link rel=\"canonical\" href=\"https:\/\/scaleorder.com\/no\/front\/\" \/>\n<meta property=\"og:locale\" content=\"nb_NO\" \/>\n<meta property=\"og:type\" content=\"article\" \/>\n<meta property=\"og:title\" content=\"Scaleorder - Ledende Dropshipping-plattform for gratis | Beste vinnende produkter for digital Dropshipping-virksomhet\" \/>\n<meta property=\"og:description\" content=\"Scaleorder er en gratis dropshipping-plattform som hjelper deg med \u00e5 starte dropshipping og print-on-demand-virksomhet i 2025. Det tilbyr Dropshipping-produkter med h\u00f8y billett som hjemmeinnredning, m\u00f8bler, smykker, parfyme, undert\u00f8y, kosmetikk og andre skj\u00f8nnhetsprodukter - alt hentet direkte fra produsenter. Scaleorder integreres med Shopify, Amazon, eBay, WooCommerce, Lazada og BigCommerce. Den leveres med innebygde automatiserte oppfyllingsverkt\u00f8y og et nybegynnervennlig grensesnitt for \u00e5 hjelpe deg med \u00e5 utvide virksomheten din og oppn\u00e5 h\u00f8yere fortjenestemarginer.\" \/>\n<meta property=\"og:url\" content=\"https:\/\/scaleorder.com\/no\/front\/\" \/>\n<meta property=\"og:site_name\" content=\"ScaleOrder Dropshipping\" \/>\n<meta property=\"article:modified_time\" content=\"2025-09-24T10:03:34+00:00\" \/>\n<meta name=\"twitter:card\" content=\"summary_large_image\" \/>\n<script type=\"application\/ld+json\" class=\"yoast-schema-graph\">{\"@context\":\"https:\\\/\\\/schema.org\",\"@graph\":[{\"@type\":\"WebPage\",\"@id\":\"https:\\\/\\\/scaleorder.com\\\/no\\\/front\\\/\",\"url\":\"https:\\\/\\\/scaleorder.com\\\/no\\\/front\\\/\",\"name\":\"Scaleorder - Ledende Dropshipping-plattform for gratis | Beste vinnende produkter for digital Dropshipping-virksomhet\",\"isPartOf\":{\"@id\":\"https:\\\/\\\/scaleorder.com\\\/#website\"},\"datePublished\":\"2024-07-08T00:37:52+00:00\",\"dateModified\":\"2025-09-24T10:03:34+00:00\",\"description\":\"Scaleorder er en gratis dropshipping-plattform som hjelper deg med \u00e5 starte dropshipping og print-on-demand-virksomhet i 2025. Det tilbyr Dropshipping-produkter med h\u00f8y billett som hjemmeinnredning, m\u00f8bler, smykker, parfyme, undert\u00f8y, kosmetikk og andre skj\u00f8nnhetsprodukter - alt hentet direkte fra produsenter. Scaleorder integreres med Shopify, Amazon, eBay, WooCommerce, Lazada og BigCommerce. Den leveres med innebygde automatiserte oppfyllingsverkt\u00f8y og et nybegynnervennlig grensesnitt for \u00e5 hjelpe deg med \u00e5 utvide virksomheten din og oppn\u00e5 h\u00f8yere fortjenestemarginer.\",\"breadcrumb\":{\"@id\":\"https:\\\/\\\/scaleorder.com\\\/no\\\/front\\\/#breadcrumb\"},\"inLanguage\":\"nb-NO\",\"potentialAction\":[{\"@type\":\"ReadAction\",\"target\":[\"https:\\\/\\\/scaleorder.com\\\/no\\\/front\\\/\"]}]},{\"@type\":\"BreadcrumbList\",\"@id\":\"https:\\\/\\\/scaleorder.com\\\/no\\\/front\\\/#breadcrumb\",\"itemListElement\":[{\"@type\":\"ListItem\",\"position\":1,\"name\":\"Home\",\"item\":\"https:\\\/\\\/scaleorder.com\\\/no\\\/front\\\/\"},{\"@type\":\"ListItem\",\"position\":2,\"name\":\"Front\"}]},{\"@type\":\"WebSite\",\"@id\":\"https:\\\/\\\/scaleorder.com\\\/#website\",\"url\":\"https:\\\/\\\/scaleorder.com\\\/\",\"name\":\"ScaleOrder Dropshipping\",\"description\":\"The Ultimate Branded Dropshipping Solution\",\"potentialAction\":[{\"@type\":\"SearchAction\",\"target\":{\"@type\":\"EntryPoint\",\"urlTemplate\":\"https:\\\/\\\/scaleorder.com\\\/?s={search_term_string}\"},\"query-input\":{\"@type\":\"PropertyValueSpecification\",\"valueRequired\":true,\"valueName\":\"search_term_string\"}}],\"inLanguage\":\"nb-NO\"}]}<\/script>\n<!-- \/ Yoast SEO plugin. -->","yoast_head_json":{"title":"Scaleorder - Ledende Dropshipping-plattform for gratis | Beste vinnende produkter for digital Dropshipping-virksomhet","description":"Scaleorder er en gratis dropshipping-plattform som hjelper deg med \u00e5 starte dropshipping og print-on-demand-virksomhet i 2025. Det tilbyr Dropshipping-produkter med h\u00f8y billett som hjemmeinnredning, m\u00f8bler, smykker, parfyme, undert\u00f8y, kosmetikk og andre skj\u00f8nnhetsprodukter - alt hentet direkte fra produsenter. Scaleorder integreres med Shopify, Amazon, eBay, WooCommerce, Lazada og BigCommerce. Den leveres med innebygde automatiserte oppfyllingsverkt\u00f8y og et nybegynnervennlig grensesnitt for \u00e5 hjelpe deg med \u00e5 utvide virksomheten din og oppn\u00e5 h\u00f8yere fortjenestemarginer.","robots":{"index":"index","follow":"follow","max-snippet":"max-snippet:-1","max-image-preview":"max-image-preview:large","max-video-preview":"max-video-preview:-1"},"canonical":"https:\/\/scaleorder.com\/no\/front\/","og_locale":"nb_NO","og_type":"article","og_title":"Scaleorder - Ledende Dropshipping-plattform for gratis | Beste vinnende produkter for digital Dropshipping-virksomhet","og_description":"Scaleorder er en gratis dropshipping-plattform som hjelper deg med \u00e5 starte dropshipping og print-on-demand-virksomhet i 2025. Det tilbyr Dropshipping-produkter med h\u00f8y billett som hjemmeinnredning, m\u00f8bler, smykker, parfyme, undert\u00f8y, kosmetikk og andre skj\u00f8nnhetsprodukter - alt hentet direkte fra produsenter. Scaleorder integreres med Shopify, Amazon, eBay, WooCommerce, Lazada og BigCommerce. Den leveres med innebygde automatiserte oppfyllingsverkt\u00f8y og et nybegynnervennlig grensesnitt for \u00e5 hjelpe deg med \u00e5 utvide virksomheten din og oppn\u00e5 h\u00f8yere fortjenestemarginer.","og_url":"https:\/\/scaleorder.com\/no\/front\/","og_site_name":"ScaleOrder Dropshipping","article_modified_time":"2025-09-24T10:03:34+00:00","twitter_card":"summary_large_image","schema":{"@context":"https:\/\/schema.org","@graph":[{"@type":"WebPage","@id":"https:\/\/scaleorder.com\/no\/front\/","url":"https:\/\/scaleorder.com\/no\/front\/","name":"Scaleorder - Ledende Dropshipping-plattform for gratis | Beste vinnende produkter for digital Dropshipping-virksomhet","isPartOf":{"@id":"https:\/\/scaleorder.com\/#website"},"datePublished":"2024-07-08T00:37:52+00:00","dateModified":"2025-09-24T10:03:34+00:00","description":"Scaleorder er en gratis dropshipping-plattform som hjelper deg med \u00e5 starte dropshipping og print-on-demand-virksomhet i 2025. Det tilbyr Dropshipping-produkter med h\u00f8y billett som hjemmeinnredning, m\u00f8bler, smykker, parfyme, undert\u00f8y, kosmetikk og andre skj\u00f8nnhetsprodukter - alt hentet direkte fra produsenter. Scaleorder integreres med Shopify, Amazon, eBay, WooCommerce, Lazada og BigCommerce. Den leveres med innebygde automatiserte oppfyllingsverkt\u00f8y og et nybegynnervennlig grensesnitt for \u00e5 hjelpe deg med \u00e5 utvide virksomheten din og oppn\u00e5 h\u00f8yere fortjenestemarginer.","breadcrumb":{"@id":"https:\/\/scaleorder.com\/no\/front\/#breadcrumb"},"inLanguage":"nb-NO","potentialAction":[{"@type":"ReadAction","target":["https:\/\/scaleorder.com\/no\/front\/"]}]},{"@type":"BreadcrumbList","@id":"https:\/\/scaleorder.com\/no\/front\/#breadcrumb","itemListElement":[{"@type":"ListItem","position":1,"name":"Home","item":"https:\/\/scaleorder.com\/no\/front\/"},{"@type":"ListItem","position":2,"name":"Front"}]},{"@type":"WebSite","@id":"https:\/\/scaleorder.com\/#website","url":"https:\/\/scaleorder.com\/","name":"ScaleOrder Dropshipping","description":"The Ultimate Branded Dropshipping Solution","potentialAction":[{"@type":"SearchAction","target":{"@type":"EntryPoint","urlTemplate":"https:\/\/scaleorder.com\/?s={search_term_string}"},"query-input":{"@type":"PropertyValueSpecification","valueRequired":true,"valueName":"search_term_string"}}],"inLanguage":"nb-NO"}]}},"_links":{"self":[{"href":"https:\/\/scaleorder.com\/no\/wp-json\/wp\/v2\/pages\/1540","targetHints":{"allow":["GET"]}}],"collection":[{"href":"https:\/\/scaleorder.com\/no\/wp-json\/wp\/v2\/pages"}],"about":[{"href":"https:\/\/scaleorder.com\/no\/wp-json\/wp\/v2\/types\/page"}],"author":[{"embeddable":true,"href":"https:\/\/scaleorder.com\/no\/wp-json\/wp\/v2\/users\/1"}],"replies":[{"embeddable":true,"href":"https:\/\/scaleorder.com\/no\/wp-json\/wp\/v2\/comments?post=1540"}],"version-history":[{"count":0,"href":"https:\/\/scaleorder.com\/no\/wp-json\/wp\/v2\/pages\/1540\/revisions"}],"wp:attachment":[{"href":"https:\/\/scaleorder.com\/no\/wp-json\/wp\/v2\/media?parent=1540"}],"curies":[{"name":"wp","href":"https:\/\/api.w.org\/{rel}","templated":true}]}}