{"id":13527,"date":"2025-03-13T06:37:21","date_gmt":"2025-03-12T22:37:21","guid":{"rendered":"https:\/\/scaleorder.com\/wix\/"},"modified":"2025-03-13T06:37:21","modified_gmt":"2025-03-12T22:37:21","slug":"wix","status":"publish","type":"page","link":"https:\/\/scaleorder.com\/no\/wix\/","title":{"rendered":"Wix"},"content":{"rendered":"","protected":false},"excerpt":{"rendered":"","protected":false},"author":1,"featured_media":0,"parent":0,"menu_order":0,"comment_status":"open","ping_status":"closed","template":"wix-intregrate.php","meta":{"inline_featured_image":false,"footnotes":""},"class_list":["post-13527","page","type-page","status-publish","hentry"],"yoast_head":"<!-- This site is optimized with the Yoast SEO plugin v27.4 - https:\/\/yoast.com\/product\/yoast-seo-wordpress\/ -->\n<title>Scaleorder - Gratis Wix Dropshipping-app | Beste automatiserte ordreoppfyllelse og toppleverand\u00f8rer<\/title>\n<meta name=\"description\" content=\"Bruk Scaleorders gratis Wix dropshipping-app for \u00e5 komme i kontakt med de beste leverand\u00f8rene, automatisere ordreoppfyllelse, synkronisere lagerbeholdning og administrere sporing s\u00f8ml\u00f8st. Perfekt for \u00e5 skalere Wix-butikken din raskt.\" \/>\n<meta name=\"robots\" content=\"index, follow, max-snippet:-1, max-image-preview:large, max-video-preview:-1\" \/>\n<link rel=\"canonical\" href=\"https:\/\/scaleorder.com\/no\/wix\/\" \/>\n<meta property=\"og:locale\" content=\"nb_NO\" \/>\n<meta property=\"og:type\" content=\"article\" \/>\n<meta property=\"og:title\" content=\"Scaleorder - Gratis Wix Dropshipping-app | Beste automatiserte ordreoppfyllelse og toppleverand\u00f8rer\" \/>\n<meta property=\"og:description\" content=\"Bruk Scaleorders gratis Wix dropshipping-app for \u00e5 komme i kontakt med de beste leverand\u00f8rene, automatisere ordreoppfyllelse, synkronisere lagerbeholdning og administrere sporing s\u00f8ml\u00f8st. Perfekt for \u00e5 skalere Wix-butikken din raskt.\" \/>\n<meta property=\"og:url\" content=\"https:\/\/scaleorder.com\/no\/wix\/\" \/>\n<meta property=\"og:site_name\" content=\"ScaleOrder Dropshipping\" \/>\n<meta name=\"twitter:card\" content=\"summary_large_image\" \/>\n<script type=\"application\/ld+json\" class=\"yoast-schema-graph\">{\"@context\":\"https:\\\/\\\/schema.org\",\"@graph\":[{\"@type\":\"WebPage\",\"@id\":\"https:\\\/\\\/scaleorder.com\\\/no\\\/wix\\\/\",\"url\":\"https:\\\/\\\/scaleorder.com\\\/no\\\/wix\\\/\",\"name\":\"Scaleorder - Gratis Wix Dropshipping-app | Beste automatiserte ordreoppfyllelse og toppleverand\u00f8rer\",\"isPartOf\":{\"@id\":\"https:\\\/\\\/scaleorder.com\\\/#website\"},\"datePublished\":\"2025-03-12T22:37:21+00:00\",\"description\":\"Bruk Scaleorders gratis Wix dropshipping-app for \u00e5 komme i kontakt med de beste leverand\u00f8rene, automatisere ordreoppfyllelse, synkronisere lagerbeholdning og administrere sporing s\u00f8ml\u00f8st. Perfekt for \u00e5 skalere Wix-butikken din raskt.\",\"breadcrumb\":{\"@id\":\"https:\\\/\\\/scaleorder.com\\\/no\\\/wix\\\/#breadcrumb\"},\"inLanguage\":\"nb-NO\",\"potentialAction\":[{\"@type\":\"ReadAction\",\"target\":[\"https:\\\/\\\/scaleorder.com\\\/no\\\/wix\\\/\"]}]},{\"@type\":\"BreadcrumbList\",\"@id\":\"https:\\\/\\\/scaleorder.com\\\/no\\\/wix\\\/#breadcrumb\",\"itemListElement\":[{\"@type\":\"ListItem\",\"position\":1,\"name\":\"Home\",\"item\":\"https:\\\/\\\/scaleorder.com\\\/no\\\/front\\\/\"},{\"@type\":\"ListItem\",\"position\":2,\"name\":\"Wix\"}]},{\"@type\":\"WebSite\",\"@id\":\"https:\\\/\\\/scaleorder.com\\\/#website\",\"url\":\"https:\\\/\\\/scaleorder.com\\\/\",\"name\":\"ScaleOrder Dropshipping\",\"description\":\"The Ultimate Branded Dropshipping Solution\",\"potentialAction\":[{\"@type\":\"SearchAction\",\"target\":{\"@type\":\"EntryPoint\",\"urlTemplate\":\"https:\\\/\\\/scaleorder.com\\\/?s={search_term_string}\"},\"query-input\":{\"@type\":\"PropertyValueSpecification\",\"valueRequired\":true,\"valueName\":\"search_term_string\"}}],\"inLanguage\":\"nb-NO\"}]}<\/script>\n<!-- \/ Yoast SEO plugin. -->","yoast_head_json":{"title":"Scaleorder - Gratis Wix Dropshipping-app | Beste automatiserte ordreoppfyllelse og toppleverand\u00f8rer","description":"Bruk Scaleorders gratis Wix dropshipping-app for \u00e5 komme i kontakt med de beste leverand\u00f8rene, automatisere ordreoppfyllelse, synkronisere lagerbeholdning og administrere sporing s\u00f8ml\u00f8st. Perfekt for \u00e5 skalere Wix-butikken din raskt.","robots":{"index":"index","follow":"follow","max-snippet":"max-snippet:-1","max-image-preview":"max-image-preview:large","max-video-preview":"max-video-preview:-1"},"canonical":"https:\/\/scaleorder.com\/no\/wix\/","og_locale":"nb_NO","og_type":"article","og_title":"Scaleorder - Gratis Wix Dropshipping-app | Beste automatiserte ordreoppfyllelse og toppleverand\u00f8rer","og_description":"Bruk Scaleorders gratis Wix dropshipping-app for \u00e5 komme i kontakt med de beste leverand\u00f8rene, automatisere ordreoppfyllelse, synkronisere lagerbeholdning og administrere sporing s\u00f8ml\u00f8st. Perfekt for \u00e5 skalere Wix-butikken din raskt.","og_url":"https:\/\/scaleorder.com\/no\/wix\/","og_site_name":"ScaleOrder Dropshipping","twitter_card":"summary_large_image","schema":{"@context":"https:\/\/schema.org","@graph":[{"@type":"WebPage","@id":"https:\/\/scaleorder.com\/no\/wix\/","url":"https:\/\/scaleorder.com\/no\/wix\/","name":"Scaleorder - Gratis Wix Dropshipping-app | Beste automatiserte ordreoppfyllelse og toppleverand\u00f8rer","isPartOf":{"@id":"https:\/\/scaleorder.com\/#website"},"datePublished":"2025-03-12T22:37:21+00:00","description":"Bruk Scaleorders gratis Wix dropshipping-app for \u00e5 komme i kontakt med de beste leverand\u00f8rene, automatisere ordreoppfyllelse, synkronisere lagerbeholdning og administrere sporing s\u00f8ml\u00f8st. Perfekt for \u00e5 skalere Wix-butikken din raskt.","breadcrumb":{"@id":"https:\/\/scaleorder.com\/no\/wix\/#breadcrumb"},"inLanguage":"nb-NO","potentialAction":[{"@type":"ReadAction","target":["https:\/\/scaleorder.com\/no\/wix\/"]}]},{"@type":"BreadcrumbList","@id":"https:\/\/scaleorder.com\/no\/wix\/#breadcrumb","itemListElement":[{"@type":"ListItem","position":1,"name":"Home","item":"https:\/\/scaleorder.com\/no\/front\/"},{"@type":"ListItem","position":2,"name":"Wix"}]},{"@type":"WebSite","@id":"https:\/\/scaleorder.com\/#website","url":"https:\/\/scaleorder.com\/","name":"ScaleOrder Dropshipping","description":"The Ultimate Branded Dropshipping Solution","potentialAction":[{"@type":"SearchAction","target":{"@type":"EntryPoint","urlTemplate":"https:\/\/scaleorder.com\/?s={search_term_string}"},"query-input":{"@type":"PropertyValueSpecification","valueRequired":true,"valueName":"search_term_string"}}],"inLanguage":"nb-NO"}]}},"_links":{"self":[{"href":"https:\/\/scaleorder.com\/no\/wp-json\/wp\/v2\/pages\/13527","targetHints":{"allow":["GET"]}}],"collection":[{"href":"https:\/\/scaleorder.com\/no\/wp-json\/wp\/v2\/pages"}],"about":[{"href":"https:\/\/scaleorder.com\/no\/wp-json\/wp\/v2\/types\/page"}],"author":[{"embeddable":true,"href":"https:\/\/scaleorder.com\/no\/wp-json\/wp\/v2\/users\/1"}],"replies":[{"embeddable":true,"href":"https:\/\/scaleorder.com\/no\/wp-json\/wp\/v2\/comments?post=13527"}],"version-history":[{"count":0,"href":"https:\/\/scaleorder.com\/no\/wp-json\/wp\/v2\/pages\/13527\/revisions"}],"wp:attachment":[{"href":"https:\/\/scaleorder.com\/no\/wp-json\/wp\/v2\/media?parent=13527"}],"curies":[{"name":"wp","href":"https:\/\/api.w.org\/{rel}","templated":true}]}}