{"id":13509,"date":"2025-03-13T05:53:41","date_gmt":"2025-03-12T21:53:41","guid":{"rendered":"https:\/\/scaleorder.com\/shopee\/"},"modified":"2025-03-13T05:53:41","modified_gmt":"2025-03-12T21:53:41","slug":"shopee","status":"publish","type":"page","link":"https:\/\/scaleorder.com\/no\/shopee\/","title":{"rendered":"Shopee"},"content":{"rendered":"","protected":false},"excerpt":{"rendered":"","protected":false},"author":1,"featured_media":0,"parent":0,"menu_order":0,"comment_status":"open","ping_status":"closed","template":"shopee-intregrate.php","meta":{"inline_featured_image":false,"footnotes":""},"class_list":["post-13509","page","type-page","status-publish","hentry"],"yoast_head":"<!-- This site is optimized with the Yoast SEO plugin v27.5 - https:\/\/yoast.com\/product\/yoast-seo-wordpress\/ -->\n<title>Scaleorder - Gratis Dropshipping-app for Shopee-selgere | Automatisert ordreoppfyllelse og rask levering<\/title>\n<meta name=\"description\" content=\"Start dropshipping p\u00e5 Shopee med Scaleorders gratis app: synkroniser bestillinger, finn de beste leverand\u00f8rene, automatiser oppfyllelse og muliggj\u00f8r rask frakt over hele verden - alt i \u00e9n automatisk dropshipping-plattform.\" \/>\n<meta name=\"robots\" content=\"index, follow, max-snippet:-1, max-image-preview:large, max-video-preview:-1\" \/>\n<link rel=\"canonical\" href=\"https:\/\/scaleorder.com\/no\/shopee\/\" \/>\n<meta property=\"og:locale\" content=\"nb_NO\" \/>\n<meta property=\"og:type\" content=\"article\" \/>\n<meta property=\"og:title\" content=\"Scaleorder - Gratis Dropshipping-app for Shopee-selgere | Automatisert ordreoppfyllelse og rask levering\" \/>\n<meta property=\"og:description\" content=\"Start dropshipping p\u00e5 Shopee med Scaleorders gratis app: synkroniser bestillinger, finn de beste leverand\u00f8rene, automatiser oppfyllelse og muliggj\u00f8r rask frakt over hele verden - alt i \u00e9n automatisk dropshipping-plattform.\" \/>\n<meta property=\"og:url\" content=\"https:\/\/scaleorder.com\/no\/shopee\/\" \/>\n<meta property=\"og:site_name\" content=\"ScaleOrder Dropshipping\" \/>\n<meta name=\"twitter:card\" content=\"summary_large_image\" \/>\n<script type=\"application\/ld+json\" class=\"yoast-schema-graph\">{\"@context\":\"https:\\\/\\\/schema.org\",\"@graph\":[{\"@type\":\"WebPage\",\"@id\":\"https:\\\/\\\/scaleorder.com\\\/no\\\/shopee\\\/\",\"url\":\"https:\\\/\\\/scaleorder.com\\\/no\\\/shopee\\\/\",\"name\":\"Scaleorder - Gratis Dropshipping-app for Shopee-selgere | Automatisert ordreoppfyllelse og rask levering\",\"isPartOf\":{\"@id\":\"https:\\\/\\\/scaleorder.com\\\/#website\"},\"datePublished\":\"2025-03-12T21:53:41+00:00\",\"description\":\"Start dropshipping p\u00e5 Shopee med Scaleorders gratis app: synkroniser bestillinger, finn de beste leverand\u00f8rene, automatiser oppfyllelse og muliggj\u00f8r rask frakt over hele verden - alt i \u00e9n automatisk dropshipping-plattform.\",\"breadcrumb\":{\"@id\":\"https:\\\/\\\/scaleorder.com\\\/no\\\/shopee\\\/#breadcrumb\"},\"inLanguage\":\"nb-NO\",\"potentialAction\":[{\"@type\":\"ReadAction\",\"target\":[\"https:\\\/\\\/scaleorder.com\\\/no\\\/shopee\\\/\"]}]},{\"@type\":\"BreadcrumbList\",\"@id\":\"https:\\\/\\\/scaleorder.com\\\/no\\\/shopee\\\/#breadcrumb\",\"itemListElement\":[{\"@type\":\"ListItem\",\"position\":1,\"name\":\"Home\",\"item\":\"https:\\\/\\\/scaleorder.com\\\/no\\\/front\\\/\"},{\"@type\":\"ListItem\",\"position\":2,\"name\":\"Shopee\"}]},{\"@type\":\"WebSite\",\"@id\":\"https:\\\/\\\/scaleorder.com\\\/#website\",\"url\":\"https:\\\/\\\/scaleorder.com\\\/\",\"name\":\"ScaleOrder Dropshipping\",\"description\":\"The Ultimate Branded Dropshipping Solution\",\"potentialAction\":[{\"@type\":\"SearchAction\",\"target\":{\"@type\":\"EntryPoint\",\"urlTemplate\":\"https:\\\/\\\/scaleorder.com\\\/?s={search_term_string}\"},\"query-input\":{\"@type\":\"PropertyValueSpecification\",\"valueRequired\":true,\"valueName\":\"search_term_string\"}}],\"inLanguage\":\"nb-NO\"}]}<\/script>\n<!-- \/ Yoast SEO plugin. -->","yoast_head_json":{"title":"Scaleorder - Gratis Dropshipping-app for Shopee-selgere | Automatisert ordreoppfyllelse og rask levering","description":"Start dropshipping p\u00e5 Shopee med Scaleorders gratis app: synkroniser bestillinger, finn de beste leverand\u00f8rene, automatiser oppfyllelse og muliggj\u00f8r rask frakt over hele verden - alt i \u00e9n automatisk dropshipping-plattform.","robots":{"index":"index","follow":"follow","max-snippet":"max-snippet:-1","max-image-preview":"max-image-preview:large","max-video-preview":"max-video-preview:-1"},"canonical":"https:\/\/scaleorder.com\/no\/shopee\/","og_locale":"nb_NO","og_type":"article","og_title":"Scaleorder - Gratis Dropshipping-app for Shopee-selgere | Automatisert ordreoppfyllelse og rask levering","og_description":"Start dropshipping p\u00e5 Shopee med Scaleorders gratis app: synkroniser bestillinger, finn de beste leverand\u00f8rene, automatiser oppfyllelse og muliggj\u00f8r rask frakt over hele verden - alt i \u00e9n automatisk dropshipping-plattform.","og_url":"https:\/\/scaleorder.com\/no\/shopee\/","og_site_name":"ScaleOrder Dropshipping","twitter_card":"summary_large_image","schema":{"@context":"https:\/\/schema.org","@graph":[{"@type":"WebPage","@id":"https:\/\/scaleorder.com\/no\/shopee\/","url":"https:\/\/scaleorder.com\/no\/shopee\/","name":"Scaleorder - Gratis Dropshipping-app for Shopee-selgere | Automatisert ordreoppfyllelse og rask levering","isPartOf":{"@id":"https:\/\/scaleorder.com\/#website"},"datePublished":"2025-03-12T21:53:41+00:00","description":"Start dropshipping p\u00e5 Shopee med Scaleorders gratis app: synkroniser bestillinger, finn de beste leverand\u00f8rene, automatiser oppfyllelse og muliggj\u00f8r rask frakt over hele verden - alt i \u00e9n automatisk dropshipping-plattform.","breadcrumb":{"@id":"https:\/\/scaleorder.com\/no\/shopee\/#breadcrumb"},"inLanguage":"nb-NO","potentialAction":[{"@type":"ReadAction","target":["https:\/\/scaleorder.com\/no\/shopee\/"]}]},{"@type":"BreadcrumbList","@id":"https:\/\/scaleorder.com\/no\/shopee\/#breadcrumb","itemListElement":[{"@type":"ListItem","position":1,"name":"Home","item":"https:\/\/scaleorder.com\/no\/front\/"},{"@type":"ListItem","position":2,"name":"Shopee"}]},{"@type":"WebSite","@id":"https:\/\/scaleorder.com\/#website","url":"https:\/\/scaleorder.com\/","name":"ScaleOrder Dropshipping","description":"The Ultimate Branded Dropshipping Solution","potentialAction":[{"@type":"SearchAction","target":{"@type":"EntryPoint","urlTemplate":"https:\/\/scaleorder.com\/?s={search_term_string}"},"query-input":{"@type":"PropertyValueSpecification","valueRequired":true,"valueName":"search_term_string"}}],"inLanguage":"nb-NO"}]}},"_links":{"self":[{"href":"https:\/\/scaleorder.com\/no\/wp-json\/wp\/v2\/pages\/13509","targetHints":{"allow":["GET"]}}],"collection":[{"href":"https:\/\/scaleorder.com\/no\/wp-json\/wp\/v2\/pages"}],"about":[{"href":"https:\/\/scaleorder.com\/no\/wp-json\/wp\/v2\/types\/page"}],"author":[{"embeddable":true,"href":"https:\/\/scaleorder.com\/no\/wp-json\/wp\/v2\/users\/1"}],"replies":[{"embeddable":true,"href":"https:\/\/scaleorder.com\/no\/wp-json\/wp\/v2\/comments?post=13509"}],"version-history":[{"count":0,"href":"https:\/\/scaleorder.com\/no\/wp-json\/wp\/v2\/pages\/13509\/revisions"}],"wp:attachment":[{"href":"https:\/\/scaleorder.com\/no\/wp-json\/wp\/v2\/media?parent=13509"}],"curies":[{"name":"wp","href":"https:\/\/api.w.org\/{rel}","templated":true}]}}