{"id":28848,"date":"2025-05-05T17:35:24","date_gmt":"2025-05-05T09:35:24","guid":{"rendered":"https:\/\/scaleorder.com\/contenuto-della-pagina-seo-woocommerce\/"},"modified":"2025-05-05T17:35:24","modified_gmt":"2025-05-05T09:35:24","slug":"contenuto-della-pagina-seo-woocommerce","status":"publish","type":"page","link":"https:\/\/scaleorder.com\/it\/contenuto-della-pagina-seo-woocommerce\/","title":{"rendered":"Contenuto della pagina SEO WooCommerce"},"content":{"rendered":"<h2>Principali vantaggi del <span class=\"themecolor\">dropshipping di WooCommerce<\/span> con Scale Order<\/h2>\n<p><strong><span class=\"themecolor\">Nessuna gestione dell&#8217;inventario:<\/span><\/strong> Concentrati sul marketing e sulle vendite mentre noi ci occupiamo dell&#8217;approvvigionamento e dell&#8217;evasione dei tuoi prodotti.<br \/>\n<strong><span class=\"themecolor\">Evasione automatizzata degli ordini:<\/span><\/strong> Scale Order automatizza il processo di invio degli ordini direttamente ai fornitori per una consegna rapida.<br \/>\n<strong><span class=\"themecolor\">Portata globale:<\/span><\/strong> Scale Order ti aiuta ad attingere ai mercati internazionali offrendo prodotti da fornitori globali di <span data-sheets-root=\"1\">dropshipping WooCommerce<\/span>.<br \/>\n<strong><span class=\"themecolor\">Facile integrazione:<\/span><\/strong> Le nostre soluzioni si integrano facilmente con il tuo negozio WooCommerce esistente, migliorando il tuo processo di vendita senza problemi.<\/p>\n<h4>In che modo Scale Order aiuta la tua attivit\u00e0 <span class=\"themecolor\">di dropshipping<\/span> WooCommerce ad avere successo<\/h4>\n<p>Scale Order fornisce un supporto completo per la tua attivit\u00e0 di dropshipping WooCommerce, inclusa la guida di esperti, l&#8217;approvvigionamento dei prodotti e la logistica ottimizzata per garantire il successo del tuo negozio. In qualit\u00e0 di una delle societ\u00e0 di dropship compatibili con WooCommerce pi\u00f9 affidabili, ti aiutiamo a semplificare le operazioni e massimizzare la redditivit\u00e0. <\/p>\n<h4>Inizia oggi il tuo viaggio <span class=\"themecolor\">nel dropshipping di WooCommerce<\/span> con Scale Order!<\/h4>\n<p>Pronto a scalare il tuo business online? Con <g id=\"gid_0\">il plug-in dropshipping<\/g> WooCommerce e il dropshipping con i servizi WooCommerce, puoi avviare e far crescere il tuo negozio di e-commerce in modo efficiente. Lascia che ci occupiamo delle complessit\u00e0 mentre ti concentri sulla crescita del tuo marchio.  <\/p>\n","protected":false},"excerpt":{"rendered":"<p>Principali vantaggi del dropshipping di WooCommerce con Scale Order Nessuna gestione dell&#8217;inventario: Concentrati sul marketing e sulle vendite mentre noi ci occupiamo dell&#8217;approvvigionamento e dell&#8217;evasione dei tuoi prodotti. Evasione automatizzata degli ordini: Scale Order automatizza il processo di invio degli ordini direttamente ai fornitori per una consegna rapida. Portata globale: Scale Order ti aiuta ad <a href=\"https:\/\/scaleorder.com\/it\/contenuto-della-pagina-seo-woocommerce\/\" class=\"more-link\">&#8230;<span class=\"screen-reader-text\">  Contenuto della pagina SEO WooCommerce<\/span><\/a><\/p>\n","protected":false},"author":1,"featured_media":0,"parent":0,"menu_order":0,"comment_status":"closed","ping_status":"closed","template":"","meta":{"inline_featured_image":false,"footnotes":""},"class_list":["post-28848","page","type-page","status-publish","hentry"],"yoast_head":"<!-- This site is optimized with the Yoast SEO plugin v27.4 - https:\/\/yoast.com\/product\/yoast-seo-wordpress\/ -->\n<title>Contenuto della pagina SEO WooCommerce - ScaleOrder Dropshipping<\/title>\n<meta name=\"description\" content=\"Principali vantaggi del dropshipping di WooCommerce con Scale Order Nessuna gestione dell&#039;inventario: Concentrati sul marketing e sulle vendite mentre noi\" \/>\n<meta name=\"robots\" content=\"index, follow, max-snippet:-1, max-image-preview:large, max-video-preview:-1\" \/>\n<link rel=\"canonical\" href=\"https:\/\/scaleorder.com\/contenuto-della-pagina-seo-woocommerce\/\" \/>\n<meta property=\"og:locale\" content=\"it_IT\" \/>\n<meta property=\"og:type\" content=\"article\" \/>\n<meta property=\"og:title\" content=\"Contenuto della pagina SEO WooCommerce - ScaleOrder Dropshipping\" \/>\n<meta property=\"og:description\" content=\"Principali vantaggi del dropshipping di WooCommerce con Scale Order Nessuna gestione dell&#039;inventario: Concentrati sul marketing e sulle vendite mentre noi\" \/>\n<meta property=\"og:url\" content=\"https:\/\/scaleorder.com\/contenuto-della-pagina-seo-woocommerce\/\" \/>\n<meta property=\"og:site_name\" content=\"ScaleOrder Dropshipping\" \/>\n<meta name=\"twitter:card\" content=\"summary_large_image\" \/>\n<meta name=\"twitter:label1\" content=\"Tempo di lettura stimato\" \/>\n\t<meta name=\"twitter:data1\" content=\"1 minuto\" \/>\n<script type=\"application\/ld+json\" class=\"yoast-schema-graph\">{\"@context\":\"https:\\\/\\\/schema.org\",\"@graph\":[{\"@type\":\"WebPage\",\"@id\":\"https:\\\/\\\/scaleorder.com\\\/contenuto-della-pagina-seo-woocommerce\\\/\",\"url\":\"https:\\\/\\\/scaleorder.com\\\/contenuto-della-pagina-seo-woocommerce\\\/\",\"name\":\"Contenuto della pagina SEO WooCommerce - ScaleOrder Dropshipping\",\"isPartOf\":{\"@id\":\"https:\\\/\\\/scaleorder.com\\\/#website\"},\"datePublished\":\"2025-05-05T09:35:24+00:00\",\"description\":\"Principali vantaggi del dropshipping di WooCommerce con Scale Order Nessuna gestione dell'inventario: Concentrati sul marketing e sulle vendite mentre noi\",\"breadcrumb\":{\"@id\":\"https:\\\/\\\/scaleorder.com\\\/contenuto-della-pagina-seo-woocommerce\\\/#breadcrumb\"},\"inLanguage\":\"it-IT\",\"potentialAction\":[{\"@type\":\"ReadAction\",\"target\":[\"https:\\\/\\\/scaleorder.com\\\/contenuto-della-pagina-seo-woocommerce\\\/\"]}]},{\"@type\":\"BreadcrumbList\",\"@id\":\"https:\\\/\\\/scaleorder.com\\\/contenuto-della-pagina-seo-woocommerce\\\/#breadcrumb\",\"itemListElement\":[{\"@type\":\"ListItem\",\"position\":1,\"name\":\"Home\",\"item\":\"https:\\\/\\\/scaleorder.com\\\/it\\\/fronte\\\/\"},{\"@type\":\"ListItem\",\"position\":2,\"name\":\"Contenuto della pagina SEO WooCommerce\"}]},{\"@type\":\"WebSite\",\"@id\":\"https:\\\/\\\/scaleorder.com\\\/#website\",\"url\":\"https:\\\/\\\/scaleorder.com\\\/\",\"name\":\"ScaleOrder Dropshipping\",\"description\":\"The Ultimate Branded Dropshipping Solution\",\"potentialAction\":[{\"@type\":\"SearchAction\",\"target\":{\"@type\":\"EntryPoint\",\"urlTemplate\":\"https:\\\/\\\/scaleorder.com\\\/?s={search_term_string}\"},\"query-input\":{\"@type\":\"PropertyValueSpecification\",\"valueRequired\":true,\"valueName\":\"search_term_string\"}}],\"inLanguage\":\"it-IT\"}]}<\/script>\n<!-- \/ Yoast SEO plugin. -->","yoast_head_json":{"title":"Contenuto della pagina SEO WooCommerce - ScaleOrder Dropshipping","description":"Principali vantaggi del dropshipping di WooCommerce con Scale Order Nessuna gestione dell'inventario: Concentrati sul marketing e sulle vendite mentre noi","robots":{"index":"index","follow":"follow","max-snippet":"max-snippet:-1","max-image-preview":"max-image-preview:large","max-video-preview":"max-video-preview:-1"},"canonical":"https:\/\/scaleorder.com\/contenuto-della-pagina-seo-woocommerce\/","og_locale":"it_IT","og_type":"article","og_title":"Contenuto della pagina SEO WooCommerce - ScaleOrder Dropshipping","og_description":"Principali vantaggi del dropshipping di WooCommerce con Scale Order Nessuna gestione dell'inventario: Concentrati sul marketing e sulle vendite mentre noi","og_url":"https:\/\/scaleorder.com\/contenuto-della-pagina-seo-woocommerce\/","og_site_name":"ScaleOrder Dropshipping","twitter_card":"summary_large_image","twitter_misc":{"Tempo di lettura stimato":"1 minuto"},"schema":{"@context":"https:\/\/schema.org","@graph":[{"@type":"WebPage","@id":"https:\/\/scaleorder.com\/contenuto-della-pagina-seo-woocommerce\/","url":"https:\/\/scaleorder.com\/contenuto-della-pagina-seo-woocommerce\/","name":"Contenuto della pagina SEO WooCommerce - ScaleOrder Dropshipping","isPartOf":{"@id":"https:\/\/scaleorder.com\/#website"},"datePublished":"2025-05-05T09:35:24+00:00","description":"Principali vantaggi del dropshipping di WooCommerce con Scale Order Nessuna gestione dell'inventario: Concentrati sul marketing e sulle vendite mentre noi","breadcrumb":{"@id":"https:\/\/scaleorder.com\/contenuto-della-pagina-seo-woocommerce\/#breadcrumb"},"inLanguage":"it-IT","potentialAction":[{"@type":"ReadAction","target":["https:\/\/scaleorder.com\/contenuto-della-pagina-seo-woocommerce\/"]}]},{"@type":"BreadcrumbList","@id":"https:\/\/scaleorder.com\/contenuto-della-pagina-seo-woocommerce\/#breadcrumb","itemListElement":[{"@type":"ListItem","position":1,"name":"Home","item":"https:\/\/scaleorder.com\/it\/fronte\/"},{"@type":"ListItem","position":2,"name":"Contenuto della pagina SEO WooCommerce"}]},{"@type":"WebSite","@id":"https:\/\/scaleorder.com\/#website","url":"https:\/\/scaleorder.com\/","name":"ScaleOrder Dropshipping","description":"The Ultimate Branded Dropshipping Solution","potentialAction":[{"@type":"SearchAction","target":{"@type":"EntryPoint","urlTemplate":"https:\/\/scaleorder.com\/?s={search_term_string}"},"query-input":{"@type":"PropertyValueSpecification","valueRequired":true,"valueName":"search_term_string"}}],"inLanguage":"it-IT"}]}},"_links":{"self":[{"href":"https:\/\/scaleorder.com\/it\/wp-json\/wp\/v2\/pages\/28848","targetHints":{"allow":["GET"]}}],"collection":[{"href":"https:\/\/scaleorder.com\/it\/wp-json\/wp\/v2\/pages"}],"about":[{"href":"https:\/\/scaleorder.com\/it\/wp-json\/wp\/v2\/types\/page"}],"author":[{"embeddable":true,"href":"https:\/\/scaleorder.com\/it\/wp-json\/wp\/v2\/users\/1"}],"replies":[{"embeddable":true,"href":"https:\/\/scaleorder.com\/it\/wp-json\/wp\/v2\/comments?post=28848"}],"version-history":[{"count":0,"href":"https:\/\/scaleorder.com\/it\/wp-json\/wp\/v2\/pages\/28848\/revisions"}],"wp:attachment":[{"href":"https:\/\/scaleorder.com\/it\/wp-json\/wp\/v2\/media?parent=28848"}],"curies":[{"name":"wp","href":"https:\/\/api.w.org\/{rel}","templated":true}]}}