{"id":28668,"date":"2024-07-22T10:06:51","date_gmt":"2024-07-22T02:06:51","guid":{"rendered":"https:\/\/scaleorder.com\/politica-di-rimborso\/"},"modified":"2024-07-22T10:06:51","modified_gmt":"2024-07-22T02:06:51","slug":"politica-di-rimborso","status":"publish","type":"page","link":"https:\/\/scaleorder.com\/it\/politica-di-rimborso\/","title":{"rendered":"Politica di rimborso"},"content":{"rendered":"<section style=\"padding: 20px 0px;\">\n<div class=\"container\">\n<div class=\"faqblog\">\n<div class=\"about_content font-even-18 line-height-30 row\">\n<div class=\"blog-post\" style=\"margin-top: 20px;\">\n<h3 data-i18n=\"refund.a.1\">Informazioni sulla spedizione e la gestione<\/h3>\n<ol>\n<li data-i18n=\"refund.a.2\">Spediamo in tutto il mondo. Spediremo i tuoi ordini direttamente ai tuoi clienti. <\/li>\n<li data-i18n=\"refund.a.3\">Il tempo di consegna totale \u00e8: Tempo di elaborazione + Tempo di transito. Promettiamo di spedire il tuo pacco entro 2 giorni lavorativi e di fornirti un numero di tracciamento. <\/li>\n<li data-i18n=\"refund.a.4\">Il costo di spedizione dipender\u00e0 dal peso e dalla forma dell&#8217;articolo.<\/li>\n<\/ol>\n<p data-i18n=\"refund.a.5\">Generalmente il tempo di transito allo stato normale \u00e8 il seguente.<\/p>\n<ul>\n<li data-i18n=\"refund.a.6\">Per gli Stati Uniti, ci vogliono dai 6 ai 12 giorni lavorativi. (Non includere le aree remote e non \u00e8 possibile inviare all&#8217;indirizzo APO\/AFO). <\/li>\n<li data-i18n=\"refund.a.7\">Per Regno Unito, Francia, Germania, Italia, Spagna e la maggior parte degli altri Paesi europei, potrebbero essere necessari dai 4 ai 12 giorni lavorativi.<\/li>\n<li data-i18n=\"refund.a.8\">Per Canada, Australia e Nuova Zelanda, potrebbero essere necessari dai 4 ai 12 giorni lavorativi.<\/li>\n<li data-i18n=\"refund.a.9\">Per i clienti in Sud America, potrebbero essere necessari dai 10 ai 25 giorni lavorativi.<\/li>\n<li data-i18n=\"refund.a.10\">Per gli altri paesi, potrebbero essere necessari dai 10 ai 40 giorni lavorativi.<\/li>\n<\/ul>\n<p data-i18n=\"refund.a.11\"><b>Nota: <\/b><br \/>\n(a). Questo tempo di transito \u00e8 solo allo stato normale per riferimento, e per l&#8217;incertezza della consegna all&#8217;estero, sar\u00e0 ritardato spesso dall&#8217;efficienza doganale, dal maltempo, dall&#8217;improvvisa emergenza pubblica e dai cambiamenti nelle politiche commerciali nazionali, ecc. Questi sono fuori dal nostro controllo, non possiamo essere responsabili per questi.<br \/>\n(b). Il tempo di transito indicato non include il tempo di elaborazione fino a 2 giorni (esclusi sabato, domenica e festivi).<br \/>\n(c). Il tempo di transito \u00e8 stimato e inizia dalla data di spedizione, piuttosto che dalla data dell&#8217;ordine.<br \/>\n(d). La tabella dei tempi di transito visualizzata sul nostro sito Web \u00e8 una statistica dal nostro database di spedizioni, non dovrebbe essere una base per il rimborso. <\/p>\n<\/div>\n<div class=\"blog-post\">\n<h4 data-i18n=\"refund.a.12\">Garanzia di spedizione<\/h4>\n<p data-i18n=\"refund.a.13\">Tutti gli articoli venduti da ScaleOrder sono garantiti per essere consegnati in 45 giorni per gli Stati Uniti, l&#8217;Europa, il Sud e l&#8217;Asia orientale (non includere le aree remote), 90 giorni per gli altri paesi. E tutti gli ordini spediti dai magazzini di USA, UE, FR, ES, RU e AU sono garantiti per essere consegnati entro 30 giorni. Se non hai ricevuto i tuoi articoli oltre questo periodo, hai diritto a un rimborso completo dopo che abbiamo condotto un&#8217;indagine postale.  <\/p>\n<\/div>\n<div class=\"blog-post\">\n<h5 data-i18n=\"refund.a.14\">I rimborsi completi non sono disponibili nelle seguenti circostanze:<\/h5>\n<ol>\n<li data-i18n=\"refund.a.15\">Ritardi causati dall&#8217;invio da parte dell&#8217;acquirente di informazioni di consegna errate o incomplete;<\/li>\n<li data-i18n=\"refund.a.16\">Ritardi nella consegna causati da eventi di forza maggiore, come calamit\u00e0 naturali, maltempo, guerre, ecc.;<\/li>\n<li data-i18n=\"refund.a.17\">Qualsiasi ordine non assicurato smarrito o rubato;<\/li>\n<li data-i18n=\"refund.a.18\">Ritardi nella consegna causati da qualsiasi altro al di fuori del controllo di ScaleOrder, come giorni festivi e problemi doganali.<\/li>\n<li data-i18n=\"refund.a.19\">Il pacco \u00e8 ancora nei tempi garantiti.<\/li>\n<\/ol>\n<\/div>\n<div class=\"blog-post\">\n<h3 data-i18n=\"refund.a.20\">Resi e cambi<\/h3>\n<p data-i18n=\"refund.a.21\">Siamo dispiaciuti se non sei soddisfatto al 100% degli articoli che hai ricevuto e accettiamo volentieri resi entro 14 giorni dal ricevimento per la maggior parte degli articoli in condizioni nuove.<\/p>\n<ol>\n<li data-i18n=\"refund.a.22\">Se hai problemi durante l&#8217;uso, puoi contattarci prima per assistenza.<\/li>\n<li data-i18n=\"refund.a.23\">Se ricevi un articolo sbagliato o danneggiato, o lo ricevi con un problema di qualit\u00e0, contatta il Servizio Clienti sul nostro sito, indicando l&#8217;articolo o gli articoli che desideri restituire e il motivo. E offri le foto o il video per verificarlo. E dicci che hai bisogno di un rimborso o di un nuovo invio.  <\/li>\n<li data-i18n=\"refund.a.24\">Dopo aver ricevuto le istruzioni per la restituzione da parte nostra, si prega di imballare gli articoli da restituire con l&#8217;imballaggio originale e le parti originarie. Ti offriremo l&#8217;indirizzo di restituzione. <\/li>\n<li data-i18n=\"refund.a.25\">La maggior parte dei resi viene elaborata entro 7 giorni lavorativi dalla ricezione del pacco. Emetteremo il rimborso o invieremo nuovamente. <\/li>\n<li data-i18n=\"refund.a.26\">Ritorno causato dall&#8217;acquirente che fornisce informazioni di consegna errate o incomplete, non ci assumiamo la responsabilit\u00e0 per il costo di spedizione del reinvio.<\/li>\n<li data-i18n=\"refund.a.27\">Cambi Sostituiamo gli articoli solo se sono difettosi o danneggiati. Se hai bisogno di cambiarlo con lo stesso articolo, inviaci un&#8217;e-mail all&#8217;indirizzo support@scaleorder.com per farcelo sapere. Ti forniremo l&#8217;indirizzo di rimborso.  <\/li>\n<\/ol>\n<\/div>\n<div class=\"blog-post\">\n<h5 data-i18n=\"refund.a.28\">Condizioni di reso<\/h5>\n<ol>\n<li data-i18n=\"refund.a.29\">Hai 14 giorni per decidere se un articolo \u00e8 giusto per te, se desideri restituire o cambiare l&#8217;articolo ti preghiamo di contattarci entro 14 giorni dalla consegna.<\/li>\n<li data-i18n=\"refund.a.30\">I seguenti articoli non possono essere restituiti o cambiati: <b>Prodotti usa e getta, danneggiati per uso improprio, modificati.<\/b><\/li>\n<li data-i18n=\"refund.a.31\">Gli articoli restituiti devono essere nelle loro condizioni inutilizzate con l&#8217;imballaggio originale.  <b>Non accettiamo un articolo restituito che sia stato indossato, danneggiato, lavato o alterato in alcun modo.<\/b><\/li>\n<li><b data-i18n=\"refund.a.32\">Gli articoli con marchi non restituibili e omaggi non possono essere restituiti.<\/b><\/li>\n<li><b data-i18n=\"refund.a.33\">Non accettiamo articoli restituiti che sono stati rispediti senza adeguate richieste di restituzione.<\/b><\/li>\n<li><b data-i18n=\"refund.a.34\">Non offriamo il servizio Freight To Collect per i pacchi che ci vengono restituiti. I resi saranno effettuati a tue spese. <\/b><\/li>\n<li data-i18n=\"refund.a.35\">Assicurati di ricontrollare i tuoi resi prima di spedirli. Non siamo responsabili per la restituzione di senza il nostro consenso. <\/li>\n<\/ol>\n<p data-i18n=\"refund.a.36\"><b>Nota:<\/b><br \/>\nIl costo di spedizione originale e la garanzia di spedizione non sono rimborsabili.<\/p>\n<\/div>\n<div class=\"blog-post\">\n<h5 data-i18n=\"refund.a.37\">Rimborsi<\/h5>\n<p data-i18n=\"refund.a.38\">Una volta ricevuto e ispezionato il tuo reso, ti invieremo un&#8217;e-mail per informarti che abbiamo ricevuto l&#8217;articolo restituito. Ti informeremo anche dell&#8217;approvazione o del rifiuto del rimborso. Se sei approvato, il tuo rimborso verr\u00e0 elaborato, il rimborso verr\u00e0 automaticamente applicato al tuo metodo di pagamento originale, entro un certo numero di giorni.  <\/p>\n<p data-i18n=\"refund.a.39\">Rimborsi in ritardo o mancanti Se non hai ancora ricevuto un rimborso, controlla di nuovo il tuo conto bancario. Quindi contatta la societ\u00e0 della tua carta di credito, potrebbe volerci del tempo prima che il rimborso venga ufficialmente pubblicato. Successivamente, contatta la tua banca. Spesso c&#8217;\u00e8 un po&#8217; di tempo di elaborazione prima che venga registrato un rimborso.   <\/p>\n<\/div>\n<div class=\"blog-post\">\n<h5 data-i18n=\"refund.a.40\">Indirizzo di restituzione<\/h5>\n<p data-i18n=\"refund.a.41\">Si prega di contattare il nostro Servizio Clienti se si desidera restituire qualsiasi articolo all&#8217;indirizzo di restituzione pi\u00f9 vicino. Riceverai una risposta il prima possibile. <\/p>\n<p data-i18n=\"refund.a.42\"><b>Nota: <\/b><br \/>\nSi prega di non inviare il reso all&#8217;indirizzo indicato sul pacco. Questo non \u00e8 il nostro indirizzo di restituzione e influenzer\u00e0 l&#8217;elaborazione del tuo reso. A causa delle grandi quantit\u00e0 di spedizioni durante il Black Friday, ci sar\u00e0 un ritardo di una settimana nel processo di restituzione. Si prega di pazientare e ci scusiamo per l&#8217;inconveniente.   <\/p>\n<\/div>\n<\/div>\n<\/div>\n<\/div>\n<\/section>\n","protected":false},"excerpt":{"rendered":"<p>Informazioni sulla spedizione e la gestione Spediamo in tutto il mondo. Spediremo i tuoi ordini direttamente ai tuoi clienti. Il tempo di consegna totale \u00e8: Tempo di elaborazione + Tempo di transito. Promettiamo di spedire il tuo pacco entro 2 giorni lavorativi e di fornirti un numero di tracciamento. Il costo di spedizione dipender\u00e0 dal <a href=\"https:\/\/scaleorder.com\/it\/politica-di-rimborso\/\" class=\"more-link\">&#8230;<span class=\"screen-reader-text\">  Politica di rimborso<\/span><\/a><\/p>\n","protected":false},"author":1,"featured_media":0,"parent":0,"menu_order":0,"comment_status":"closed","ping_status":"closed","template":"","meta":{"inline_featured_image":false,"footnotes":""},"class_list":["post-28668","page","type-page","status-publish","hentry"],"yoast_head":"<!-- This site is optimized with the Yoast SEO plugin v27.5 - https:\/\/yoast.com\/product\/yoast-seo-wordpress\/ -->\n<title>Politica di Rimborso \u2013 Informazioni su Spedizione e Resi di ScaleOrder<\/title>\n<meta name=\"description\" content=\"Scopri la politica di rimborso di ScaleOrder, che copre le garanzie di spedizione, le condizioni di restituzione e i criteri di idoneit\u00e0 per i rimborsi su articoli non consegnati o difettosi.\" \/>\n<meta name=\"robots\" content=\"index, follow, max-snippet:-1, max-image-preview:large, max-video-preview:-1\" \/>\n<link rel=\"canonical\" href=\"https:\/\/scaleorder.com\/it\/politica-di-rimborso\/\" \/>\n<meta property=\"og:locale\" content=\"it_IT\" \/>\n<meta property=\"og:type\" content=\"article\" \/>\n<meta property=\"og:title\" content=\"Politica di Rimborso \u2013 Informazioni su Spedizione e Resi di ScaleOrder\" \/>\n<meta property=\"og:description\" content=\"Scopri la politica di rimborso di ScaleOrder, che copre le garanzie di spedizione, le condizioni di restituzione e i criteri di idoneit\u00e0 per i rimborsi su articoli non consegnati o difettosi.\" \/>\n<meta property=\"og:url\" content=\"https:\/\/scaleorder.com\/it\/politica-di-rimborso\/\" \/>\n<meta property=\"og:site_name\" content=\"ScaleOrder Dropshipping\" \/>\n<meta name=\"twitter:card\" content=\"summary_large_image\" \/>\n<meta name=\"twitter:label1\" content=\"Tempo di lettura stimato\" \/>\n\t<meta name=\"twitter:data1\" content=\"5 minuti\" \/>\n<script type=\"application\/ld+json\" class=\"yoast-schema-graph\">{\"@context\":\"https:\\\/\\\/schema.org\",\"@graph\":[{\"@type\":\"WebPage\",\"@id\":\"https:\\\/\\\/scaleorder.com\\\/it\\\/politica-di-rimborso\\\/\",\"url\":\"https:\\\/\\\/scaleorder.com\\\/it\\\/politica-di-rimborso\\\/\",\"name\":\"Politica di Rimborso \u2013 Informazioni su Spedizione e Resi di ScaleOrder\",\"isPartOf\":{\"@id\":\"https:\\\/\\\/scaleorder.com\\\/#website\"},\"datePublished\":\"2024-07-22T02:06:51+00:00\",\"description\":\"Scopri la politica di rimborso di ScaleOrder, che copre le garanzie di spedizione, le condizioni di restituzione e i criteri di idoneit\u00e0 per i rimborsi su articoli non consegnati o difettosi.\",\"breadcrumb\":{\"@id\":\"https:\\\/\\\/scaleorder.com\\\/it\\\/politica-di-rimborso\\\/#breadcrumb\"},\"inLanguage\":\"it-IT\",\"potentialAction\":[{\"@type\":\"ReadAction\",\"target\":[\"https:\\\/\\\/scaleorder.com\\\/it\\\/politica-di-rimborso\\\/\"]}]},{\"@type\":\"BreadcrumbList\",\"@id\":\"https:\\\/\\\/scaleorder.com\\\/it\\\/politica-di-rimborso\\\/#breadcrumb\",\"itemListElement\":[{\"@type\":\"ListItem\",\"position\":1,\"name\":\"Home\",\"item\":\"https:\\\/\\\/scaleorder.com\\\/it\\\/fronte\\\/\"},{\"@type\":\"ListItem\",\"position\":2,\"name\":\"Politica di rimborso\"}]},{\"@type\":\"WebSite\",\"@id\":\"https:\\\/\\\/scaleorder.com\\\/#website\",\"url\":\"https:\\\/\\\/scaleorder.com\\\/\",\"name\":\"ScaleOrder Dropshipping\",\"description\":\"The Ultimate Branded Dropshipping Solution\",\"potentialAction\":[{\"@type\":\"SearchAction\",\"target\":{\"@type\":\"EntryPoint\",\"urlTemplate\":\"https:\\\/\\\/scaleorder.com\\\/?s={search_term_string}\"},\"query-input\":{\"@type\":\"PropertyValueSpecification\",\"valueRequired\":true,\"valueName\":\"search_term_string\"}}],\"inLanguage\":\"it-IT\"}]}<\/script>\n<!-- \/ Yoast SEO plugin. -->","yoast_head_json":{"title":"Politica di Rimborso \u2013 Informazioni su Spedizione e Resi di ScaleOrder","description":"Scopri la politica di rimborso di ScaleOrder, che copre le garanzie di spedizione, le condizioni di restituzione e i criteri di idoneit\u00e0 per i rimborsi su articoli non consegnati o difettosi.","robots":{"index":"index","follow":"follow","max-snippet":"max-snippet:-1","max-image-preview":"max-image-preview:large","max-video-preview":"max-video-preview:-1"},"canonical":"https:\/\/scaleorder.com\/it\/politica-di-rimborso\/","og_locale":"it_IT","og_type":"article","og_title":"Politica di Rimborso \u2013 Informazioni su Spedizione e Resi di ScaleOrder","og_description":"Scopri la politica di rimborso di ScaleOrder, che copre le garanzie di spedizione, le condizioni di restituzione e i criteri di idoneit\u00e0 per i rimborsi su articoli non consegnati o difettosi.","og_url":"https:\/\/scaleorder.com\/it\/politica-di-rimborso\/","og_site_name":"ScaleOrder Dropshipping","twitter_card":"summary_large_image","twitter_misc":{"Tempo di lettura stimato":"5 minuti"},"schema":{"@context":"https:\/\/schema.org","@graph":[{"@type":"WebPage","@id":"https:\/\/scaleorder.com\/it\/politica-di-rimborso\/","url":"https:\/\/scaleorder.com\/it\/politica-di-rimborso\/","name":"Politica di Rimborso \u2013 Informazioni su Spedizione e Resi di ScaleOrder","isPartOf":{"@id":"https:\/\/scaleorder.com\/#website"},"datePublished":"2024-07-22T02:06:51+00:00","description":"Scopri la politica di rimborso di ScaleOrder, che copre le garanzie di spedizione, le condizioni di restituzione e i criteri di idoneit\u00e0 per i rimborsi su articoli non consegnati o difettosi.","breadcrumb":{"@id":"https:\/\/scaleorder.com\/it\/politica-di-rimborso\/#breadcrumb"},"inLanguage":"it-IT","potentialAction":[{"@type":"ReadAction","target":["https:\/\/scaleorder.com\/it\/politica-di-rimborso\/"]}]},{"@type":"BreadcrumbList","@id":"https:\/\/scaleorder.com\/it\/politica-di-rimborso\/#breadcrumb","itemListElement":[{"@type":"ListItem","position":1,"name":"Home","item":"https:\/\/scaleorder.com\/it\/fronte\/"},{"@type":"ListItem","position":2,"name":"Politica di rimborso"}]},{"@type":"WebSite","@id":"https:\/\/scaleorder.com\/#website","url":"https:\/\/scaleorder.com\/","name":"ScaleOrder Dropshipping","description":"The Ultimate Branded Dropshipping Solution","potentialAction":[{"@type":"SearchAction","target":{"@type":"EntryPoint","urlTemplate":"https:\/\/scaleorder.com\/?s={search_term_string}"},"query-input":{"@type":"PropertyValueSpecification","valueRequired":true,"valueName":"search_term_string"}}],"inLanguage":"it-IT"}]}},"_links":{"self":[{"href":"https:\/\/scaleorder.com\/it\/wp-json\/wp\/v2\/pages\/28668","targetHints":{"allow":["GET"]}}],"collection":[{"href":"https:\/\/scaleorder.com\/it\/wp-json\/wp\/v2\/pages"}],"about":[{"href":"https:\/\/scaleorder.com\/it\/wp-json\/wp\/v2\/types\/page"}],"author":[{"embeddable":true,"href":"https:\/\/scaleorder.com\/it\/wp-json\/wp\/v2\/users\/1"}],"replies":[{"embeddable":true,"href":"https:\/\/scaleorder.com\/it\/wp-json\/wp\/v2\/comments?post=28668"}],"version-history":[{"count":0,"href":"https:\/\/scaleorder.com\/it\/wp-json\/wp\/v2\/pages\/28668\/revisions"}],"wp:attachment":[{"href":"https:\/\/scaleorder.com\/it\/wp-json\/wp\/v2\/media?parent=28668"}],"curies":[{"name":"wp","href":"https:\/\/api.w.org\/{rel}","templated":true}]}}