{"id":27773,"date":"2024-07-08T08:37:52","date_gmt":"2024-07-08T00:37:52","guid":{"rendered":"https:\/\/scaleorder.com\/fronte\/"},"modified":"2024-07-08T08:37:52","modified_gmt":"2024-07-08T00:37:52","slug":"fronte","status":"publish","type":"page","link":"https:\/\/scaleorder.com\/it\/","title":{"rendered":"Fronte"},"content":{"rendered":"","protected":false},"excerpt":{"rendered":"","protected":false},"author":1,"featured_media":0,"parent":0,"menu_order":0,"comment_status":"open","ping_status":"closed","template":"front.php","meta":{"inline_featured_image":false,"footnotes":""},"class_list":["post-27773","page","type-page","status-publish","hentry"],"yoast_head":"<!-- This site is optimized with the Yoast SEO plugin v27.4 - https:\/\/yoast.com\/product\/yoast-seo-wordpress\/ -->\n<title>Scaleorder \u2013 Piattaforma di dropshipping leader gratuita | I migliori prodotti vincenti per l&#039;attivit\u00e0 di dropshipping digitale<\/title>\n<meta name=\"description\" content=\"Scaleorder \u00e8 una piattaforma di dropshipping gratuita che ti aiuta ad avviare la tua attivit\u00e0 di dropshipping e stampa su richiesta nel 2025. Offre prodotti Dropshipping ad alto costo come decorazioni per la casa, mobili, gioielli, profumi, lingerie, cosmetici e altri prodotti di bellezza, tutti acquistati direttamente dai produttori. Scaleorder si integra con Shopify, Amazon, eBay, WooCommerce, Lazada e BigCommerce. Viene fornito con strumenti di evasione automatizzati integrati e un&#039;interfaccia adatta ai principianti per aiutarti a far crescere la tua attivit\u00e0 e ottenere margini di profitto pi\u00f9 elevati.\" \/>\n<meta name=\"robots\" content=\"index, follow, max-snippet:-1, max-image-preview:large, max-video-preview:-1\" \/>\n<link rel=\"canonical\" href=\"https:\/\/scaleorder.com\/it\/fronte\/\" \/>\n<meta property=\"og:locale\" content=\"it_IT\" \/>\n<meta property=\"og:type\" content=\"article\" \/>\n<meta property=\"og:title\" content=\"Scaleorder \u2013 Piattaforma di dropshipping leader gratuita | I migliori prodotti vincenti per l&#039;attivit\u00e0 di dropshipping digitale\" \/>\n<meta property=\"og:description\" content=\"Scaleorder \u00e8 una piattaforma di dropshipping gratuita che ti aiuta ad avviare la tua attivit\u00e0 di dropshipping e stampa su richiesta nel 2025. Offre prodotti Dropshipping ad alto costo come decorazioni per la casa, mobili, gioielli, profumi, lingerie, cosmetici e altri prodotti di bellezza, tutti acquistati direttamente dai produttori. Scaleorder si integra con Shopify, Amazon, eBay, WooCommerce, Lazada e BigCommerce. Viene fornito con strumenti di evasione automatizzati integrati e un&#039;interfaccia adatta ai principianti per aiutarti a far crescere la tua attivit\u00e0 e ottenere margini di profitto pi\u00f9 elevati.\" \/>\n<meta property=\"og:url\" content=\"https:\/\/scaleorder.com\/it\/fronte\/\" \/>\n<meta property=\"og:site_name\" content=\"ScaleOrder Dropshipping\" \/>\n<meta name=\"twitter:card\" content=\"summary_large_image\" \/>\n<script type=\"application\/ld+json\" class=\"yoast-schema-graph\">{\"@context\":\"https:\\\/\\\/schema.org\",\"@graph\":[{\"@type\":\"WebPage\",\"@id\":\"https:\\\/\\\/scaleorder.com\\\/it\\\/fronte\\\/\",\"url\":\"https:\\\/\\\/scaleorder.com\\\/it\\\/fronte\\\/\",\"name\":\"Scaleorder \u2013 Piattaforma di dropshipping leader gratuita | I migliori prodotti vincenti per l'attivit\u00e0 di dropshipping digitale\",\"isPartOf\":{\"@id\":\"https:\\\/\\\/scaleorder.com\\\/#website\"},\"datePublished\":\"2024-07-08T00:37:52+00:00\",\"description\":\"Scaleorder \u00e8 una piattaforma di dropshipping gratuita che ti aiuta ad avviare la tua attivit\u00e0 di dropshipping e stampa su richiesta nel 2025. Offre prodotti Dropshipping ad alto costo come decorazioni per la casa, mobili, gioielli, profumi, lingerie, cosmetici e altri prodotti di bellezza, tutti acquistati direttamente dai produttori. Scaleorder si integra con Shopify, Amazon, eBay, WooCommerce, Lazada e BigCommerce. Viene fornito con strumenti di evasione automatizzati integrati e un'interfaccia adatta ai principianti per aiutarti a far crescere la tua attivit\u00e0 e ottenere margini di profitto pi\u00f9 elevati.\",\"breadcrumb\":{\"@id\":\"https:\\\/\\\/scaleorder.com\\\/it\\\/fronte\\\/#breadcrumb\"},\"inLanguage\":\"it-IT\",\"potentialAction\":[{\"@type\":\"ReadAction\",\"target\":[\"https:\\\/\\\/scaleorder.com\\\/it\\\/fronte\\\/\"]}]},{\"@type\":\"BreadcrumbList\",\"@id\":\"https:\\\/\\\/scaleorder.com\\\/it\\\/fronte\\\/#breadcrumb\",\"itemListElement\":[{\"@type\":\"ListItem\",\"position\":1,\"name\":\"Home\",\"item\":\"https:\\\/\\\/scaleorder.com\\\/it\\\/fronte\\\/\"},{\"@type\":\"ListItem\",\"position\":2,\"name\":\"Fronte\"}]},{\"@type\":\"WebSite\",\"@id\":\"https:\\\/\\\/scaleorder.com\\\/#website\",\"url\":\"https:\\\/\\\/scaleorder.com\\\/\",\"name\":\"ScaleOrder Dropshipping\",\"description\":\"The Ultimate Branded Dropshipping Solution\",\"potentialAction\":[{\"@type\":\"SearchAction\",\"target\":{\"@type\":\"EntryPoint\",\"urlTemplate\":\"https:\\\/\\\/scaleorder.com\\\/?s={search_term_string}\"},\"query-input\":{\"@type\":\"PropertyValueSpecification\",\"valueRequired\":true,\"valueName\":\"search_term_string\"}}],\"inLanguage\":\"it-IT\"}]}<\/script>\n<!-- \/ Yoast SEO plugin. -->","yoast_head_json":{"title":"Scaleorder \u2013 Piattaforma di dropshipping leader gratuita | I migliori prodotti vincenti per l'attivit\u00e0 di dropshipping digitale","description":"Scaleorder \u00e8 una piattaforma di dropshipping gratuita che ti aiuta ad avviare la tua attivit\u00e0 di dropshipping e stampa su richiesta nel 2025. Offre prodotti Dropshipping ad alto costo come decorazioni per la casa, mobili, gioielli, profumi, lingerie, cosmetici e altri prodotti di bellezza, tutti acquistati direttamente dai produttori. Scaleorder si integra con Shopify, Amazon, eBay, WooCommerce, Lazada e BigCommerce. Viene fornito con strumenti di evasione automatizzati integrati e un'interfaccia adatta ai principianti per aiutarti a far crescere la tua attivit\u00e0 e ottenere margini di profitto pi\u00f9 elevati.","robots":{"index":"index","follow":"follow","max-snippet":"max-snippet:-1","max-image-preview":"max-image-preview:large","max-video-preview":"max-video-preview:-1"},"canonical":"https:\/\/scaleorder.com\/it\/fronte\/","og_locale":"it_IT","og_type":"article","og_title":"Scaleorder \u2013 Piattaforma di dropshipping leader gratuita | I migliori prodotti vincenti per l'attivit\u00e0 di dropshipping digitale","og_description":"Scaleorder \u00e8 una piattaforma di dropshipping gratuita che ti aiuta ad avviare la tua attivit\u00e0 di dropshipping e stampa su richiesta nel 2025. Offre prodotti Dropshipping ad alto costo come decorazioni per la casa, mobili, gioielli, profumi, lingerie, cosmetici e altri prodotti di bellezza, tutti acquistati direttamente dai produttori. Scaleorder si integra con Shopify, Amazon, eBay, WooCommerce, Lazada e BigCommerce. Viene fornito con strumenti di evasione automatizzati integrati e un'interfaccia adatta ai principianti per aiutarti a far crescere la tua attivit\u00e0 e ottenere margini di profitto pi\u00f9 elevati.","og_url":"https:\/\/scaleorder.com\/it\/fronte\/","og_site_name":"ScaleOrder Dropshipping","twitter_card":"summary_large_image","schema":{"@context":"https:\/\/schema.org","@graph":[{"@type":"WebPage","@id":"https:\/\/scaleorder.com\/it\/fronte\/","url":"https:\/\/scaleorder.com\/it\/fronte\/","name":"Scaleorder \u2013 Piattaforma di dropshipping leader gratuita | I migliori prodotti vincenti per l'attivit\u00e0 di dropshipping digitale","isPartOf":{"@id":"https:\/\/scaleorder.com\/#website"},"datePublished":"2024-07-08T00:37:52+00:00","description":"Scaleorder \u00e8 una piattaforma di dropshipping gratuita che ti aiuta ad avviare la tua attivit\u00e0 di dropshipping e stampa su richiesta nel 2025. Offre prodotti Dropshipping ad alto costo come decorazioni per la casa, mobili, gioielli, profumi, lingerie, cosmetici e altri prodotti di bellezza, tutti acquistati direttamente dai produttori. Scaleorder si integra con Shopify, Amazon, eBay, WooCommerce, Lazada e BigCommerce. Viene fornito con strumenti di evasione automatizzati integrati e un'interfaccia adatta ai principianti per aiutarti a far crescere la tua attivit\u00e0 e ottenere margini di profitto pi\u00f9 elevati.","breadcrumb":{"@id":"https:\/\/scaleorder.com\/it\/fronte\/#breadcrumb"},"inLanguage":"it-IT","potentialAction":[{"@type":"ReadAction","target":["https:\/\/scaleorder.com\/it\/fronte\/"]}]},{"@type":"BreadcrumbList","@id":"https:\/\/scaleorder.com\/it\/fronte\/#breadcrumb","itemListElement":[{"@type":"ListItem","position":1,"name":"Home","item":"https:\/\/scaleorder.com\/it\/fronte\/"},{"@type":"ListItem","position":2,"name":"Fronte"}]},{"@type":"WebSite","@id":"https:\/\/scaleorder.com\/#website","url":"https:\/\/scaleorder.com\/","name":"ScaleOrder Dropshipping","description":"The Ultimate Branded Dropshipping Solution","potentialAction":[{"@type":"SearchAction","target":{"@type":"EntryPoint","urlTemplate":"https:\/\/scaleorder.com\/?s={search_term_string}"},"query-input":{"@type":"PropertyValueSpecification","valueRequired":true,"valueName":"search_term_string"}}],"inLanguage":"it-IT"}]}},"_links":{"self":[{"href":"https:\/\/scaleorder.com\/it\/wp-json\/wp\/v2\/pages\/27773","targetHints":{"allow":["GET"]}}],"collection":[{"href":"https:\/\/scaleorder.com\/it\/wp-json\/wp\/v2\/pages"}],"about":[{"href":"https:\/\/scaleorder.com\/it\/wp-json\/wp\/v2\/types\/page"}],"author":[{"embeddable":true,"href":"https:\/\/scaleorder.com\/it\/wp-json\/wp\/v2\/users\/1"}],"replies":[{"embeddable":true,"href":"https:\/\/scaleorder.com\/it\/wp-json\/wp\/v2\/comments?post=27773"}],"version-history":[{"count":0,"href":"https:\/\/scaleorder.com\/it\/wp-json\/wp\/v2\/pages\/27773\/revisions"}],"wp:attachment":[{"href":"https:\/\/scaleorder.com\/it\/wp-json\/wp\/v2\/media?parent=27773"}],"curies":[{"name":"wp","href":"https:\/\/api.w.org\/{rel}","templated":true}]}}