{"id":28715,"date":"2025-03-12T14:15:03","date_gmt":"2025-03-12T06:15:03","guid":{"rendered":"https:\/\/scaleorder.com\/shopify\/"},"modified":"2025-03-12T14:15:03","modified_gmt":"2025-03-12T06:15:03","slug":"shopify","status":"publish","type":"page","link":"https:\/\/scaleorder.com\/hu\/shopify\/","title":{"rendered":"Shopify"},"content":{"rendered":"","protected":false},"excerpt":{"rendered":"","protected":false},"author":1,"featured_media":0,"parent":0,"menu_order":0,"comment_status":"closed","ping_status":"closed","template":"shopify-intregrate.php","meta":{"inline_featured_image":false,"footnotes":""},"class_list":["post-28715","page","type-page","status-publish","hentry"],"yoast_head":"<!-- This site is optimized with the Yoast SEO plugin v27.5 - https:\/\/yoast.com\/product\/yoast-seo-wordpress\/ -->\n<title>ScaleOrder \u2013 A legjobb Shopify dropshipping sz\u00e1ll\u00edt\u00f3 | K\u00f6nnyen be\u00e1ll\u00edthatja \u00e9s automatiz\u00e1lhatja a Shopify rendel\u00e9sek teljes\u00edt\u00e9s\u00e9t ingyenes all-in-one alkalmaz\u00e1sunkkal<\/title>\n<meta name=\"description\" content=\"Fedezze fel, hogyan ind\u00edthatja el a Shopify dropshippinget a legjobb besz\u00e1ll\u00edt\u00f3i alkalmaz\u00e1ssal. K\u00f6nnyen be\u00e1ll\u00edthatja az \u00fczleteket, megtal\u00e1lhatja a legn\u00e9pszer\u0171bb term\u00e9keket, \u00e9s minden megrendel\u00e9st automatikusan teljes\u00edthet. Sk\u00e1l\u00e1zhat gyorsabban egy ingyenes, minden az egyben megold\u00e1ssal az automatikus \u00e1ruh\u00e1zbe\u00e1ll\u00edt\u00e1shoz, a k\u00e9szletszinkroniz\u00e1l\u00e1shoz \u00e9s a gyors sz\u00e1ll\u00edt\u00e1shoz \u2013 ide\u00e1lis minden m\u00e9ret\u0171 dropshipper sz\u00e1m\u00e1ra.\" \/>\n<meta name=\"robots\" content=\"index, follow, max-snippet:-1, max-image-preview:large, max-video-preview:-1\" \/>\n<link rel=\"canonical\" href=\"https:\/\/scaleorder.com\/hu\/shopify\/\" \/>\n<meta property=\"og:locale\" content=\"hu_HU\" \/>\n<meta property=\"og:type\" content=\"article\" \/>\n<meta property=\"og:title\" content=\"ScaleOrder \u2013 A legjobb Shopify dropshipping sz\u00e1ll\u00edt\u00f3 | K\u00f6nnyen be\u00e1ll\u00edthatja \u00e9s automatiz\u00e1lhatja a Shopify rendel\u00e9sek teljes\u00edt\u00e9s\u00e9t ingyenes all-in-one alkalmaz\u00e1sunkkal\" \/>\n<meta property=\"og:description\" content=\"Fedezze fel, hogyan ind\u00edthatja el a Shopify dropshippinget a legjobb besz\u00e1ll\u00edt\u00f3i alkalmaz\u00e1ssal. K\u00f6nnyen be\u00e1ll\u00edthatja az \u00fczleteket, megtal\u00e1lhatja a legn\u00e9pszer\u0171bb term\u00e9keket, \u00e9s minden megrendel\u00e9st automatikusan teljes\u00edthet. Sk\u00e1l\u00e1zhat gyorsabban egy ingyenes, minden az egyben megold\u00e1ssal az automatikus \u00e1ruh\u00e1zbe\u00e1ll\u00edt\u00e1shoz, a k\u00e9szletszinkroniz\u00e1l\u00e1shoz \u00e9s a gyors sz\u00e1ll\u00edt\u00e1shoz \u2013 ide\u00e1lis minden m\u00e9ret\u0171 dropshipper sz\u00e1m\u00e1ra.\" \/>\n<meta property=\"og:url\" content=\"https:\/\/scaleorder.com\/hu\/shopify\/\" \/>\n<meta property=\"og:site_name\" content=\"ScaleOrder Dropshipping\" \/>\n<meta name=\"twitter:card\" content=\"summary_large_image\" \/>\n<script type=\"application\/ld+json\" class=\"yoast-schema-graph\">{\"@context\":\"https:\\\/\\\/schema.org\",\"@graph\":[{\"@type\":\"WebPage\",\"@id\":\"https:\\\/\\\/scaleorder.com\\\/hu\\\/shopify\\\/\",\"url\":\"https:\\\/\\\/scaleorder.com\\\/hu\\\/shopify\\\/\",\"name\":\"ScaleOrder \u2013 A legjobb Shopify dropshipping sz\u00e1ll\u00edt\u00f3 | K\u00f6nnyen be\u00e1ll\u00edthatja \u00e9s automatiz\u00e1lhatja a Shopify rendel\u00e9sek teljes\u00edt\u00e9s\u00e9t ingyenes all-in-one alkalmaz\u00e1sunkkal\",\"isPartOf\":{\"@id\":\"https:\\\/\\\/scaleorder.com\\\/#website\"},\"datePublished\":\"2025-03-12T06:15:03+00:00\",\"description\":\"Fedezze fel, hogyan ind\u00edthatja el a Shopify dropshippinget a legjobb besz\u00e1ll\u00edt\u00f3i alkalmaz\u00e1ssal. K\u00f6nnyen be\u00e1ll\u00edthatja az \u00fczleteket, megtal\u00e1lhatja a legn\u00e9pszer\u0171bb term\u00e9keket, \u00e9s minden megrendel\u00e9st automatikusan teljes\u00edthet. Sk\u00e1l\u00e1zhat gyorsabban egy ingyenes, minden az egyben megold\u00e1ssal az automatikus \u00e1ruh\u00e1zbe\u00e1ll\u00edt\u00e1shoz, a k\u00e9szletszinkroniz\u00e1l\u00e1shoz \u00e9s a gyors sz\u00e1ll\u00edt\u00e1shoz \u2013 ide\u00e1lis minden m\u00e9ret\u0171 dropshipper sz\u00e1m\u00e1ra.\",\"breadcrumb\":{\"@id\":\"https:\\\/\\\/scaleorder.com\\\/hu\\\/shopify\\\/#breadcrumb\"},\"inLanguage\":\"hu\",\"potentialAction\":[{\"@type\":\"ReadAction\",\"target\":[\"https:\\\/\\\/scaleorder.com\\\/hu\\\/shopify\\\/\"]}]},{\"@type\":\"BreadcrumbList\",\"@id\":\"https:\\\/\\\/scaleorder.com\\\/hu\\\/shopify\\\/#breadcrumb\",\"itemListElement\":[{\"@type\":\"ListItem\",\"position\":1,\"name\":\"Home\",\"item\":\"https:\\\/\\\/scaleorder.com\\\/hu\\\/eleje\\\/\"},{\"@type\":\"ListItem\",\"position\":2,\"name\":\"Shopify\"}]},{\"@type\":\"WebSite\",\"@id\":\"https:\\\/\\\/scaleorder.com\\\/#website\",\"url\":\"https:\\\/\\\/scaleorder.com\\\/\",\"name\":\"ScaleOrder Dropshipping\",\"description\":\"The Ultimate Branded Dropshipping Solution\",\"potentialAction\":[{\"@type\":\"SearchAction\",\"target\":{\"@type\":\"EntryPoint\",\"urlTemplate\":\"https:\\\/\\\/scaleorder.com\\\/?s={search_term_string}\"},\"query-input\":{\"@type\":\"PropertyValueSpecification\",\"valueRequired\":true,\"valueName\":\"search_term_string\"}}],\"inLanguage\":\"hu\"}]}<\/script>\n<!-- \/ Yoast SEO plugin. -->","yoast_head_json":{"title":"ScaleOrder \u2013 A legjobb Shopify dropshipping sz\u00e1ll\u00edt\u00f3 | K\u00f6nnyen be\u00e1ll\u00edthatja \u00e9s automatiz\u00e1lhatja a Shopify rendel\u00e9sek teljes\u00edt\u00e9s\u00e9t ingyenes all-in-one alkalmaz\u00e1sunkkal","description":"Fedezze fel, hogyan ind\u00edthatja el a Shopify dropshippinget a legjobb besz\u00e1ll\u00edt\u00f3i alkalmaz\u00e1ssal. K\u00f6nnyen be\u00e1ll\u00edthatja az \u00fczleteket, megtal\u00e1lhatja a legn\u00e9pszer\u0171bb term\u00e9keket, \u00e9s minden megrendel\u00e9st automatikusan teljes\u00edthet. Sk\u00e1l\u00e1zhat gyorsabban egy ingyenes, minden az egyben megold\u00e1ssal az automatikus \u00e1ruh\u00e1zbe\u00e1ll\u00edt\u00e1shoz, a k\u00e9szletszinkroniz\u00e1l\u00e1shoz \u00e9s a gyors sz\u00e1ll\u00edt\u00e1shoz \u2013 ide\u00e1lis minden m\u00e9ret\u0171 dropshipper sz\u00e1m\u00e1ra.","robots":{"index":"index","follow":"follow","max-snippet":"max-snippet:-1","max-image-preview":"max-image-preview:large","max-video-preview":"max-video-preview:-1"},"canonical":"https:\/\/scaleorder.com\/hu\/shopify\/","og_locale":"hu_HU","og_type":"article","og_title":"ScaleOrder \u2013 A legjobb Shopify dropshipping sz\u00e1ll\u00edt\u00f3 | K\u00f6nnyen be\u00e1ll\u00edthatja \u00e9s automatiz\u00e1lhatja a Shopify rendel\u00e9sek teljes\u00edt\u00e9s\u00e9t ingyenes all-in-one alkalmaz\u00e1sunkkal","og_description":"Fedezze fel, hogyan ind\u00edthatja el a Shopify dropshippinget a legjobb besz\u00e1ll\u00edt\u00f3i alkalmaz\u00e1ssal. K\u00f6nnyen be\u00e1ll\u00edthatja az \u00fczleteket, megtal\u00e1lhatja a legn\u00e9pszer\u0171bb term\u00e9keket, \u00e9s minden megrendel\u00e9st automatikusan teljes\u00edthet. Sk\u00e1l\u00e1zhat gyorsabban egy ingyenes, minden az egyben megold\u00e1ssal az automatikus \u00e1ruh\u00e1zbe\u00e1ll\u00edt\u00e1shoz, a k\u00e9szletszinkroniz\u00e1l\u00e1shoz \u00e9s a gyors sz\u00e1ll\u00edt\u00e1shoz \u2013 ide\u00e1lis minden m\u00e9ret\u0171 dropshipper sz\u00e1m\u00e1ra.","og_url":"https:\/\/scaleorder.com\/hu\/shopify\/","og_site_name":"ScaleOrder Dropshipping","twitter_card":"summary_large_image","schema":{"@context":"https:\/\/schema.org","@graph":[{"@type":"WebPage","@id":"https:\/\/scaleorder.com\/hu\/shopify\/","url":"https:\/\/scaleorder.com\/hu\/shopify\/","name":"ScaleOrder \u2013 A legjobb Shopify dropshipping sz\u00e1ll\u00edt\u00f3 | K\u00f6nnyen be\u00e1ll\u00edthatja \u00e9s automatiz\u00e1lhatja a Shopify rendel\u00e9sek teljes\u00edt\u00e9s\u00e9t ingyenes all-in-one alkalmaz\u00e1sunkkal","isPartOf":{"@id":"https:\/\/scaleorder.com\/#website"},"datePublished":"2025-03-12T06:15:03+00:00","description":"Fedezze fel, hogyan ind\u00edthatja el a Shopify dropshippinget a legjobb besz\u00e1ll\u00edt\u00f3i alkalmaz\u00e1ssal. K\u00f6nnyen be\u00e1ll\u00edthatja az \u00fczleteket, megtal\u00e1lhatja a legn\u00e9pszer\u0171bb term\u00e9keket, \u00e9s minden megrendel\u00e9st automatikusan teljes\u00edthet. Sk\u00e1l\u00e1zhat gyorsabban egy ingyenes, minden az egyben megold\u00e1ssal az automatikus \u00e1ruh\u00e1zbe\u00e1ll\u00edt\u00e1shoz, a k\u00e9szletszinkroniz\u00e1l\u00e1shoz \u00e9s a gyors sz\u00e1ll\u00edt\u00e1shoz \u2013 ide\u00e1lis minden m\u00e9ret\u0171 dropshipper sz\u00e1m\u00e1ra.","breadcrumb":{"@id":"https:\/\/scaleorder.com\/hu\/shopify\/#breadcrumb"},"inLanguage":"hu","potentialAction":[{"@type":"ReadAction","target":["https:\/\/scaleorder.com\/hu\/shopify\/"]}]},{"@type":"BreadcrumbList","@id":"https:\/\/scaleorder.com\/hu\/shopify\/#breadcrumb","itemListElement":[{"@type":"ListItem","position":1,"name":"Home","item":"https:\/\/scaleorder.com\/hu\/eleje\/"},{"@type":"ListItem","position":2,"name":"Shopify"}]},{"@type":"WebSite","@id":"https:\/\/scaleorder.com\/#website","url":"https:\/\/scaleorder.com\/","name":"ScaleOrder Dropshipping","description":"The Ultimate Branded Dropshipping Solution","potentialAction":[{"@type":"SearchAction","target":{"@type":"EntryPoint","urlTemplate":"https:\/\/scaleorder.com\/?s={search_term_string}"},"query-input":{"@type":"PropertyValueSpecification","valueRequired":true,"valueName":"search_term_string"}}],"inLanguage":"hu"}]}},"_links":{"self":[{"href":"https:\/\/scaleorder.com\/hu\/wp-json\/wp\/v2\/pages\/28715","targetHints":{"allow":["GET"]}}],"collection":[{"href":"https:\/\/scaleorder.com\/hu\/wp-json\/wp\/v2\/pages"}],"about":[{"href":"https:\/\/scaleorder.com\/hu\/wp-json\/wp\/v2\/types\/page"}],"author":[{"embeddable":true,"href":"https:\/\/scaleorder.com\/hu\/wp-json\/wp\/v2\/users\/1"}],"replies":[{"embeddable":true,"href":"https:\/\/scaleorder.com\/hu\/wp-json\/wp\/v2\/comments?post=28715"}],"version-history":[{"count":0,"href":"https:\/\/scaleorder.com\/hu\/wp-json\/wp\/v2\/pages\/28715\/revisions"}],"wp:attachment":[{"href":"https:\/\/scaleorder.com\/hu\/wp-json\/wp\/v2\/media?parent=28715"}],"curies":[{"name":"wp","href":"https:\/\/api.w.org\/{rel}","templated":true}]}}