{"id":28678,"date":"2025-03-13T05:53:41","date_gmt":"2025-03-12T21:53:41","guid":{"rendered":"https:\/\/scaleorder.com\/vasarlas\/"},"modified":"2025-03-13T05:53:41","modified_gmt":"2025-03-12T21:53:41","slug":"vasarlas","status":"publish","type":"page","link":"https:\/\/scaleorder.com\/hu\/vasarlas\/","title":{"rendered":"V\u00e1s\u00e1rl\u00e1s"},"content":{"rendered":"","protected":false},"excerpt":{"rendered":"","protected":false},"author":1,"featured_media":0,"parent":0,"menu_order":0,"comment_status":"closed","ping_status":"closed","template":"shopee-intregrate.php","meta":{"inline_featured_image":false,"footnotes":""},"class_list":["post-28678","page","type-page","status-publish","hentry"],"yoast_head":"<!-- This site is optimized with the Yoast SEO plugin v27.5 - https:\/\/yoast.com\/product\/yoast-seo-wordpress\/ -->\n<title>Scaleorder \u2013 Ingyenes dropshipping alkalmaz\u00e1s Shopee elad\u00f3k sz\u00e1m\u00e1ra | Automatiz\u00e1lt rendel\u00e9steljes\u00edt\u00e9s \u00e9s gyors sz\u00e1ll\u00edt\u00e1s<\/title>\n<meta name=\"description\" content=\"Kezdje el a dropshippinget a Shopee-n a Scaleorder ingyenes alkalmaz\u00e1s\u00e1val: szinkroniz\u00e1lja a megrendel\u00e9seket, szerezze be a legjobb besz\u00e1ll\u00edt\u00f3kat, automatiz\u00e1lja a teljes\u00edt\u00e9st, \u00e9s tegye lehet\u0151v\u00e9 a gyors sz\u00e1ll\u00edt\u00e1st vil\u00e1gszerte \u2013 mindezt egyetlen hiteles dropshipping platformon.\" \/>\n<meta name=\"robots\" content=\"index, follow, max-snippet:-1, max-image-preview:large, max-video-preview:-1\" \/>\n<link rel=\"canonical\" href=\"https:\/\/scaleorder.com\/hu\/vasarlas\/\" \/>\n<meta property=\"og:locale\" content=\"hu_HU\" \/>\n<meta property=\"og:type\" content=\"article\" \/>\n<meta property=\"og:title\" content=\"Scaleorder \u2013 Ingyenes dropshipping alkalmaz\u00e1s Shopee elad\u00f3k sz\u00e1m\u00e1ra | Automatiz\u00e1lt rendel\u00e9steljes\u00edt\u00e9s \u00e9s gyors sz\u00e1ll\u00edt\u00e1s\" \/>\n<meta property=\"og:description\" content=\"Kezdje el a dropshippinget a Shopee-n a Scaleorder ingyenes alkalmaz\u00e1s\u00e1val: szinkroniz\u00e1lja a megrendel\u00e9seket, szerezze be a legjobb besz\u00e1ll\u00edt\u00f3kat, automatiz\u00e1lja a teljes\u00edt\u00e9st, \u00e9s tegye lehet\u0151v\u00e9 a gyors sz\u00e1ll\u00edt\u00e1st vil\u00e1gszerte \u2013 mindezt egyetlen hiteles dropshipping platformon.\" \/>\n<meta property=\"og:url\" content=\"https:\/\/scaleorder.com\/hu\/vasarlas\/\" \/>\n<meta property=\"og:site_name\" content=\"ScaleOrder Dropshipping\" \/>\n<meta name=\"twitter:card\" content=\"summary_large_image\" \/>\n<script type=\"application\/ld+json\" class=\"yoast-schema-graph\">{\"@context\":\"https:\\\/\\\/schema.org\",\"@graph\":[{\"@type\":\"WebPage\",\"@id\":\"https:\\\/\\\/scaleorder.com\\\/hu\\\/vasarlas\\\/\",\"url\":\"https:\\\/\\\/scaleorder.com\\\/hu\\\/vasarlas\\\/\",\"name\":\"Scaleorder \u2013 Ingyenes dropshipping alkalmaz\u00e1s Shopee elad\u00f3k sz\u00e1m\u00e1ra | Automatiz\u00e1lt rendel\u00e9steljes\u00edt\u00e9s \u00e9s gyors sz\u00e1ll\u00edt\u00e1s\",\"isPartOf\":{\"@id\":\"https:\\\/\\\/scaleorder.com\\\/#website\"},\"datePublished\":\"2025-03-12T21:53:41+00:00\",\"description\":\"Kezdje el a dropshippinget a Shopee-n a Scaleorder ingyenes alkalmaz\u00e1s\u00e1val: szinkroniz\u00e1lja a megrendel\u00e9seket, szerezze be a legjobb besz\u00e1ll\u00edt\u00f3kat, automatiz\u00e1lja a teljes\u00edt\u00e9st, \u00e9s tegye lehet\u0151v\u00e9 a gyors sz\u00e1ll\u00edt\u00e1st vil\u00e1gszerte \u2013 mindezt egyetlen hiteles dropshipping platformon.\",\"breadcrumb\":{\"@id\":\"https:\\\/\\\/scaleorder.com\\\/hu\\\/vasarlas\\\/#breadcrumb\"},\"inLanguage\":\"hu\",\"potentialAction\":[{\"@type\":\"ReadAction\",\"target\":[\"https:\\\/\\\/scaleorder.com\\\/hu\\\/vasarlas\\\/\"]}]},{\"@type\":\"BreadcrumbList\",\"@id\":\"https:\\\/\\\/scaleorder.com\\\/hu\\\/vasarlas\\\/#breadcrumb\",\"itemListElement\":[{\"@type\":\"ListItem\",\"position\":1,\"name\":\"Home\",\"item\":\"https:\\\/\\\/scaleorder.com\\\/hu\\\/eleje\\\/\"},{\"@type\":\"ListItem\",\"position\":2,\"name\":\"V\u00e1s\u00e1rl\u00e1s\"}]},{\"@type\":\"WebSite\",\"@id\":\"https:\\\/\\\/scaleorder.com\\\/#website\",\"url\":\"https:\\\/\\\/scaleorder.com\\\/\",\"name\":\"ScaleOrder Dropshipping\",\"description\":\"The Ultimate Branded Dropshipping Solution\",\"potentialAction\":[{\"@type\":\"SearchAction\",\"target\":{\"@type\":\"EntryPoint\",\"urlTemplate\":\"https:\\\/\\\/scaleorder.com\\\/?s={search_term_string}\"},\"query-input\":{\"@type\":\"PropertyValueSpecification\",\"valueRequired\":true,\"valueName\":\"search_term_string\"}}],\"inLanguage\":\"hu\"}]}<\/script>\n<!-- \/ Yoast SEO plugin. -->","yoast_head_json":{"title":"Scaleorder \u2013 Ingyenes dropshipping alkalmaz\u00e1s Shopee elad\u00f3k sz\u00e1m\u00e1ra | Automatiz\u00e1lt rendel\u00e9steljes\u00edt\u00e9s \u00e9s gyors sz\u00e1ll\u00edt\u00e1s","description":"Kezdje el a dropshippinget a Shopee-n a Scaleorder ingyenes alkalmaz\u00e1s\u00e1val: szinkroniz\u00e1lja a megrendel\u00e9seket, szerezze be a legjobb besz\u00e1ll\u00edt\u00f3kat, automatiz\u00e1lja a teljes\u00edt\u00e9st, \u00e9s tegye lehet\u0151v\u00e9 a gyors sz\u00e1ll\u00edt\u00e1st vil\u00e1gszerte \u2013 mindezt egyetlen hiteles dropshipping platformon.","robots":{"index":"index","follow":"follow","max-snippet":"max-snippet:-1","max-image-preview":"max-image-preview:large","max-video-preview":"max-video-preview:-1"},"canonical":"https:\/\/scaleorder.com\/hu\/vasarlas\/","og_locale":"hu_HU","og_type":"article","og_title":"Scaleorder \u2013 Ingyenes dropshipping alkalmaz\u00e1s Shopee elad\u00f3k sz\u00e1m\u00e1ra | Automatiz\u00e1lt rendel\u00e9steljes\u00edt\u00e9s \u00e9s gyors sz\u00e1ll\u00edt\u00e1s","og_description":"Kezdje el a dropshippinget a Shopee-n a Scaleorder ingyenes alkalmaz\u00e1s\u00e1val: szinkroniz\u00e1lja a megrendel\u00e9seket, szerezze be a legjobb besz\u00e1ll\u00edt\u00f3kat, automatiz\u00e1lja a teljes\u00edt\u00e9st, \u00e9s tegye lehet\u0151v\u00e9 a gyors sz\u00e1ll\u00edt\u00e1st vil\u00e1gszerte \u2013 mindezt egyetlen hiteles dropshipping platformon.","og_url":"https:\/\/scaleorder.com\/hu\/vasarlas\/","og_site_name":"ScaleOrder Dropshipping","twitter_card":"summary_large_image","schema":{"@context":"https:\/\/schema.org","@graph":[{"@type":"WebPage","@id":"https:\/\/scaleorder.com\/hu\/vasarlas\/","url":"https:\/\/scaleorder.com\/hu\/vasarlas\/","name":"Scaleorder \u2013 Ingyenes dropshipping alkalmaz\u00e1s Shopee elad\u00f3k sz\u00e1m\u00e1ra | Automatiz\u00e1lt rendel\u00e9steljes\u00edt\u00e9s \u00e9s gyors sz\u00e1ll\u00edt\u00e1s","isPartOf":{"@id":"https:\/\/scaleorder.com\/#website"},"datePublished":"2025-03-12T21:53:41+00:00","description":"Kezdje el a dropshippinget a Shopee-n a Scaleorder ingyenes alkalmaz\u00e1s\u00e1val: szinkroniz\u00e1lja a megrendel\u00e9seket, szerezze be a legjobb besz\u00e1ll\u00edt\u00f3kat, automatiz\u00e1lja a teljes\u00edt\u00e9st, \u00e9s tegye lehet\u0151v\u00e9 a gyors sz\u00e1ll\u00edt\u00e1st vil\u00e1gszerte \u2013 mindezt egyetlen hiteles dropshipping platformon.","breadcrumb":{"@id":"https:\/\/scaleorder.com\/hu\/vasarlas\/#breadcrumb"},"inLanguage":"hu","potentialAction":[{"@type":"ReadAction","target":["https:\/\/scaleorder.com\/hu\/vasarlas\/"]}]},{"@type":"BreadcrumbList","@id":"https:\/\/scaleorder.com\/hu\/vasarlas\/#breadcrumb","itemListElement":[{"@type":"ListItem","position":1,"name":"Home","item":"https:\/\/scaleorder.com\/hu\/eleje\/"},{"@type":"ListItem","position":2,"name":"V\u00e1s\u00e1rl\u00e1s"}]},{"@type":"WebSite","@id":"https:\/\/scaleorder.com\/#website","url":"https:\/\/scaleorder.com\/","name":"ScaleOrder Dropshipping","description":"The Ultimate Branded Dropshipping Solution","potentialAction":[{"@type":"SearchAction","target":{"@type":"EntryPoint","urlTemplate":"https:\/\/scaleorder.com\/?s={search_term_string}"},"query-input":{"@type":"PropertyValueSpecification","valueRequired":true,"valueName":"search_term_string"}}],"inLanguage":"hu"}]}},"_links":{"self":[{"href":"https:\/\/scaleorder.com\/hu\/wp-json\/wp\/v2\/pages\/28678","targetHints":{"allow":["GET"]}}],"collection":[{"href":"https:\/\/scaleorder.com\/hu\/wp-json\/wp\/v2\/pages"}],"about":[{"href":"https:\/\/scaleorder.com\/hu\/wp-json\/wp\/v2\/types\/page"}],"author":[{"embeddable":true,"href":"https:\/\/scaleorder.com\/hu\/wp-json\/wp\/v2\/users\/1"}],"replies":[{"embeddable":true,"href":"https:\/\/scaleorder.com\/hu\/wp-json\/wp\/v2\/comments?post=28678"}],"version-history":[{"count":0,"href":"https:\/\/scaleorder.com\/hu\/wp-json\/wp\/v2\/pages\/28678\/revisions"}],"wp:attachment":[{"href":"https:\/\/scaleorder.com\/hu\/wp-json\/wp\/v2\/media?parent=28678"}],"curies":[{"name":"wp","href":"https:\/\/api.w.org\/{rel}","templated":true}]}}