{"id":28667,"date":"2024-07-22T10:06:51","date_gmt":"2024-07-22T02:06:51","guid":{"rendered":"https:\/\/scaleorder.com\/visszateritesi-szabalyzat\/"},"modified":"2024-07-22T10:06:51","modified_gmt":"2024-07-22T02:06:51","slug":"visszateritesi-szabalyzat","status":"publish","type":"page","link":"https:\/\/scaleorder.com\/hu\/visszateritesi-szabalyzat\/","title":{"rendered":"Visszat\u00e9r\u00edt\u00e9si szab\u00e1lyzat"},"content":{"rendered":"<section style=\"padding: 20px 0px;\">\n<div class=\"container\">\n<div class=\"faqblog\">\n<div class=\"about_content font-even-18 line-height-30 row\">\n<div class=\"blog-post\" style=\"margin-top: 20px;\">\n<h3 data-i18n=\"refund.a.1\">A sz\u00e1ll\u00edt\u00e1sr\u00f3l \u00e9s a kezel\u00e9sr\u0151l<\/h3>\n<ol>\n<li data-i18n=\"refund.a.2\">Vil\u00e1gszerte sz\u00e1ll\u00edtunk. Megrendel\u00e9seit k\u00f6zvetlen\u00fcl az \u00fcgyfeleknek sz\u00e1ll\u00edtjuk. <\/li>\n<li data-i18n=\"refund.a.3\">A teljes sz\u00e1ll\u00edt\u00e1si id\u0151: feldolgoz\u00e1si id\u0151 + tranzitid\u0151. \u00cdg\u00e9rj\u00fck, hogy 2 munkanapon bel\u00fcl feladjuk csomagj\u00e1t, \u00e9s nyomk\u00f6vet\u00e9si sz\u00e1mot adunk \u00d6nnek. <\/li>\n<li data-i18n=\"refund.a.4\">A sz\u00e1ll\u00edt\u00e1si k\u00f6lts\u00e9g a term\u00e9k(ek) s\u00faly\u00e1t\u00f3l \u00e9s alakj\u00e1t\u00f3l f\u00fcgg.<\/li>\n<\/ol>\n<p data-i18n=\"refund.a.5\">\u00c1ltal\u00e1ban a norm\u00e1l \u00e1llapot\u00fa tranzitid\u0151 a k\u00f6vetkez\u0151.<\/p>\n<ul>\n<li data-i18n=\"refund.a.6\">Az Egyes\u00fclt \u00c1llamok eset\u00e9ben ez k\u00f6r\u00fclbel\u00fcl 6-12 munkanapot vesz ig\u00e9nybe. (Nem tartalmazza a t\u00e1voli ter\u00fcleteket, \u00e9s nem k\u00fcldhet APO\/AFO c\u00edmre). <\/li>\n<li data-i18n=\"refund.a.7\">Az Egyes\u00fclt Kir\u00e1lys\u00e1gban, Franciaorsz\u00e1gban, N\u00e9metorsz\u00e1gban, Olaszorsz\u00e1gban, Spanyolorsz\u00e1gban \u00e9s a legt\u00f6bb m\u00e1s eur\u00f3pai orsz\u00e1gban ez 4\u201312 munkanapot vehet ig\u00e9nybe.<\/li>\n<li data-i18n=\"refund.a.8\">Kanada, Ausztr\u00e1lia \u00e9s \u00daj-Z\u00e9land eset\u00e9ben ez 4-12 munkanapot vehet ig\u00e9nybe.<\/li>\n<li data-i18n=\"refund.a.9\">A d\u00e9l-amerikai \u00fcgyfelek sz\u00e1m\u00e1ra ez 10\u201325 munkanapot vehet ig\u00e9nybe.<\/li>\n<li data-i18n=\"refund.a.10\">M\u00e1s orsz\u00e1gok eset\u00e9ben ez 10-40 munkanapot vehet ig\u00e9nybe.<\/li>\n<\/ul>\n<p data-i18n=\"refund.a.11\"><b>Jegyzet: <\/b><br \/>\nEz a tranzitid\u0151 csak a norm\u00e1l \u00e1llapotban van, \u00e9s a tengerent\u00fali sz\u00e1ll\u00edt\u00e1s bizonytalans\u00e1ga miatt gyakran k\u00e9sik a v\u00e1mhat\u00e9konys\u00e1g, a rossz id\u0151j\u00e1r\u00e1s, a hirtelen nyilv\u00e1nos v\u00e9szhelyzet \u00e9s a nemzeti kereskedelempolitika v\u00e1ltoz\u00e1sai stb. miatt. Ezek k\u00edv\u00fcl esnek az ir\u00e1ny\u00edt\u00e1sunkon, ezek\u00e9rt nem v\u00e1llalhatunk felel\u0151ss\u00e9get.<br \/>\n(b). A felsorolt tranzitid\u0151 nem tartalmazza a legfeljebb 2 napos feldolgoz\u00e1si id\u0151t (kiv\u00e9ve a szombatot, vas\u00e1rnapot \u00e9s \u00fcnnepnapokat).<br \/>\n(c). A tranzitid\u0151 becs\u00fclt, \u00e9s a sz\u00e1ll\u00edt\u00e1s napj\u00e1t\u00f3l kezd\u0151dik, nem pedig a megrendel\u00e9s d\u00e1tum\u00e1t\u00f3l.<br \/>\n(d). A weboldalunkon megjelen\u0151 tranzitid\u0151-t\u00e1bl\u00e1zat a sz\u00e1ll\u00edt\u00e1si adatb\u00e1zisunkb\u00f3l sz\u00e1rmaz\u00f3 statisztika, nem szolg\u00e1lhat visszat\u00e9r\u00edt\u00e9s alapj\u00e1ul. <\/p>\n<\/div>\n<div class=\"blog-post\">\n<h4 data-i18n=\"refund.a.12\">Sz\u00e1ll\u00edt\u00e1si garancia<\/h4>\n<p data-i18n=\"refund.a.13\">A ScaleOrder \u00e1ltal \u00e9rt\u00e9kes\u00edtett \u00f6sszes term\u00e9ket garant\u00e1ltan 45 napon bel\u00fcl k\u00e9zbes\u00edtik az Egyes\u00fclt \u00c1llamokba, Eur\u00f3p\u00e1ba, D\u00e9l- \u00e9s Kelet-\u00c1zsi\u00e1ba (nem tartalmazza a t\u00e1voli ter\u00fcleteket), m\u00e1s orsz\u00e1gokban 90 napon bel\u00fcl. Az Egyes\u00fclt \u00c1llamok, az EU, Franciaorsz\u00e1g, Spanyolorsz\u00e1g, Ruusz \u00e9s Ausztr\u00e1lia rakt\u00e1r\u00e1b\u00f3l sz\u00e1ll\u00edtott \u00f6sszes megrendel\u00e9st garant\u00e1ltan 30 napon bel\u00fcl k\u00e9zbes\u00edtik. Ha ezen id\u0151n t\u00fal nem kapta meg a term\u00e9k(eke)t, akkor a postai vizsg\u00e1latot k\u00f6vet\u0151en teljes visszat\u00e9r\u00edt\u00e9sre jogosult.  <\/p>\n<\/div>\n<div class=\"blog-post\">\n<h5 data-i18n=\"refund.a.14\">A teljes visszat\u00e9r\u00edt\u00e9s nem \u00e1ll rendelkez\u00e9sre a k\u00f6vetkez\u0151 k\u00f6r\u00fclm\u00e9nyek k\u00f6z\u00f6tt:<\/h5>\n<ol>\n<li data-i18n=\"refund.a.15\">A vev\u0151 helytelen vagy hi\u00e1nyos sz\u00e1ll\u00edt\u00e1si adatai \u00e1ltal okozott k\u00e9sedelmek;<\/li>\n<li data-i18n=\"refund.a.16\">Vis maior esem\u00e9nyek, p\u00e9ld\u00e1ul term\u00e9szeti katasztr\u00f3f\u00e1k, rossz id\u0151j\u00e1r\u00e1s \u00e9s h\u00e1bor\u00fa stb. okozta sz\u00e1ll\u00edt\u00e1si k\u00e9sedelmek;<\/li>\n<li data-i18n=\"refund.a.17\">B\u00e1rmely nem biztos\u00edtott megrendel\u00e9s, amely elveszett vagy ellopt\u00e1k;<\/li>\n<li data-i18n=\"refund.a.18\">A ScaleOrder hat\u00e1sk\u00f6r\u00e9n k\u00edv\u00fcl es\u0151 egy\u00e9b dolgok, p\u00e9ld\u00e1ul munkasz\u00fcneti napok \u00e9s v\u00e1m\u00fcgyek \u00e1ltal okozott sz\u00e1ll\u00edt\u00e1si k\u00e9sedelmek.<\/li>\n<li data-i18n=\"refund.a.19\">A csomagok m\u00e9g a garant\u00e1lt id\u0151ben vannak.<\/li>\n<\/ol>\n<\/div>\n<div class=\"blog-post\">\n<h3 data-i18n=\"refund.a.20\">Visszak\u00fcld\u00e9s \u00e9s csere<\/h3>\n<p data-i18n=\"refund.a.21\">Sajn\u00e1ljuk, ha nem vagy 100%-ig el\u00e9gedett a kapott term\u00e9kekkel, \u00e9s sz\u00edvesen fogadjuk a visszak\u00fcld\u00e9st a k\u00e9zhezv\u00e9telt\u0151l sz\u00e1m\u00edtott 14 napon bel\u00fcl a legt\u00f6bb \u00faj \u00e1llapot\u00fa term\u00e9k eset\u00e9ben.<\/p>\n<ol>\n<li data-i18n=\"refund.a.22\">Ha probl\u00e9m\u00e1i vannak a haszn\u00e1lat\u00e1val, el\u0151sz\u00f6r forduljon hozz\u00e1nk seg\u00edts\u00e9g\u00e9rt.<\/li>\n<li data-i18n=\"refund.a.23\">Ha hib\u00e1s vagy s\u00e9r\u00fclt term\u00e9ket kap, vagy min\u0151s\u00e9gi probl\u00e9m\u00e1val kapja meg, k\u00e9rj\u00fck, vegye fel a kapcsolatot az \u00dcgyf\u00e9lszolg\u00e1lattal az oldalunkon, \u00e9s adja meg a visszak\u00fcldeni k\u00edv\u00e1nt term\u00e9k(eke)t \u00e9s annak ok\u00e1t. \u00c9s aj\u00e1nlja fel a f\u00e9nyk\u00e9peket vagy vide\u00f3kat ennek ellen\u0151rz\u00e9s\u00e9re. \u00c9s mondja el, hogy visszat\u00e9r\u00edt\u00e9sre vagy \u00fajrak\u00fcld\u00e9sre van sz\u00fcks\u00e9ge.  <\/li>\n<li data-i18n=\"refund.a.24\">Miut\u00e1n megkapta t\u0151l\u00fcnk a visszak\u00fcld\u00e9si utas\u00edt\u00e1sokat, k\u00e9rj\u00fck, csomagolja be a visszak\u00fcldend\u0151 term\u00e9k(eke)t az eredeti csomagol\u00e1ssal \u00e9s az eredeti alkatr\u00e9szekkel egy\u00fctt. Felaj\u00e1nljuk \u00d6nnek a visszak\u00fcld\u00e9si c\u00edmet. <\/li>\n<li data-i18n=\"refund.a.25\">A legt\u00f6bb visszak\u00fcld\u00e9st a csomag k\u00e9zhezv\u00e9tel\u00e9t\u0151l sz\u00e1m\u00edtott 7 munkanapon bel\u00fcl feldolgozzuk. Ki\u00e1ll\u00edtjuk a visszat\u00e9r\u00edt\u00e9st, vagy \u00fajrak\u00fcldj\u00fck. <\/li>\n<li data-i18n=\"refund.a.26\">A vev\u0151 helytelen vagy hi\u00e1nyos sz\u00e1ll\u00edt\u00e1si adatok megad\u00e1sa \u00e1ltal okozott visszak\u00fcld\u00e9s eset\u00e9n nem v\u00e1llalunk felel\u0151ss\u00e9get az \u00fajrak\u00fcld\u00e9s sz\u00e1ll\u00edt\u00e1si k\u00f6lts\u00e9gei\u00e9rt.<\/li>\n<li data-i18n=\"refund.a.27\">Csere Csak akkor cser\u00e9lj\u00fck ki a term\u00e9keket, ha azok hib\u00e1sak vagy s\u00e9r\u00fcltek. Ha ugyanarra a term\u00e9kre kell cser\u00e9lnie, k\u00fcldj\u00f6n nek\u00fcnk egy e-mailt a support@scaleorder.com c\u00edmre, hogy tudassa vel\u00fcnk. Megadjuk a visszat\u00e9r\u00edt\u00e9si c\u00edmet.  <\/li>\n<\/ol>\n<\/div>\n<div class=\"blog-post\">\n<h5 data-i18n=\"refund.a.28\">Visszak\u00fcld\u00e9si felt\u00e9telek<\/h5>\n<ol>\n<li data-i18n=\"refund.a.29\">14 nap \u00e1ll rendelkez\u00e9s\u00e9re, hogy eld\u00f6ntse, megfelel\u0151-e egy term\u00e9k az \u00d6n sz\u00e1m\u00e1ra, ha vissza szeretn\u00e9 k\u00fcldeni vagy kicser\u00e9lni a term\u00e9ket, k\u00e9rj\u00fck, vegye fel vel\u00fcnk a kapcsolatot a k\u00e9zbes\u00edt\u00e9st\u0151l sz\u00e1m\u00edtott 14 napon bel\u00fcl.<\/li>\n<li data-i18n=\"refund.a.30\">A k\u00f6vetkez\u0151 term\u00e9keket nem lehet visszak\u00fcldeni vagy kicser\u00e9lni: <b>Eldobhat\u00f3 term\u00e9kek, nem rendeltet\u00e9sszer\u0171 haszn\u00e1lat miatt s\u00e9r\u00fclt, m\u00f3dos\u00edtva.<\/b><\/li>\n<li data-i18n=\"refund.a.31\">A visszak\u00fcld\u00f6tt term\u00e9keknek az eredeti csomagol\u00e1ssal nem haszn\u00e1lt \u00e1llapotban kell lenni\u00fck.  <b>Nem fogadunk el olyan visszak\u00fcld\u00f6tt term\u00e9ket, amelyet viseltek, megrong\u00e1ltak, mostak vagy b\u00e1rmilyen m\u00f3don megv\u00e1ltoztattak.<\/b><\/li>\n<li><b data-i18n=\"refund.a.32\">A vissza nem v\u00e1lthat\u00f3 jel\u00f6l\u00e9ssel ell\u00e1tott t\u00e9teleket \u00e9s az ingyenes aj\u00e1nd\u00e9kokat nem lehet visszak\u00fcldeni.<\/b><\/li>\n<li><b data-i18n=\"refund.a.33\">Nem fogadunk el olyan visszak\u00fcld\u00f6tt term\u00e9keket, amelyeket megfelel\u0151 visszak\u00fcld\u00e9si k\u00e9relem n\u00e9lk\u00fcl k\u00fcldtek vissza.<\/b><\/li>\n<li><b data-i18n=\"refund.a.34\">A hozz\u00e1nk visszak\u00fcld\u00f6tt csomagokhoz nem k\u00edn\u00e1lunk Freight To Collect szolg\u00e1ltat\u00e1st. A visszak\u00fcld\u00e9s saj\u00e1t k\u00f6lts\u00e9g\u00e9n t\u00f6rt\u00e9nik. <\/b><\/li>\n<li data-i18n=\"refund.a.35\">K\u00e9rj\u00fck, felt\u00e9tlen\u00fcl ellen\u0151rizze a visszak\u00fcld\u00e9st, miel\u0151tt kisz\u00e1ll\u00edtan\u00e1 \u0151ket. Nem v\u00e1llalunk felel\u0151ss\u00e9get a beleegyez\u00e9s\u00fcnk n\u00e9lk\u00fcli visszak\u00fcld\u00e9s\u00e9rt. <\/li>\n<\/ol>\n<p data-i18n=\"refund.a.36\"><b>Jegyzet:<\/b><br \/>\nAz eredeti sz\u00e1ll\u00edt\u00e1si k\u00f6lts\u00e9g \u00e9s a sz\u00e1ll\u00edt\u00e1si garancia nem t\u00e9r\u00edthet\u0151 vissza.<\/p>\n<\/div>\n<div class=\"blog-post\">\n<h5 data-i18n=\"refund.a.37\">Visszat\u00e9r\u00edt\u00e9sek<\/h5>\n<p data-i18n=\"refund.a.38\">A visszak\u00fcld\u00e9s k\u00e9zhezv\u00e9tele \u00e9s ellen\u0151rz\u00e9se ut\u00e1n e-mailt k\u00fcld\u00fcnk \u00d6nnek, amelyben \u00e9rtes\u00edtj\u00fck \u00d6nt arr\u00f3l, hogy megkaptuk a visszak\u00fcld\u00f6tt term\u00e9ket. A visszat\u00e9r\u00edt\u00e9s j\u00f3v\u00e1hagy\u00e1s\u00e1r\u00f3l vagy elutas\u00edt\u00e1s\u00e1r\u00f3l is \u00e9rtes\u00edtj\u00fck. Ha j\u00f3v\u00e1hagyj\u00e1k, akkor a visszat\u00e9r\u00edt\u00e9s feldolgoz\u00e1sra ker\u00fcl, a visszat\u00e9r\u00edt\u00e9s automatikusan \u00e9rv\u00e9nyes\u00fcl az eredeti fizet\u00e9si m\u00f3dra, egy bizonyos napon bel\u00fcl.  <\/p>\n<p data-i18n=\"refund.a.39\">K\u00e9sedelmes vagy hi\u00e1nyz\u00f3 visszat\u00e9r\u00edt\u00e9sek Ha m\u00e9g nem kapt\u00e1l visszat\u00e9r\u00edt\u00e9st, el\u0151sz\u00f6r ellen\u0151rizd \u00fajra a banksz\u00e1ml\u00e1dat. Ezut\u00e1n vegye fel a kapcsolatot hitelk\u00e1rtya-t\u00e1rsas\u00e1g\u00e1val, eltarthat egy ideig, am\u00edg a visszat\u00e9r\u00edt\u00e9s hivatalosan megjelenik. Ezut\u00e1n l\u00e9pjen kapcsolatba a bankj\u00e1val. Gyakran van n\u00e9mi feldolgoz\u00e1si id\u0151 a visszat\u00e9r\u00edt\u00e9s felad\u00e1sa el\u0151tt.   <\/p>\n<\/div>\n<div class=\"blog-post\">\n<h5 data-i18n=\"refund.a.40\">Visszak\u00fcld\u00e9si c\u00edm<\/h5>\n<p data-i18n=\"refund.a.41\">K\u00e9rj\u00fck, vegye fel a kapcsolatot \u00fcgyf\u00e9lszolg\u00e1latunkkal, ha b\u00e1rmilyen term\u00e9ket vissza szeretne k\u00fcldeni a legk\u00f6zelebbi visszak\u00fcld\u00e9si c\u00edmre. A lehet\u0151 leghamarabb v\u00e1laszt kap. <\/p>\n<p data-i18n=\"refund.a.42\"><b>Jegyzet: <\/b><br \/>\nK\u00e9rj\u00fck, ne k\u00fcldje el a visszak\u00fcld\u00e9st a csomagon szerepl\u0151 c\u00edmre. Ez nem a visszak\u00fcld\u00e9si c\u00edm\u00fcnk, \u00e9s befoly\u00e1solja a visszak\u00fcld\u00e9s feldolgoz\u00e1s\u00e1t. A Black Friday nagy mennyis\u00e9g\u0171 sz\u00e1ll\u00edtm\u00e1nya miatt a visszak\u00fcld\u00e9si folyamat egy h\u00e9ttel k\u00e9sik. K\u00e9rj\u00fck, legyen t\u00fcrelmes, \u00e9s eln\u00e9z\u00e9st k\u00e9r\u00fcnk a kellemetlens\u00e9gek\u00e9rt.   <\/p>\n<\/div>\n<\/div>\n<\/div>\n<\/div>\n<\/section>\n","protected":false},"excerpt":{"rendered":"<p>A sz\u00e1ll\u00edt\u00e1sr\u00f3l \u00e9s a kezel\u00e9sr\u0151l Vil\u00e1gszerte sz\u00e1ll\u00edtunk. Megrendel\u00e9seit k\u00f6zvetlen\u00fcl az \u00fcgyfeleknek sz\u00e1ll\u00edtjuk. A teljes sz\u00e1ll\u00edt\u00e1si id\u0151: feldolgoz\u00e1si id\u0151 + tranzitid\u0151. \u00cdg\u00e9rj\u00fck, hogy 2 munkanapon bel\u00fcl feladjuk csomagj\u00e1t, \u00e9s nyomk\u00f6vet\u00e9si sz\u00e1mot adunk \u00d6nnek. A sz\u00e1ll\u00edt\u00e1si k\u00f6lts\u00e9g a term\u00e9k(ek) s\u00faly\u00e1t\u00f3l \u00e9s alakj\u00e1t\u00f3l f\u00fcgg. \u00c1ltal\u00e1ban a norm\u00e1l \u00e1llapot\u00fa tranzitid\u0151 a k\u00f6vetkez\u0151. Az Egyes\u00fclt \u00c1llamok eset\u00e9ben ez k\u00f6r\u00fclbel\u00fcl 6-12 <a href=\"https:\/\/scaleorder.com\/hu\/visszateritesi-szabalyzat\/\" class=\"more-link\">&#8230;<span class=\"screen-reader-text\">  Visszat\u00e9r\u00edt\u00e9si szab\u00e1lyzat<\/span><\/a><\/p>\n","protected":false},"author":1,"featured_media":0,"parent":0,"menu_order":0,"comment_status":"closed","ping_status":"closed","template":"","meta":{"inline_featured_image":false,"footnotes":""},"class_list":["post-28667","page","type-page","status-publish","hentry"],"yoast_head":"<!-- This site is optimized with the Yoast SEO plugin v27.5 - https:\/\/yoast.com\/product\/yoast-seo-wordpress\/ -->\n<title>Visszat\u00e9r\u00edt\u00e9si szab\u00e1lyzat \u2013 ScaleOrder sz\u00e1ll\u00edt\u00e1si \u00e9s visszak\u00fcld\u00e9si inform\u00e1ci\u00f3k<\/title>\n<meta name=\"description\" content=\"Ismerje meg a ScaleOrder visszat\u00e9r\u00edt\u00e9si szab\u00e1lyzat\u00e1t, amely kiterjed a sz\u00e1ll\u00edt\u00e1si garanci\u00e1kra, a visszak\u00fcld\u00e9si felt\u00e9telekre \u00e9s a k\u00e9zbes\u00edtetlen vagy hib\u00e1s t\u00e9telek visszat\u00e9r\u00edt\u00e9s\u00e9re vonatkoz\u00f3 jogosults\u00e1gi felt\u00e9telekre.\" \/>\n<meta name=\"robots\" content=\"index, follow, max-snippet:-1, max-image-preview:large, max-video-preview:-1\" \/>\n<link rel=\"canonical\" href=\"https:\/\/scaleorder.com\/hu\/visszateritesi-szabalyzat\/\" \/>\n<meta property=\"og:locale\" content=\"hu_HU\" \/>\n<meta property=\"og:type\" content=\"article\" \/>\n<meta property=\"og:title\" content=\"Visszat\u00e9r\u00edt\u00e9si szab\u00e1lyzat \u2013 ScaleOrder sz\u00e1ll\u00edt\u00e1si \u00e9s visszak\u00fcld\u00e9si inform\u00e1ci\u00f3k\" \/>\n<meta property=\"og:description\" content=\"Ismerje meg a ScaleOrder visszat\u00e9r\u00edt\u00e9si szab\u00e1lyzat\u00e1t, amely kiterjed a sz\u00e1ll\u00edt\u00e1si garanci\u00e1kra, a visszak\u00fcld\u00e9si felt\u00e9telekre \u00e9s a k\u00e9zbes\u00edtetlen vagy hib\u00e1s t\u00e9telek visszat\u00e9r\u00edt\u00e9s\u00e9re vonatkoz\u00f3 jogosults\u00e1gi felt\u00e9telekre.\" \/>\n<meta property=\"og:url\" content=\"https:\/\/scaleorder.com\/hu\/visszateritesi-szabalyzat\/\" \/>\n<meta property=\"og:site_name\" content=\"ScaleOrder Dropshipping\" \/>\n<meta name=\"twitter:card\" content=\"summary_large_image\" \/>\n<meta name=\"twitter:label1\" content=\"Becs\u00fclt olvas\u00e1si id\u0151\" \/>\n\t<meta name=\"twitter:data1\" content=\"7 perc\" \/>\n<script type=\"application\/ld+json\" class=\"yoast-schema-graph\">{\"@context\":\"https:\\\/\\\/schema.org\",\"@graph\":[{\"@type\":\"WebPage\",\"@id\":\"https:\\\/\\\/scaleorder.com\\\/hu\\\/visszateritesi-szabalyzat\\\/\",\"url\":\"https:\\\/\\\/scaleorder.com\\\/hu\\\/visszateritesi-szabalyzat\\\/\",\"name\":\"Visszat\u00e9r\u00edt\u00e9si szab\u00e1lyzat \u2013 ScaleOrder sz\u00e1ll\u00edt\u00e1si \u00e9s visszak\u00fcld\u00e9si inform\u00e1ci\u00f3k\",\"isPartOf\":{\"@id\":\"https:\\\/\\\/scaleorder.com\\\/#website\"},\"datePublished\":\"2024-07-22T02:06:51+00:00\",\"description\":\"Ismerje meg a ScaleOrder visszat\u00e9r\u00edt\u00e9si szab\u00e1lyzat\u00e1t, amely kiterjed a sz\u00e1ll\u00edt\u00e1si garanci\u00e1kra, a visszak\u00fcld\u00e9si felt\u00e9telekre \u00e9s a k\u00e9zbes\u00edtetlen vagy hib\u00e1s t\u00e9telek visszat\u00e9r\u00edt\u00e9s\u00e9re vonatkoz\u00f3 jogosults\u00e1gi felt\u00e9telekre.\",\"breadcrumb\":{\"@id\":\"https:\\\/\\\/scaleorder.com\\\/hu\\\/visszateritesi-szabalyzat\\\/#breadcrumb\"},\"inLanguage\":\"hu\",\"potentialAction\":[{\"@type\":\"ReadAction\",\"target\":[\"https:\\\/\\\/scaleorder.com\\\/hu\\\/visszateritesi-szabalyzat\\\/\"]}]},{\"@type\":\"BreadcrumbList\",\"@id\":\"https:\\\/\\\/scaleorder.com\\\/hu\\\/visszateritesi-szabalyzat\\\/#breadcrumb\",\"itemListElement\":[{\"@type\":\"ListItem\",\"position\":1,\"name\":\"Home\",\"item\":\"https:\\\/\\\/scaleorder.com\\\/hu\\\/eleje\\\/\"},{\"@type\":\"ListItem\",\"position\":2,\"name\":\"Visszat\u00e9r\u00edt\u00e9si szab\u00e1lyzat\"}]},{\"@type\":\"WebSite\",\"@id\":\"https:\\\/\\\/scaleorder.com\\\/#website\",\"url\":\"https:\\\/\\\/scaleorder.com\\\/\",\"name\":\"ScaleOrder Dropshipping\",\"description\":\"The Ultimate Branded Dropshipping Solution\",\"potentialAction\":[{\"@type\":\"SearchAction\",\"target\":{\"@type\":\"EntryPoint\",\"urlTemplate\":\"https:\\\/\\\/scaleorder.com\\\/?s={search_term_string}\"},\"query-input\":{\"@type\":\"PropertyValueSpecification\",\"valueRequired\":true,\"valueName\":\"search_term_string\"}}],\"inLanguage\":\"hu\"}]}<\/script>\n<!-- \/ Yoast SEO plugin. -->","yoast_head_json":{"title":"Visszat\u00e9r\u00edt\u00e9si szab\u00e1lyzat \u2013 ScaleOrder sz\u00e1ll\u00edt\u00e1si \u00e9s visszak\u00fcld\u00e9si inform\u00e1ci\u00f3k","description":"Ismerje meg a ScaleOrder visszat\u00e9r\u00edt\u00e9si szab\u00e1lyzat\u00e1t, amely kiterjed a sz\u00e1ll\u00edt\u00e1si garanci\u00e1kra, a visszak\u00fcld\u00e9si felt\u00e9telekre \u00e9s a k\u00e9zbes\u00edtetlen vagy hib\u00e1s t\u00e9telek visszat\u00e9r\u00edt\u00e9s\u00e9re vonatkoz\u00f3 jogosults\u00e1gi felt\u00e9telekre.","robots":{"index":"index","follow":"follow","max-snippet":"max-snippet:-1","max-image-preview":"max-image-preview:large","max-video-preview":"max-video-preview:-1"},"canonical":"https:\/\/scaleorder.com\/hu\/visszateritesi-szabalyzat\/","og_locale":"hu_HU","og_type":"article","og_title":"Visszat\u00e9r\u00edt\u00e9si szab\u00e1lyzat \u2013 ScaleOrder sz\u00e1ll\u00edt\u00e1si \u00e9s visszak\u00fcld\u00e9si inform\u00e1ci\u00f3k","og_description":"Ismerje meg a ScaleOrder visszat\u00e9r\u00edt\u00e9si szab\u00e1lyzat\u00e1t, amely kiterjed a sz\u00e1ll\u00edt\u00e1si garanci\u00e1kra, a visszak\u00fcld\u00e9si felt\u00e9telekre \u00e9s a k\u00e9zbes\u00edtetlen vagy hib\u00e1s t\u00e9telek visszat\u00e9r\u00edt\u00e9s\u00e9re vonatkoz\u00f3 jogosults\u00e1gi felt\u00e9telekre.","og_url":"https:\/\/scaleorder.com\/hu\/visszateritesi-szabalyzat\/","og_site_name":"ScaleOrder Dropshipping","twitter_card":"summary_large_image","twitter_misc":{"Becs\u00fclt olvas\u00e1si id\u0151":"7 perc"},"schema":{"@context":"https:\/\/schema.org","@graph":[{"@type":"WebPage","@id":"https:\/\/scaleorder.com\/hu\/visszateritesi-szabalyzat\/","url":"https:\/\/scaleorder.com\/hu\/visszateritesi-szabalyzat\/","name":"Visszat\u00e9r\u00edt\u00e9si szab\u00e1lyzat \u2013 ScaleOrder sz\u00e1ll\u00edt\u00e1si \u00e9s visszak\u00fcld\u00e9si inform\u00e1ci\u00f3k","isPartOf":{"@id":"https:\/\/scaleorder.com\/#website"},"datePublished":"2024-07-22T02:06:51+00:00","description":"Ismerje meg a ScaleOrder visszat\u00e9r\u00edt\u00e9si szab\u00e1lyzat\u00e1t, amely kiterjed a sz\u00e1ll\u00edt\u00e1si garanci\u00e1kra, a visszak\u00fcld\u00e9si felt\u00e9telekre \u00e9s a k\u00e9zbes\u00edtetlen vagy hib\u00e1s t\u00e9telek visszat\u00e9r\u00edt\u00e9s\u00e9re vonatkoz\u00f3 jogosults\u00e1gi felt\u00e9telekre.","breadcrumb":{"@id":"https:\/\/scaleorder.com\/hu\/visszateritesi-szabalyzat\/#breadcrumb"},"inLanguage":"hu","potentialAction":[{"@type":"ReadAction","target":["https:\/\/scaleorder.com\/hu\/visszateritesi-szabalyzat\/"]}]},{"@type":"BreadcrumbList","@id":"https:\/\/scaleorder.com\/hu\/visszateritesi-szabalyzat\/#breadcrumb","itemListElement":[{"@type":"ListItem","position":1,"name":"Home","item":"https:\/\/scaleorder.com\/hu\/eleje\/"},{"@type":"ListItem","position":2,"name":"Visszat\u00e9r\u00edt\u00e9si szab\u00e1lyzat"}]},{"@type":"WebSite","@id":"https:\/\/scaleorder.com\/#website","url":"https:\/\/scaleorder.com\/","name":"ScaleOrder Dropshipping","description":"The Ultimate Branded Dropshipping Solution","potentialAction":[{"@type":"SearchAction","target":{"@type":"EntryPoint","urlTemplate":"https:\/\/scaleorder.com\/?s={search_term_string}"},"query-input":{"@type":"PropertyValueSpecification","valueRequired":true,"valueName":"search_term_string"}}],"inLanguage":"hu"}]}},"_links":{"self":[{"href":"https:\/\/scaleorder.com\/hu\/wp-json\/wp\/v2\/pages\/28667","targetHints":{"allow":["GET"]}}],"collection":[{"href":"https:\/\/scaleorder.com\/hu\/wp-json\/wp\/v2\/pages"}],"about":[{"href":"https:\/\/scaleorder.com\/hu\/wp-json\/wp\/v2\/types\/page"}],"author":[{"embeddable":true,"href":"https:\/\/scaleorder.com\/hu\/wp-json\/wp\/v2\/users\/1"}],"replies":[{"embeddable":true,"href":"https:\/\/scaleorder.com\/hu\/wp-json\/wp\/v2\/comments?post=28667"}],"version-history":[{"count":0,"href":"https:\/\/scaleorder.com\/hu\/wp-json\/wp\/v2\/pages\/28667\/revisions"}],"wp:attachment":[{"href":"https:\/\/scaleorder.com\/hu\/wp-json\/wp\/v2\/media?parent=28667"}],"curies":[{"name":"wp","href":"https:\/\/api.w.org\/{rel}","templated":true}]}}