{"id":28660,"date":"2024-07-05T12:39:55","date_gmt":"2024-07-05T04:39:55","guid":{"rendered":"https:\/\/scaleorder.com\/adatvedelem\/"},"modified":"2024-07-05T12:39:55","modified_gmt":"2024-07-05T04:39:55","slug":"adatvedelem","status":"publish","type":"page","link":"https:\/\/scaleorder.com\/hu\/adatvedelem\/","title":{"rendered":"Adatv\u00e9delem"},"content":{"rendered":"<div class=\"row justify-content-center\">\n<div class=\"col-md-12 col-xl-10\">\n<div class=\"tltle\">\n<p><!-- \n\n<h1 class=\"text-center mt-5\" style=\"font-weight:bold;\">Scaleorder Privacy Policy<\/h1>\n\n\n--><\/p>\n<div style=\"text-align: right;\" data-i18n=\"privacyPolicy.a.1\">Utolj\u00e1ra friss\u00edtve: 24. m\u00e1jus 2022<\/div>\n<\/div>\n<div class=\"text-content\">\n<div class=\"text-body\" data-i18n=\"privacyPolicy.a.2\">A Scaleorder &#8222;az alkalmaz\u00e1s&#8221; a Legfenntarthat\u00f3bb v\u00e1llalkoz\u00e1s &#8222;szolg\u00e1ltat\u00e1sa&#8221; szolg\u00e1ltat\u00e1st ny\u00fajtja azoknak a keresked\u0151knek, akik a Shopify-t haszn\u00e1lj\u00e1k \u00fczleteik m\u0171k\u00f6dtet\u00e9s\u00e9re. Ez az adatv\u00e9delmi szab\u00e1lyzat le\u00edrja, hogyan gy\u0171jtj\u00fck, haszn\u00e1ljuk fel \u00e9s osztjuk meg a szem\u00e9lyes adatokat, amikor telep\u00edti vagy haszn\u00e1lja az alkalmaz\u00e1st a Shopify \u00e1ltal t\u00e1mogatott \u00e1ruh\u00e1zzal kapcsolatban. <\/div>\n<div class=\"text-body\">\n<h3 data-i18n=\"privacyPolicy.a.3\">Az alkalmaz\u00e1s \u00e1ltal gy\u0171jt\u00f6tt szem\u00e9lyes adatok<\/h3>\n<div class=\"text-part\" data-i18n=\"privacyPolicy.a.4\">Az alkalmaz\u00e1s telep\u00edt\u00e9sekor automatikusan hozz\u00e1f\u00e9rhet\u00fcnk bizonyos t\u00edpus\u00fa inform\u00e1ci\u00f3khoz a Shopify-fi\u00f3kj\u00e1b\u00f3l. Ezenk\u00edv\u00fcl az alkalmaz\u00e1s telep\u00edt\u00e9se ut\u00e1n a k\u00f6vetkez\u0151 t\u00edpus\u00fa szem\u00e9lyes adatokat gy\u0171jtj\u00fck \u00d6nt\u0151l \u00e9s\/vagy \u00fcgyfeleit\u0151l. Inform\u00e1ci\u00f3k \u00d6nr\u0151l \u00e9s m\u00e1sokr\u00f3l, akik az \u00d6n \u00fczlete nev\u00e9ben hozz\u00e1f\u00e9rhetnek az alkalmaz\u00e1shoz, p\u00e9ld\u00e1ul az \u00d6n neve, c\u00edme, e-mail c\u00edme, telefonsz\u00e1ma \u00e9s sz\u00e1ml\u00e1z\u00e1si adatai; Az \u00d6n \u00e1ruh\u00e1z\u00e1t felkeres\u0151 szem\u00e9lyekre vonatkoz\u00f3 inform\u00e1ci\u00f3k, p\u00e9ld\u00e1ul IP-c\u00edm\u00fck, webb\u00f6ng\u00e9sz\u0151j\u00fck adatai, id\u0151z\u00f3n\u00e1juk \u00e9s az adott eszk\u00f6zre telep\u00edtett cookie-kra vonatkoz\u00f3 inform\u00e1ci\u00f3k. A szem\u00e9lyes adatokat k\u00f6zvetlen\u00fcl az \u00e9rintett szem\u00e9lyt\u0151l gy\u0171jtj\u00fck, az \u00d6n Shopify-fi\u00f3kj\u00e1n kereszt\u00fcl vagy a k\u00f6vetkez\u0151 technol\u00f3gi\u00e1k haszn\u00e1lat\u00e1val: A &#8222;cookie-k&#8221; olyan adatf\u00e1jlok, amelyek az \u00d6n eszk\u00f6z\u00e9n vagy sz\u00e1m\u00edt\u00f3g\u00e9p\u00e9n ker\u00fclnek elhelyez\u00e9sre, \u00e9s gyakran tartalmaznak n\u00e9vtelen egyedi azonos\u00edt\u00f3t. A cookie-kkal \u00e9s a cookie-k letilt\u00e1s\u00e1val kapcsolatos tov\u00e1bbi inform\u00e1ci\u00f3k\u00e9rt l\u00e1togasson el a k\u00f6vetkez\u0151 oldalra:<br \/>\n<a href=\"http:\/\/www.allaboutcookies.org\">http:\/\/www.allaboutcookies.org<\/a>. A &#8222;napl\u00f3f\u00e1jlok&#8221; nyomon k\u00f6vetik a webhelyen zajl\u00f3 m\u0171veleteket, \u00e9s adatokat gy\u0171jtenek, bele\u00e9rtve az \u00d6n IP-c\u00edm\u00e9t, b\u00f6ng\u00e9sz\u0151j\u00e9nek t\u00edpus\u00e1t, internetszolg\u00e1ltat\u00f3j\u00e1t, hivatkoz\u00f3\/kil\u00e9p\u0151 oldalakat \u00e9s d\u00e1tum-\/id\u0151b\u00e9lyegz\u0151ket. A &#8222;webjelz\u0151k&#8221;, &#8222;c\u00edmk\u00e9k&#8221; \u00e9s &#8222;pixelek&#8221; olyan elektronikus f\u00e1jlok, amelyek a webhely b\u00f6ng\u00e9sz\u00e9s\u00e9vel kapcsolatos inform\u00e1ci\u00f3k r\u00f6gz\u00edt\u00e9s\u00e9re szolg\u00e1lnak.  <\/div>\n<\/div>\n<div class=\"text-body\">\n<h3 data-i18n=\"privacyPolicy.a.7\">Hogyan haszn\u00e1ljuk fel az \u00d6n szem\u00e9lyes adatait?<\/h3>\n<div class=\"text-part\" data-i18n=\"privacyPolicy.a.8\">Az \u00d6nt\u0151l \u00e9s \u00fcgyfeleit\u0151l gy\u0171jt\u00f6tt szem\u00e9lyes adatokat a Szolg\u00e1ltat\u00e1s ny\u00fajt\u00e1s\u00e1hoz \u00e9s az Alkalmaz\u00e1s m\u0171k\u00f6dtet\u00e9s\u00e9hez haszn\u00e1ljuk fel. Ezenk\u00edv\u00fcl ezeket a szem\u00e9lyes adatokat a k\u00f6vetkez\u0151kre<br \/>\n haszn\u00e1ljuk: Kommunik\u00e1ci\u00f3 \u00d6nnel; Az alkalmaz\u00e1s optimaliz\u00e1l\u00e1sa vagy fejleszt\u00e9se; \u00e9s term\u00e9keinkkel vagy szolg\u00e1ltat\u00e1sainkkal kapcsolatos inform\u00e1ci\u00f3k vagy hirdet\u00e9sek ny\u00fajt\u00e1sa. <\/div>\n<\/div>\n<div class=\"text-body\">\n<h3 data-i18n=\"privacyPolicy.a.9\">Szem\u00e9lyes adatainak megoszt\u00e1sa<\/h3>\n<div class=\"text-part\" data-i18n=\"privacyPolicy.a.10\">V\u00e9g\u00fcl megoszthatjuk szem\u00e9lyes adatait a vonatkoz\u00f3 t\u00f6rv\u00e9nyek \u00e9s rendeletek betart\u00e1sa, id\u00e9z\u00e9sre, h\u00e1zkutat\u00e1si parancsra vagy m\u00e1s jogszer\u0171 inform\u00e1ci\u00f3k\u00e9r\u00e9sre val\u00f3 v\u00e1laszad\u00e1s vagy jogaink m\u00e1s v\u00e9delme \u00e9rdek\u00e9ben. Viselked\u00e9salap\u00fa hirdet\u00e9sek A fent le\u00edrtak szerint szem\u00e9lyes adatait arra haszn\u00e1ljuk, hogy c\u00e9lzott hirdet\u00e9seket vagy marketingkommunik\u00e1ci\u00f3t biztos\u00edtsunk \u00d6nnek, amelyekr\u0151l \u00fagy gondoljuk, hogy \u00e9rdekelhetik \u00d6nt. A c\u00e9lzott hirdet\u00e9sek m\u0171k\u00f6d\u00e9s\u00e9vel kapcsolatos tov\u00e1bbi inform\u00e1ci\u00f3k\u00e9rt l\u00e1togasson el a Network Advertising Initiative (&#8222;NAI&#8221;) oktat\u00e1si oldal\u00e1ra a <a href=\"http:\/\/www.networkadvertising.org\/understanding-online-advertising\/how-does-it-work\">http:\/\/www.networkadvertising.org\/understanding-online-advertising\/how-does-it-work.<\/a>  <\/div>\n<div class=\"text-part\" data-i18n=\"privacyPolicy.a.12\">A c\u00e9lzott hirdet\u00e9sekr\u0151l a k\u00f6vetkez\u0151 m\u00f3don iratkozhat le. Ezenk\u00edv\u00fcl leiratkozhat ezen szolg\u00e1ltat\u00e1sok n\u00e9melyik\u00e9r\u0151l, ha felkeresi a Digital Advertising Alliance leiratkoz\u00e1si port\u00e1lj\u00e1t a k\u00f6vetkez\u0151 c\u00edmen:<br \/>\n<a href=\"http:\/\/optout.aboutads.info\/\"><br \/>\nhttp:\/\/optout.aboutads.info\/<\/a>. Az \u00d6n jogai Ha \u00d6n eur\u00f3pai lakos, joga van hozz\u00e1f\u00e9rni az \u00d6nr\u0151l t\u00e1rolt szem\u00e9lyes adatokhoz, \u00e9s k\u00e9rheti szem\u00e9lyes adatainak helyesb\u00edt\u00e9s\u00e9t, friss\u00edt\u00e9s\u00e9t vagy t\u00f6rl\u00e9s\u00e9t. Ha \u00e9lni szeretne ezzel a jog\u00e1val, k\u00e9rj\u00fck, vegye fel vel\u00fcnk a kapcsolatot az al\u00e1bbi el\u00e9rhet\u0151s\u00e9geken. Tov\u00e1bb\u00e1, ha \u00d6n eur\u00f3pai lakos, megjegyezz\u00fck, hogy az \u00d6n adatait az \u00d6nnel k\u00f6t\u00f6tt szerz\u0151d\u00e9sek teljes\u00edt\u00e9se \u00e9rdek\u00e9ben dolgozzuk fel (p\u00e9ld\u00e1ul ha megrendel\u00e9st ad le a Webhelyen kereszt\u00fcl), vagy m\u00e1s m\u00f3don a fent felsorolt jogos \u00fczleti \u00e9rdekeink \u00e9rv\u00e9nyes\u00edt\u00e9se \u00e9rdek\u00e9ben. Ezenk\u00edv\u00fcl k\u00e9rj\u00fck, vegye figyelembe, hogy adatait Eur\u00f3p\u00e1n k\u00edv\u00fclre tov\u00e1bb\u00edtjuk, bele\u00e9rtve Kanad\u00e1t \u00e9s az Egyes\u00fclt \u00c1llamokat is. Adatmeg\u0151rz\u00e9s Amikor megrendel\u00e9st ad le a Webhelyen kereszt\u00fcl, meg\u0151rizz\u00fck a Rendel\u00e9si adatait nyilv\u00e1ntart\u00e1sunkban, kiv\u00e9ve, ha \u00e9s am\u00edg nem k\u00e9ri t\u0151l\u00fcnk ezen inform\u00e1ci\u00f3k t\u00f6rl\u00e9s\u00e9t. V\u00e1ltoz\u00e1sok Id\u0151r\u0151l id\u0151re friss\u00edthetj\u00fck ezt az adatv\u00e9delmi szab\u00e1lyzatot, hogy t\u00fckr\u00f6zze p\u00e9ld\u00e1ul a gyakorlatunkban bek\u00f6vetkezett v\u00e1ltoz\u00e1sokat, vagy egy\u00e9b m\u0171k\u00f6d\u00e9si, jogi vagy szab\u00e1lyoz\u00e1si okokb\u00f3l. L\u00e9pjen kapcsolatba vel\u00fcnk Ha tov\u00e1bbi inform\u00e1ci\u00f3ra van sz\u00fcks\u00e9ge adatv\u00e9delmi gyakorlatunkkal kapcsolatban, ha k\u00e9rd\u00e9se van, vagy panaszt szeretne tenni, k\u00e9rj\u00fck, vegye fel vel\u00fcnk a kapcsolatot e-mailben a support@scaleorder.com c\u00edmen vagy postai \u00faton az al\u00e1bbi el\u00e9rhet\u0151s\u00e9geken:       <\/div>\n<\/div>\n<\/div>\n<\/div>\n<\/div>\n","protected":false},"excerpt":{"rendered":"<p>Utolj\u00e1ra friss\u00edtve: 24. m\u00e1jus 2022 A Scaleorder &#8222;az alkalmaz\u00e1s&#8221; a Legfenntarthat\u00f3bb v\u00e1llalkoz\u00e1s &#8222;szolg\u00e1ltat\u00e1sa&#8221; szolg\u00e1ltat\u00e1st ny\u00fajtja azoknak a keresked\u0151knek, akik a Shopify-t haszn\u00e1lj\u00e1k \u00fczleteik m\u0171k\u00f6dtet\u00e9s\u00e9re. Ez az adatv\u00e9delmi szab\u00e1lyzat le\u00edrja, hogyan gy\u0171jtj\u00fck, haszn\u00e1ljuk fel \u00e9s osztjuk meg a szem\u00e9lyes adatokat, amikor telep\u00edti vagy haszn\u00e1lja az alkalmaz\u00e1st a Shopify \u00e1ltal t\u00e1mogatott \u00e1ruh\u00e1zzal kapcsolatban. Az alkalmaz\u00e1s \u00e1ltal gy\u0171jt\u00f6tt <a href=\"https:\/\/scaleorder.com\/hu\/adatvedelem\/\" class=\"more-link\">&#8230;<span class=\"screen-reader-text\">  Adatv\u00e9delem<\/span><\/a><\/p>\n","protected":false},"author":1,"featured_media":0,"parent":0,"menu_order":0,"comment_status":"closed","ping_status":"closed","template":"","meta":{"inline_featured_image":false,"footnotes":""},"class_list":["post-28660","page","type-page","status-publish","hentry"],"yoast_head":"<!-- This site is optimized with the Yoast SEO plugin v27.5 - https:\/\/yoast.com\/product\/yoast-seo-wordpress\/ -->\n<title>A ScaleOrder adatv\u00e9delmi ir\u00e1nyelvei \u2013 Adatbiztons\u00e1g \u00e9s felhaszn\u00e1l\u00f3i jogok<\/title>\n<meta name=\"description\" content=\"Olvassa el a ScaleOrder adatv\u00e9delmi szab\u00e1lyzat\u00e1t, hogy megismerje adatgy\u0171jt\u00e9si gyakorlatunkat, hogyan kezelj\u00fck az \u00d6n adatait, valamint az adatv\u00e9delemmel \u00e9s biztons\u00e1ggal kapcsolatos jogait.\" \/>\n<meta name=\"robots\" content=\"index, follow, max-snippet:-1, max-image-preview:large, max-video-preview:-1\" \/>\n<link rel=\"canonical\" href=\"https:\/\/scaleorder.com\/hu\/adatvedelem\/\" \/>\n<meta property=\"og:locale\" content=\"hu_HU\" \/>\n<meta property=\"og:type\" content=\"article\" \/>\n<meta property=\"og:title\" content=\"A ScaleOrder adatv\u00e9delmi ir\u00e1nyelvei \u2013 Adatbiztons\u00e1g \u00e9s felhaszn\u00e1l\u00f3i jogok\" \/>\n<meta property=\"og:description\" content=\"Olvassa el a ScaleOrder adatv\u00e9delmi szab\u00e1lyzat\u00e1t, hogy megismerje adatgy\u0171jt\u00e9si gyakorlatunkat, hogyan kezelj\u00fck az \u00d6n adatait, valamint az adatv\u00e9delemmel \u00e9s biztons\u00e1ggal kapcsolatos jogait.\" \/>\n<meta property=\"og:url\" content=\"https:\/\/scaleorder.com\/hu\/adatvedelem\/\" \/>\n<meta property=\"og:site_name\" content=\"ScaleOrder Dropshipping\" \/>\n<meta name=\"twitter:card\" content=\"summary_large_image\" \/>\n<meta name=\"twitter:label1\" content=\"Becs\u00fclt olvas\u00e1si id\u0151\" \/>\n\t<meta name=\"twitter:data1\" content=\"5 perc\" \/>\n<script type=\"application\/ld+json\" class=\"yoast-schema-graph\">{\"@context\":\"https:\\\/\\\/schema.org\",\"@graph\":[{\"@type\":\"WebPage\",\"@id\":\"https:\\\/\\\/scaleorder.com\\\/hu\\\/adatvedelem\\\/\",\"url\":\"https:\\\/\\\/scaleorder.com\\\/hu\\\/adatvedelem\\\/\",\"name\":\"A ScaleOrder adatv\u00e9delmi ir\u00e1nyelvei \u2013 Adatbiztons\u00e1g \u00e9s felhaszn\u00e1l\u00f3i jogok\",\"isPartOf\":{\"@id\":\"https:\\\/\\\/scaleorder.com\\\/#website\"},\"datePublished\":\"2024-07-05T04:39:55+00:00\",\"description\":\"Olvassa el a ScaleOrder adatv\u00e9delmi szab\u00e1lyzat\u00e1t, hogy megismerje adatgy\u0171jt\u00e9si gyakorlatunkat, hogyan kezelj\u00fck az \u00d6n adatait, valamint az adatv\u00e9delemmel \u00e9s biztons\u00e1ggal kapcsolatos jogait.\",\"breadcrumb\":{\"@id\":\"https:\\\/\\\/scaleorder.com\\\/hu\\\/adatvedelem\\\/#breadcrumb\"},\"inLanguage\":\"hu\",\"potentialAction\":[{\"@type\":\"ReadAction\",\"target\":[\"https:\\\/\\\/scaleorder.com\\\/hu\\\/adatvedelem\\\/\"]}]},{\"@type\":\"BreadcrumbList\",\"@id\":\"https:\\\/\\\/scaleorder.com\\\/hu\\\/adatvedelem\\\/#breadcrumb\",\"itemListElement\":[{\"@type\":\"ListItem\",\"position\":1,\"name\":\"Home\",\"item\":\"https:\\\/\\\/scaleorder.com\\\/hu\\\/eleje\\\/\"},{\"@type\":\"ListItem\",\"position\":2,\"name\":\"Adatv\u00e9delem\"}]},{\"@type\":\"WebSite\",\"@id\":\"https:\\\/\\\/scaleorder.com\\\/#website\",\"url\":\"https:\\\/\\\/scaleorder.com\\\/\",\"name\":\"ScaleOrder Dropshipping\",\"description\":\"The Ultimate Branded Dropshipping Solution\",\"potentialAction\":[{\"@type\":\"SearchAction\",\"target\":{\"@type\":\"EntryPoint\",\"urlTemplate\":\"https:\\\/\\\/scaleorder.com\\\/?s={search_term_string}\"},\"query-input\":{\"@type\":\"PropertyValueSpecification\",\"valueRequired\":true,\"valueName\":\"search_term_string\"}}],\"inLanguage\":\"hu\"}]}<\/script>\n<!-- \/ Yoast SEO plugin. -->","yoast_head_json":{"title":"A ScaleOrder adatv\u00e9delmi ir\u00e1nyelvei \u2013 Adatbiztons\u00e1g \u00e9s felhaszn\u00e1l\u00f3i jogok","description":"Olvassa el a ScaleOrder adatv\u00e9delmi szab\u00e1lyzat\u00e1t, hogy megismerje adatgy\u0171jt\u00e9si gyakorlatunkat, hogyan kezelj\u00fck az \u00d6n adatait, valamint az adatv\u00e9delemmel \u00e9s biztons\u00e1ggal kapcsolatos jogait.","robots":{"index":"index","follow":"follow","max-snippet":"max-snippet:-1","max-image-preview":"max-image-preview:large","max-video-preview":"max-video-preview:-1"},"canonical":"https:\/\/scaleorder.com\/hu\/adatvedelem\/","og_locale":"hu_HU","og_type":"article","og_title":"A ScaleOrder adatv\u00e9delmi ir\u00e1nyelvei \u2013 Adatbiztons\u00e1g \u00e9s felhaszn\u00e1l\u00f3i jogok","og_description":"Olvassa el a ScaleOrder adatv\u00e9delmi szab\u00e1lyzat\u00e1t, hogy megismerje adatgy\u0171jt\u00e9si gyakorlatunkat, hogyan kezelj\u00fck az \u00d6n adatait, valamint az adatv\u00e9delemmel \u00e9s biztons\u00e1ggal kapcsolatos jogait.","og_url":"https:\/\/scaleorder.com\/hu\/adatvedelem\/","og_site_name":"ScaleOrder Dropshipping","twitter_card":"summary_large_image","twitter_misc":{"Becs\u00fclt olvas\u00e1si id\u0151":"5 perc"},"schema":{"@context":"https:\/\/schema.org","@graph":[{"@type":"WebPage","@id":"https:\/\/scaleorder.com\/hu\/adatvedelem\/","url":"https:\/\/scaleorder.com\/hu\/adatvedelem\/","name":"A ScaleOrder adatv\u00e9delmi ir\u00e1nyelvei \u2013 Adatbiztons\u00e1g \u00e9s felhaszn\u00e1l\u00f3i jogok","isPartOf":{"@id":"https:\/\/scaleorder.com\/#website"},"datePublished":"2024-07-05T04:39:55+00:00","description":"Olvassa el a ScaleOrder adatv\u00e9delmi szab\u00e1lyzat\u00e1t, hogy megismerje adatgy\u0171jt\u00e9si gyakorlatunkat, hogyan kezelj\u00fck az \u00d6n adatait, valamint az adatv\u00e9delemmel \u00e9s biztons\u00e1ggal kapcsolatos jogait.","breadcrumb":{"@id":"https:\/\/scaleorder.com\/hu\/adatvedelem\/#breadcrumb"},"inLanguage":"hu","potentialAction":[{"@type":"ReadAction","target":["https:\/\/scaleorder.com\/hu\/adatvedelem\/"]}]},{"@type":"BreadcrumbList","@id":"https:\/\/scaleorder.com\/hu\/adatvedelem\/#breadcrumb","itemListElement":[{"@type":"ListItem","position":1,"name":"Home","item":"https:\/\/scaleorder.com\/hu\/eleje\/"},{"@type":"ListItem","position":2,"name":"Adatv\u00e9delem"}]},{"@type":"WebSite","@id":"https:\/\/scaleorder.com\/#website","url":"https:\/\/scaleorder.com\/","name":"ScaleOrder Dropshipping","description":"The Ultimate Branded Dropshipping Solution","potentialAction":[{"@type":"SearchAction","target":{"@type":"EntryPoint","urlTemplate":"https:\/\/scaleorder.com\/?s={search_term_string}"},"query-input":{"@type":"PropertyValueSpecification","valueRequired":true,"valueName":"search_term_string"}}],"inLanguage":"hu"}]}},"_links":{"self":[{"href":"https:\/\/scaleorder.com\/hu\/wp-json\/wp\/v2\/pages\/28660","targetHints":{"allow":["GET"]}}],"collection":[{"href":"https:\/\/scaleorder.com\/hu\/wp-json\/wp\/v2\/pages"}],"about":[{"href":"https:\/\/scaleorder.com\/hu\/wp-json\/wp\/v2\/types\/page"}],"author":[{"embeddable":true,"href":"https:\/\/scaleorder.com\/hu\/wp-json\/wp\/v2\/users\/1"}],"replies":[{"embeddable":true,"href":"https:\/\/scaleorder.com\/hu\/wp-json\/wp\/v2\/comments?post=28660"}],"version-history":[{"count":0,"href":"https:\/\/scaleorder.com\/hu\/wp-json\/wp\/v2\/pages\/28660\/revisions"}],"wp:attachment":[{"href":"https:\/\/scaleorder.com\/hu\/wp-json\/wp\/v2\/media?parent=28660"}],"curies":[{"name":"wp","href":"https:\/\/api.w.org\/{rel}","templated":true}]}}