{"id":28646,"date":"2025-07-01T14:00:41","date_gmt":"2025-07-01T06:00:41","guid":{"rendered":"https:\/\/scaleorder.com\/lazada-scaleorder-tartalom\/"},"modified":"2025-07-01T14:00:41","modified_gmt":"2025-07-01T06:00:41","slug":"lazada-scaleorder-tartalom","status":"publish","type":"page","link":"https:\/\/scaleorder.com\/hu\/lazada-scaleorder-tartalom\/","title":{"rendered":"Lazada Scaleorder tartalom"},"content":{"rendered":"<h3>Hogyan kezdj\u00fck el <span class=\"themecolor\">a dropshippinget a Lazad\u00e1n?<\/span><\/h3>\n<p>A <strong><span class=\"themecolor\"><em> Lazada dropshipping<\/em><\/span><\/strong> <span class=\"themecolor\">megkezd\u00e9se<\/span> sz\u00e1mos kulcsfontoss\u00e1g\u00fa l\u00e9p\u00e9st foglal mag\u00e1ban, az \u00fczlet fel\u00e1ll\u00edt\u00e1s\u00e1t\u00f3l a megb\u00edzhat\u00f3 besz\u00e1ll\u00edt\u00f3k kiv\u00e1laszt\u00e1s\u00e1ig \u00e9s az \u00fcgyfelek megrendel\u00e9seinek kezel\u00e9s\u00e9ig. \u00cdme a folyamat l\u00e9p\u00e9sr\u0151l l\u00e9p\u00e9sre t\u00f6rt\u00e9n\u0151 lebont\u00e1sa: <\/p>\n<p><strong>1. Hozza l\u00e9tre elad\u00f3i fi\u00f3kj\u00e1t:<\/strong>Az els\u0151 l\u00e9p\u00e9s az,<br \/>\nhogy regisztr\u00e1ljon elad\u00f3k\u00e9nt a Lazada platformon. L\u00e1togasson el a Lazada Elad\u00f3i K\u00f6zpontba, \u00e9s regisztr\u00e1ljon a sz\u00fcks\u00e9ges adatok, p\u00e9ld\u00e1ul \u00fczleti adatok, banksz\u00e1mlaadatok \u00e9s ad\u00f3regisztr\u00e1ci\u00f3 megad\u00e1s\u00e1val, ha van ilyen. Az ellen\u0151rz\u00e9s ut\u00e1n hozz\u00e1f\u00e9r\u00e9st kap az elad\u00f3 ir\u00e1ny\u00edt\u00f3pultj\u00e1hoz, ahol kezelheti term\u00e9keit \u00e9s megrendel\u00e9seit.  <\/p>\n<p><strong>2. V\u00e1lassza ki a r\u00e9st \u00e9s a term\u00e9keket:<\/strong><br \/>\n A megfelel\u0151 term\u00e9kek kiv\u00e1laszt\u00e1sa kulcsfontoss\u00e1g\u00fa a Lazada dropshipping \u00fczlet\u00e1g siker\u00e9hez. V\u00e1lasszon ki egy olyan r\u00e9st, amely \u00e9rdekli \u00d6nt \u00e9s igazodik a piaci kereslethez. A Lazada n\u00e9pszer\u0171 kateg\u00f3ri\u00e1i k\u00f6z\u00e9 tartozik az elektronika, a divat, a sz\u00e9ps\u00e9g\u00e1pol\u00e1si term\u00e9kek, az eg\u00e9szs\u00e9g\u00fcgyi kieg\u00e9sz\u00edt\u0151k \u00e9s a h\u00e1ztart\u00e1si cikkek. V\u00e9gezzen piackutat\u00e1st a felkapott term\u00e9kek azonos\u00edt\u00e1sa \u00e9s a v\u00e1lasztott r\u00e9s verseny\u00e9nek meg\u00e9rt\u00e9se \u00e9rdek\u00e9ben.   <\/p>\n<p><strong>3. Keressen megb\u00edzhat\u00f3 besz\u00e1ll\u00edt\u00f3kat:<\/strong><br \/>\nHa megvan a r\u00e9s, a k\u00f6vetkez\u0151 l\u00e9p\u00e9s az, hogy megb\u00edzhat\u00f3 L<span data-sheets-root=\"1\">azada dropshipping besz\u00e1ll\u00edt\u00f3t<\/span> tal\u00e1ljon, aki biztos\u00edtja az eladni k\u00edv\u00e1nt term\u00e9keket. A Lazada besz\u00e1ll\u00edt\u00f3i h\u00e1l\u00f3zatot k\u00edn\u00e1l, de harmadik f\u00e9lt\u0151l sz\u00e1rmaz\u00f3 platformokr\u00f3l is beszerezhet term\u00e9keket, p\u00e9ld\u00e1ul az AliExpressr\u0151l, a helyi nagykeresked\u0151kr\u0151l vagy m\u00e1s dropshipping besz\u00e1ll\u00edt\u00f3kr\u00f3l. Fontos, hogy olyan besz\u00e1ll\u00edt\u00f3kat v\u00e1lasszunk, akik kiv\u00e1l\u00f3 min\u0151s\u00e9g\u0171 term\u00e9keket, megb\u00edzhat\u00f3 sz\u00e1ll\u00edt\u00e1si m\u00f3dokat \u00e9s versenyk\u00e9pes \u00e1rakat k\u00edn\u00e1lnak.  <\/p>\n<p><strong>4. Sorolja fel term\u00e9keit:<\/strong><br \/>\nHa besz\u00e1ll\u00edt\u00f3i felsorakoznak, most m\u00e1r l\u00e9trehozhatja term\u00e9klist\u00e1it a Lazad\u00e1n. A kiv\u00e1l\u00f3 min\u0151s\u00e9g\u0171 term\u00e9kk\u00e9pek, a r\u00e9szletes le\u00edr\u00e1sok \u00e9s a pontos \u00e1rak elengedhetetlenek az \u00fcgyfelek vonz\u00e1s\u00e1hoz. A Lazada eszk\u00f6z\u00f6ket biztos\u00edt a term\u00e9klist\u00e1k felt\u00f6lt\u00e9s\u00e9hez \u00e9s kezel\u00e9s\u00e9hez, ez\u00e9rt rendszeresen friss\u00edtse \u0151ket, hogy relev\u00e1nsak maradjanak.  <\/p>\n<p><strong>5. Forgalmazza \u00fczlet\u00e9t:<\/strong><br \/>\nA Lazada siker\u00e9hez forgalmat kell ir\u00e1ny\u00edtania \u00fczlet\u00e9be. A Lazada k\u00fcl\u00f6nf\u00e9le marketingeszk\u00f6z\u00f6ket k\u00edn\u00e1l, bele\u00e9rtve a prom\u00f3ci\u00f3s kamp\u00e1nyokat \u00e9s a hirdet\u00e9si funkci\u00f3kat. A k\u00f6z\u00f6ss\u00e9gi m\u00e9dia marketinget, az influencer egy\u00fcttm\u0171k\u00f6d\u00e9seket \u00e9s az e-mail marketinget is haszn\u00e1lhatja, hogy sz\u00e9lesebb k\u00f6z\u00f6ns\u00e9get \u00e9rjen el. A kedvezm\u00e9nyek, a vill\u00e1m\u00e9rt\u00e9kes\u00edt\u00e9s \u00e9s a term\u00e9kek k\u00f6tegel\u00e9se szint\u00e9n n\u00f6velheti a l\u00e1that\u00f3s\u00e1got \u00e9s az elad\u00e1sokat.   <\/p>\n<p><strong>6. Megrendel\u00e9sek \u00e9s \u00fcgyf\u00e9lszolg\u00e1lat kezel\u00e9se:<\/strong><br \/>\n Amikor egy \u00fcgyf\u00e9l megrendel\u00e9st ad le, tov\u00e1bb\u00edtja az adatokat a sz\u00e1ll\u00edt\u00f3j\u00e1nak, aki ezt k\u00f6vet\u0151en teljes\u00edti a megrendel\u00e9st \u00fagy, hogy k\u00f6zvetlen\u00fcl az \u00fcgyf\u00e9lnek sz\u00e1ll\u00edtja. A Lazada logisztikai h\u00e1l\u00f3zata seg\u00edthet a sz\u00e1ll\u00edt\u00e1sban \u00e9s a nyomon k\u00f6vet\u00e9sben. Elengedhetetlen azonban a megrendel\u00e9sek szoros figyelemmel k\u00eds\u00e9r\u00e9se az id\u0151ben t\u00f6rt\u00e9n\u0151 sz\u00e1ll\u00edt\u00e1s biztos\u00edt\u00e1sa \u00e9s a felmer\u00fcl\u0151 probl\u00e9m\u00e1k megold\u00e1sa \u00e9rdek\u00e9ben. A kiv\u00e1l\u00f3 \u00fcgyf\u00e9lszolg\u00e1lat biztos\u00edt\u00e1sa, a k\u00e9rd\u00e9sek megv\u00e1laszol\u00e1sa \u00e9s az agg\u00e1lyok azonnali kezel\u00e9se seg\u00edt ki\u00e9p\u00edteni a bizalmat \u00e9s a h\u0171s\u00e9get \u00fcgyfeleivel.   <\/p>\n<p><strong>7. Optimaliz\u00e1lja \u00fczlet\u00e9t a n\u00f6veked\u00e9s \u00e9rdek\u00e9ben:<\/strong><br \/>\nMiut\u00e1n \u00fczlete elindult, folyamatosan elemezze \u00e9s optimaliz\u00e1lja m\u0171k\u00f6d\u00e9s\u00e9t. K\u00f6vesse nyomon \u00e9rt\u00e9kes\u00edt\u00e9s\u00e9t, k\u00f6vesse nyomon az \u00fcgyfelek viselked\u00e9s\u00e9t, \u00e9s ennek megfelel\u0151en m\u00f3dos\u00edtsa strat\u00e9gi\u00e1it. A Lazada elemz\u0151 eszk\u00f6zeivel meg\u00e9rtheti teljes\u00edtm\u00e9ny\u00e9t, azonos\u00edthatja a trendeket, \u00e9s megtal\u00e1lhatja a fejleszt\u00e9sre szorul\u00f3 ter\u00fcleteket. Ezenk\u00edv\u00fcl a versenyt\u00e1rsak \u00e9s a piaci trendek szemmel tart\u00e1sa seg\u00edt abban, hogy a g\u00f6rbe el\u0151tt maradjon.   <\/p>\n<h3><span class=\"themecolor\">Legjobb gyakorlatok a sikerhez<\/span><\/h3>\n<p><strong>Versenyk\u00e9pes \u00e1rk\u00e9pz\u00e9s<\/strong> : \u00c1razza be term\u00e9keit versenyk\u00e9pesen, hogy vonzza a v\u00e1s\u00e1rl\u00f3kat, mik\u00f6zben \u00e9sszer\u0171 haszonkulcsot biztos\u00edt. N\u00e9zze meg a versenyt\u00e1rsak hasonl\u00f3 term\u00e9keit, \u00e9s ennek megfelel\u0151en m\u00f3dos\u00edtsa. <\/p>\n<p><strong>F\u00f3kuszban a term\u00e9kmin\u0151s\u00e9g:<\/strong> A Lazada dropshipping \u00fczlet sikere az \u00d6n \u00e1ltal \u00e9rt\u00e9kes\u00edtett term\u00e9kek min\u0151s\u00e9g\u00e9t\u0151l f\u00fcgg. Gondoskodjon arr\u00f3l, hogy besz\u00e1ll\u00edt\u00f3i megb\u00edzhat\u00f3, kiv\u00e1l\u00f3 min\u0151s\u00e9g\u0171 term\u00e9keket biztos\u00edtsanak, hogy elker\u00fclj\u00e9k az \u00fcgyfelek el\u00e9gedetlens\u00e9g\u00e9t \u00e9s a visszak\u00fcld\u00e9st. <\/p>\n<p><strong>Kiv\u00e1l\u00f3 \u00fcgyf\u00e9lszolg\u00e1lat biztos\u00edt\u00e1sa:<\/strong> A j\u00f3 \u00fcgyf\u00e9lszolg\u00e1lat kulcsfontoss\u00e1g\u00fa az \u00fcgyfelekkel val\u00f3 hossz\u00fa t\u00e1v\u00fa kapcsolatok ki\u00e9p\u00edt\u00e9s\u00e9hez. Legyen reag\u00e1l\u00f3, azonnal kezelje a probl\u00e9m\u00e1kat, \u00e9s biztos\u00edtsa, hogy az \u00fcgyfelek z\u00f6kken\u0151mentes v\u00e1s\u00e1rl\u00e1si \u00e9lm\u00e9nyben r\u00e9szes\u00fcljenek. <\/p>\n<p><strong>Adatok \u00e9s elemz\u00e9sek haszn\u00e1lata:<\/strong> Haszn\u00e1lja ki a Lazada \u00e1ltal biztos\u00edtott elemz\u0151 eszk\u00f6z\u00f6ket teljes\u00edtm\u00e9ny\u00e9nek nyomon k\u00f6vet\u00e9s\u00e9re \u00e9s adatvez\u00e9relt d\u00f6nt\u00e9sek meghozatal\u00e1ra. K\u00f6vesse nyomon \u00e9rt\u00e9kes\u00edt\u00e9s\u00e9t, forgalm\u00e1t \u00e9s v\u00e1s\u00e1rl\u00f3i visszajelz\u00e9seit a list\u00e1k \u00e9s marketingstrat\u00e9gi\u00e1k optimaliz\u00e1l\u00e1sa \u00e9rdek\u00e9ben. <\/p>\n<p><strong>Tartsa fenn a megfelel\u0151s\u00e9get:<\/strong> Mindig tartsa be a Lazada ir\u00e1nyelveit, bele\u00e9rtve a term\u00e9klist\u00e1kkal, a sz\u00e1ll\u00edt\u00e1ssal \u00e9s az \u00fcgyf\u00e9lszolg\u00e1lattal kapcsolatos ir\u00e1nyelveket is. A megfelel\u0151s\u00e9g biztos\u00edtja, hogy elker\u00fclje a b\u00fcntet\u00e9seket, \u00e9s j\u00f3 poz\u00edci\u00f3t tartson fenn a platformon. <\/p>\n<p><strong>A Lazada dropshipping<\/strong> kiv\u00e1l\u00f3 lehet\u0151s\u00e9get k\u00edn\u00e1l azoknak a v\u00e1llalkoz\u00f3knak, akik minim\u00e1lis el\u0151zetes befektet\u00e9ssel szeretn\u00e9nek bel\u00e9pni D\u00e9lkelet-\u00c1zsia e-kereskedelmi piac\u00e1ra. A Lazada hatalmas \u00fcgyf\u00e9lk\u00f6r\u00e9nek, ki\u00e9p\u00edtett logisztikai h\u00e1l\u00f3zat\u00e1nak \u00e9s felhaszn\u00e1l\u00f3bar\u00e1t platformj\u00e1nak kihaszn\u00e1l\u00e1s\u00e1val sikeres dropshipping \u00fczletet \u00e9p\u00edthet ki. <\/p>\n","protected":false},"excerpt":{"rendered":"<p>Hogyan kezdj\u00fck el a dropshippinget a Lazad\u00e1n? A Lazada dropshipping megkezd\u00e9se sz\u00e1mos kulcsfontoss\u00e1g\u00fa l\u00e9p\u00e9st foglal mag\u00e1ban, az \u00fczlet fel\u00e1ll\u00edt\u00e1s\u00e1t\u00f3l a megb\u00edzhat\u00f3 besz\u00e1ll\u00edt\u00f3k kiv\u00e1laszt\u00e1s\u00e1ig \u00e9s az \u00fcgyfelek megrendel\u00e9seinek kezel\u00e9s\u00e9ig. \u00cdme a folyamat l\u00e9p\u00e9sr\u0151l l\u00e9p\u00e9sre t\u00f6rt\u00e9n\u0151 lebont\u00e1sa: 1. Hozza l\u00e9tre elad\u00f3i fi\u00f3kj\u00e1t:Az els\u0151 l\u00e9p\u00e9s az, hogy regisztr\u00e1ljon elad\u00f3k\u00e9nt a Lazada platformon. L\u00e1togasson el a Lazada Elad\u00f3i K\u00f6zpontba, <a href=\"https:\/\/scaleorder.com\/hu\/lazada-scaleorder-tartalom\/\" class=\"more-link\">&#8230;<span class=\"screen-reader-text\">  Lazada Scaleorder tartalom<\/span><\/a><\/p>\n","protected":false},"author":1,"featured_media":0,"parent":0,"menu_order":0,"comment_status":"closed","ping_status":"closed","template":"","meta":{"inline_featured_image":false,"footnotes":""},"class_list":["post-28646","page","type-page","status-publish","hentry"],"yoast_head":"<!-- This site is optimized with the Yoast SEO plugin v27.4 - https:\/\/yoast.com\/product\/yoast-seo-wordpress\/ -->\n<title>Lazada Scaleorder tartalom - ScaleOrder Dropshipping<\/title>\n<meta name=\"description\" content=\"Hogyan kezdj\u00fck el a dropshippinget a Lazad\u00e1n? A Lazada dropshipping megkezd\u00e9se sz\u00e1mos kulcsfontoss\u00e1g\u00fa l\u00e9p\u00e9st foglal mag\u00e1ban, az \u00fczlet fel\u00e1ll\u00edt\u00e1s\u00e1t\u00f3l a\" \/>\n<meta name=\"robots\" content=\"index, follow, max-snippet:-1, max-image-preview:large, max-video-preview:-1\" \/>\n<link rel=\"canonical\" href=\"https:\/\/scaleorder.com\/lazada-scaleorder-tartalom\/\" \/>\n<meta property=\"og:locale\" content=\"hu_HU\" \/>\n<meta property=\"og:type\" content=\"article\" \/>\n<meta property=\"og:title\" content=\"Lazada Scaleorder tartalom - ScaleOrder Dropshipping\" \/>\n<meta property=\"og:description\" content=\"Hogyan kezdj\u00fck el a dropshippinget a Lazad\u00e1n? A Lazada dropshipping megkezd\u00e9se sz\u00e1mos kulcsfontoss\u00e1g\u00fa l\u00e9p\u00e9st foglal mag\u00e1ban, az \u00fczlet fel\u00e1ll\u00edt\u00e1s\u00e1t\u00f3l a\" \/>\n<meta property=\"og:url\" content=\"https:\/\/scaleorder.com\/lazada-scaleorder-tartalom\/\" \/>\n<meta property=\"og:site_name\" content=\"ScaleOrder Dropshipping\" \/>\n<meta name=\"twitter:card\" content=\"summary_large_image\" \/>\n<meta name=\"twitter:label1\" content=\"Becs\u00fclt olvas\u00e1si id\u0151\" \/>\n\t<meta name=\"twitter:data1\" content=\"6 perc\" \/>\n<script type=\"application\/ld+json\" class=\"yoast-schema-graph\">{\"@context\":\"https:\\\/\\\/schema.org\",\"@graph\":[{\"@type\":\"WebPage\",\"@id\":\"https:\\\/\\\/scaleorder.com\\\/lazada-scaleorder-tartalom\\\/\",\"url\":\"https:\\\/\\\/scaleorder.com\\\/lazada-scaleorder-tartalom\\\/\",\"name\":\"Lazada Scaleorder tartalom - ScaleOrder Dropshipping\",\"isPartOf\":{\"@id\":\"https:\\\/\\\/scaleorder.com\\\/#website\"},\"datePublished\":\"2025-07-01T06:00:41+00:00\",\"description\":\"Hogyan kezdj\u00fck el a dropshippinget a Lazad\u00e1n? A Lazada dropshipping megkezd\u00e9se sz\u00e1mos kulcsfontoss\u00e1g\u00fa l\u00e9p\u00e9st foglal mag\u00e1ban, az \u00fczlet fel\u00e1ll\u00edt\u00e1s\u00e1t\u00f3l a\",\"breadcrumb\":{\"@id\":\"https:\\\/\\\/scaleorder.com\\\/lazada-scaleorder-tartalom\\\/#breadcrumb\"},\"inLanguage\":\"hu\",\"potentialAction\":[{\"@type\":\"ReadAction\",\"target\":[\"https:\\\/\\\/scaleorder.com\\\/lazada-scaleorder-tartalom\\\/\"]}]},{\"@type\":\"BreadcrumbList\",\"@id\":\"https:\\\/\\\/scaleorder.com\\\/lazada-scaleorder-tartalom\\\/#breadcrumb\",\"itemListElement\":[{\"@type\":\"ListItem\",\"position\":1,\"name\":\"Home\",\"item\":\"https:\\\/\\\/scaleorder.com\\\/hu\\\/eleje\\\/\"},{\"@type\":\"ListItem\",\"position\":2,\"name\":\"Lazada Scaleorder tartalom\"}]},{\"@type\":\"WebSite\",\"@id\":\"https:\\\/\\\/scaleorder.com\\\/#website\",\"url\":\"https:\\\/\\\/scaleorder.com\\\/\",\"name\":\"ScaleOrder Dropshipping\",\"description\":\"The Ultimate Branded Dropshipping Solution\",\"potentialAction\":[{\"@type\":\"SearchAction\",\"target\":{\"@type\":\"EntryPoint\",\"urlTemplate\":\"https:\\\/\\\/scaleorder.com\\\/?s={search_term_string}\"},\"query-input\":{\"@type\":\"PropertyValueSpecification\",\"valueRequired\":true,\"valueName\":\"search_term_string\"}}],\"inLanguage\":\"hu\"}]}<\/script>\n<!-- \/ Yoast SEO plugin. -->","yoast_head_json":{"title":"Lazada Scaleorder tartalom - ScaleOrder Dropshipping","description":"Hogyan kezdj\u00fck el a dropshippinget a Lazad\u00e1n? A Lazada dropshipping megkezd\u00e9se sz\u00e1mos kulcsfontoss\u00e1g\u00fa l\u00e9p\u00e9st foglal mag\u00e1ban, az \u00fczlet fel\u00e1ll\u00edt\u00e1s\u00e1t\u00f3l a","robots":{"index":"index","follow":"follow","max-snippet":"max-snippet:-1","max-image-preview":"max-image-preview:large","max-video-preview":"max-video-preview:-1"},"canonical":"https:\/\/scaleorder.com\/lazada-scaleorder-tartalom\/","og_locale":"hu_HU","og_type":"article","og_title":"Lazada Scaleorder tartalom - ScaleOrder Dropshipping","og_description":"Hogyan kezdj\u00fck el a dropshippinget a Lazad\u00e1n? A Lazada dropshipping megkezd\u00e9se sz\u00e1mos kulcsfontoss\u00e1g\u00fa l\u00e9p\u00e9st foglal mag\u00e1ban, az \u00fczlet fel\u00e1ll\u00edt\u00e1s\u00e1t\u00f3l a","og_url":"https:\/\/scaleorder.com\/lazada-scaleorder-tartalom\/","og_site_name":"ScaleOrder Dropshipping","twitter_card":"summary_large_image","twitter_misc":{"Becs\u00fclt olvas\u00e1si id\u0151":"6 perc"},"schema":{"@context":"https:\/\/schema.org","@graph":[{"@type":"WebPage","@id":"https:\/\/scaleorder.com\/lazada-scaleorder-tartalom\/","url":"https:\/\/scaleorder.com\/lazada-scaleorder-tartalom\/","name":"Lazada Scaleorder tartalom - ScaleOrder Dropshipping","isPartOf":{"@id":"https:\/\/scaleorder.com\/#website"},"datePublished":"2025-07-01T06:00:41+00:00","description":"Hogyan kezdj\u00fck el a dropshippinget a Lazad\u00e1n? A Lazada dropshipping megkezd\u00e9se sz\u00e1mos kulcsfontoss\u00e1g\u00fa l\u00e9p\u00e9st foglal mag\u00e1ban, az \u00fczlet fel\u00e1ll\u00edt\u00e1s\u00e1t\u00f3l a","breadcrumb":{"@id":"https:\/\/scaleorder.com\/lazada-scaleorder-tartalom\/#breadcrumb"},"inLanguage":"hu","potentialAction":[{"@type":"ReadAction","target":["https:\/\/scaleorder.com\/lazada-scaleorder-tartalom\/"]}]},{"@type":"BreadcrumbList","@id":"https:\/\/scaleorder.com\/lazada-scaleorder-tartalom\/#breadcrumb","itemListElement":[{"@type":"ListItem","position":1,"name":"Home","item":"https:\/\/scaleorder.com\/hu\/eleje\/"},{"@type":"ListItem","position":2,"name":"Lazada Scaleorder tartalom"}]},{"@type":"WebSite","@id":"https:\/\/scaleorder.com\/#website","url":"https:\/\/scaleorder.com\/","name":"ScaleOrder Dropshipping","description":"The Ultimate Branded Dropshipping Solution","potentialAction":[{"@type":"SearchAction","target":{"@type":"EntryPoint","urlTemplate":"https:\/\/scaleorder.com\/?s={search_term_string}"},"query-input":{"@type":"PropertyValueSpecification","valueRequired":true,"valueName":"search_term_string"}}],"inLanguage":"hu"}]}},"_links":{"self":[{"href":"https:\/\/scaleorder.com\/hu\/wp-json\/wp\/v2\/pages\/28646","targetHints":{"allow":["GET"]}}],"collection":[{"href":"https:\/\/scaleorder.com\/hu\/wp-json\/wp\/v2\/pages"}],"about":[{"href":"https:\/\/scaleorder.com\/hu\/wp-json\/wp\/v2\/types\/page"}],"author":[{"embeddable":true,"href":"https:\/\/scaleorder.com\/hu\/wp-json\/wp\/v2\/users\/1"}],"replies":[{"embeddable":true,"href":"https:\/\/scaleorder.com\/hu\/wp-json\/wp\/v2\/comments?post=28646"}],"version-history":[{"count":0,"href":"https:\/\/scaleorder.com\/hu\/wp-json\/wp\/v2\/pages\/28646\/revisions"}],"wp:attachment":[{"href":"https:\/\/scaleorder.com\/hu\/wp-json\/wp\/v2\/media?parent=28646"}],"curies":[{"name":"wp","href":"https:\/\/api.w.org\/{rel}","templated":true}]}}