{"id":28618,"date":"2025-03-13T05:00:53","date_gmt":"2025-03-12T21:00:53","guid":{"rendered":"https:\/\/scaleorder.com\/lazada\/"},"modified":"2025-03-13T05:00:53","modified_gmt":"2025-03-12T21:00:53","slug":"lazada","status":"publish","type":"page","link":"https:\/\/scaleorder.com\/hu\/lazada\/","title":{"rendered":"Lazada"},"content":{"rendered":"","protected":false},"excerpt":{"rendered":"","protected":false},"author":1,"featured_media":0,"parent":0,"menu_order":0,"comment_status":"closed","ping_status":"closed","template":"lazada-intregrate.php","meta":{"inline_featured_image":false,"footnotes":""},"class_list":["post-28618","page","type-page","status-publish","hentry"],"yoast_head":"<!-- This site is optimized with the Yoast SEO plugin v27.4 - https:\/\/yoast.com\/product\/yoast-seo-wordpress\/ -->\n<title>Scaleorder - Ind\u00edtsa el a Lazada dropshippinget ingyen | Egyszer\u0171 telep\u00edt\u00e9si alkalmaz\u00e1s, egyszer\u0171s\u00edtse a teljes\u00edt\u00e9st \u00e9s a k\u00e9szletez\u00e9st, a legjobb dropshipping sz\u00e1ll\u00edt\u00f3<\/title>\n<meta name=\"description\" content=\"Csatlakozzon a sikeres Lazada elad\u00f3khoz a Scaleorder seg\u00edts\u00e9g\u00e9vel a rendel\u00e9sek teljes\u00edt\u00e9s\u00e9nek \u00e9s nyomon k\u00f6vet\u00e9s\u00e9nek automatiz\u00e1l\u00e1s\u00e1ra, a logisztika egyszer\u0171s\u00edt\u00e9s\u00e9re \u00e9s a glob\u00e1lis sk\u00e1l\u00e1z\u00e1sra. K\u00f6nnyen csatlakozhat a glob\u00e1lis besz\u00e1ll\u00edt\u00f3khoz, be\u00e1ll\u00edt\u00e1si d\u00edjak n\u00e9lk\u00fcl, val\u00f3s idej\u0171 k\u00e9szletszinkroniz\u00e1l\u00e1ssal.\" \/>\n<meta name=\"robots\" content=\"index, follow, max-snippet:-1, max-image-preview:large, max-video-preview:-1\" \/>\n<link rel=\"canonical\" href=\"https:\/\/scaleorder.com\/hu\/lazada\/\" \/>\n<meta property=\"og:locale\" content=\"hu_HU\" \/>\n<meta property=\"og:type\" content=\"article\" \/>\n<meta property=\"og:title\" content=\"Scaleorder - Ind\u00edtsa el a Lazada dropshippinget ingyen | Egyszer\u0171 telep\u00edt\u00e9si alkalmaz\u00e1s, egyszer\u0171s\u00edtse a teljes\u00edt\u00e9st \u00e9s a k\u00e9szletez\u00e9st, a legjobb dropshipping sz\u00e1ll\u00edt\u00f3\" \/>\n<meta property=\"og:description\" content=\"Csatlakozzon a sikeres Lazada elad\u00f3khoz a Scaleorder seg\u00edts\u00e9g\u00e9vel a rendel\u00e9sek teljes\u00edt\u00e9s\u00e9nek \u00e9s nyomon k\u00f6vet\u00e9s\u00e9nek automatiz\u00e1l\u00e1s\u00e1ra, a logisztika egyszer\u0171s\u00edt\u00e9s\u00e9re \u00e9s a glob\u00e1lis sk\u00e1l\u00e1z\u00e1sra. K\u00f6nnyen csatlakozhat a glob\u00e1lis besz\u00e1ll\u00edt\u00f3khoz, be\u00e1ll\u00edt\u00e1si d\u00edjak n\u00e9lk\u00fcl, val\u00f3s idej\u0171 k\u00e9szletszinkroniz\u00e1l\u00e1ssal.\" \/>\n<meta property=\"og:url\" content=\"https:\/\/scaleorder.com\/hu\/lazada\/\" \/>\n<meta property=\"og:site_name\" content=\"ScaleOrder Dropshipping\" \/>\n<meta name=\"twitter:card\" content=\"summary_large_image\" \/>\n<script type=\"application\/ld+json\" class=\"yoast-schema-graph\">{\"@context\":\"https:\\\/\\\/schema.org\",\"@graph\":[{\"@type\":\"WebPage\",\"@id\":\"https:\\\/\\\/scaleorder.com\\\/hu\\\/lazada\\\/\",\"url\":\"https:\\\/\\\/scaleorder.com\\\/hu\\\/lazada\\\/\",\"name\":\"Scaleorder - Ind\u00edtsa el a Lazada dropshippinget ingyen | Egyszer\u0171 telep\u00edt\u00e9si alkalmaz\u00e1s, egyszer\u0171s\u00edtse a teljes\u00edt\u00e9st \u00e9s a k\u00e9szletez\u00e9st, a legjobb dropshipping sz\u00e1ll\u00edt\u00f3\",\"isPartOf\":{\"@id\":\"https:\\\/\\\/scaleorder.com\\\/#website\"},\"datePublished\":\"2025-03-12T21:00:53+00:00\",\"description\":\"Csatlakozzon a sikeres Lazada elad\u00f3khoz a Scaleorder seg\u00edts\u00e9g\u00e9vel a rendel\u00e9sek teljes\u00edt\u00e9s\u00e9nek \u00e9s nyomon k\u00f6vet\u00e9s\u00e9nek automatiz\u00e1l\u00e1s\u00e1ra, a logisztika egyszer\u0171s\u00edt\u00e9s\u00e9re \u00e9s a glob\u00e1lis sk\u00e1l\u00e1z\u00e1sra. K\u00f6nnyen csatlakozhat a glob\u00e1lis besz\u00e1ll\u00edt\u00f3khoz, be\u00e1ll\u00edt\u00e1si d\u00edjak n\u00e9lk\u00fcl, val\u00f3s idej\u0171 k\u00e9szletszinkroniz\u00e1l\u00e1ssal.\",\"breadcrumb\":{\"@id\":\"https:\\\/\\\/scaleorder.com\\\/hu\\\/lazada\\\/#breadcrumb\"},\"inLanguage\":\"hu\",\"potentialAction\":[{\"@type\":\"ReadAction\",\"target\":[\"https:\\\/\\\/scaleorder.com\\\/hu\\\/lazada\\\/\"]}]},{\"@type\":\"BreadcrumbList\",\"@id\":\"https:\\\/\\\/scaleorder.com\\\/hu\\\/lazada\\\/#breadcrumb\",\"itemListElement\":[{\"@type\":\"ListItem\",\"position\":1,\"name\":\"Home\",\"item\":\"https:\\\/\\\/scaleorder.com\\\/hu\\\/eleje\\\/\"},{\"@type\":\"ListItem\",\"position\":2,\"name\":\"Lazada\"}]},{\"@type\":\"WebSite\",\"@id\":\"https:\\\/\\\/scaleorder.com\\\/#website\",\"url\":\"https:\\\/\\\/scaleorder.com\\\/\",\"name\":\"ScaleOrder Dropshipping\",\"description\":\"The Ultimate Branded Dropshipping Solution\",\"potentialAction\":[{\"@type\":\"SearchAction\",\"target\":{\"@type\":\"EntryPoint\",\"urlTemplate\":\"https:\\\/\\\/scaleorder.com\\\/?s={search_term_string}\"},\"query-input\":{\"@type\":\"PropertyValueSpecification\",\"valueRequired\":true,\"valueName\":\"search_term_string\"}}],\"inLanguage\":\"hu\"}]}<\/script>\n<!-- \/ Yoast SEO plugin. -->","yoast_head_json":{"title":"Scaleorder - Ind\u00edtsa el a Lazada dropshippinget ingyen | Egyszer\u0171 telep\u00edt\u00e9si alkalmaz\u00e1s, egyszer\u0171s\u00edtse a teljes\u00edt\u00e9st \u00e9s a k\u00e9szletez\u00e9st, a legjobb dropshipping sz\u00e1ll\u00edt\u00f3","description":"Csatlakozzon a sikeres Lazada elad\u00f3khoz a Scaleorder seg\u00edts\u00e9g\u00e9vel a rendel\u00e9sek teljes\u00edt\u00e9s\u00e9nek \u00e9s nyomon k\u00f6vet\u00e9s\u00e9nek automatiz\u00e1l\u00e1s\u00e1ra, a logisztika egyszer\u0171s\u00edt\u00e9s\u00e9re \u00e9s a glob\u00e1lis sk\u00e1l\u00e1z\u00e1sra. K\u00f6nnyen csatlakozhat a glob\u00e1lis besz\u00e1ll\u00edt\u00f3khoz, be\u00e1ll\u00edt\u00e1si d\u00edjak n\u00e9lk\u00fcl, val\u00f3s idej\u0171 k\u00e9szletszinkroniz\u00e1l\u00e1ssal.","robots":{"index":"index","follow":"follow","max-snippet":"max-snippet:-1","max-image-preview":"max-image-preview:large","max-video-preview":"max-video-preview:-1"},"canonical":"https:\/\/scaleorder.com\/hu\/lazada\/","og_locale":"hu_HU","og_type":"article","og_title":"Scaleorder - Ind\u00edtsa el a Lazada dropshippinget ingyen | Egyszer\u0171 telep\u00edt\u00e9si alkalmaz\u00e1s, egyszer\u0171s\u00edtse a teljes\u00edt\u00e9st \u00e9s a k\u00e9szletez\u00e9st, a legjobb dropshipping sz\u00e1ll\u00edt\u00f3","og_description":"Csatlakozzon a sikeres Lazada elad\u00f3khoz a Scaleorder seg\u00edts\u00e9g\u00e9vel a rendel\u00e9sek teljes\u00edt\u00e9s\u00e9nek \u00e9s nyomon k\u00f6vet\u00e9s\u00e9nek automatiz\u00e1l\u00e1s\u00e1ra, a logisztika egyszer\u0171s\u00edt\u00e9s\u00e9re \u00e9s a glob\u00e1lis sk\u00e1l\u00e1z\u00e1sra. K\u00f6nnyen csatlakozhat a glob\u00e1lis besz\u00e1ll\u00edt\u00f3khoz, be\u00e1ll\u00edt\u00e1si d\u00edjak n\u00e9lk\u00fcl, val\u00f3s idej\u0171 k\u00e9szletszinkroniz\u00e1l\u00e1ssal.","og_url":"https:\/\/scaleorder.com\/hu\/lazada\/","og_site_name":"ScaleOrder Dropshipping","twitter_card":"summary_large_image","schema":{"@context":"https:\/\/schema.org","@graph":[{"@type":"WebPage","@id":"https:\/\/scaleorder.com\/hu\/lazada\/","url":"https:\/\/scaleorder.com\/hu\/lazada\/","name":"Scaleorder - Ind\u00edtsa el a Lazada dropshippinget ingyen | Egyszer\u0171 telep\u00edt\u00e9si alkalmaz\u00e1s, egyszer\u0171s\u00edtse a teljes\u00edt\u00e9st \u00e9s a k\u00e9szletez\u00e9st, a legjobb dropshipping sz\u00e1ll\u00edt\u00f3","isPartOf":{"@id":"https:\/\/scaleorder.com\/#website"},"datePublished":"2025-03-12T21:00:53+00:00","description":"Csatlakozzon a sikeres Lazada elad\u00f3khoz a Scaleorder seg\u00edts\u00e9g\u00e9vel a rendel\u00e9sek teljes\u00edt\u00e9s\u00e9nek \u00e9s nyomon k\u00f6vet\u00e9s\u00e9nek automatiz\u00e1l\u00e1s\u00e1ra, a logisztika egyszer\u0171s\u00edt\u00e9s\u00e9re \u00e9s a glob\u00e1lis sk\u00e1l\u00e1z\u00e1sra. K\u00f6nnyen csatlakozhat a glob\u00e1lis besz\u00e1ll\u00edt\u00f3khoz, be\u00e1ll\u00edt\u00e1si d\u00edjak n\u00e9lk\u00fcl, val\u00f3s idej\u0171 k\u00e9szletszinkroniz\u00e1l\u00e1ssal.","breadcrumb":{"@id":"https:\/\/scaleorder.com\/hu\/lazada\/#breadcrumb"},"inLanguage":"hu","potentialAction":[{"@type":"ReadAction","target":["https:\/\/scaleorder.com\/hu\/lazada\/"]}]},{"@type":"BreadcrumbList","@id":"https:\/\/scaleorder.com\/hu\/lazada\/#breadcrumb","itemListElement":[{"@type":"ListItem","position":1,"name":"Home","item":"https:\/\/scaleorder.com\/hu\/eleje\/"},{"@type":"ListItem","position":2,"name":"Lazada"}]},{"@type":"WebSite","@id":"https:\/\/scaleorder.com\/#website","url":"https:\/\/scaleorder.com\/","name":"ScaleOrder Dropshipping","description":"The Ultimate Branded Dropshipping Solution","potentialAction":[{"@type":"SearchAction","target":{"@type":"EntryPoint","urlTemplate":"https:\/\/scaleorder.com\/?s={search_term_string}"},"query-input":{"@type":"PropertyValueSpecification","valueRequired":true,"valueName":"search_term_string"}}],"inLanguage":"hu"}]}},"_links":{"self":[{"href":"https:\/\/scaleorder.com\/hu\/wp-json\/wp\/v2\/pages\/28618","targetHints":{"allow":["GET"]}}],"collection":[{"href":"https:\/\/scaleorder.com\/hu\/wp-json\/wp\/v2\/pages"}],"about":[{"href":"https:\/\/scaleorder.com\/hu\/wp-json\/wp\/v2\/types\/page"}],"author":[{"embeddable":true,"href":"https:\/\/scaleorder.com\/hu\/wp-json\/wp\/v2\/users\/1"}],"replies":[{"embeddable":true,"href":"https:\/\/scaleorder.com\/hu\/wp-json\/wp\/v2\/comments?post=28618"}],"version-history":[{"count":0,"href":"https:\/\/scaleorder.com\/hu\/wp-json\/wp\/v2\/pages\/28618\/revisions"}],"wp:attachment":[{"href":"https:\/\/scaleorder.com\/hu\/wp-json\/wp\/v2\/media?parent=28618"}],"curies":[{"name":"wp","href":"https:\/\/api.w.org\/{rel}","templated":true}]}}