{"id":27992,"date":"2025-06-26T20:03:13","date_gmt":"2025-06-26T12:03:13","guid":{"rendered":"https:\/\/scaleorder.com\/termek-testreszabasa\/"},"modified":"2025-11-06T10:52:20","modified_gmt":"2025-11-06T02:52:20","slug":"termek-testreszabasa","status":"publish","type":"page","link":"https:\/\/scaleorder.com\/hu\/termek-testreszabasa\/","title":{"rendered":"Term\u00e9k testreszab\u00e1sa"},"content":{"rendered":"","protected":false},"excerpt":{"rendered":"","protected":false},"author":1,"featured_media":0,"parent":0,"menu_order":0,"comment_status":"open","ping_status":"closed","template":"tpl-brand-customization.php","meta":{"inline_featured_image":false,"footnotes":""},"class_list":["post-27992","page","type-page","status-publish","hentry"],"yoast_head":"<!-- This site is optimized with the Yoast SEO plugin v27.5 - https:\/\/yoast.com\/product\/yoast-seo-wordpress\/ -->\n<title>Scaleorder - A legjobb term\u00e9k-testreszab\u00e1si szolg\u00e1ltat\u00e1sok | Egyedi csomagol\u00e1s \u00e9s m\u00e1rka\u00e9p\u00edt\u00e9s a dropshippinghez, gyors \u00e9s ingyenes ig\u00e9ny szerinti nyomtat\u00e1si szolg\u00e1ltat\u00e1shoz<\/title>\n<meta name=\"description\" content=\"A ScaleOrder gyors, rugalmas term\u00e9k-testreszab\u00e1si szolg\u00e1ltat\u00e1sokat k\u00edn\u00e1l \u2013 az ig\u00e9ny szerinti nyomtat\u00e1st\u00f3l a teljesen egyedi OEM\/ODM csomagol\u00e1sig. Kezdje 1 darabt\u00f3l vagy nagy mennyis\u00e9gt\u0151l, \u00e1tl\u00e1that\u00f3 \u00e1rk\u00e9pz\u00e9ssel \u00e9s z\u00f6kken\u0151mentes integr\u00e1ci\u00f3val az FBA, a Shopify, a WooCommerce \u00e9s egyebekkel.\" \/>\n<meta name=\"robots\" content=\"index, follow, max-snippet:-1, max-image-preview:large, max-video-preview:-1\" \/>\n<link rel=\"canonical\" href=\"https:\/\/scaleorder.com\/hu\/termek-testreszabasa\/\" \/>\n<meta property=\"og:locale\" content=\"hu_HU\" \/>\n<meta property=\"og:type\" content=\"article\" \/>\n<meta property=\"og:title\" content=\"Scaleorder - A legjobb term\u00e9k-testreszab\u00e1si szolg\u00e1ltat\u00e1sok | Egyedi csomagol\u00e1s \u00e9s m\u00e1rka\u00e9p\u00edt\u00e9s a dropshippinghez, gyors \u00e9s ingyenes ig\u00e9ny szerinti nyomtat\u00e1si szolg\u00e1ltat\u00e1shoz\" \/>\n<meta property=\"og:description\" content=\"A ScaleOrder gyors, rugalmas term\u00e9k-testreszab\u00e1si szolg\u00e1ltat\u00e1sokat k\u00edn\u00e1l \u2013 az ig\u00e9ny szerinti nyomtat\u00e1st\u00f3l a teljesen egyedi OEM\/ODM csomagol\u00e1sig. Kezdje 1 darabt\u00f3l vagy nagy mennyis\u00e9gt\u0151l, \u00e1tl\u00e1that\u00f3 \u00e1rk\u00e9pz\u00e9ssel \u00e9s z\u00f6kken\u0151mentes integr\u00e1ci\u00f3val az FBA, a Shopify, a WooCommerce \u00e9s egyebekkel.\" \/>\n<meta property=\"og:url\" content=\"https:\/\/scaleorder.com\/hu\/termek-testreszabasa\/\" \/>\n<meta property=\"og:site_name\" content=\"ScaleOrder Dropshipping\" \/>\n<meta property=\"article:modified_time\" content=\"2025-11-06T02:52:20+00:00\" \/>\n<meta name=\"twitter:card\" content=\"summary_large_image\" \/>\n<script type=\"application\/ld+json\" class=\"yoast-schema-graph\">{\"@context\":\"https:\\\/\\\/schema.org\",\"@graph\":[{\"@type\":\"WebPage\",\"@id\":\"https:\\\/\\\/scaleorder.com\\\/hu\\\/termek-testreszabasa\\\/\",\"url\":\"https:\\\/\\\/scaleorder.com\\\/hu\\\/termek-testreszabasa\\\/\",\"name\":\"Scaleorder - A legjobb term\u00e9k-testreszab\u00e1si szolg\u00e1ltat\u00e1sok | Egyedi csomagol\u00e1s \u00e9s m\u00e1rka\u00e9p\u00edt\u00e9s a dropshippinghez, gyors \u00e9s ingyenes ig\u00e9ny szerinti nyomtat\u00e1si szolg\u00e1ltat\u00e1shoz\",\"isPartOf\":{\"@id\":\"https:\\\/\\\/scaleorder.com\\\/#website\"},\"datePublished\":\"2025-06-26T12:03:13+00:00\",\"dateModified\":\"2025-11-06T02:52:20+00:00\",\"description\":\"A ScaleOrder gyors, rugalmas term\u00e9k-testreszab\u00e1si szolg\u00e1ltat\u00e1sokat k\u00edn\u00e1l \u2013 az ig\u00e9ny szerinti nyomtat\u00e1st\u00f3l a teljesen egyedi OEM\\\/ODM csomagol\u00e1sig. Kezdje 1 darabt\u00f3l vagy nagy mennyis\u00e9gt\u0151l, \u00e1tl\u00e1that\u00f3 \u00e1rk\u00e9pz\u00e9ssel \u00e9s z\u00f6kken\u0151mentes integr\u00e1ci\u00f3val az FBA, a Shopify, a WooCommerce \u00e9s egyebekkel.\",\"breadcrumb\":{\"@id\":\"https:\\\/\\\/scaleorder.com\\\/hu\\\/termek-testreszabasa\\\/#breadcrumb\"},\"inLanguage\":\"hu\",\"potentialAction\":[{\"@type\":\"ReadAction\",\"target\":[\"https:\\\/\\\/scaleorder.com\\\/hu\\\/termek-testreszabasa\\\/\"]}]},{\"@type\":\"BreadcrumbList\",\"@id\":\"https:\\\/\\\/scaleorder.com\\\/hu\\\/termek-testreszabasa\\\/#breadcrumb\",\"itemListElement\":[{\"@type\":\"ListItem\",\"position\":1,\"name\":\"Home\",\"item\":\"https:\\\/\\\/scaleorder.com\\\/hu\\\/eleje\\\/\"},{\"@type\":\"ListItem\",\"position\":2,\"name\":\"Term\u00e9k testreszab\u00e1sa\"}]},{\"@type\":\"WebSite\",\"@id\":\"https:\\\/\\\/scaleorder.com\\\/#website\",\"url\":\"https:\\\/\\\/scaleorder.com\\\/\",\"name\":\"ScaleOrder Dropshipping\",\"description\":\"The Ultimate Branded Dropshipping Solution\",\"potentialAction\":[{\"@type\":\"SearchAction\",\"target\":{\"@type\":\"EntryPoint\",\"urlTemplate\":\"https:\\\/\\\/scaleorder.com\\\/?s={search_term_string}\"},\"query-input\":{\"@type\":\"PropertyValueSpecification\",\"valueRequired\":true,\"valueName\":\"search_term_string\"}}],\"inLanguage\":\"hu\"}]}<\/script>\n<!-- \/ Yoast SEO plugin. -->","yoast_head_json":{"title":"Scaleorder - A legjobb term\u00e9k-testreszab\u00e1si szolg\u00e1ltat\u00e1sok | Egyedi csomagol\u00e1s \u00e9s m\u00e1rka\u00e9p\u00edt\u00e9s a dropshippinghez, gyors \u00e9s ingyenes ig\u00e9ny szerinti nyomtat\u00e1si szolg\u00e1ltat\u00e1shoz","description":"A ScaleOrder gyors, rugalmas term\u00e9k-testreszab\u00e1si szolg\u00e1ltat\u00e1sokat k\u00edn\u00e1l \u2013 az ig\u00e9ny szerinti nyomtat\u00e1st\u00f3l a teljesen egyedi OEM\/ODM csomagol\u00e1sig. Kezdje 1 darabt\u00f3l vagy nagy mennyis\u00e9gt\u0151l, \u00e1tl\u00e1that\u00f3 \u00e1rk\u00e9pz\u00e9ssel \u00e9s z\u00f6kken\u0151mentes integr\u00e1ci\u00f3val az FBA, a Shopify, a WooCommerce \u00e9s egyebekkel.","robots":{"index":"index","follow":"follow","max-snippet":"max-snippet:-1","max-image-preview":"max-image-preview:large","max-video-preview":"max-video-preview:-1"},"canonical":"https:\/\/scaleorder.com\/hu\/termek-testreszabasa\/","og_locale":"hu_HU","og_type":"article","og_title":"Scaleorder - A legjobb term\u00e9k-testreszab\u00e1si szolg\u00e1ltat\u00e1sok | Egyedi csomagol\u00e1s \u00e9s m\u00e1rka\u00e9p\u00edt\u00e9s a dropshippinghez, gyors \u00e9s ingyenes ig\u00e9ny szerinti nyomtat\u00e1si szolg\u00e1ltat\u00e1shoz","og_description":"A ScaleOrder gyors, rugalmas term\u00e9k-testreszab\u00e1si szolg\u00e1ltat\u00e1sokat k\u00edn\u00e1l \u2013 az ig\u00e9ny szerinti nyomtat\u00e1st\u00f3l a teljesen egyedi OEM\/ODM csomagol\u00e1sig. Kezdje 1 darabt\u00f3l vagy nagy mennyis\u00e9gt\u0151l, \u00e1tl\u00e1that\u00f3 \u00e1rk\u00e9pz\u00e9ssel \u00e9s z\u00f6kken\u0151mentes integr\u00e1ci\u00f3val az FBA, a Shopify, a WooCommerce \u00e9s egyebekkel.","og_url":"https:\/\/scaleorder.com\/hu\/termek-testreszabasa\/","og_site_name":"ScaleOrder Dropshipping","article_modified_time":"2025-11-06T02:52:20+00:00","twitter_card":"summary_large_image","schema":{"@context":"https:\/\/schema.org","@graph":[{"@type":"WebPage","@id":"https:\/\/scaleorder.com\/hu\/termek-testreszabasa\/","url":"https:\/\/scaleorder.com\/hu\/termek-testreszabasa\/","name":"Scaleorder - A legjobb term\u00e9k-testreszab\u00e1si szolg\u00e1ltat\u00e1sok | Egyedi csomagol\u00e1s \u00e9s m\u00e1rka\u00e9p\u00edt\u00e9s a dropshippinghez, gyors \u00e9s ingyenes ig\u00e9ny szerinti nyomtat\u00e1si szolg\u00e1ltat\u00e1shoz","isPartOf":{"@id":"https:\/\/scaleorder.com\/#website"},"datePublished":"2025-06-26T12:03:13+00:00","dateModified":"2025-11-06T02:52:20+00:00","description":"A ScaleOrder gyors, rugalmas term\u00e9k-testreszab\u00e1si szolg\u00e1ltat\u00e1sokat k\u00edn\u00e1l \u2013 az ig\u00e9ny szerinti nyomtat\u00e1st\u00f3l a teljesen egyedi OEM\/ODM csomagol\u00e1sig. Kezdje 1 darabt\u00f3l vagy nagy mennyis\u00e9gt\u0151l, \u00e1tl\u00e1that\u00f3 \u00e1rk\u00e9pz\u00e9ssel \u00e9s z\u00f6kken\u0151mentes integr\u00e1ci\u00f3val az FBA, a Shopify, a WooCommerce \u00e9s egyebekkel.","breadcrumb":{"@id":"https:\/\/scaleorder.com\/hu\/termek-testreszabasa\/#breadcrumb"},"inLanguage":"hu","potentialAction":[{"@type":"ReadAction","target":["https:\/\/scaleorder.com\/hu\/termek-testreszabasa\/"]}]},{"@type":"BreadcrumbList","@id":"https:\/\/scaleorder.com\/hu\/termek-testreszabasa\/#breadcrumb","itemListElement":[{"@type":"ListItem","position":1,"name":"Home","item":"https:\/\/scaleorder.com\/hu\/eleje\/"},{"@type":"ListItem","position":2,"name":"Term\u00e9k testreszab\u00e1sa"}]},{"@type":"WebSite","@id":"https:\/\/scaleorder.com\/#website","url":"https:\/\/scaleorder.com\/","name":"ScaleOrder Dropshipping","description":"The Ultimate Branded Dropshipping Solution","potentialAction":[{"@type":"SearchAction","target":{"@type":"EntryPoint","urlTemplate":"https:\/\/scaleorder.com\/?s={search_term_string}"},"query-input":{"@type":"PropertyValueSpecification","valueRequired":true,"valueName":"search_term_string"}}],"inLanguage":"hu"}]}},"_links":{"self":[{"href":"https:\/\/scaleorder.com\/hu\/wp-json\/wp\/v2\/pages\/27992","targetHints":{"allow":["GET"]}}],"collection":[{"href":"https:\/\/scaleorder.com\/hu\/wp-json\/wp\/v2\/pages"}],"about":[{"href":"https:\/\/scaleorder.com\/hu\/wp-json\/wp\/v2\/types\/page"}],"author":[{"embeddable":true,"href":"https:\/\/scaleorder.com\/hu\/wp-json\/wp\/v2\/users\/1"}],"replies":[{"embeddable":true,"href":"https:\/\/scaleorder.com\/hu\/wp-json\/wp\/v2\/comments?post=27992"}],"version-history":[{"count":0,"href":"https:\/\/scaleorder.com\/hu\/wp-json\/wp\/v2\/pages\/27992\/revisions"}],"wp:attachment":[{"href":"https:\/\/scaleorder.com\/hu\/wp-json\/wp\/v2\/media?parent=27992"}],"curies":[{"name":"wp","href":"https:\/\/api.w.org\/{rel}","templated":true}]}}