{"id":27962,"date":"2025-06-26T20:03:48","date_gmt":"2025-06-26T12:03:48","guid":{"rendered":"https:\/\/scaleorder.com\/keszlet-szinkronizalasa\/"},"modified":"2025-06-26T20:03:48","modified_gmt":"2025-06-26T12:03:48","slug":"keszlet-szinkronizalasa","status":"publish","type":"page","link":"https:\/\/scaleorder.com\/hu\/keszlet-szinkronizalasa\/","title":{"rendered":"K\u00e9szlet szinkroniz\u00e1l\u00e1sa"},"content":{"rendered":"","protected":false},"excerpt":{"rendered":"","protected":false},"author":1,"featured_media":0,"parent":0,"menu_order":0,"comment_status":"closed","ping_status":"closed","template":"tpl-dynamic-inventory-mgmt.php","meta":{"inline_featured_image":false,"footnotes":""},"class_list":["post-27962","page","type-page","status-publish","hentry"],"yoast_head":"<!-- This site is optimized with the Yoast SEO plugin v27.5 - https:\/\/yoast.com\/product\/yoast-seo-wordpress\/ -->\n<title>Scaleorder - Ingyenes k\u00e9szletszinkroniz\u00e1l\u00f3 szoftver e-kereskedelmi \u00fczletek sz\u00e1m\u00e1ra | Val\u00f3s idej\u0171 t\u00f6bbcsatorn\u00e1s szinkroniz\u00e1l\u00e1s a dropshipping \u00fczlethez<\/title>\n<meta name=\"description\" content=\"A ScaleOrder k\u00e9szletszinkroniz\u00e1l\u00f3 szoftvere val\u00f3s idej\u0171 k\u00e9szletfriss\u00edt\u00e9seket biztos\u00edt a Shopify, az Amazon, a WooCommerce \u00e9s egyebek k\u00f6z\u00f6tt. El\u0151zze meg a t\u00fal\u00e9rt\u00e9kes\u00edt\u00e9st, enged\u00e9lyezze az intelligens k\u00e9szletfel\u00faj\u00edt\u00e1si riaszt\u00e1sokat, \u00e9s egyszer\u0171s\u00edtse a t\u00f6bbcsatorn\u00e1s teljes\u00edt\u00e9st.\" \/>\n<meta name=\"robots\" content=\"index, follow, max-snippet:-1, max-image-preview:large, max-video-preview:-1\" \/>\n<link rel=\"canonical\" href=\"https:\/\/scaleorder.com\/hu\/keszlet-szinkronizalasa\/\" \/>\n<meta property=\"og:locale\" content=\"hu_HU\" \/>\n<meta property=\"og:type\" content=\"article\" \/>\n<meta property=\"og:title\" content=\"Scaleorder - Ingyenes k\u00e9szletszinkroniz\u00e1l\u00f3 szoftver e-kereskedelmi \u00fczletek sz\u00e1m\u00e1ra | Val\u00f3s idej\u0171 t\u00f6bbcsatorn\u00e1s szinkroniz\u00e1l\u00e1s a dropshipping \u00fczlethez\" \/>\n<meta property=\"og:description\" content=\"A ScaleOrder k\u00e9szletszinkroniz\u00e1l\u00f3 szoftvere val\u00f3s idej\u0171 k\u00e9szletfriss\u00edt\u00e9seket biztos\u00edt a Shopify, az Amazon, a WooCommerce \u00e9s egyebek k\u00f6z\u00f6tt. El\u0151zze meg a t\u00fal\u00e9rt\u00e9kes\u00edt\u00e9st, enged\u00e9lyezze az intelligens k\u00e9szletfel\u00faj\u00edt\u00e1si riaszt\u00e1sokat, \u00e9s egyszer\u0171s\u00edtse a t\u00f6bbcsatorn\u00e1s teljes\u00edt\u00e9st.\" \/>\n<meta property=\"og:url\" content=\"https:\/\/scaleorder.com\/hu\/keszlet-szinkronizalasa\/\" \/>\n<meta property=\"og:site_name\" content=\"ScaleOrder Dropshipping\" \/>\n<meta name=\"twitter:card\" content=\"summary_large_image\" \/>\n<script type=\"application\/ld+json\" class=\"yoast-schema-graph\">{\"@context\":\"https:\\\/\\\/schema.org\",\"@graph\":[{\"@type\":\"WebPage\",\"@id\":\"https:\\\/\\\/scaleorder.com\\\/hu\\\/keszlet-szinkronizalasa\\\/\",\"url\":\"https:\\\/\\\/scaleorder.com\\\/hu\\\/keszlet-szinkronizalasa\\\/\",\"name\":\"Scaleorder - Ingyenes k\u00e9szletszinkroniz\u00e1l\u00f3 szoftver e-kereskedelmi \u00fczletek sz\u00e1m\u00e1ra | Val\u00f3s idej\u0171 t\u00f6bbcsatorn\u00e1s szinkroniz\u00e1l\u00e1s a dropshipping \u00fczlethez\",\"isPartOf\":{\"@id\":\"https:\\\/\\\/scaleorder.com\\\/#website\"},\"datePublished\":\"2025-06-26T12:03:48+00:00\",\"description\":\"A ScaleOrder k\u00e9szletszinkroniz\u00e1l\u00f3 szoftvere val\u00f3s idej\u0171 k\u00e9szletfriss\u00edt\u00e9seket biztos\u00edt a Shopify, az Amazon, a WooCommerce \u00e9s egyebek k\u00f6z\u00f6tt. El\u0151zze meg a t\u00fal\u00e9rt\u00e9kes\u00edt\u00e9st, enged\u00e9lyezze az intelligens k\u00e9szletfel\u00faj\u00edt\u00e1si riaszt\u00e1sokat, \u00e9s egyszer\u0171s\u00edtse a t\u00f6bbcsatorn\u00e1s teljes\u00edt\u00e9st.\",\"breadcrumb\":{\"@id\":\"https:\\\/\\\/scaleorder.com\\\/hu\\\/keszlet-szinkronizalasa\\\/#breadcrumb\"},\"inLanguage\":\"hu\",\"potentialAction\":[{\"@type\":\"ReadAction\",\"target\":[\"https:\\\/\\\/scaleorder.com\\\/hu\\\/keszlet-szinkronizalasa\\\/\"]}]},{\"@type\":\"BreadcrumbList\",\"@id\":\"https:\\\/\\\/scaleorder.com\\\/hu\\\/keszlet-szinkronizalasa\\\/#breadcrumb\",\"itemListElement\":[{\"@type\":\"ListItem\",\"position\":1,\"name\":\"Home\",\"item\":\"https:\\\/\\\/scaleorder.com\\\/hu\\\/eleje\\\/\"},{\"@type\":\"ListItem\",\"position\":2,\"name\":\"K\u00e9szlet szinkroniz\u00e1l\u00e1sa\"}]},{\"@type\":\"WebSite\",\"@id\":\"https:\\\/\\\/scaleorder.com\\\/#website\",\"url\":\"https:\\\/\\\/scaleorder.com\\\/\",\"name\":\"ScaleOrder Dropshipping\",\"description\":\"The Ultimate Branded Dropshipping Solution\",\"potentialAction\":[{\"@type\":\"SearchAction\",\"target\":{\"@type\":\"EntryPoint\",\"urlTemplate\":\"https:\\\/\\\/scaleorder.com\\\/?s={search_term_string}\"},\"query-input\":{\"@type\":\"PropertyValueSpecification\",\"valueRequired\":true,\"valueName\":\"search_term_string\"}}],\"inLanguage\":\"hu\"}]}<\/script>\n<!-- \/ Yoast SEO plugin. -->","yoast_head_json":{"title":"Scaleorder - Ingyenes k\u00e9szletszinkroniz\u00e1l\u00f3 szoftver e-kereskedelmi \u00fczletek sz\u00e1m\u00e1ra | Val\u00f3s idej\u0171 t\u00f6bbcsatorn\u00e1s szinkroniz\u00e1l\u00e1s a dropshipping \u00fczlethez","description":"A ScaleOrder k\u00e9szletszinkroniz\u00e1l\u00f3 szoftvere val\u00f3s idej\u0171 k\u00e9szletfriss\u00edt\u00e9seket biztos\u00edt a Shopify, az Amazon, a WooCommerce \u00e9s egyebek k\u00f6z\u00f6tt. El\u0151zze meg a t\u00fal\u00e9rt\u00e9kes\u00edt\u00e9st, enged\u00e9lyezze az intelligens k\u00e9szletfel\u00faj\u00edt\u00e1si riaszt\u00e1sokat, \u00e9s egyszer\u0171s\u00edtse a t\u00f6bbcsatorn\u00e1s teljes\u00edt\u00e9st.","robots":{"index":"index","follow":"follow","max-snippet":"max-snippet:-1","max-image-preview":"max-image-preview:large","max-video-preview":"max-video-preview:-1"},"canonical":"https:\/\/scaleorder.com\/hu\/keszlet-szinkronizalasa\/","og_locale":"hu_HU","og_type":"article","og_title":"Scaleorder - Ingyenes k\u00e9szletszinkroniz\u00e1l\u00f3 szoftver e-kereskedelmi \u00fczletek sz\u00e1m\u00e1ra | Val\u00f3s idej\u0171 t\u00f6bbcsatorn\u00e1s szinkroniz\u00e1l\u00e1s a dropshipping \u00fczlethez","og_description":"A ScaleOrder k\u00e9szletszinkroniz\u00e1l\u00f3 szoftvere val\u00f3s idej\u0171 k\u00e9szletfriss\u00edt\u00e9seket biztos\u00edt a Shopify, az Amazon, a WooCommerce \u00e9s egyebek k\u00f6z\u00f6tt. El\u0151zze meg a t\u00fal\u00e9rt\u00e9kes\u00edt\u00e9st, enged\u00e9lyezze az intelligens k\u00e9szletfel\u00faj\u00edt\u00e1si riaszt\u00e1sokat, \u00e9s egyszer\u0171s\u00edtse a t\u00f6bbcsatorn\u00e1s teljes\u00edt\u00e9st.","og_url":"https:\/\/scaleorder.com\/hu\/keszlet-szinkronizalasa\/","og_site_name":"ScaleOrder Dropshipping","twitter_card":"summary_large_image","schema":{"@context":"https:\/\/schema.org","@graph":[{"@type":"WebPage","@id":"https:\/\/scaleorder.com\/hu\/keszlet-szinkronizalasa\/","url":"https:\/\/scaleorder.com\/hu\/keszlet-szinkronizalasa\/","name":"Scaleorder - Ingyenes k\u00e9szletszinkroniz\u00e1l\u00f3 szoftver e-kereskedelmi \u00fczletek sz\u00e1m\u00e1ra | Val\u00f3s idej\u0171 t\u00f6bbcsatorn\u00e1s szinkroniz\u00e1l\u00e1s a dropshipping \u00fczlethez","isPartOf":{"@id":"https:\/\/scaleorder.com\/#website"},"datePublished":"2025-06-26T12:03:48+00:00","description":"A ScaleOrder k\u00e9szletszinkroniz\u00e1l\u00f3 szoftvere val\u00f3s idej\u0171 k\u00e9szletfriss\u00edt\u00e9seket biztos\u00edt a Shopify, az Amazon, a WooCommerce \u00e9s egyebek k\u00f6z\u00f6tt. El\u0151zze meg a t\u00fal\u00e9rt\u00e9kes\u00edt\u00e9st, enged\u00e9lyezze az intelligens k\u00e9szletfel\u00faj\u00edt\u00e1si riaszt\u00e1sokat, \u00e9s egyszer\u0171s\u00edtse a t\u00f6bbcsatorn\u00e1s teljes\u00edt\u00e9st.","breadcrumb":{"@id":"https:\/\/scaleorder.com\/hu\/keszlet-szinkronizalasa\/#breadcrumb"},"inLanguage":"hu","potentialAction":[{"@type":"ReadAction","target":["https:\/\/scaleorder.com\/hu\/keszlet-szinkronizalasa\/"]}]},{"@type":"BreadcrumbList","@id":"https:\/\/scaleorder.com\/hu\/keszlet-szinkronizalasa\/#breadcrumb","itemListElement":[{"@type":"ListItem","position":1,"name":"Home","item":"https:\/\/scaleorder.com\/hu\/eleje\/"},{"@type":"ListItem","position":2,"name":"K\u00e9szlet szinkroniz\u00e1l\u00e1sa"}]},{"@type":"WebSite","@id":"https:\/\/scaleorder.com\/#website","url":"https:\/\/scaleorder.com\/","name":"ScaleOrder Dropshipping","description":"The Ultimate Branded Dropshipping Solution","potentialAction":[{"@type":"SearchAction","target":{"@type":"EntryPoint","urlTemplate":"https:\/\/scaleorder.com\/?s={search_term_string}"},"query-input":{"@type":"PropertyValueSpecification","valueRequired":true,"valueName":"search_term_string"}}],"inLanguage":"hu"}]}},"_links":{"self":[{"href":"https:\/\/scaleorder.com\/hu\/wp-json\/wp\/v2\/pages\/27962","targetHints":{"allow":["GET"]}}],"collection":[{"href":"https:\/\/scaleorder.com\/hu\/wp-json\/wp\/v2\/pages"}],"about":[{"href":"https:\/\/scaleorder.com\/hu\/wp-json\/wp\/v2\/types\/page"}],"author":[{"embeddable":true,"href":"https:\/\/scaleorder.com\/hu\/wp-json\/wp\/v2\/users\/1"}],"replies":[{"embeddable":true,"href":"https:\/\/scaleorder.com\/hu\/wp-json\/wp\/v2\/comments?post=27962"}],"version-history":[{"count":0,"href":"https:\/\/scaleorder.com\/hu\/wp-json\/wp\/v2\/pages\/27962\/revisions"}],"wp:attachment":[{"href":"https:\/\/scaleorder.com\/hu\/wp-json\/wp\/v2\/media?parent=27962"}],"curies":[{"name":"wp","href":"https:\/\/api.w.org\/{rel}","templated":true}]}}