{"id":27886,"date":"2024-07-10T10:31:36","date_gmt":"2024-07-10T02:31:36","guid":{"rendered":"https:\/\/scaleorder.com\/globalis-raktarozas\/"},"modified":"2024-07-10T10:31:36","modified_gmt":"2024-07-10T02:31:36","slug":"globalis-raktarozas","status":"publish","type":"page","link":"https:\/\/scaleorder.com\/hu\/globalis-raktarozas\/","title":{"rendered":"Glob\u00e1lis rakt\u00e1roz\u00e1s"},"content":{"rendered":"","protected":false},"excerpt":{"rendered":"","protected":false},"author":1,"featured_media":0,"parent":0,"menu_order":0,"comment_status":"closed","ping_status":"closed","template":"warehousing-distribution.php","meta":{"inline_featured_image":false,"footnotes":""},"class_list":["post-27886","page","type-page","status-publish","hentry"],"yoast_head":"<!-- This site is optimized with the Yoast SEO plugin v27.5 - https:\/\/yoast.com\/product\/yoast-seo-wordpress\/ -->\n<title>Scaleorder - Glob\u00e1lis rakt\u00e1roz\u00e1si \u00e9s automatikus teljes\u00edt\u00e9si megold\u00e1sok e-kereskedelmi \u00fczletek \u00e9s dropshipping v\u00e1llalkoz\u00e1sok sz\u00e1m\u00e1ra<\/title>\n<meta name=\"description\" content=\"A ScaleOrder \u00e1tfog\u00f3 glob\u00e1lis rakt\u00e1roz\u00e1si \u00e9s 3PL teljes\u00edt\u00e9si megold\u00e1sokat k\u00edn\u00e1l a Shopify, a WooCommerce, az Amazon \u00e9s egyebek integr\u00e1ci\u00f3j\u00e1val. \u00c9lvezze a val\u00f3s idej\u0171 k\u00e9szletszinkroniz\u00e1l\u00e1st, a gyors t\u00f6bbcsatorn\u00e1s sz\u00e1ll\u00edt\u00e1st \u00e9s az e-kereskedelmi m\u00e1rk\u00e1kra szabott sk\u00e1l\u00e1zhat\u00f3 logisztik\u00e1t.\" \/>\n<meta name=\"robots\" content=\"index, follow, max-snippet:-1, max-image-preview:large, max-video-preview:-1\" \/>\n<link rel=\"canonical\" href=\"https:\/\/scaleorder.com\/hu\/globalis-raktarozas\/\" \/>\n<meta property=\"og:locale\" content=\"hu_HU\" \/>\n<meta property=\"og:type\" content=\"article\" \/>\n<meta property=\"og:title\" content=\"Scaleorder - Glob\u00e1lis rakt\u00e1roz\u00e1si \u00e9s automatikus teljes\u00edt\u00e9si megold\u00e1sok e-kereskedelmi \u00fczletek \u00e9s dropshipping v\u00e1llalkoz\u00e1sok sz\u00e1m\u00e1ra\" \/>\n<meta property=\"og:description\" content=\"A ScaleOrder \u00e1tfog\u00f3 glob\u00e1lis rakt\u00e1roz\u00e1si \u00e9s 3PL teljes\u00edt\u00e9si megold\u00e1sokat k\u00edn\u00e1l a Shopify, a WooCommerce, az Amazon \u00e9s egyebek integr\u00e1ci\u00f3j\u00e1val. \u00c9lvezze a val\u00f3s idej\u0171 k\u00e9szletszinkroniz\u00e1l\u00e1st, a gyors t\u00f6bbcsatorn\u00e1s sz\u00e1ll\u00edt\u00e1st \u00e9s az e-kereskedelmi m\u00e1rk\u00e1kra szabott sk\u00e1l\u00e1zhat\u00f3 logisztik\u00e1t.\" \/>\n<meta property=\"og:url\" content=\"https:\/\/scaleorder.com\/hu\/globalis-raktarozas\/\" \/>\n<meta property=\"og:site_name\" content=\"ScaleOrder Dropshipping\" \/>\n<meta name=\"twitter:card\" content=\"summary_large_image\" \/>\n<script type=\"application\/ld+json\" class=\"yoast-schema-graph\">{\"@context\":\"https:\\\/\\\/schema.org\",\"@graph\":[{\"@type\":\"WebPage\",\"@id\":\"https:\\\/\\\/scaleorder.com\\\/hu\\\/globalis-raktarozas\\\/\",\"url\":\"https:\\\/\\\/scaleorder.com\\\/hu\\\/globalis-raktarozas\\\/\",\"name\":\"Scaleorder - Glob\u00e1lis rakt\u00e1roz\u00e1si \u00e9s automatikus teljes\u00edt\u00e9si megold\u00e1sok e-kereskedelmi \u00fczletek \u00e9s dropshipping v\u00e1llalkoz\u00e1sok sz\u00e1m\u00e1ra\",\"isPartOf\":{\"@id\":\"https:\\\/\\\/scaleorder.com\\\/#website\"},\"datePublished\":\"2024-07-10T02:31:36+00:00\",\"description\":\"A ScaleOrder \u00e1tfog\u00f3 glob\u00e1lis rakt\u00e1roz\u00e1si \u00e9s 3PL teljes\u00edt\u00e9si megold\u00e1sokat k\u00edn\u00e1l a Shopify, a WooCommerce, az Amazon \u00e9s egyebek integr\u00e1ci\u00f3j\u00e1val. \u00c9lvezze a val\u00f3s idej\u0171 k\u00e9szletszinkroniz\u00e1l\u00e1st, a gyors t\u00f6bbcsatorn\u00e1s sz\u00e1ll\u00edt\u00e1st \u00e9s az e-kereskedelmi m\u00e1rk\u00e1kra szabott sk\u00e1l\u00e1zhat\u00f3 logisztik\u00e1t.\",\"breadcrumb\":{\"@id\":\"https:\\\/\\\/scaleorder.com\\\/hu\\\/globalis-raktarozas\\\/#breadcrumb\"},\"inLanguage\":\"hu\",\"potentialAction\":[{\"@type\":\"ReadAction\",\"target\":[\"https:\\\/\\\/scaleorder.com\\\/hu\\\/globalis-raktarozas\\\/\"]}]},{\"@type\":\"BreadcrumbList\",\"@id\":\"https:\\\/\\\/scaleorder.com\\\/hu\\\/globalis-raktarozas\\\/#breadcrumb\",\"itemListElement\":[{\"@type\":\"ListItem\",\"position\":1,\"name\":\"Home\",\"item\":\"https:\\\/\\\/scaleorder.com\\\/hu\\\/eleje\\\/\"},{\"@type\":\"ListItem\",\"position\":2,\"name\":\"Glob\u00e1lis rakt\u00e1roz\u00e1s\"}]},{\"@type\":\"WebSite\",\"@id\":\"https:\\\/\\\/scaleorder.com\\\/#website\",\"url\":\"https:\\\/\\\/scaleorder.com\\\/\",\"name\":\"ScaleOrder Dropshipping\",\"description\":\"The Ultimate Branded Dropshipping Solution\",\"potentialAction\":[{\"@type\":\"SearchAction\",\"target\":{\"@type\":\"EntryPoint\",\"urlTemplate\":\"https:\\\/\\\/scaleorder.com\\\/?s={search_term_string}\"},\"query-input\":{\"@type\":\"PropertyValueSpecification\",\"valueRequired\":true,\"valueName\":\"search_term_string\"}}],\"inLanguage\":\"hu\"}]}<\/script>\n<!-- \/ Yoast SEO plugin. -->","yoast_head_json":{"title":"Scaleorder - Glob\u00e1lis rakt\u00e1roz\u00e1si \u00e9s automatikus teljes\u00edt\u00e9si megold\u00e1sok e-kereskedelmi \u00fczletek \u00e9s dropshipping v\u00e1llalkoz\u00e1sok sz\u00e1m\u00e1ra","description":"A ScaleOrder \u00e1tfog\u00f3 glob\u00e1lis rakt\u00e1roz\u00e1si \u00e9s 3PL teljes\u00edt\u00e9si megold\u00e1sokat k\u00edn\u00e1l a Shopify, a WooCommerce, az Amazon \u00e9s egyebek integr\u00e1ci\u00f3j\u00e1val. \u00c9lvezze a val\u00f3s idej\u0171 k\u00e9szletszinkroniz\u00e1l\u00e1st, a gyors t\u00f6bbcsatorn\u00e1s sz\u00e1ll\u00edt\u00e1st \u00e9s az e-kereskedelmi m\u00e1rk\u00e1kra szabott sk\u00e1l\u00e1zhat\u00f3 logisztik\u00e1t.","robots":{"index":"index","follow":"follow","max-snippet":"max-snippet:-1","max-image-preview":"max-image-preview:large","max-video-preview":"max-video-preview:-1"},"canonical":"https:\/\/scaleorder.com\/hu\/globalis-raktarozas\/","og_locale":"hu_HU","og_type":"article","og_title":"Scaleorder - Glob\u00e1lis rakt\u00e1roz\u00e1si \u00e9s automatikus teljes\u00edt\u00e9si megold\u00e1sok e-kereskedelmi \u00fczletek \u00e9s dropshipping v\u00e1llalkoz\u00e1sok sz\u00e1m\u00e1ra","og_description":"A ScaleOrder \u00e1tfog\u00f3 glob\u00e1lis rakt\u00e1roz\u00e1si \u00e9s 3PL teljes\u00edt\u00e9si megold\u00e1sokat k\u00edn\u00e1l a Shopify, a WooCommerce, az Amazon \u00e9s egyebek integr\u00e1ci\u00f3j\u00e1val. \u00c9lvezze a val\u00f3s idej\u0171 k\u00e9szletszinkroniz\u00e1l\u00e1st, a gyors t\u00f6bbcsatorn\u00e1s sz\u00e1ll\u00edt\u00e1st \u00e9s az e-kereskedelmi m\u00e1rk\u00e1kra szabott sk\u00e1l\u00e1zhat\u00f3 logisztik\u00e1t.","og_url":"https:\/\/scaleorder.com\/hu\/globalis-raktarozas\/","og_site_name":"ScaleOrder Dropshipping","twitter_card":"summary_large_image","schema":{"@context":"https:\/\/schema.org","@graph":[{"@type":"WebPage","@id":"https:\/\/scaleorder.com\/hu\/globalis-raktarozas\/","url":"https:\/\/scaleorder.com\/hu\/globalis-raktarozas\/","name":"Scaleorder - Glob\u00e1lis rakt\u00e1roz\u00e1si \u00e9s automatikus teljes\u00edt\u00e9si megold\u00e1sok e-kereskedelmi \u00fczletek \u00e9s dropshipping v\u00e1llalkoz\u00e1sok sz\u00e1m\u00e1ra","isPartOf":{"@id":"https:\/\/scaleorder.com\/#website"},"datePublished":"2024-07-10T02:31:36+00:00","description":"A ScaleOrder \u00e1tfog\u00f3 glob\u00e1lis rakt\u00e1roz\u00e1si \u00e9s 3PL teljes\u00edt\u00e9si megold\u00e1sokat k\u00edn\u00e1l a Shopify, a WooCommerce, az Amazon \u00e9s egyebek integr\u00e1ci\u00f3j\u00e1val. \u00c9lvezze a val\u00f3s idej\u0171 k\u00e9szletszinkroniz\u00e1l\u00e1st, a gyors t\u00f6bbcsatorn\u00e1s sz\u00e1ll\u00edt\u00e1st \u00e9s az e-kereskedelmi m\u00e1rk\u00e1kra szabott sk\u00e1l\u00e1zhat\u00f3 logisztik\u00e1t.","breadcrumb":{"@id":"https:\/\/scaleorder.com\/hu\/globalis-raktarozas\/#breadcrumb"},"inLanguage":"hu","potentialAction":[{"@type":"ReadAction","target":["https:\/\/scaleorder.com\/hu\/globalis-raktarozas\/"]}]},{"@type":"BreadcrumbList","@id":"https:\/\/scaleorder.com\/hu\/globalis-raktarozas\/#breadcrumb","itemListElement":[{"@type":"ListItem","position":1,"name":"Home","item":"https:\/\/scaleorder.com\/hu\/eleje\/"},{"@type":"ListItem","position":2,"name":"Glob\u00e1lis rakt\u00e1roz\u00e1s"}]},{"@type":"WebSite","@id":"https:\/\/scaleorder.com\/#website","url":"https:\/\/scaleorder.com\/","name":"ScaleOrder Dropshipping","description":"The Ultimate Branded Dropshipping Solution","potentialAction":[{"@type":"SearchAction","target":{"@type":"EntryPoint","urlTemplate":"https:\/\/scaleorder.com\/?s={search_term_string}"},"query-input":{"@type":"PropertyValueSpecification","valueRequired":true,"valueName":"search_term_string"}}],"inLanguage":"hu"}]}},"_links":{"self":[{"href":"https:\/\/scaleorder.com\/hu\/wp-json\/wp\/v2\/pages\/27886","targetHints":{"allow":["GET"]}}],"collection":[{"href":"https:\/\/scaleorder.com\/hu\/wp-json\/wp\/v2\/pages"}],"about":[{"href":"https:\/\/scaleorder.com\/hu\/wp-json\/wp\/v2\/types\/page"}],"author":[{"embeddable":true,"href":"https:\/\/scaleorder.com\/hu\/wp-json\/wp\/v2\/users\/1"}],"replies":[{"embeddable":true,"href":"https:\/\/scaleorder.com\/hu\/wp-json\/wp\/v2\/comments?post=27886"}],"version-history":[{"count":0,"href":"https:\/\/scaleorder.com\/hu\/wp-json\/wp\/v2\/pages\/27886\/revisions"}],"wp:attachment":[{"href":"https:\/\/scaleorder.com\/hu\/wp-json\/wp\/v2\/media?parent=27886"}],"curies":[{"name":"wp","href":"https:\/\/api.w.org\/{rel}","templated":true}]}}