{"id":27721,"date":"2024-07-08T08:37:52","date_gmt":"2024-07-08T00:37:52","guid":{"rendered":"https:\/\/scaleorder.com\/eleje\/"},"modified":"2024-07-08T08:37:52","modified_gmt":"2024-07-08T00:37:52","slug":"eleje","status":"publish","type":"page","link":"https:\/\/scaleorder.com\/hu\/","title":{"rendered":"Eleje"},"content":{"rendered":"","protected":false},"excerpt":{"rendered":"","protected":false},"author":1,"featured_media":0,"parent":0,"menu_order":0,"comment_status":"open","ping_status":"closed","template":"front.php","meta":{"inline_featured_image":false,"footnotes":""},"class_list":["post-27721","page","type-page","status-publish","hentry"],"yoast_head":"<!-- This site is optimized with the Yoast SEO plugin v27.4 - https:\/\/yoast.com\/product\/yoast-seo-wordpress\/ -->\n<title>Scaleorder \u2013 Vezet\u0151 dropshipping platform ingyen | A legjobb nyertes term\u00e9kek a digit\u00e1lis dropshipping \u00fczlet sz\u00e1m\u00e1ra<\/title>\n<meta name=\"description\" content=\"A Scaleorder egy ingyenes dropshipping platform, amely seg\u00edt elind\u00edtani dropshipping \u00e9s ig\u00e9ny szerinti nyomtat\u00e1si \u00fczlet\u00e9t 2025-ben. Magas jegy\u0171 Dropshipping term\u00e9keket k\u00edn\u00e1l, p\u00e9ld\u00e1ul lakberendez\u00e9si t\u00e1rgyakat, b\u00fatorokat, \u00e9kszereket, parf\u00fcm\u00f6ket, feh\u00e9rnem\u0171ket, kozmetikumokat \u00e9s egy\u00e9b sz\u00e9ps\u00e9g\u00e1pol\u00e1si term\u00e9keket \u2013 mindezt k\u00f6zvetlen\u00fcl a gy\u00e1rt\u00f3kt\u00f3l szerzik be. A Scaleorder integr\u00e1lhat\u00f3 a Shopify, az Amazon, az eBay, a WooCommerce, a Lazada \u00e9s a BigCommerce szolg\u00e1ltat\u00e1sokkal. Be\u00e9p\u00edtett automatiz\u00e1lt teljes\u00edt\u00e9si eszk\u00f6z\u00f6kkel \u00e9s kezd\u0151bar\u00e1t fel\u00fclettel rendelkezik, amelyek seg\u00edtenek v\u00e1llalkoz\u00e1sa n\u00f6veked\u00e9s\u00e9ben \u00e9s magasabb haszonkulcs el\u00e9r\u00e9s\u00e9ben.\" \/>\n<meta name=\"robots\" content=\"index, follow, max-snippet:-1, max-image-preview:large, max-video-preview:-1\" \/>\n<link rel=\"canonical\" href=\"https:\/\/scaleorder.com\/hu\/eleje\/\" \/>\n<meta property=\"og:locale\" content=\"hu_HU\" \/>\n<meta property=\"og:type\" content=\"article\" \/>\n<meta property=\"og:title\" content=\"Scaleorder \u2013 Vezet\u0151 dropshipping platform ingyen | A legjobb nyertes term\u00e9kek a digit\u00e1lis dropshipping \u00fczlet sz\u00e1m\u00e1ra\" \/>\n<meta property=\"og:description\" content=\"A Scaleorder egy ingyenes dropshipping platform, amely seg\u00edt elind\u00edtani dropshipping \u00e9s ig\u00e9ny szerinti nyomtat\u00e1si \u00fczlet\u00e9t 2025-ben. Magas jegy\u0171 Dropshipping term\u00e9keket k\u00edn\u00e1l, p\u00e9ld\u00e1ul lakberendez\u00e9si t\u00e1rgyakat, b\u00fatorokat, \u00e9kszereket, parf\u00fcm\u00f6ket, feh\u00e9rnem\u0171ket, kozmetikumokat \u00e9s egy\u00e9b sz\u00e9ps\u00e9g\u00e1pol\u00e1si term\u00e9keket \u2013 mindezt k\u00f6zvetlen\u00fcl a gy\u00e1rt\u00f3kt\u00f3l szerzik be. A Scaleorder integr\u00e1lhat\u00f3 a Shopify, az Amazon, az eBay, a WooCommerce, a Lazada \u00e9s a BigCommerce szolg\u00e1ltat\u00e1sokkal. Be\u00e9p\u00edtett automatiz\u00e1lt teljes\u00edt\u00e9si eszk\u00f6z\u00f6kkel \u00e9s kezd\u0151bar\u00e1t fel\u00fclettel rendelkezik, amelyek seg\u00edtenek v\u00e1llalkoz\u00e1sa n\u00f6veked\u00e9s\u00e9ben \u00e9s magasabb haszonkulcs el\u00e9r\u00e9s\u00e9ben.\" \/>\n<meta property=\"og:url\" content=\"https:\/\/scaleorder.com\/hu\/eleje\/\" \/>\n<meta property=\"og:site_name\" content=\"ScaleOrder Dropshipping\" \/>\n<meta name=\"twitter:card\" content=\"summary_large_image\" \/>\n<script type=\"application\/ld+json\" class=\"yoast-schema-graph\">{\"@context\":\"https:\\\/\\\/schema.org\",\"@graph\":[{\"@type\":\"WebPage\",\"@id\":\"https:\\\/\\\/scaleorder.com\\\/hu\\\/eleje\\\/\",\"url\":\"https:\\\/\\\/scaleorder.com\\\/hu\\\/eleje\\\/\",\"name\":\"Scaleorder \u2013 Vezet\u0151 dropshipping platform ingyen | A legjobb nyertes term\u00e9kek a digit\u00e1lis dropshipping \u00fczlet sz\u00e1m\u00e1ra\",\"isPartOf\":{\"@id\":\"https:\\\/\\\/scaleorder.com\\\/#website\"},\"datePublished\":\"2024-07-08T00:37:52+00:00\",\"description\":\"A Scaleorder egy ingyenes dropshipping platform, amely seg\u00edt elind\u00edtani dropshipping \u00e9s ig\u00e9ny szerinti nyomtat\u00e1si \u00fczlet\u00e9t 2025-ben. Magas jegy\u0171 Dropshipping term\u00e9keket k\u00edn\u00e1l, p\u00e9ld\u00e1ul lakberendez\u00e9si t\u00e1rgyakat, b\u00fatorokat, \u00e9kszereket, parf\u00fcm\u00f6ket, feh\u00e9rnem\u0171ket, kozmetikumokat \u00e9s egy\u00e9b sz\u00e9ps\u00e9g\u00e1pol\u00e1si term\u00e9keket \u2013 mindezt k\u00f6zvetlen\u00fcl a gy\u00e1rt\u00f3kt\u00f3l szerzik be. A Scaleorder integr\u00e1lhat\u00f3 a Shopify, az Amazon, az eBay, a WooCommerce, a Lazada \u00e9s a BigCommerce szolg\u00e1ltat\u00e1sokkal. Be\u00e9p\u00edtett automatiz\u00e1lt teljes\u00edt\u00e9si eszk\u00f6z\u00f6kkel \u00e9s kezd\u0151bar\u00e1t fel\u00fclettel rendelkezik, amelyek seg\u00edtenek v\u00e1llalkoz\u00e1sa n\u00f6veked\u00e9s\u00e9ben \u00e9s magasabb haszonkulcs el\u00e9r\u00e9s\u00e9ben.\",\"breadcrumb\":{\"@id\":\"https:\\\/\\\/scaleorder.com\\\/hu\\\/eleje\\\/#breadcrumb\"},\"inLanguage\":\"hu\",\"potentialAction\":[{\"@type\":\"ReadAction\",\"target\":[\"https:\\\/\\\/scaleorder.com\\\/hu\\\/eleje\\\/\"]}]},{\"@type\":\"BreadcrumbList\",\"@id\":\"https:\\\/\\\/scaleorder.com\\\/hu\\\/eleje\\\/#breadcrumb\",\"itemListElement\":[{\"@type\":\"ListItem\",\"position\":1,\"name\":\"Home\",\"item\":\"https:\\\/\\\/scaleorder.com\\\/hu\\\/eleje\\\/\"},{\"@type\":\"ListItem\",\"position\":2,\"name\":\"Eleje\"}]},{\"@type\":\"WebSite\",\"@id\":\"https:\\\/\\\/scaleorder.com\\\/#website\",\"url\":\"https:\\\/\\\/scaleorder.com\\\/\",\"name\":\"ScaleOrder Dropshipping\",\"description\":\"The Ultimate Branded Dropshipping Solution\",\"potentialAction\":[{\"@type\":\"SearchAction\",\"target\":{\"@type\":\"EntryPoint\",\"urlTemplate\":\"https:\\\/\\\/scaleorder.com\\\/?s={search_term_string}\"},\"query-input\":{\"@type\":\"PropertyValueSpecification\",\"valueRequired\":true,\"valueName\":\"search_term_string\"}}],\"inLanguage\":\"hu\"}]}<\/script>\n<!-- \/ Yoast SEO plugin. -->","yoast_head_json":{"title":"Scaleorder \u2013 Vezet\u0151 dropshipping platform ingyen | A legjobb nyertes term\u00e9kek a digit\u00e1lis dropshipping \u00fczlet sz\u00e1m\u00e1ra","description":"A Scaleorder egy ingyenes dropshipping platform, amely seg\u00edt elind\u00edtani dropshipping \u00e9s ig\u00e9ny szerinti nyomtat\u00e1si \u00fczlet\u00e9t 2025-ben. Magas jegy\u0171 Dropshipping term\u00e9keket k\u00edn\u00e1l, p\u00e9ld\u00e1ul lakberendez\u00e9si t\u00e1rgyakat, b\u00fatorokat, \u00e9kszereket, parf\u00fcm\u00f6ket, feh\u00e9rnem\u0171ket, kozmetikumokat \u00e9s egy\u00e9b sz\u00e9ps\u00e9g\u00e1pol\u00e1si term\u00e9keket \u2013 mindezt k\u00f6zvetlen\u00fcl a gy\u00e1rt\u00f3kt\u00f3l szerzik be. A Scaleorder integr\u00e1lhat\u00f3 a Shopify, az Amazon, az eBay, a WooCommerce, a Lazada \u00e9s a BigCommerce szolg\u00e1ltat\u00e1sokkal. Be\u00e9p\u00edtett automatiz\u00e1lt teljes\u00edt\u00e9si eszk\u00f6z\u00f6kkel \u00e9s kezd\u0151bar\u00e1t fel\u00fclettel rendelkezik, amelyek seg\u00edtenek v\u00e1llalkoz\u00e1sa n\u00f6veked\u00e9s\u00e9ben \u00e9s magasabb haszonkulcs el\u00e9r\u00e9s\u00e9ben.","robots":{"index":"index","follow":"follow","max-snippet":"max-snippet:-1","max-image-preview":"max-image-preview:large","max-video-preview":"max-video-preview:-1"},"canonical":"https:\/\/scaleorder.com\/hu\/eleje\/","og_locale":"hu_HU","og_type":"article","og_title":"Scaleorder \u2013 Vezet\u0151 dropshipping platform ingyen | A legjobb nyertes term\u00e9kek a digit\u00e1lis dropshipping \u00fczlet sz\u00e1m\u00e1ra","og_description":"A Scaleorder egy ingyenes dropshipping platform, amely seg\u00edt elind\u00edtani dropshipping \u00e9s ig\u00e9ny szerinti nyomtat\u00e1si \u00fczlet\u00e9t 2025-ben. Magas jegy\u0171 Dropshipping term\u00e9keket k\u00edn\u00e1l, p\u00e9ld\u00e1ul lakberendez\u00e9si t\u00e1rgyakat, b\u00fatorokat, \u00e9kszereket, parf\u00fcm\u00f6ket, feh\u00e9rnem\u0171ket, kozmetikumokat \u00e9s egy\u00e9b sz\u00e9ps\u00e9g\u00e1pol\u00e1si term\u00e9keket \u2013 mindezt k\u00f6zvetlen\u00fcl a gy\u00e1rt\u00f3kt\u00f3l szerzik be. A Scaleorder integr\u00e1lhat\u00f3 a Shopify, az Amazon, az eBay, a WooCommerce, a Lazada \u00e9s a BigCommerce szolg\u00e1ltat\u00e1sokkal. Be\u00e9p\u00edtett automatiz\u00e1lt teljes\u00edt\u00e9si eszk\u00f6z\u00f6kkel \u00e9s kezd\u0151bar\u00e1t fel\u00fclettel rendelkezik, amelyek seg\u00edtenek v\u00e1llalkoz\u00e1sa n\u00f6veked\u00e9s\u00e9ben \u00e9s magasabb haszonkulcs el\u00e9r\u00e9s\u00e9ben.","og_url":"https:\/\/scaleorder.com\/hu\/eleje\/","og_site_name":"ScaleOrder Dropshipping","twitter_card":"summary_large_image","schema":{"@context":"https:\/\/schema.org","@graph":[{"@type":"WebPage","@id":"https:\/\/scaleorder.com\/hu\/eleje\/","url":"https:\/\/scaleorder.com\/hu\/eleje\/","name":"Scaleorder \u2013 Vezet\u0151 dropshipping platform ingyen | A legjobb nyertes term\u00e9kek a digit\u00e1lis dropshipping \u00fczlet sz\u00e1m\u00e1ra","isPartOf":{"@id":"https:\/\/scaleorder.com\/#website"},"datePublished":"2024-07-08T00:37:52+00:00","description":"A Scaleorder egy ingyenes dropshipping platform, amely seg\u00edt elind\u00edtani dropshipping \u00e9s ig\u00e9ny szerinti nyomtat\u00e1si \u00fczlet\u00e9t 2025-ben. Magas jegy\u0171 Dropshipping term\u00e9keket k\u00edn\u00e1l, p\u00e9ld\u00e1ul lakberendez\u00e9si t\u00e1rgyakat, b\u00fatorokat, \u00e9kszereket, parf\u00fcm\u00f6ket, feh\u00e9rnem\u0171ket, kozmetikumokat \u00e9s egy\u00e9b sz\u00e9ps\u00e9g\u00e1pol\u00e1si term\u00e9keket \u2013 mindezt k\u00f6zvetlen\u00fcl a gy\u00e1rt\u00f3kt\u00f3l szerzik be. A Scaleorder integr\u00e1lhat\u00f3 a Shopify, az Amazon, az eBay, a WooCommerce, a Lazada \u00e9s a BigCommerce szolg\u00e1ltat\u00e1sokkal. Be\u00e9p\u00edtett automatiz\u00e1lt teljes\u00edt\u00e9si eszk\u00f6z\u00f6kkel \u00e9s kezd\u0151bar\u00e1t fel\u00fclettel rendelkezik, amelyek seg\u00edtenek v\u00e1llalkoz\u00e1sa n\u00f6veked\u00e9s\u00e9ben \u00e9s magasabb haszonkulcs el\u00e9r\u00e9s\u00e9ben.","breadcrumb":{"@id":"https:\/\/scaleorder.com\/hu\/eleje\/#breadcrumb"},"inLanguage":"hu","potentialAction":[{"@type":"ReadAction","target":["https:\/\/scaleorder.com\/hu\/eleje\/"]}]},{"@type":"BreadcrumbList","@id":"https:\/\/scaleorder.com\/hu\/eleje\/#breadcrumb","itemListElement":[{"@type":"ListItem","position":1,"name":"Home","item":"https:\/\/scaleorder.com\/hu\/eleje\/"},{"@type":"ListItem","position":2,"name":"Eleje"}]},{"@type":"WebSite","@id":"https:\/\/scaleorder.com\/#website","url":"https:\/\/scaleorder.com\/","name":"ScaleOrder Dropshipping","description":"The Ultimate Branded Dropshipping Solution","potentialAction":[{"@type":"SearchAction","target":{"@type":"EntryPoint","urlTemplate":"https:\/\/scaleorder.com\/?s={search_term_string}"},"query-input":{"@type":"PropertyValueSpecification","valueRequired":true,"valueName":"search_term_string"}}],"inLanguage":"hu"}]}},"_links":{"self":[{"href":"https:\/\/scaleorder.com\/hu\/wp-json\/wp\/v2\/pages\/27721","targetHints":{"allow":["GET"]}}],"collection":[{"href":"https:\/\/scaleorder.com\/hu\/wp-json\/wp\/v2\/pages"}],"about":[{"href":"https:\/\/scaleorder.com\/hu\/wp-json\/wp\/v2\/types\/page"}],"author":[{"embeddable":true,"href":"https:\/\/scaleorder.com\/hu\/wp-json\/wp\/v2\/users\/1"}],"replies":[{"embeddable":true,"href":"https:\/\/scaleorder.com\/hu\/wp-json\/wp\/v2\/comments?post=27721"}],"version-history":[{"count":0,"href":"https:\/\/scaleorder.com\/hu\/wp-json\/wp\/v2\/pages\/27721\/revisions"}],"wp:attachment":[{"href":"https:\/\/scaleorder.com\/hu\/wp-json\/wp\/v2\/media?parent=27721"}],"curies":[{"name":"wp","href":"https:\/\/api.w.org\/{rel}","templated":true}]}}