{"id":27649,"date":"2025-06-26T17:40:01","date_gmt":"2025-06-26T09:40:01","guid":{"rendered":"https:\/\/scaleorder.com\/dropshipping-teljesites\/"},"modified":"2025-06-26T17:40:01","modified_gmt":"2025-06-26T09:40:01","slug":"dropshipping-teljesites","status":"publish","type":"page","link":"https:\/\/scaleorder.com\/hu\/dropshipping-teljesites\/","title":{"rendered":"Dropshipping teljes\u00edt\u00e9s"},"content":{"rendered":"","protected":false},"excerpt":{"rendered":"","protected":false},"author":1,"featured_media":0,"parent":0,"menu_order":0,"comment_status":"closed","ping_status":"closed","template":"tpl-dropshipping-fulfillment.php","meta":{"inline_featured_image":false,"footnotes":""},"class_list":["post-27649","page","type-page","status-publish","hentry"],"yoast_head":"<!-- This site is optimized with the Yoast SEO plugin v27.5 - https:\/\/yoast.com\/product\/yoast-seo-wordpress\/ -->\n<title>Scaleorder - A legjobb dropshipping rendel\u00e9s-teljes\u00edt\u00e9si szolg\u00e1ltat\u00e1s | Automatikus teljes\u00edt\u00e9si szoftver a Shopify, az Amazon \u00e9s az Omnichannel sz\u00e1m\u00e1ra ingyen<\/title>\n<meta name=\"description\" content=\"A Scaleorder egy vezet\u0151 teljes\u00edt\u00e9si c\u00e9g, amely vil\u00e1gszerte ingyenes megrendel\u00e9s-teljes\u00edt\u00e9si szolg\u00e1ltat\u00e1st k\u00edn\u00e1l dropshipping \u00fczlete sz\u00e1m\u00e1ra. K\u00f6nnyed\u00e9n kezelheti a Shopify, Amazon \u00e9s B2B rendel\u00e9seket a legjobb automatikus teljes\u00edt\u00e9si szoftverrel. 3PL k\u00f6zpontunk gyors sz\u00e1ll\u00edt\u00e1st \u00e9s t\u00f6bbcsatorn\u00e1s teljes\u00edt\u00e9st biztos\u00edt, bele\u00e9rtve a WooCommerce megrendel\u00e9sek teljes\u00edt\u00e9s\u00e9t sz\u00e9ps\u00e9g-, kozmetikai, fasion- \u00e9s egy\u00e9b term\u00e9kekhez.\" \/>\n<meta name=\"robots\" content=\"index, follow, max-snippet:-1, max-image-preview:large, max-video-preview:-1\" \/>\n<link rel=\"canonical\" href=\"https:\/\/scaleorder.com\/hu\/dropshipping-teljesites\/\" \/>\n<meta property=\"og:locale\" content=\"hu_HU\" \/>\n<meta property=\"og:type\" content=\"article\" \/>\n<meta property=\"og:title\" content=\"Scaleorder - A legjobb dropshipping rendel\u00e9s-teljes\u00edt\u00e9si szolg\u00e1ltat\u00e1s | Automatikus teljes\u00edt\u00e9si szoftver a Shopify, az Amazon \u00e9s az Omnichannel sz\u00e1m\u00e1ra ingyen\" \/>\n<meta property=\"og:description\" content=\"A Scaleorder egy vezet\u0151 teljes\u00edt\u00e9si c\u00e9g, amely vil\u00e1gszerte ingyenes megrendel\u00e9s-teljes\u00edt\u00e9si szolg\u00e1ltat\u00e1st k\u00edn\u00e1l dropshipping \u00fczlete sz\u00e1m\u00e1ra. K\u00f6nnyed\u00e9n kezelheti a Shopify, Amazon \u00e9s B2B rendel\u00e9seket a legjobb automatikus teljes\u00edt\u00e9si szoftverrel. 3PL k\u00f6zpontunk gyors sz\u00e1ll\u00edt\u00e1st \u00e9s t\u00f6bbcsatorn\u00e1s teljes\u00edt\u00e9st biztos\u00edt, bele\u00e9rtve a WooCommerce megrendel\u00e9sek teljes\u00edt\u00e9s\u00e9t sz\u00e9ps\u00e9g-, kozmetikai, fasion- \u00e9s egy\u00e9b term\u00e9kekhez.\" \/>\n<meta property=\"og:url\" content=\"https:\/\/scaleorder.com\/hu\/dropshipping-teljesites\/\" \/>\n<meta property=\"og:site_name\" content=\"ScaleOrder Dropshipping\" \/>\n<meta name=\"twitter:card\" content=\"summary_large_image\" \/>\n<script type=\"application\/ld+json\" class=\"yoast-schema-graph\">{\"@context\":\"https:\\\/\\\/schema.org\",\"@graph\":[{\"@type\":\"WebPage\",\"@id\":\"https:\\\/\\\/scaleorder.com\\\/hu\\\/dropshipping-teljesites\\\/\",\"url\":\"https:\\\/\\\/scaleorder.com\\\/hu\\\/dropshipping-teljesites\\\/\",\"name\":\"Scaleorder - A legjobb dropshipping rendel\u00e9s-teljes\u00edt\u00e9si szolg\u00e1ltat\u00e1s | Automatikus teljes\u00edt\u00e9si szoftver a Shopify, az Amazon \u00e9s az Omnichannel sz\u00e1m\u00e1ra ingyen\",\"isPartOf\":{\"@id\":\"https:\\\/\\\/scaleorder.com\\\/#website\"},\"datePublished\":\"2025-06-26T09:40:01+00:00\",\"description\":\"A Scaleorder egy vezet\u0151 teljes\u00edt\u00e9si c\u00e9g, amely vil\u00e1gszerte ingyenes megrendel\u00e9s-teljes\u00edt\u00e9si szolg\u00e1ltat\u00e1st k\u00edn\u00e1l dropshipping \u00fczlete sz\u00e1m\u00e1ra. K\u00f6nnyed\u00e9n kezelheti a Shopify, Amazon \u00e9s B2B rendel\u00e9seket a legjobb automatikus teljes\u00edt\u00e9si szoftverrel. 3PL k\u00f6zpontunk gyors sz\u00e1ll\u00edt\u00e1st \u00e9s t\u00f6bbcsatorn\u00e1s teljes\u00edt\u00e9st biztos\u00edt, bele\u00e9rtve a WooCommerce megrendel\u00e9sek teljes\u00edt\u00e9s\u00e9t sz\u00e9ps\u00e9g-, kozmetikai, fasion- \u00e9s egy\u00e9b term\u00e9kekhez.\",\"breadcrumb\":{\"@id\":\"https:\\\/\\\/scaleorder.com\\\/hu\\\/dropshipping-teljesites\\\/#breadcrumb\"},\"inLanguage\":\"hu\",\"potentialAction\":[{\"@type\":\"ReadAction\",\"target\":[\"https:\\\/\\\/scaleorder.com\\\/hu\\\/dropshipping-teljesites\\\/\"]}]},{\"@type\":\"BreadcrumbList\",\"@id\":\"https:\\\/\\\/scaleorder.com\\\/hu\\\/dropshipping-teljesites\\\/#breadcrumb\",\"itemListElement\":[{\"@type\":\"ListItem\",\"position\":1,\"name\":\"Home\",\"item\":\"https:\\\/\\\/scaleorder.com\\\/hu\\\/eleje\\\/\"},{\"@type\":\"ListItem\",\"position\":2,\"name\":\"Dropshipping teljes\u00edt\u00e9s\"}]},{\"@type\":\"WebSite\",\"@id\":\"https:\\\/\\\/scaleorder.com\\\/#website\",\"url\":\"https:\\\/\\\/scaleorder.com\\\/\",\"name\":\"ScaleOrder Dropshipping\",\"description\":\"The Ultimate Branded Dropshipping Solution\",\"potentialAction\":[{\"@type\":\"SearchAction\",\"target\":{\"@type\":\"EntryPoint\",\"urlTemplate\":\"https:\\\/\\\/scaleorder.com\\\/?s={search_term_string}\"},\"query-input\":{\"@type\":\"PropertyValueSpecification\",\"valueRequired\":true,\"valueName\":\"search_term_string\"}}],\"inLanguage\":\"hu\"}]}<\/script>\n<!-- \/ Yoast SEO plugin. -->","yoast_head_json":{"title":"Scaleorder - A legjobb dropshipping rendel\u00e9s-teljes\u00edt\u00e9si szolg\u00e1ltat\u00e1s | Automatikus teljes\u00edt\u00e9si szoftver a Shopify, az Amazon \u00e9s az Omnichannel sz\u00e1m\u00e1ra ingyen","description":"A Scaleorder egy vezet\u0151 teljes\u00edt\u00e9si c\u00e9g, amely vil\u00e1gszerte ingyenes megrendel\u00e9s-teljes\u00edt\u00e9si szolg\u00e1ltat\u00e1st k\u00edn\u00e1l dropshipping \u00fczlete sz\u00e1m\u00e1ra. K\u00f6nnyed\u00e9n kezelheti a Shopify, Amazon \u00e9s B2B rendel\u00e9seket a legjobb automatikus teljes\u00edt\u00e9si szoftverrel. 3PL k\u00f6zpontunk gyors sz\u00e1ll\u00edt\u00e1st \u00e9s t\u00f6bbcsatorn\u00e1s teljes\u00edt\u00e9st biztos\u00edt, bele\u00e9rtve a WooCommerce megrendel\u00e9sek teljes\u00edt\u00e9s\u00e9t sz\u00e9ps\u00e9g-, kozmetikai, fasion- \u00e9s egy\u00e9b term\u00e9kekhez.","robots":{"index":"index","follow":"follow","max-snippet":"max-snippet:-1","max-image-preview":"max-image-preview:large","max-video-preview":"max-video-preview:-1"},"canonical":"https:\/\/scaleorder.com\/hu\/dropshipping-teljesites\/","og_locale":"hu_HU","og_type":"article","og_title":"Scaleorder - A legjobb dropshipping rendel\u00e9s-teljes\u00edt\u00e9si szolg\u00e1ltat\u00e1s | Automatikus teljes\u00edt\u00e9si szoftver a Shopify, az Amazon \u00e9s az Omnichannel sz\u00e1m\u00e1ra ingyen","og_description":"A Scaleorder egy vezet\u0151 teljes\u00edt\u00e9si c\u00e9g, amely vil\u00e1gszerte ingyenes megrendel\u00e9s-teljes\u00edt\u00e9si szolg\u00e1ltat\u00e1st k\u00edn\u00e1l dropshipping \u00fczlete sz\u00e1m\u00e1ra. K\u00f6nnyed\u00e9n kezelheti a Shopify, Amazon \u00e9s B2B rendel\u00e9seket a legjobb automatikus teljes\u00edt\u00e9si szoftverrel. 3PL k\u00f6zpontunk gyors sz\u00e1ll\u00edt\u00e1st \u00e9s t\u00f6bbcsatorn\u00e1s teljes\u00edt\u00e9st biztos\u00edt, bele\u00e9rtve a WooCommerce megrendel\u00e9sek teljes\u00edt\u00e9s\u00e9t sz\u00e9ps\u00e9g-, kozmetikai, fasion- \u00e9s egy\u00e9b term\u00e9kekhez.","og_url":"https:\/\/scaleorder.com\/hu\/dropshipping-teljesites\/","og_site_name":"ScaleOrder Dropshipping","twitter_card":"summary_large_image","schema":{"@context":"https:\/\/schema.org","@graph":[{"@type":"WebPage","@id":"https:\/\/scaleorder.com\/hu\/dropshipping-teljesites\/","url":"https:\/\/scaleorder.com\/hu\/dropshipping-teljesites\/","name":"Scaleorder - A legjobb dropshipping rendel\u00e9s-teljes\u00edt\u00e9si szolg\u00e1ltat\u00e1s | Automatikus teljes\u00edt\u00e9si szoftver a Shopify, az Amazon \u00e9s az Omnichannel sz\u00e1m\u00e1ra ingyen","isPartOf":{"@id":"https:\/\/scaleorder.com\/#website"},"datePublished":"2025-06-26T09:40:01+00:00","description":"A Scaleorder egy vezet\u0151 teljes\u00edt\u00e9si c\u00e9g, amely vil\u00e1gszerte ingyenes megrendel\u00e9s-teljes\u00edt\u00e9si szolg\u00e1ltat\u00e1st k\u00edn\u00e1l dropshipping \u00fczlete sz\u00e1m\u00e1ra. K\u00f6nnyed\u00e9n kezelheti a Shopify, Amazon \u00e9s B2B rendel\u00e9seket a legjobb automatikus teljes\u00edt\u00e9si szoftverrel. 3PL k\u00f6zpontunk gyors sz\u00e1ll\u00edt\u00e1st \u00e9s t\u00f6bbcsatorn\u00e1s teljes\u00edt\u00e9st biztos\u00edt, bele\u00e9rtve a WooCommerce megrendel\u00e9sek teljes\u00edt\u00e9s\u00e9t sz\u00e9ps\u00e9g-, kozmetikai, fasion- \u00e9s egy\u00e9b term\u00e9kekhez.","breadcrumb":{"@id":"https:\/\/scaleorder.com\/hu\/dropshipping-teljesites\/#breadcrumb"},"inLanguage":"hu","potentialAction":[{"@type":"ReadAction","target":["https:\/\/scaleorder.com\/hu\/dropshipping-teljesites\/"]}]},{"@type":"BreadcrumbList","@id":"https:\/\/scaleorder.com\/hu\/dropshipping-teljesites\/#breadcrumb","itemListElement":[{"@type":"ListItem","position":1,"name":"Home","item":"https:\/\/scaleorder.com\/hu\/eleje\/"},{"@type":"ListItem","position":2,"name":"Dropshipping teljes\u00edt\u00e9s"}]},{"@type":"WebSite","@id":"https:\/\/scaleorder.com\/#website","url":"https:\/\/scaleorder.com\/","name":"ScaleOrder Dropshipping","description":"The Ultimate Branded Dropshipping Solution","potentialAction":[{"@type":"SearchAction","target":{"@type":"EntryPoint","urlTemplate":"https:\/\/scaleorder.com\/?s={search_term_string}"},"query-input":{"@type":"PropertyValueSpecification","valueRequired":true,"valueName":"search_term_string"}}],"inLanguage":"hu"}]}},"_links":{"self":[{"href":"https:\/\/scaleorder.com\/hu\/wp-json\/wp\/v2\/pages\/27649","targetHints":{"allow":["GET"]}}],"collection":[{"href":"https:\/\/scaleorder.com\/hu\/wp-json\/wp\/v2\/pages"}],"about":[{"href":"https:\/\/scaleorder.com\/hu\/wp-json\/wp\/v2\/types\/page"}],"author":[{"embeddable":true,"href":"https:\/\/scaleorder.com\/hu\/wp-json\/wp\/v2\/users\/1"}],"replies":[{"embeddable":true,"href":"https:\/\/scaleorder.com\/hu\/wp-json\/wp\/v2\/comments?post=27649"}],"version-history":[{"count":0,"href":"https:\/\/scaleorder.com\/hu\/wp-json\/wp\/v2\/pages\/27649\/revisions"}],"wp:attachment":[{"href":"https:\/\/scaleorder.com\/hu\/wp-json\/wp\/v2\/media?parent=27649"}],"curies":[{"name":"wp","href":"https:\/\/api.w.org\/{rel}","templated":true}]}}