{"id":27533,"date":"2024-07-09T11:32:02","date_gmt":"2024-07-09T03:32:02","guid":{"rendered":"https:\/\/scaleorder.com\/amazon-sfp-integracio\/"},"modified":"2024-07-09T11:32:02","modified_gmt":"2024-07-09T03:32:02","slug":"amazon-sfp-integracio","status":"publish","type":"page","link":"https:\/\/scaleorder.com\/hu\/amazon-sfp-integracio\/","title":{"rendered":"Amazon SFP integr\u00e1ci\u00f3"},"content":{"rendered":"","protected":false},"excerpt":{"rendered":"","protected":false},"author":1,"featured_media":0,"parent":0,"menu_order":0,"comment_status":"closed","ping_status":"closed","template":"amazon-sfp.php","meta":{"inline_featured_image":false,"footnotes":""},"class_list":["post-27533","page","type-page","status-publish","hentry"],"yoast_head":"<!-- This site is optimized with the Yoast SEO plugin v27.5 - https:\/\/yoast.com\/product\/yoast-seo-wordpress\/ -->\n<title>Scaleorder \u2013 A legjobb Amazon SFP teljes\u00edt\u00e9s ingyen | 3rd Party logisztikai \u00e9s teljes\u00edt\u00e9si szolg\u00e1ltat\u00e1sok az e-kereskedelmi \u00fczlet\u00e1g sz\u00e1m\u00e1ra<\/title>\n<meta name=\"description\" content=\"A Scaleorder lehet\u0151v\u00e9 teszi az FBA \u00e1tviteli folyamat\u00e1nak egyszer\u0171s\u00edt\u00e9s\u00e9t a jobb k\u00e9szlet\u00e1raml\u00e1s \u00e9s a m\u0171k\u00f6d\u00e9si hat\u00e9konys\u00e1g \u00e9rdek\u00e9ben. Tapasztalt e-kereskedelmi v\u00e1llalatk\u00e9nt megb\u00edzhat\u00f3 teljes\u00edt\u00e9si szolg\u00e1ltat\u00e1st ny\u00fajtunk 3rd party fulfillment (3PL) megold\u00e1sokon kereszt\u00fcl, amelyek teljes m\u00e9rt\u00e9kben kompatibilisek az Amazon SFP-vel \u00e9s m\u00e1s vezet\u0151 platformokkal.\" \/>\n<meta name=\"robots\" content=\"index, follow, max-snippet:-1, max-image-preview:large, max-video-preview:-1\" \/>\n<link rel=\"canonical\" href=\"https:\/\/scaleorder.com\/hu\/amazon-sfp-integracio\/\" \/>\n<meta property=\"og:locale\" content=\"hu_HU\" \/>\n<meta property=\"og:type\" content=\"article\" \/>\n<meta property=\"og:title\" content=\"Scaleorder \u2013 A legjobb Amazon SFP teljes\u00edt\u00e9s ingyen | 3rd Party logisztikai \u00e9s teljes\u00edt\u00e9si szolg\u00e1ltat\u00e1sok az e-kereskedelmi \u00fczlet\u00e1g sz\u00e1m\u00e1ra\" \/>\n<meta property=\"og:description\" content=\"A Scaleorder lehet\u0151v\u00e9 teszi az FBA \u00e1tviteli folyamat\u00e1nak egyszer\u0171s\u00edt\u00e9s\u00e9t a jobb k\u00e9szlet\u00e1raml\u00e1s \u00e9s a m\u0171k\u00f6d\u00e9si hat\u00e9konys\u00e1g \u00e9rdek\u00e9ben. Tapasztalt e-kereskedelmi v\u00e1llalatk\u00e9nt megb\u00edzhat\u00f3 teljes\u00edt\u00e9si szolg\u00e1ltat\u00e1st ny\u00fajtunk 3rd party fulfillment (3PL) megold\u00e1sokon kereszt\u00fcl, amelyek teljes m\u00e9rt\u00e9kben kompatibilisek az Amazon SFP-vel \u00e9s m\u00e1s vezet\u0151 platformokkal.\" \/>\n<meta property=\"og:url\" content=\"https:\/\/scaleorder.com\/hu\/amazon-sfp-integracio\/\" \/>\n<meta property=\"og:site_name\" content=\"ScaleOrder Dropshipping\" \/>\n<meta name=\"twitter:card\" content=\"summary_large_image\" \/>\n<script type=\"application\/ld+json\" class=\"yoast-schema-graph\">{\"@context\":\"https:\\\/\\\/schema.org\",\"@graph\":[{\"@type\":\"WebPage\",\"@id\":\"https:\\\/\\\/scaleorder.com\\\/hu\\\/amazon-sfp-integracio\\\/\",\"url\":\"https:\\\/\\\/scaleorder.com\\\/hu\\\/amazon-sfp-integracio\\\/\",\"name\":\"Scaleorder \u2013 A legjobb Amazon SFP teljes\u00edt\u00e9s ingyen | 3rd Party logisztikai \u00e9s teljes\u00edt\u00e9si szolg\u00e1ltat\u00e1sok az e-kereskedelmi \u00fczlet\u00e1g sz\u00e1m\u00e1ra\",\"isPartOf\":{\"@id\":\"https:\\\/\\\/scaleorder.com\\\/#website\"},\"datePublished\":\"2024-07-09T03:32:02+00:00\",\"description\":\"A Scaleorder lehet\u0151v\u00e9 teszi az FBA \u00e1tviteli folyamat\u00e1nak egyszer\u0171s\u00edt\u00e9s\u00e9t a jobb k\u00e9szlet\u00e1raml\u00e1s \u00e9s a m\u0171k\u00f6d\u00e9si hat\u00e9konys\u00e1g \u00e9rdek\u00e9ben. Tapasztalt e-kereskedelmi v\u00e1llalatk\u00e9nt megb\u00edzhat\u00f3 teljes\u00edt\u00e9si szolg\u00e1ltat\u00e1st ny\u00fajtunk 3rd party fulfillment (3PL) megold\u00e1sokon kereszt\u00fcl, amelyek teljes m\u00e9rt\u00e9kben kompatibilisek az Amazon SFP-vel \u00e9s m\u00e1s vezet\u0151 platformokkal.\",\"breadcrumb\":{\"@id\":\"https:\\\/\\\/scaleorder.com\\\/hu\\\/amazon-sfp-integracio\\\/#breadcrumb\"},\"inLanguage\":\"hu\",\"potentialAction\":[{\"@type\":\"ReadAction\",\"target\":[\"https:\\\/\\\/scaleorder.com\\\/hu\\\/amazon-sfp-integracio\\\/\"]}]},{\"@type\":\"BreadcrumbList\",\"@id\":\"https:\\\/\\\/scaleorder.com\\\/hu\\\/amazon-sfp-integracio\\\/#breadcrumb\",\"itemListElement\":[{\"@type\":\"ListItem\",\"position\":1,\"name\":\"Home\",\"item\":\"https:\\\/\\\/scaleorder.com\\\/hu\\\/eleje\\\/\"},{\"@type\":\"ListItem\",\"position\":2,\"name\":\"Amazon SFP integr\u00e1ci\u00f3\"}]},{\"@type\":\"WebSite\",\"@id\":\"https:\\\/\\\/scaleorder.com\\\/#website\",\"url\":\"https:\\\/\\\/scaleorder.com\\\/\",\"name\":\"ScaleOrder Dropshipping\",\"description\":\"The Ultimate Branded Dropshipping Solution\",\"potentialAction\":[{\"@type\":\"SearchAction\",\"target\":{\"@type\":\"EntryPoint\",\"urlTemplate\":\"https:\\\/\\\/scaleorder.com\\\/?s={search_term_string}\"},\"query-input\":{\"@type\":\"PropertyValueSpecification\",\"valueRequired\":true,\"valueName\":\"search_term_string\"}}],\"inLanguage\":\"hu\"}]}<\/script>\n<!-- \/ Yoast SEO plugin. -->","yoast_head_json":{"title":"Scaleorder \u2013 A legjobb Amazon SFP teljes\u00edt\u00e9s ingyen | 3rd Party logisztikai \u00e9s teljes\u00edt\u00e9si szolg\u00e1ltat\u00e1sok az e-kereskedelmi \u00fczlet\u00e1g sz\u00e1m\u00e1ra","description":"A Scaleorder lehet\u0151v\u00e9 teszi az FBA \u00e1tviteli folyamat\u00e1nak egyszer\u0171s\u00edt\u00e9s\u00e9t a jobb k\u00e9szlet\u00e1raml\u00e1s \u00e9s a m\u0171k\u00f6d\u00e9si hat\u00e9konys\u00e1g \u00e9rdek\u00e9ben. Tapasztalt e-kereskedelmi v\u00e1llalatk\u00e9nt megb\u00edzhat\u00f3 teljes\u00edt\u00e9si szolg\u00e1ltat\u00e1st ny\u00fajtunk 3rd party fulfillment (3PL) megold\u00e1sokon kereszt\u00fcl, amelyek teljes m\u00e9rt\u00e9kben kompatibilisek az Amazon SFP-vel \u00e9s m\u00e1s vezet\u0151 platformokkal.","robots":{"index":"index","follow":"follow","max-snippet":"max-snippet:-1","max-image-preview":"max-image-preview:large","max-video-preview":"max-video-preview:-1"},"canonical":"https:\/\/scaleorder.com\/hu\/amazon-sfp-integracio\/","og_locale":"hu_HU","og_type":"article","og_title":"Scaleorder \u2013 A legjobb Amazon SFP teljes\u00edt\u00e9s ingyen | 3rd Party logisztikai \u00e9s teljes\u00edt\u00e9si szolg\u00e1ltat\u00e1sok az e-kereskedelmi \u00fczlet\u00e1g sz\u00e1m\u00e1ra","og_description":"A Scaleorder lehet\u0151v\u00e9 teszi az FBA \u00e1tviteli folyamat\u00e1nak egyszer\u0171s\u00edt\u00e9s\u00e9t a jobb k\u00e9szlet\u00e1raml\u00e1s \u00e9s a m\u0171k\u00f6d\u00e9si hat\u00e9konys\u00e1g \u00e9rdek\u00e9ben. Tapasztalt e-kereskedelmi v\u00e1llalatk\u00e9nt megb\u00edzhat\u00f3 teljes\u00edt\u00e9si szolg\u00e1ltat\u00e1st ny\u00fajtunk 3rd party fulfillment (3PL) megold\u00e1sokon kereszt\u00fcl, amelyek teljes m\u00e9rt\u00e9kben kompatibilisek az Amazon SFP-vel \u00e9s m\u00e1s vezet\u0151 platformokkal.","og_url":"https:\/\/scaleorder.com\/hu\/amazon-sfp-integracio\/","og_site_name":"ScaleOrder Dropshipping","twitter_card":"summary_large_image","schema":{"@context":"https:\/\/schema.org","@graph":[{"@type":"WebPage","@id":"https:\/\/scaleorder.com\/hu\/amazon-sfp-integracio\/","url":"https:\/\/scaleorder.com\/hu\/amazon-sfp-integracio\/","name":"Scaleorder \u2013 A legjobb Amazon SFP teljes\u00edt\u00e9s ingyen | 3rd Party logisztikai \u00e9s teljes\u00edt\u00e9si szolg\u00e1ltat\u00e1sok az e-kereskedelmi \u00fczlet\u00e1g sz\u00e1m\u00e1ra","isPartOf":{"@id":"https:\/\/scaleorder.com\/#website"},"datePublished":"2024-07-09T03:32:02+00:00","description":"A Scaleorder lehet\u0151v\u00e9 teszi az FBA \u00e1tviteli folyamat\u00e1nak egyszer\u0171s\u00edt\u00e9s\u00e9t a jobb k\u00e9szlet\u00e1raml\u00e1s \u00e9s a m\u0171k\u00f6d\u00e9si hat\u00e9konys\u00e1g \u00e9rdek\u00e9ben. Tapasztalt e-kereskedelmi v\u00e1llalatk\u00e9nt megb\u00edzhat\u00f3 teljes\u00edt\u00e9si szolg\u00e1ltat\u00e1st ny\u00fajtunk 3rd party fulfillment (3PL) megold\u00e1sokon kereszt\u00fcl, amelyek teljes m\u00e9rt\u00e9kben kompatibilisek az Amazon SFP-vel \u00e9s m\u00e1s vezet\u0151 platformokkal.","breadcrumb":{"@id":"https:\/\/scaleorder.com\/hu\/amazon-sfp-integracio\/#breadcrumb"},"inLanguage":"hu","potentialAction":[{"@type":"ReadAction","target":["https:\/\/scaleorder.com\/hu\/amazon-sfp-integracio\/"]}]},{"@type":"BreadcrumbList","@id":"https:\/\/scaleorder.com\/hu\/amazon-sfp-integracio\/#breadcrumb","itemListElement":[{"@type":"ListItem","position":1,"name":"Home","item":"https:\/\/scaleorder.com\/hu\/eleje\/"},{"@type":"ListItem","position":2,"name":"Amazon SFP integr\u00e1ci\u00f3"}]},{"@type":"WebSite","@id":"https:\/\/scaleorder.com\/#website","url":"https:\/\/scaleorder.com\/","name":"ScaleOrder Dropshipping","description":"The Ultimate Branded Dropshipping Solution","potentialAction":[{"@type":"SearchAction","target":{"@type":"EntryPoint","urlTemplate":"https:\/\/scaleorder.com\/?s={search_term_string}"},"query-input":{"@type":"PropertyValueSpecification","valueRequired":true,"valueName":"search_term_string"}}],"inLanguage":"hu"}]}},"_links":{"self":[{"href":"https:\/\/scaleorder.com\/hu\/wp-json\/wp\/v2\/pages\/27533","targetHints":{"allow":["GET"]}}],"collection":[{"href":"https:\/\/scaleorder.com\/hu\/wp-json\/wp\/v2\/pages"}],"about":[{"href":"https:\/\/scaleorder.com\/hu\/wp-json\/wp\/v2\/types\/page"}],"author":[{"embeddable":true,"href":"https:\/\/scaleorder.com\/hu\/wp-json\/wp\/v2\/users\/1"}],"replies":[{"embeddable":true,"href":"https:\/\/scaleorder.com\/hu\/wp-json\/wp\/v2\/comments?post=27533"}],"version-history":[{"count":0,"href":"https:\/\/scaleorder.com\/hu\/wp-json\/wp\/v2\/pages\/27533\/revisions"}],"wp:attachment":[{"href":"https:\/\/scaleorder.com\/hu\/wp-json\/wp\/v2\/media?parent=27533"}],"curies":[{"name":"wp","href":"https:\/\/api.w.org\/{rel}","templated":true}]}}