{"id":27505,"date":"2025-06-26T18:43:36","date_gmt":"2025-06-26T10:43:36","guid":{"rendered":"https:\/\/scaleorder.com\/amazon-fba-elokeszites\/"},"modified":"2025-06-26T18:43:36","modified_gmt":"2025-06-26T10:43:36","slug":"amazon-fba-elokeszites","status":"publish","type":"page","link":"https:\/\/scaleorder.com\/hu\/amazon-fba-elokeszites\/","title":{"rendered":"Amazon FBA el\u0151k\u00e9sz\u00edt\u00e9s"},"content":{"rendered":"","protected":false},"excerpt":{"rendered":"","protected":false},"author":1,"featured_media":0,"parent":0,"menu_order":0,"comment_status":"closed","ping_status":"closed","template":"tpl-amazon-sfp-and-fba-prep.php","meta":{"inline_featured_image":false,"footnotes":""},"class_list":["post-27505","page","type-page","status-publish","hentry"],"yoast_head":"<!-- This site is optimized with the Yoast SEO plugin v27.5 - https:\/\/yoast.com\/product\/yoast-seo-wordpress\/ -->\n<title>Scaleorder \u2013 Vezet\u0151 Amazon FBA el\u0151k\u00e9sz\u00edt\u0151 szolg\u00e1ltat\u00e1s ingyen | A legjobb 3PL logisztikai \u00e9s FBA el\u0151k\u00e9sz\u00edt\u0151 megold\u00e1s nagy volumen\u0171 \u00e9s kis elad\u00f3k sz\u00e1m\u00e1ra<\/title>\n<meta name=\"description\" content=\"A Scaleorder egy vezet\u0151 harmadik f\u00e9lt\u0151l sz\u00e1rmaz\u00f3 logisztikai szolg\u00e1ltat\u00f3, amely a legjobb, gyors \u00e9s egyszer\u0171 Amazon FBA el\u0151k\u00e9sz\u00edt\u0151 szolg\u00e1ltat\u00e1st k\u00edn\u00e1lja, amely minden ig\u00e9nyt kiel\u00e9g\u00edt \u00e1tal\u00e1nyd\u00edjas \u00e1rk\u00e9pz\u00e9ssel \u2013 ide\u00e1lis kis elad\u00f3k \u00e9s nagy volumen\u0171 megrendel\u00e9sek sz\u00e1m\u00e1ra egyar\u00e1nt \u2013, amelyet az FBA el\u0151k\u00e9sz\u00edt\u0151 k\u00f6zpontj\u00e1b\u00f3l sz\u00e1ll\u00edtanak intelligens sz\u00e1ll\u00edt\u00e1si megold\u00e1sokkal.\" \/>\n<meta name=\"robots\" content=\"index, follow, max-snippet:-1, max-image-preview:large, max-video-preview:-1\" \/>\n<link rel=\"canonical\" href=\"https:\/\/scaleorder.com\/hu\/amazon-fba-elokeszites\/\" \/>\n<meta property=\"og:locale\" content=\"hu_HU\" \/>\n<meta property=\"og:type\" content=\"article\" \/>\n<meta property=\"og:title\" content=\"Scaleorder \u2013 Vezet\u0151 Amazon FBA el\u0151k\u00e9sz\u00edt\u0151 szolg\u00e1ltat\u00e1s ingyen | A legjobb 3PL logisztikai \u00e9s FBA el\u0151k\u00e9sz\u00edt\u0151 megold\u00e1s nagy volumen\u0171 \u00e9s kis elad\u00f3k sz\u00e1m\u00e1ra\" \/>\n<meta property=\"og:description\" content=\"A Scaleorder egy vezet\u0151 harmadik f\u00e9lt\u0151l sz\u00e1rmaz\u00f3 logisztikai szolg\u00e1ltat\u00f3, amely a legjobb, gyors \u00e9s egyszer\u0171 Amazon FBA el\u0151k\u00e9sz\u00edt\u0151 szolg\u00e1ltat\u00e1st k\u00edn\u00e1lja, amely minden ig\u00e9nyt kiel\u00e9g\u00edt \u00e1tal\u00e1nyd\u00edjas \u00e1rk\u00e9pz\u00e9ssel \u2013 ide\u00e1lis kis elad\u00f3k \u00e9s nagy volumen\u0171 megrendel\u00e9sek sz\u00e1m\u00e1ra egyar\u00e1nt \u2013, amelyet az FBA el\u0151k\u00e9sz\u00edt\u0151 k\u00f6zpontj\u00e1b\u00f3l sz\u00e1ll\u00edtanak intelligens sz\u00e1ll\u00edt\u00e1si megold\u00e1sokkal.\" \/>\n<meta property=\"og:url\" content=\"https:\/\/scaleorder.com\/hu\/amazon-fba-elokeszites\/\" \/>\n<meta property=\"og:site_name\" content=\"ScaleOrder Dropshipping\" \/>\n<meta name=\"twitter:card\" content=\"summary_large_image\" \/>\n<script type=\"application\/ld+json\" class=\"yoast-schema-graph\">{\"@context\":\"https:\\\/\\\/schema.org\",\"@graph\":[{\"@type\":\"WebPage\",\"@id\":\"https:\\\/\\\/scaleorder.com\\\/hu\\\/amazon-fba-elokeszites\\\/\",\"url\":\"https:\\\/\\\/scaleorder.com\\\/hu\\\/amazon-fba-elokeszites\\\/\",\"name\":\"Scaleorder \u2013 Vezet\u0151 Amazon FBA el\u0151k\u00e9sz\u00edt\u0151 szolg\u00e1ltat\u00e1s ingyen | A legjobb 3PL logisztikai \u00e9s FBA el\u0151k\u00e9sz\u00edt\u0151 megold\u00e1s nagy volumen\u0171 \u00e9s kis elad\u00f3k sz\u00e1m\u00e1ra\",\"isPartOf\":{\"@id\":\"https:\\\/\\\/scaleorder.com\\\/#website\"},\"datePublished\":\"2025-06-26T10:43:36+00:00\",\"description\":\"A Scaleorder egy vezet\u0151 harmadik f\u00e9lt\u0151l sz\u00e1rmaz\u00f3 logisztikai szolg\u00e1ltat\u00f3, amely a legjobb, gyors \u00e9s egyszer\u0171 Amazon FBA el\u0151k\u00e9sz\u00edt\u0151 szolg\u00e1ltat\u00e1st k\u00edn\u00e1lja, amely minden ig\u00e9nyt kiel\u00e9g\u00edt \u00e1tal\u00e1nyd\u00edjas \u00e1rk\u00e9pz\u00e9ssel \u2013 ide\u00e1lis kis elad\u00f3k \u00e9s nagy volumen\u0171 megrendel\u00e9sek sz\u00e1m\u00e1ra egyar\u00e1nt \u2013, amelyet az FBA el\u0151k\u00e9sz\u00edt\u0151 k\u00f6zpontj\u00e1b\u00f3l sz\u00e1ll\u00edtanak intelligens sz\u00e1ll\u00edt\u00e1si megold\u00e1sokkal.\",\"breadcrumb\":{\"@id\":\"https:\\\/\\\/scaleorder.com\\\/hu\\\/amazon-fba-elokeszites\\\/#breadcrumb\"},\"inLanguage\":\"hu\",\"potentialAction\":[{\"@type\":\"ReadAction\",\"target\":[\"https:\\\/\\\/scaleorder.com\\\/hu\\\/amazon-fba-elokeszites\\\/\"]}]},{\"@type\":\"BreadcrumbList\",\"@id\":\"https:\\\/\\\/scaleorder.com\\\/hu\\\/amazon-fba-elokeszites\\\/#breadcrumb\",\"itemListElement\":[{\"@type\":\"ListItem\",\"position\":1,\"name\":\"Home\",\"item\":\"https:\\\/\\\/scaleorder.com\\\/hu\\\/eleje\\\/\"},{\"@type\":\"ListItem\",\"position\":2,\"name\":\"Amazon FBA el\u0151k\u00e9sz\u00edt\u00e9s\"}]},{\"@type\":\"WebSite\",\"@id\":\"https:\\\/\\\/scaleorder.com\\\/#website\",\"url\":\"https:\\\/\\\/scaleorder.com\\\/\",\"name\":\"ScaleOrder Dropshipping\",\"description\":\"The Ultimate Branded Dropshipping Solution\",\"potentialAction\":[{\"@type\":\"SearchAction\",\"target\":{\"@type\":\"EntryPoint\",\"urlTemplate\":\"https:\\\/\\\/scaleorder.com\\\/?s={search_term_string}\"},\"query-input\":{\"@type\":\"PropertyValueSpecification\",\"valueRequired\":true,\"valueName\":\"search_term_string\"}}],\"inLanguage\":\"hu\"}]}<\/script>\n<!-- \/ Yoast SEO plugin. -->","yoast_head_json":{"title":"Scaleorder \u2013 Vezet\u0151 Amazon FBA el\u0151k\u00e9sz\u00edt\u0151 szolg\u00e1ltat\u00e1s ingyen | A legjobb 3PL logisztikai \u00e9s FBA el\u0151k\u00e9sz\u00edt\u0151 megold\u00e1s nagy volumen\u0171 \u00e9s kis elad\u00f3k sz\u00e1m\u00e1ra","description":"A Scaleorder egy vezet\u0151 harmadik f\u00e9lt\u0151l sz\u00e1rmaz\u00f3 logisztikai szolg\u00e1ltat\u00f3, amely a legjobb, gyors \u00e9s egyszer\u0171 Amazon FBA el\u0151k\u00e9sz\u00edt\u0151 szolg\u00e1ltat\u00e1st k\u00edn\u00e1lja, amely minden ig\u00e9nyt kiel\u00e9g\u00edt \u00e1tal\u00e1nyd\u00edjas \u00e1rk\u00e9pz\u00e9ssel \u2013 ide\u00e1lis kis elad\u00f3k \u00e9s nagy volumen\u0171 megrendel\u00e9sek sz\u00e1m\u00e1ra egyar\u00e1nt \u2013, amelyet az FBA el\u0151k\u00e9sz\u00edt\u0151 k\u00f6zpontj\u00e1b\u00f3l sz\u00e1ll\u00edtanak intelligens sz\u00e1ll\u00edt\u00e1si megold\u00e1sokkal.","robots":{"index":"index","follow":"follow","max-snippet":"max-snippet:-1","max-image-preview":"max-image-preview:large","max-video-preview":"max-video-preview:-1"},"canonical":"https:\/\/scaleorder.com\/hu\/amazon-fba-elokeszites\/","og_locale":"hu_HU","og_type":"article","og_title":"Scaleorder \u2013 Vezet\u0151 Amazon FBA el\u0151k\u00e9sz\u00edt\u0151 szolg\u00e1ltat\u00e1s ingyen | A legjobb 3PL logisztikai \u00e9s FBA el\u0151k\u00e9sz\u00edt\u0151 megold\u00e1s nagy volumen\u0171 \u00e9s kis elad\u00f3k sz\u00e1m\u00e1ra","og_description":"A Scaleorder egy vezet\u0151 harmadik f\u00e9lt\u0151l sz\u00e1rmaz\u00f3 logisztikai szolg\u00e1ltat\u00f3, amely a legjobb, gyors \u00e9s egyszer\u0171 Amazon FBA el\u0151k\u00e9sz\u00edt\u0151 szolg\u00e1ltat\u00e1st k\u00edn\u00e1lja, amely minden ig\u00e9nyt kiel\u00e9g\u00edt \u00e1tal\u00e1nyd\u00edjas \u00e1rk\u00e9pz\u00e9ssel \u2013 ide\u00e1lis kis elad\u00f3k \u00e9s nagy volumen\u0171 megrendel\u00e9sek sz\u00e1m\u00e1ra egyar\u00e1nt \u2013, amelyet az FBA el\u0151k\u00e9sz\u00edt\u0151 k\u00f6zpontj\u00e1b\u00f3l sz\u00e1ll\u00edtanak intelligens sz\u00e1ll\u00edt\u00e1si megold\u00e1sokkal.","og_url":"https:\/\/scaleorder.com\/hu\/amazon-fba-elokeszites\/","og_site_name":"ScaleOrder Dropshipping","twitter_card":"summary_large_image","schema":{"@context":"https:\/\/schema.org","@graph":[{"@type":"WebPage","@id":"https:\/\/scaleorder.com\/hu\/amazon-fba-elokeszites\/","url":"https:\/\/scaleorder.com\/hu\/amazon-fba-elokeszites\/","name":"Scaleorder \u2013 Vezet\u0151 Amazon FBA el\u0151k\u00e9sz\u00edt\u0151 szolg\u00e1ltat\u00e1s ingyen | A legjobb 3PL logisztikai \u00e9s FBA el\u0151k\u00e9sz\u00edt\u0151 megold\u00e1s nagy volumen\u0171 \u00e9s kis elad\u00f3k sz\u00e1m\u00e1ra","isPartOf":{"@id":"https:\/\/scaleorder.com\/#website"},"datePublished":"2025-06-26T10:43:36+00:00","description":"A Scaleorder egy vezet\u0151 harmadik f\u00e9lt\u0151l sz\u00e1rmaz\u00f3 logisztikai szolg\u00e1ltat\u00f3, amely a legjobb, gyors \u00e9s egyszer\u0171 Amazon FBA el\u0151k\u00e9sz\u00edt\u0151 szolg\u00e1ltat\u00e1st k\u00edn\u00e1lja, amely minden ig\u00e9nyt kiel\u00e9g\u00edt \u00e1tal\u00e1nyd\u00edjas \u00e1rk\u00e9pz\u00e9ssel \u2013 ide\u00e1lis kis elad\u00f3k \u00e9s nagy volumen\u0171 megrendel\u00e9sek sz\u00e1m\u00e1ra egyar\u00e1nt \u2013, amelyet az FBA el\u0151k\u00e9sz\u00edt\u0151 k\u00f6zpontj\u00e1b\u00f3l sz\u00e1ll\u00edtanak intelligens sz\u00e1ll\u00edt\u00e1si megold\u00e1sokkal.","breadcrumb":{"@id":"https:\/\/scaleorder.com\/hu\/amazon-fba-elokeszites\/#breadcrumb"},"inLanguage":"hu","potentialAction":[{"@type":"ReadAction","target":["https:\/\/scaleorder.com\/hu\/amazon-fba-elokeszites\/"]}]},{"@type":"BreadcrumbList","@id":"https:\/\/scaleorder.com\/hu\/amazon-fba-elokeszites\/#breadcrumb","itemListElement":[{"@type":"ListItem","position":1,"name":"Home","item":"https:\/\/scaleorder.com\/hu\/eleje\/"},{"@type":"ListItem","position":2,"name":"Amazon FBA el\u0151k\u00e9sz\u00edt\u00e9s"}]},{"@type":"WebSite","@id":"https:\/\/scaleorder.com\/#website","url":"https:\/\/scaleorder.com\/","name":"ScaleOrder Dropshipping","description":"The Ultimate Branded Dropshipping Solution","potentialAction":[{"@type":"SearchAction","target":{"@type":"EntryPoint","urlTemplate":"https:\/\/scaleorder.com\/?s={search_term_string}"},"query-input":{"@type":"PropertyValueSpecification","valueRequired":true,"valueName":"search_term_string"}}],"inLanguage":"hu"}]}},"_links":{"self":[{"href":"https:\/\/scaleorder.com\/hu\/wp-json\/wp\/v2\/pages\/27505","targetHints":{"allow":["GET"]}}],"collection":[{"href":"https:\/\/scaleorder.com\/hu\/wp-json\/wp\/v2\/pages"}],"about":[{"href":"https:\/\/scaleorder.com\/hu\/wp-json\/wp\/v2\/types\/page"}],"author":[{"embeddable":true,"href":"https:\/\/scaleorder.com\/hu\/wp-json\/wp\/v2\/users\/1"}],"replies":[{"embeddable":true,"href":"https:\/\/scaleorder.com\/hu\/wp-json\/wp\/v2\/comments?post=27505"}],"version-history":[{"count":0,"href":"https:\/\/scaleorder.com\/hu\/wp-json\/wp\/v2\/pages\/27505\/revisions"}],"wp:attachment":[{"href":"https:\/\/scaleorder.com\/hu\/wp-json\/wp\/v2\/media?parent=27505"}],"curies":[{"name":"wp","href":"https:\/\/api.w.org\/{rel}","templated":true}]}}