{"id":27450,"date":"2025-03-12T14:00:37","date_gmt":"2025-03-12T06:00:37","guid":{"rendered":"https:\/\/scaleorder.com\/amazon\/"},"modified":"2025-03-12T14:00:37","modified_gmt":"2025-03-12T06:00:37","slug":"amazon","status":"publish","type":"page","link":"https:\/\/scaleorder.com\/hu\/amazon\/","title":{"rendered":"Amazon"},"content":{"rendered":"","protected":false},"excerpt":{"rendered":"","protected":false},"author":1,"featured_media":0,"parent":0,"menu_order":0,"comment_status":"closed","ping_status":"closed","template":"amazon-intregrate.php","meta":{"inline_featured_image":false,"footnotes":""},"class_list":["post-27450","page","type-page","status-publish","hentry"],"yoast_head":"<!-- This site is optimized with the Yoast SEO plugin v27.5 - https:\/\/yoast.com\/product\/yoast-seo-wordpress\/ -->\n<title>Scaleorder \u2013 A legjobb automatikus dropshipping webhely az Amazon elad\u00f3k sz\u00e1m\u00e1ra | Gyors sz\u00e1ll\u00edt\u00e1s Amazon FBA besz\u00e1ll\u00edt\u00f3, k\u00f6nnyen be\u00e1ll\u00edthat\u00f3 \u00e9s ingyenes dropshipping szoftver<\/title>\n<meta name=\"description\" content=\"Ind\u00edtsa el Amazon dropshipping \u00fczlet\u00e9t k\u00f6nnyed\u00e9n a Scaleorder automatikus dropshipping alkalmaz\u00e1ssal \u00e9s szoftverrel. A legjobb dropshipping besz\u00e1ll\u00edt\u00f3, a felkapott term\u00e9kek \u00e9s az egyszer\u0171 be\u00e1ll\u00edt\u00e1si folyamat \u2013 100%-ban ingyenes. Ide\u00e1lis az Amazon FBA elad\u00f3k \u00e9s a sk\u00e1l\u00e1zhat\u00f3 megold\u00e1sokat keres\u0151 e-kereskedelmi v\u00e1llalatok sz\u00e1m\u00e1ra.\" \/>\n<meta name=\"robots\" content=\"index, follow, max-snippet:-1, max-image-preview:large, max-video-preview:-1\" \/>\n<link rel=\"canonical\" href=\"https:\/\/scaleorder.com\/hu\/amazon\/\" \/>\n<meta property=\"og:locale\" content=\"hu_HU\" \/>\n<meta property=\"og:type\" content=\"article\" \/>\n<meta property=\"og:title\" content=\"Scaleorder \u2013 A legjobb automatikus dropshipping webhely az Amazon elad\u00f3k sz\u00e1m\u00e1ra | Gyors sz\u00e1ll\u00edt\u00e1s Amazon FBA besz\u00e1ll\u00edt\u00f3, k\u00f6nnyen be\u00e1ll\u00edthat\u00f3 \u00e9s ingyenes dropshipping szoftver\" \/>\n<meta property=\"og:description\" content=\"Ind\u00edtsa el Amazon dropshipping \u00fczlet\u00e9t k\u00f6nnyed\u00e9n a Scaleorder automatikus dropshipping alkalmaz\u00e1ssal \u00e9s szoftverrel. A legjobb dropshipping besz\u00e1ll\u00edt\u00f3, a felkapott term\u00e9kek \u00e9s az egyszer\u0171 be\u00e1ll\u00edt\u00e1si folyamat \u2013 100%-ban ingyenes. Ide\u00e1lis az Amazon FBA elad\u00f3k \u00e9s a sk\u00e1l\u00e1zhat\u00f3 megold\u00e1sokat keres\u0151 e-kereskedelmi v\u00e1llalatok sz\u00e1m\u00e1ra.\" \/>\n<meta property=\"og:url\" content=\"https:\/\/scaleorder.com\/hu\/amazon\/\" \/>\n<meta property=\"og:site_name\" content=\"ScaleOrder Dropshipping\" \/>\n<meta name=\"twitter:card\" content=\"summary_large_image\" \/>\n<script type=\"application\/ld+json\" class=\"yoast-schema-graph\">{\"@context\":\"https:\\\/\\\/schema.org\",\"@graph\":[{\"@type\":\"WebPage\",\"@id\":\"https:\\\/\\\/scaleorder.com\\\/hu\\\/amazon\\\/\",\"url\":\"https:\\\/\\\/scaleorder.com\\\/hu\\\/amazon\\\/\",\"name\":\"Scaleorder \u2013 A legjobb automatikus dropshipping webhely az Amazon elad\u00f3k sz\u00e1m\u00e1ra | Gyors sz\u00e1ll\u00edt\u00e1s Amazon FBA besz\u00e1ll\u00edt\u00f3, k\u00f6nnyen be\u00e1ll\u00edthat\u00f3 \u00e9s ingyenes dropshipping szoftver\",\"isPartOf\":{\"@id\":\"https:\\\/\\\/scaleorder.com\\\/#website\"},\"datePublished\":\"2025-03-12T06:00:37+00:00\",\"description\":\"Ind\u00edtsa el Amazon dropshipping \u00fczlet\u00e9t k\u00f6nnyed\u00e9n a Scaleorder automatikus dropshipping alkalmaz\u00e1ssal \u00e9s szoftverrel. A legjobb dropshipping besz\u00e1ll\u00edt\u00f3, a felkapott term\u00e9kek \u00e9s az egyszer\u0171 be\u00e1ll\u00edt\u00e1si folyamat \u2013 100%-ban ingyenes. Ide\u00e1lis az Amazon FBA elad\u00f3k \u00e9s a sk\u00e1l\u00e1zhat\u00f3 megold\u00e1sokat keres\u0151 e-kereskedelmi v\u00e1llalatok sz\u00e1m\u00e1ra.\",\"breadcrumb\":{\"@id\":\"https:\\\/\\\/scaleorder.com\\\/hu\\\/amazon\\\/#breadcrumb\"},\"inLanguage\":\"hu\",\"potentialAction\":[{\"@type\":\"ReadAction\",\"target\":[\"https:\\\/\\\/scaleorder.com\\\/hu\\\/amazon\\\/\"]}]},{\"@type\":\"BreadcrumbList\",\"@id\":\"https:\\\/\\\/scaleorder.com\\\/hu\\\/amazon\\\/#breadcrumb\",\"itemListElement\":[{\"@type\":\"ListItem\",\"position\":1,\"name\":\"Home\",\"item\":\"https:\\\/\\\/scaleorder.com\\\/hu\\\/eleje\\\/\"},{\"@type\":\"ListItem\",\"position\":2,\"name\":\"Amazon\"}]},{\"@type\":\"WebSite\",\"@id\":\"https:\\\/\\\/scaleorder.com\\\/#website\",\"url\":\"https:\\\/\\\/scaleorder.com\\\/\",\"name\":\"ScaleOrder Dropshipping\",\"description\":\"The Ultimate Branded Dropshipping Solution\",\"potentialAction\":[{\"@type\":\"SearchAction\",\"target\":{\"@type\":\"EntryPoint\",\"urlTemplate\":\"https:\\\/\\\/scaleorder.com\\\/?s={search_term_string}\"},\"query-input\":{\"@type\":\"PropertyValueSpecification\",\"valueRequired\":true,\"valueName\":\"search_term_string\"}}],\"inLanguage\":\"hu\"}]}<\/script>\n<!-- \/ Yoast SEO plugin. -->","yoast_head_json":{"title":"Scaleorder \u2013 A legjobb automatikus dropshipping webhely az Amazon elad\u00f3k sz\u00e1m\u00e1ra | Gyors sz\u00e1ll\u00edt\u00e1s Amazon FBA besz\u00e1ll\u00edt\u00f3, k\u00f6nnyen be\u00e1ll\u00edthat\u00f3 \u00e9s ingyenes dropshipping szoftver","description":"Ind\u00edtsa el Amazon dropshipping \u00fczlet\u00e9t k\u00f6nnyed\u00e9n a Scaleorder automatikus dropshipping alkalmaz\u00e1ssal \u00e9s szoftverrel. A legjobb dropshipping besz\u00e1ll\u00edt\u00f3, a felkapott term\u00e9kek \u00e9s az egyszer\u0171 be\u00e1ll\u00edt\u00e1si folyamat \u2013 100%-ban ingyenes. Ide\u00e1lis az Amazon FBA elad\u00f3k \u00e9s a sk\u00e1l\u00e1zhat\u00f3 megold\u00e1sokat keres\u0151 e-kereskedelmi v\u00e1llalatok sz\u00e1m\u00e1ra.","robots":{"index":"index","follow":"follow","max-snippet":"max-snippet:-1","max-image-preview":"max-image-preview:large","max-video-preview":"max-video-preview:-1"},"canonical":"https:\/\/scaleorder.com\/hu\/amazon\/","og_locale":"hu_HU","og_type":"article","og_title":"Scaleorder \u2013 A legjobb automatikus dropshipping webhely az Amazon elad\u00f3k sz\u00e1m\u00e1ra | Gyors sz\u00e1ll\u00edt\u00e1s Amazon FBA besz\u00e1ll\u00edt\u00f3, k\u00f6nnyen be\u00e1ll\u00edthat\u00f3 \u00e9s ingyenes dropshipping szoftver","og_description":"Ind\u00edtsa el Amazon dropshipping \u00fczlet\u00e9t k\u00f6nnyed\u00e9n a Scaleorder automatikus dropshipping alkalmaz\u00e1ssal \u00e9s szoftverrel. A legjobb dropshipping besz\u00e1ll\u00edt\u00f3, a felkapott term\u00e9kek \u00e9s az egyszer\u0171 be\u00e1ll\u00edt\u00e1si folyamat \u2013 100%-ban ingyenes. Ide\u00e1lis az Amazon FBA elad\u00f3k \u00e9s a sk\u00e1l\u00e1zhat\u00f3 megold\u00e1sokat keres\u0151 e-kereskedelmi v\u00e1llalatok sz\u00e1m\u00e1ra.","og_url":"https:\/\/scaleorder.com\/hu\/amazon\/","og_site_name":"ScaleOrder Dropshipping","twitter_card":"summary_large_image","schema":{"@context":"https:\/\/schema.org","@graph":[{"@type":"WebPage","@id":"https:\/\/scaleorder.com\/hu\/amazon\/","url":"https:\/\/scaleorder.com\/hu\/amazon\/","name":"Scaleorder \u2013 A legjobb automatikus dropshipping webhely az Amazon elad\u00f3k sz\u00e1m\u00e1ra | Gyors sz\u00e1ll\u00edt\u00e1s Amazon FBA besz\u00e1ll\u00edt\u00f3, k\u00f6nnyen be\u00e1ll\u00edthat\u00f3 \u00e9s ingyenes dropshipping szoftver","isPartOf":{"@id":"https:\/\/scaleorder.com\/#website"},"datePublished":"2025-03-12T06:00:37+00:00","description":"Ind\u00edtsa el Amazon dropshipping \u00fczlet\u00e9t k\u00f6nnyed\u00e9n a Scaleorder automatikus dropshipping alkalmaz\u00e1ssal \u00e9s szoftverrel. A legjobb dropshipping besz\u00e1ll\u00edt\u00f3, a felkapott term\u00e9kek \u00e9s az egyszer\u0171 be\u00e1ll\u00edt\u00e1si folyamat \u2013 100%-ban ingyenes. Ide\u00e1lis az Amazon FBA elad\u00f3k \u00e9s a sk\u00e1l\u00e1zhat\u00f3 megold\u00e1sokat keres\u0151 e-kereskedelmi v\u00e1llalatok sz\u00e1m\u00e1ra.","breadcrumb":{"@id":"https:\/\/scaleorder.com\/hu\/amazon\/#breadcrumb"},"inLanguage":"hu","potentialAction":[{"@type":"ReadAction","target":["https:\/\/scaleorder.com\/hu\/amazon\/"]}]},{"@type":"BreadcrumbList","@id":"https:\/\/scaleorder.com\/hu\/amazon\/#breadcrumb","itemListElement":[{"@type":"ListItem","position":1,"name":"Home","item":"https:\/\/scaleorder.com\/hu\/eleje\/"},{"@type":"ListItem","position":2,"name":"Amazon"}]},{"@type":"WebSite","@id":"https:\/\/scaleorder.com\/#website","url":"https:\/\/scaleorder.com\/","name":"ScaleOrder Dropshipping","description":"The Ultimate Branded Dropshipping Solution","potentialAction":[{"@type":"SearchAction","target":{"@type":"EntryPoint","urlTemplate":"https:\/\/scaleorder.com\/?s={search_term_string}"},"query-input":{"@type":"PropertyValueSpecification","valueRequired":true,"valueName":"search_term_string"}}],"inLanguage":"hu"}]}},"_links":{"self":[{"href":"https:\/\/scaleorder.com\/hu\/wp-json\/wp\/v2\/pages\/27450","targetHints":{"allow":["GET"]}}],"collection":[{"href":"https:\/\/scaleorder.com\/hu\/wp-json\/wp\/v2\/pages"}],"about":[{"href":"https:\/\/scaleorder.com\/hu\/wp-json\/wp\/v2\/types\/page"}],"author":[{"embeddable":true,"href":"https:\/\/scaleorder.com\/hu\/wp-json\/wp\/v2\/users\/1"}],"replies":[{"embeddable":true,"href":"https:\/\/scaleorder.com\/hu\/wp-json\/wp\/v2\/comments?post=27450"}],"version-history":[{"count":0,"href":"https:\/\/scaleorder.com\/hu\/wp-json\/wp\/v2\/pages\/27450\/revisions"}],"wp:attachment":[{"href":"https:\/\/scaleorder.com\/hu\/wp-json\/wp\/v2\/media?parent=27450"}],"curies":[{"name":"wp","href":"https:\/\/api.w.org\/{rel}","templated":true}]}}