{"id":27401,"date":"2024-07-10T13:19:41","date_gmt":"2024-07-10T05:19:41","guid":{"rendered":"https:\/\/scaleorder.com\/csatlakozik\/"},"modified":"2025-11-04T18:03:34","modified_gmt":"2025-11-04T10:03:34","slug":"csatlakozik","status":"publish","type":"page","link":"https:\/\/scaleorder.com\/hu\/csatlakozik\/","title":{"rendered":"Csatlakozik"},"content":{"rendered":"","protected":false},"excerpt":{"rendered":"","protected":false},"author":1,"featured_media":0,"parent":0,"menu_order":0,"comment_status":"open","ping_status":"closed","template":"affiliate.php","meta":{"inline_featured_image":false,"footnotes":""},"class_list":["post-27401","page","type-page","status-publish","hentry"],"yoast_head":"<!-- This site is optimized with the Yoast SEO plugin v27.5 - https:\/\/yoast.com\/product\/yoast-seo-wordpress\/ -->\n<title>ScaleOrder Affiliate Program - Szerezzen ism\u00e9tl\u0151d\u0151 dropshipping bev\u00e9telt<\/title>\n<meta name=\"description\" content=\"Csatlakozzon a ScaleOrder t\u00e1rsult programhoz, \u00e9s szerezzen ism\u00e9tl\u0151d\u0151 jutal\u00e9kokat. N\u00e9pszer\u0171s\u00edtsen egy amerikai sz\u00e9khely\u0171 dropshipping platformot glob\u00e1lis logisztik\u00e1val, egyedi m\u00e1rka\u00e9p\u00edt\u00e9ssel \u00e9s integr\u00e1ci\u00f3kkal.\" \/>\n<meta name=\"robots\" content=\"index, follow, max-snippet:-1, max-image-preview:large, max-video-preview:-1\" \/>\n<link rel=\"canonical\" href=\"https:\/\/scaleorder.com\/hu\/csatlakozik\/\" \/>\n<meta property=\"og:locale\" content=\"hu_HU\" \/>\n<meta property=\"og:type\" content=\"article\" \/>\n<meta property=\"og:title\" content=\"ScaleOrder Affiliate Program - Szerezzen ism\u00e9tl\u0151d\u0151 dropshipping bev\u00e9telt\" \/>\n<meta property=\"og:description\" content=\"Csatlakozzon a ScaleOrder t\u00e1rsult programhoz, \u00e9s szerezzen ism\u00e9tl\u0151d\u0151 jutal\u00e9kokat. N\u00e9pszer\u0171s\u00edtsen egy amerikai sz\u00e9khely\u0171 dropshipping platformot glob\u00e1lis logisztik\u00e1val, egyedi m\u00e1rka\u00e9p\u00edt\u00e9ssel \u00e9s integr\u00e1ci\u00f3kkal.\" \/>\n<meta property=\"og:url\" content=\"https:\/\/scaleorder.com\/hu\/csatlakozik\/\" \/>\n<meta property=\"og:site_name\" content=\"ScaleOrder Dropshipping\" \/>\n<meta property=\"article:modified_time\" content=\"2025-11-04T10:03:34+00:00\" \/>\n<meta name=\"twitter:card\" content=\"summary_large_image\" \/>\n<script type=\"application\/ld+json\" class=\"yoast-schema-graph\">{\"@context\":\"https:\\\/\\\/schema.org\",\"@graph\":[{\"@type\":\"WebPage\",\"@id\":\"https:\\\/\\\/scaleorder.com\\\/hu\\\/csatlakozik\\\/\",\"url\":\"https:\\\/\\\/scaleorder.com\\\/hu\\\/csatlakozik\\\/\",\"name\":\"ScaleOrder Affiliate Program - Szerezzen ism\u00e9tl\u0151d\u0151 dropshipping bev\u00e9telt\",\"isPartOf\":{\"@id\":\"https:\\\/\\\/scaleorder.com\\\/#website\"},\"datePublished\":\"2024-07-10T05:19:41+00:00\",\"dateModified\":\"2025-11-04T10:03:34+00:00\",\"description\":\"Csatlakozzon a ScaleOrder t\u00e1rsult programhoz, \u00e9s szerezzen ism\u00e9tl\u0151d\u0151 jutal\u00e9kokat. N\u00e9pszer\u0171s\u00edtsen egy amerikai sz\u00e9khely\u0171 dropshipping platformot glob\u00e1lis logisztik\u00e1val, egyedi m\u00e1rka\u00e9p\u00edt\u00e9ssel \u00e9s integr\u00e1ci\u00f3kkal.\",\"breadcrumb\":{\"@id\":\"https:\\\/\\\/scaleorder.com\\\/hu\\\/csatlakozik\\\/#breadcrumb\"},\"inLanguage\":\"hu\",\"potentialAction\":[{\"@type\":\"ReadAction\",\"target\":[\"https:\\\/\\\/scaleorder.com\\\/hu\\\/csatlakozik\\\/\"]}]},{\"@type\":\"BreadcrumbList\",\"@id\":\"https:\\\/\\\/scaleorder.com\\\/hu\\\/csatlakozik\\\/#breadcrumb\",\"itemListElement\":[{\"@type\":\"ListItem\",\"position\":1,\"name\":\"Home\",\"item\":\"https:\\\/\\\/scaleorder.com\\\/hu\\\/eleje\\\/\"},{\"@type\":\"ListItem\",\"position\":2,\"name\":\"Csatlakozik\"}]},{\"@type\":\"WebSite\",\"@id\":\"https:\\\/\\\/scaleorder.com\\\/#website\",\"url\":\"https:\\\/\\\/scaleorder.com\\\/\",\"name\":\"ScaleOrder Dropshipping\",\"description\":\"The Ultimate Branded Dropshipping Solution\",\"potentialAction\":[{\"@type\":\"SearchAction\",\"target\":{\"@type\":\"EntryPoint\",\"urlTemplate\":\"https:\\\/\\\/scaleorder.com\\\/?s={search_term_string}\"},\"query-input\":{\"@type\":\"PropertyValueSpecification\",\"valueRequired\":true,\"valueName\":\"search_term_string\"}}],\"inLanguage\":\"hu\"}]}<\/script>\n<!-- \/ Yoast SEO plugin. -->","yoast_head_json":{"title":"ScaleOrder Affiliate Program - Szerezzen ism\u00e9tl\u0151d\u0151 dropshipping bev\u00e9telt","description":"Csatlakozzon a ScaleOrder t\u00e1rsult programhoz, \u00e9s szerezzen ism\u00e9tl\u0151d\u0151 jutal\u00e9kokat. N\u00e9pszer\u0171s\u00edtsen egy amerikai sz\u00e9khely\u0171 dropshipping platformot glob\u00e1lis logisztik\u00e1val, egyedi m\u00e1rka\u00e9p\u00edt\u00e9ssel \u00e9s integr\u00e1ci\u00f3kkal.","robots":{"index":"index","follow":"follow","max-snippet":"max-snippet:-1","max-image-preview":"max-image-preview:large","max-video-preview":"max-video-preview:-1"},"canonical":"https:\/\/scaleorder.com\/hu\/csatlakozik\/","og_locale":"hu_HU","og_type":"article","og_title":"ScaleOrder Affiliate Program - Szerezzen ism\u00e9tl\u0151d\u0151 dropshipping bev\u00e9telt","og_description":"Csatlakozzon a ScaleOrder t\u00e1rsult programhoz, \u00e9s szerezzen ism\u00e9tl\u0151d\u0151 jutal\u00e9kokat. N\u00e9pszer\u0171s\u00edtsen egy amerikai sz\u00e9khely\u0171 dropshipping platformot glob\u00e1lis logisztik\u00e1val, egyedi m\u00e1rka\u00e9p\u00edt\u00e9ssel \u00e9s integr\u00e1ci\u00f3kkal.","og_url":"https:\/\/scaleorder.com\/hu\/csatlakozik\/","og_site_name":"ScaleOrder Dropshipping","article_modified_time":"2025-11-04T10:03:34+00:00","twitter_card":"summary_large_image","schema":{"@context":"https:\/\/schema.org","@graph":[{"@type":"WebPage","@id":"https:\/\/scaleorder.com\/hu\/csatlakozik\/","url":"https:\/\/scaleorder.com\/hu\/csatlakozik\/","name":"ScaleOrder Affiliate Program - Szerezzen ism\u00e9tl\u0151d\u0151 dropshipping bev\u00e9telt","isPartOf":{"@id":"https:\/\/scaleorder.com\/#website"},"datePublished":"2024-07-10T05:19:41+00:00","dateModified":"2025-11-04T10:03:34+00:00","description":"Csatlakozzon a ScaleOrder t\u00e1rsult programhoz, \u00e9s szerezzen ism\u00e9tl\u0151d\u0151 jutal\u00e9kokat. N\u00e9pszer\u0171s\u00edtsen egy amerikai sz\u00e9khely\u0171 dropshipping platformot glob\u00e1lis logisztik\u00e1val, egyedi m\u00e1rka\u00e9p\u00edt\u00e9ssel \u00e9s integr\u00e1ci\u00f3kkal.","breadcrumb":{"@id":"https:\/\/scaleorder.com\/hu\/csatlakozik\/#breadcrumb"},"inLanguage":"hu","potentialAction":[{"@type":"ReadAction","target":["https:\/\/scaleorder.com\/hu\/csatlakozik\/"]}]},{"@type":"BreadcrumbList","@id":"https:\/\/scaleorder.com\/hu\/csatlakozik\/#breadcrumb","itemListElement":[{"@type":"ListItem","position":1,"name":"Home","item":"https:\/\/scaleorder.com\/hu\/eleje\/"},{"@type":"ListItem","position":2,"name":"Csatlakozik"}]},{"@type":"WebSite","@id":"https:\/\/scaleorder.com\/#website","url":"https:\/\/scaleorder.com\/","name":"ScaleOrder Dropshipping","description":"The Ultimate Branded Dropshipping Solution","potentialAction":[{"@type":"SearchAction","target":{"@type":"EntryPoint","urlTemplate":"https:\/\/scaleorder.com\/?s={search_term_string}"},"query-input":{"@type":"PropertyValueSpecification","valueRequired":true,"valueName":"search_term_string"}}],"inLanguage":"hu"}]}},"_links":{"self":[{"href":"https:\/\/scaleorder.com\/hu\/wp-json\/wp\/v2\/pages\/27401","targetHints":{"allow":["GET"]}}],"collection":[{"href":"https:\/\/scaleorder.com\/hu\/wp-json\/wp\/v2\/pages"}],"about":[{"href":"https:\/\/scaleorder.com\/hu\/wp-json\/wp\/v2\/types\/page"}],"author":[{"embeddable":true,"href":"https:\/\/scaleorder.com\/hu\/wp-json\/wp\/v2\/users\/1"}],"replies":[{"embeddable":true,"href":"https:\/\/scaleorder.com\/hu\/wp-json\/wp\/v2\/comments?post=27401"}],"version-history":[{"count":0,"href":"https:\/\/scaleorder.com\/hu\/wp-json\/wp\/v2\/pages\/27401\/revisions"}],"wp:attachment":[{"href":"https:\/\/scaleorder.com\/hu\/wp-json\/wp\/v2\/media?parent=27401"}],"curies":[{"name":"wp","href":"https:\/\/api.w.org\/{rel}","templated":true}]}}