{"id":3481,"date":"2025-06-26T20:03:48","date_gmt":"2025-06-26T12:03:48","guid":{"rendered":"https:\/\/scaleorder.com\/dynamic-inventory-management\/"},"modified":"2025-07-30T17:25:38","modified_gmt":"2025-07-30T09:25:38","slug":"synchronisation-de-linventaire","status":"publish","type":"page","link":"https:\/\/scaleorder.com\/fr\/synchronisation-de-linventaire\/","title":{"rendered":"Synchronisation de l&rsquo;inventaire"},"content":{"rendered":"","protected":false},"excerpt":{"rendered":"","protected":false},"author":1,"featured_media":0,"parent":0,"menu_order":0,"comment_status":"open","ping_status":"closed","template":"tpl-dynamic-inventory-mgmt.php","meta":{"inline_featured_image":false,"footnotes":""},"class_list":["post-3481","page","type-page","status-publish","hentry"],"yoast_head":"<!-- This site is optimized with the Yoast SEO plugin v27.4 - https:\/\/yoast.com\/product\/yoast-seo-wordpress\/ -->\n<title>Scaleorder \u2013 Logiciel gratuit de synchronisation des stocks pour boutiques e-commerce | Synchronisation multicanal en temps r\u00e9el pour business dropshipping<\/title>\n<meta name=\"description\" content=\"Le logiciel de synchronisation des stocks de Scaleorder garantit des mises \u00e0 jour en temps r\u00e9el sur Shopify, Amazon, WooCommerce et plus encore. \u00c9vitez la survente, activez les alertes de r\u00e9approvisionnement intelligentes et optimisez le fulfillment multicanal.\" \/>\n<meta name=\"robots\" content=\"index, follow, max-snippet:-1, max-image-preview:large, max-video-preview:-1\" \/>\n<link rel=\"canonical\" href=\"https:\/\/scaleorder.com\/fr\/synchronisation-de-linventaire\/\" \/>\n<meta property=\"og:locale\" content=\"fr_FR\" \/>\n<meta property=\"og:type\" content=\"article\" \/>\n<meta property=\"og:title\" content=\"Scaleorder \u2013 Logiciel gratuit de synchronisation des stocks pour boutiques e-commerce | Synchronisation multicanal en temps r\u00e9el pour business dropshipping\" \/>\n<meta property=\"og:description\" content=\"Le logiciel de synchronisation des stocks de Scaleorder garantit des mises \u00e0 jour en temps r\u00e9el sur Shopify, Amazon, WooCommerce et plus encore. \u00c9vitez la survente, activez les alertes de r\u00e9approvisionnement intelligentes et optimisez le fulfillment multicanal.\" \/>\n<meta property=\"og:url\" content=\"https:\/\/scaleorder.com\/fr\/synchronisation-de-linventaire\/\" \/>\n<meta property=\"og:site_name\" content=\"ScaleOrder Dropshipping\" \/>\n<meta property=\"article:modified_time\" content=\"2025-07-30T09:25:38+00:00\" \/>\n<meta name=\"twitter:card\" content=\"summary_large_image\" \/>\n<script type=\"application\/ld+json\" class=\"yoast-schema-graph\">{\"@context\":\"https:\\\/\\\/schema.org\",\"@graph\":[{\"@type\":\"WebPage\",\"@id\":\"https:\\\/\\\/scaleorder.com\\\/fr\\\/synchronisation-de-linventaire\\\/\",\"url\":\"https:\\\/\\\/scaleorder.com\\\/fr\\\/synchronisation-de-linventaire\\\/\",\"name\":\"Scaleorder \u2013 Logiciel gratuit de synchronisation des stocks pour boutiques e-commerce | Synchronisation multicanal en temps r\u00e9el pour business dropshipping\",\"isPartOf\":{\"@id\":\"https:\\\/\\\/scaleorder.com\\\/#website\"},\"datePublished\":\"2025-06-26T12:03:48+00:00\",\"dateModified\":\"2025-07-30T09:25:38+00:00\",\"description\":\"Le logiciel de synchronisation des stocks de Scaleorder garantit des mises \u00e0 jour en temps r\u00e9el sur Shopify, Amazon, WooCommerce et plus encore. \u00c9vitez la survente, activez les alertes de r\u00e9approvisionnement intelligentes et optimisez le fulfillment multicanal.\",\"breadcrumb\":{\"@id\":\"https:\\\/\\\/scaleorder.com\\\/fr\\\/synchronisation-de-linventaire\\\/#breadcrumb\"},\"inLanguage\":\"fr-FR\",\"potentialAction\":[{\"@type\":\"ReadAction\",\"target\":[\"https:\\\/\\\/scaleorder.com\\\/fr\\\/synchronisation-de-linventaire\\\/\"]}]},{\"@type\":\"BreadcrumbList\",\"@id\":\"https:\\\/\\\/scaleorder.com\\\/fr\\\/synchronisation-de-linventaire\\\/#breadcrumb\",\"itemListElement\":[{\"@type\":\"ListItem\",\"position\":1,\"name\":\"Home\",\"item\":\"https:\\\/\\\/scaleorder.com\\\/fr\\\/\"},{\"@type\":\"ListItem\",\"position\":2,\"name\":\"Synchronisation de l&rsquo;inventaire\"}]},{\"@type\":\"WebSite\",\"@id\":\"https:\\\/\\\/scaleorder.com\\\/#website\",\"url\":\"https:\\\/\\\/scaleorder.com\\\/\",\"name\":\"ScaleOrder Dropshipping\",\"description\":\"The Ultimate Branded Dropshipping Solution\",\"potentialAction\":[{\"@type\":\"SearchAction\",\"target\":{\"@type\":\"EntryPoint\",\"urlTemplate\":\"https:\\\/\\\/scaleorder.com\\\/?s={search_term_string}\"},\"query-input\":{\"@type\":\"PropertyValueSpecification\",\"valueRequired\":true,\"valueName\":\"search_term_string\"}}],\"inLanguage\":\"fr-FR\"}]}<\/script>\n<!-- \/ Yoast SEO plugin. -->","yoast_head_json":{"title":"Scaleorder \u2013 Logiciel gratuit de synchronisation des stocks pour boutiques e-commerce | Synchronisation multicanal en temps r\u00e9el pour business dropshipping","description":"Le logiciel de synchronisation des stocks de Scaleorder garantit des mises \u00e0 jour en temps r\u00e9el sur Shopify, Amazon, WooCommerce et plus encore. \u00c9vitez la survente, activez les alertes de r\u00e9approvisionnement intelligentes et optimisez le fulfillment multicanal.","robots":{"index":"index","follow":"follow","max-snippet":"max-snippet:-1","max-image-preview":"max-image-preview:large","max-video-preview":"max-video-preview:-1"},"canonical":"https:\/\/scaleorder.com\/fr\/synchronisation-de-linventaire\/","og_locale":"fr_FR","og_type":"article","og_title":"Scaleorder \u2013 Logiciel gratuit de synchronisation des stocks pour boutiques e-commerce | Synchronisation multicanal en temps r\u00e9el pour business dropshipping","og_description":"Le logiciel de synchronisation des stocks de Scaleorder garantit des mises \u00e0 jour en temps r\u00e9el sur Shopify, Amazon, WooCommerce et plus encore. \u00c9vitez la survente, activez les alertes de r\u00e9approvisionnement intelligentes et optimisez le fulfillment multicanal.","og_url":"https:\/\/scaleorder.com\/fr\/synchronisation-de-linventaire\/","og_site_name":"ScaleOrder Dropshipping","article_modified_time":"2025-07-30T09:25:38+00:00","twitter_card":"summary_large_image","schema":{"@context":"https:\/\/schema.org","@graph":[{"@type":"WebPage","@id":"https:\/\/scaleorder.com\/fr\/synchronisation-de-linventaire\/","url":"https:\/\/scaleorder.com\/fr\/synchronisation-de-linventaire\/","name":"Scaleorder \u2013 Logiciel gratuit de synchronisation des stocks pour boutiques e-commerce | Synchronisation multicanal en temps r\u00e9el pour business dropshipping","isPartOf":{"@id":"https:\/\/scaleorder.com\/#website"},"datePublished":"2025-06-26T12:03:48+00:00","dateModified":"2025-07-30T09:25:38+00:00","description":"Le logiciel de synchronisation des stocks de Scaleorder garantit des mises \u00e0 jour en temps r\u00e9el sur Shopify, Amazon, WooCommerce et plus encore. \u00c9vitez la survente, activez les alertes de r\u00e9approvisionnement intelligentes et optimisez le fulfillment multicanal.","breadcrumb":{"@id":"https:\/\/scaleorder.com\/fr\/synchronisation-de-linventaire\/#breadcrumb"},"inLanguage":"fr-FR","potentialAction":[{"@type":"ReadAction","target":["https:\/\/scaleorder.com\/fr\/synchronisation-de-linventaire\/"]}]},{"@type":"BreadcrumbList","@id":"https:\/\/scaleorder.com\/fr\/synchronisation-de-linventaire\/#breadcrumb","itemListElement":[{"@type":"ListItem","position":1,"name":"Home","item":"https:\/\/scaleorder.com\/fr\/"},{"@type":"ListItem","position":2,"name":"Synchronisation de l&rsquo;inventaire"}]},{"@type":"WebSite","@id":"https:\/\/scaleorder.com\/#website","url":"https:\/\/scaleorder.com\/","name":"ScaleOrder Dropshipping","description":"The Ultimate Branded Dropshipping Solution","potentialAction":[{"@type":"SearchAction","target":{"@type":"EntryPoint","urlTemplate":"https:\/\/scaleorder.com\/?s={search_term_string}"},"query-input":{"@type":"PropertyValueSpecification","valueRequired":true,"valueName":"search_term_string"}}],"inLanguage":"fr-FR"}]}},"_links":{"self":[{"href":"https:\/\/scaleorder.com\/fr\/wp-json\/wp\/v2\/pages\/3481","targetHints":{"allow":["GET"]}}],"collection":[{"href":"https:\/\/scaleorder.com\/fr\/wp-json\/wp\/v2\/pages"}],"about":[{"href":"https:\/\/scaleorder.com\/fr\/wp-json\/wp\/v2\/types\/page"}],"author":[{"embeddable":true,"href":"https:\/\/scaleorder.com\/fr\/wp-json\/wp\/v2\/users\/1"}],"replies":[{"embeddable":true,"href":"https:\/\/scaleorder.com\/fr\/wp-json\/wp\/v2\/comments?post=3481"}],"version-history":[{"count":0,"href":"https:\/\/scaleorder.com\/fr\/wp-json\/wp\/v2\/pages\/3481\/revisions"}],"wp:attachment":[{"href":"https:\/\/scaleorder.com\/fr\/wp-json\/wp\/v2\/media?parent=3481"}],"curies":[{"name":"wp","href":"https:\/\/api.w.org\/{rel}","templated":true}]}}