{"id":3468,"date":"2025-06-26T18:43:36","date_gmt":"2025-06-26T10:43:36","guid":{"rendered":"https:\/\/scaleorder.com\/amazon-sfp-and-fba-prep\/"},"modified":"2025-07-30T16:32:41","modified_gmt":"2025-07-30T08:32:41","slug":"preparation-amazon-fba","status":"publish","type":"page","link":"https:\/\/scaleorder.com\/fr\/preparation-amazon-fba\/","title":{"rendered":"Pr\u00e9paration Amazon FBA"},"content":{"rendered":"","protected":false},"excerpt":{"rendered":"","protected":false},"author":1,"featured_media":0,"parent":0,"menu_order":0,"comment_status":"open","ping_status":"closed","template":"tpl-amazon-sfp-and-fba-prep.php","meta":{"inline_featured_image":false,"footnotes":""},"class_list":["post-3468","page","type-page","status-publish","hentry"],"yoast_head":"<!-- This site is optimized with the Yoast SEO plugin v27.4 - https:\/\/yoast.com\/product\/yoast-seo-wordpress\/ -->\n<title>Scaleorder \u2013 Service de Pr\u00e9paration Amazon FBA Gratuit de R\u00e9f\u00e9rence |Meilleure Solution Logistique 3PL et Pr\u00e9paration FBA pour Vendeurs \u00e0 Petit et Gros Volume<\/title>\n<meta name=\"description\" content=\"Scaleorder est l\u2019un des principaux fournisseurs de logistique tierce (3PL), offrant le meilleur service de pr\u00e9paration Amazon FBA \u2014 rapide, simple et efficace. Nous r\u00e9pondons \u00e0 toutes les exigences avec des tarifs forfaitaires, id\u00e9aux \u00e0 la fois pour les petits vendeurs et les commandes en gros, depuis notre centre de pr\u00e9paration FBA avec des solutions d\u2019exp\u00e9dition intelligentes.\" \/>\n<meta name=\"robots\" content=\"index, follow, max-snippet:-1, max-image-preview:large, max-video-preview:-1\" \/>\n<link rel=\"canonical\" href=\"https:\/\/scaleorder.com\/fr\/preparation-amazon-fba\/\" \/>\n<meta property=\"og:locale\" content=\"fr_FR\" \/>\n<meta property=\"og:type\" content=\"article\" \/>\n<meta property=\"og:title\" content=\"Scaleorder \u2013 Service de Pr\u00e9paration Amazon FBA Gratuit de R\u00e9f\u00e9rence |Meilleure Solution Logistique 3PL et Pr\u00e9paration FBA pour Vendeurs \u00e0 Petit et Gros Volume\" \/>\n<meta property=\"og:description\" content=\"Scaleorder est l\u2019un des principaux fournisseurs de logistique tierce (3PL), offrant le meilleur service de pr\u00e9paration Amazon FBA \u2014 rapide, simple et efficace. Nous r\u00e9pondons \u00e0 toutes les exigences avec des tarifs forfaitaires, id\u00e9aux \u00e0 la fois pour les petits vendeurs et les commandes en gros, depuis notre centre de pr\u00e9paration FBA avec des solutions d\u2019exp\u00e9dition intelligentes.\" \/>\n<meta property=\"og:url\" content=\"https:\/\/scaleorder.com\/fr\/preparation-amazon-fba\/\" \/>\n<meta property=\"og:site_name\" content=\"ScaleOrder Dropshipping\" \/>\n<meta property=\"article:modified_time\" content=\"2025-07-30T08:32:41+00:00\" \/>\n<meta name=\"twitter:card\" content=\"summary_large_image\" \/>\n<script type=\"application\/ld+json\" class=\"yoast-schema-graph\">{\"@context\":\"https:\\\/\\\/schema.org\",\"@graph\":[{\"@type\":\"WebPage\",\"@id\":\"https:\\\/\\\/scaleorder.com\\\/fr\\\/preparation-amazon-fba\\\/\",\"url\":\"https:\\\/\\\/scaleorder.com\\\/fr\\\/preparation-amazon-fba\\\/\",\"name\":\"Scaleorder \u2013 Service de Pr\u00e9paration Amazon FBA Gratuit de R\u00e9f\u00e9rence |Meilleure Solution Logistique 3PL et Pr\u00e9paration FBA pour Vendeurs \u00e0 Petit et Gros Volume\",\"isPartOf\":{\"@id\":\"https:\\\/\\\/scaleorder.com\\\/#website\"},\"datePublished\":\"2025-06-26T10:43:36+00:00\",\"dateModified\":\"2025-07-30T08:32:41+00:00\",\"description\":\"Scaleorder est l\u2019un des principaux fournisseurs de logistique tierce (3PL), offrant le meilleur service de pr\u00e9paration Amazon FBA \u2014 rapide, simple et efficace. Nous r\u00e9pondons \u00e0 toutes les exigences avec des tarifs forfaitaires, id\u00e9aux \u00e0 la fois pour les petits vendeurs et les commandes en gros, depuis notre centre de pr\u00e9paration FBA avec des solutions d\u2019exp\u00e9dition intelligentes.\",\"breadcrumb\":{\"@id\":\"https:\\\/\\\/scaleorder.com\\\/fr\\\/preparation-amazon-fba\\\/#breadcrumb\"},\"inLanguage\":\"fr-FR\",\"potentialAction\":[{\"@type\":\"ReadAction\",\"target\":[\"https:\\\/\\\/scaleorder.com\\\/fr\\\/preparation-amazon-fba\\\/\"]}]},{\"@type\":\"BreadcrumbList\",\"@id\":\"https:\\\/\\\/scaleorder.com\\\/fr\\\/preparation-amazon-fba\\\/#breadcrumb\",\"itemListElement\":[{\"@type\":\"ListItem\",\"position\":1,\"name\":\"Home\",\"item\":\"https:\\\/\\\/scaleorder.com\\\/fr\\\/\"},{\"@type\":\"ListItem\",\"position\":2,\"name\":\"Pr\u00e9paration Amazon FBA\"}]},{\"@type\":\"WebSite\",\"@id\":\"https:\\\/\\\/scaleorder.com\\\/#website\",\"url\":\"https:\\\/\\\/scaleorder.com\\\/\",\"name\":\"ScaleOrder Dropshipping\",\"description\":\"The Ultimate Branded Dropshipping Solution\",\"potentialAction\":[{\"@type\":\"SearchAction\",\"target\":{\"@type\":\"EntryPoint\",\"urlTemplate\":\"https:\\\/\\\/scaleorder.com\\\/?s={search_term_string}\"},\"query-input\":{\"@type\":\"PropertyValueSpecification\",\"valueRequired\":true,\"valueName\":\"search_term_string\"}}],\"inLanguage\":\"fr-FR\"}]}<\/script>\n<!-- \/ Yoast SEO plugin. -->","yoast_head_json":{"title":"Scaleorder \u2013 Service de Pr\u00e9paration Amazon FBA Gratuit de R\u00e9f\u00e9rence |Meilleure Solution Logistique 3PL et Pr\u00e9paration FBA pour Vendeurs \u00e0 Petit et Gros Volume","description":"Scaleorder est l\u2019un des principaux fournisseurs de logistique tierce (3PL), offrant le meilleur service de pr\u00e9paration Amazon FBA \u2014 rapide, simple et efficace. Nous r\u00e9pondons \u00e0 toutes les exigences avec des tarifs forfaitaires, id\u00e9aux \u00e0 la fois pour les petits vendeurs et les commandes en gros, depuis notre centre de pr\u00e9paration FBA avec des solutions d\u2019exp\u00e9dition intelligentes.","robots":{"index":"index","follow":"follow","max-snippet":"max-snippet:-1","max-image-preview":"max-image-preview:large","max-video-preview":"max-video-preview:-1"},"canonical":"https:\/\/scaleorder.com\/fr\/preparation-amazon-fba\/","og_locale":"fr_FR","og_type":"article","og_title":"Scaleorder \u2013 Service de Pr\u00e9paration Amazon FBA Gratuit de R\u00e9f\u00e9rence |Meilleure Solution Logistique 3PL et Pr\u00e9paration FBA pour Vendeurs \u00e0 Petit et Gros Volume","og_description":"Scaleorder est l\u2019un des principaux fournisseurs de logistique tierce (3PL), offrant le meilleur service de pr\u00e9paration Amazon FBA \u2014 rapide, simple et efficace. Nous r\u00e9pondons \u00e0 toutes les exigences avec des tarifs forfaitaires, id\u00e9aux \u00e0 la fois pour les petits vendeurs et les commandes en gros, depuis notre centre de pr\u00e9paration FBA avec des solutions d\u2019exp\u00e9dition intelligentes.","og_url":"https:\/\/scaleorder.com\/fr\/preparation-amazon-fba\/","og_site_name":"ScaleOrder Dropshipping","article_modified_time":"2025-07-30T08:32:41+00:00","twitter_card":"summary_large_image","schema":{"@context":"https:\/\/schema.org","@graph":[{"@type":"WebPage","@id":"https:\/\/scaleorder.com\/fr\/preparation-amazon-fba\/","url":"https:\/\/scaleorder.com\/fr\/preparation-amazon-fba\/","name":"Scaleorder \u2013 Service de Pr\u00e9paration Amazon FBA Gratuit de R\u00e9f\u00e9rence |Meilleure Solution Logistique 3PL et Pr\u00e9paration FBA pour Vendeurs \u00e0 Petit et Gros Volume","isPartOf":{"@id":"https:\/\/scaleorder.com\/#website"},"datePublished":"2025-06-26T10:43:36+00:00","dateModified":"2025-07-30T08:32:41+00:00","description":"Scaleorder est l\u2019un des principaux fournisseurs de logistique tierce (3PL), offrant le meilleur service de pr\u00e9paration Amazon FBA \u2014 rapide, simple et efficace. Nous r\u00e9pondons \u00e0 toutes les exigences avec des tarifs forfaitaires, id\u00e9aux \u00e0 la fois pour les petits vendeurs et les commandes en gros, depuis notre centre de pr\u00e9paration FBA avec des solutions d\u2019exp\u00e9dition intelligentes.","breadcrumb":{"@id":"https:\/\/scaleorder.com\/fr\/preparation-amazon-fba\/#breadcrumb"},"inLanguage":"fr-FR","potentialAction":[{"@type":"ReadAction","target":["https:\/\/scaleorder.com\/fr\/preparation-amazon-fba\/"]}]},{"@type":"BreadcrumbList","@id":"https:\/\/scaleorder.com\/fr\/preparation-amazon-fba\/#breadcrumb","itemListElement":[{"@type":"ListItem","position":1,"name":"Home","item":"https:\/\/scaleorder.com\/fr\/"},{"@type":"ListItem","position":2,"name":"Pr\u00e9paration Amazon FBA"}]},{"@type":"WebSite","@id":"https:\/\/scaleorder.com\/#website","url":"https:\/\/scaleorder.com\/","name":"ScaleOrder Dropshipping","description":"The Ultimate Branded Dropshipping Solution","potentialAction":[{"@type":"SearchAction","target":{"@type":"EntryPoint","urlTemplate":"https:\/\/scaleorder.com\/?s={search_term_string}"},"query-input":{"@type":"PropertyValueSpecification","valueRequired":true,"valueName":"search_term_string"}}],"inLanguage":"fr-FR"}]}},"_links":{"self":[{"href":"https:\/\/scaleorder.com\/fr\/wp-json\/wp\/v2\/pages\/3468","targetHints":{"allow":["GET"]}}],"collection":[{"href":"https:\/\/scaleorder.com\/fr\/wp-json\/wp\/v2\/pages"}],"about":[{"href":"https:\/\/scaleorder.com\/fr\/wp-json\/wp\/v2\/types\/page"}],"author":[{"embeddable":true,"href":"https:\/\/scaleorder.com\/fr\/wp-json\/wp\/v2\/users\/1"}],"replies":[{"embeddable":true,"href":"https:\/\/scaleorder.com\/fr\/wp-json\/wp\/v2\/comments?post=3468"}],"version-history":[{"count":0,"href":"https:\/\/scaleorder.com\/fr\/wp-json\/wp\/v2\/pages\/3468\/revisions"}],"wp:attachment":[{"href":"https:\/\/scaleorder.com\/fr\/wp-json\/wp\/v2\/media?parent=3468"}],"curies":[{"name":"wp","href":"https:\/\/api.w.org\/{rel}","templated":true}]}}