{"id":1539,"date":"2024-07-08T08:37:52","date_gmt":"2024-07-08T00:37:52","guid":{"rendered":"https:\/\/scaleorder.com\/front\/"},"modified":"2025-07-23T12:24:41","modified_gmt":"2025-07-23T04:24:41","slug":"front","status":"publish","type":"page","link":"https:\/\/scaleorder.com\/fr\/","title":{"rendered":"French Front"},"content":{"rendered":"","protected":false},"excerpt":{"rendered":"","protected":false},"author":1,"featured_media":0,"parent":0,"menu_order":0,"comment_status":"open","ping_status":"closed","template":"front.php","meta":{"inline_featured_image":false,"footnotes":""},"class_list":["post-1539","page","type-page","status-publish","hentry"],"yoast_head":"<!-- This site is optimized with the Yoast SEO plugin v27.4 - https:\/\/yoast.com\/product\/yoast-seo-wordpress\/ -->\n<title>Scaleorder \u2013 Fournisseur Leader de Dropshipping Gratuit | Meilleurs Produits Gagnants pour le Commerce Num\u00e9rique en Dropshipping<\/title>\n<meta name=\"description\" content=\"Scaleorder est une plateforme de dropshipping gratuite qui vous aide \u00e0 lancer votre activit\u00e9 de dropshipping et de print-on-demand en 2025. Elle propose des produits \u00e0 forte valeur ajout\u00e9e comme la d\u00e9coration int\u00e9rieure, les meubles, les bijoux, les parfums, la lingerie, les cosm\u00e9tiques et d&#039;autres produits de beaut\u00e9. Scaleorder s\u2019int\u00e8gre avec Shopify, Amazon, eBay, WooCommerce, Lazada et BigCommerce. Elle comprend des outils d\u2019ex\u00e9cution automatis\u00e9s int\u00e9gr\u00e9s et une interface conviviale pour d\u00e9butants, vous permettant de d\u00e9velopper votre entreprise et d\u2019atteindre une rentabilit\u00e9 maximale.\" \/>\n<meta name=\"robots\" content=\"index, follow, max-snippet:-1, max-image-preview:large, max-video-preview:-1\" \/>\n<link rel=\"canonical\" href=\"https:\/\/scaleorder.com\/fr\/\" \/>\n<meta property=\"og:locale\" content=\"fr_FR\" \/>\n<meta property=\"og:type\" content=\"article\" \/>\n<meta property=\"og:title\" content=\"Scaleorder \u2013 Fournisseur Leader de Dropshipping Gratuit | Meilleurs Produits Gagnants pour le Commerce Num\u00e9rique en Dropshipping\" \/>\n<meta property=\"og:description\" content=\"Scaleorder est une plateforme de dropshipping gratuite qui vous aide \u00e0 lancer votre activit\u00e9 de dropshipping et de print-on-demand en 2025. Elle propose des produits \u00e0 forte valeur ajout\u00e9e comme la d\u00e9coration int\u00e9rieure, les meubles, les bijoux, les parfums, la lingerie, les cosm\u00e9tiques et d&#039;autres produits de beaut\u00e9. Scaleorder s\u2019int\u00e8gre avec Shopify, Amazon, eBay, WooCommerce, Lazada et BigCommerce. Elle comprend des outils d\u2019ex\u00e9cution automatis\u00e9s int\u00e9gr\u00e9s et une interface conviviale pour d\u00e9butants, vous permettant de d\u00e9velopper votre entreprise et d\u2019atteindre une rentabilit\u00e9 maximale.\" \/>\n<meta property=\"og:url\" content=\"https:\/\/scaleorder.com\/fr\/\" \/>\n<meta property=\"og:site_name\" content=\"ScaleOrder Dropshipping\" \/>\n<meta property=\"article:modified_time\" content=\"2025-07-23T04:24:41+00:00\" \/>\n<meta name=\"twitter:card\" content=\"summary_large_image\" \/>\n<script type=\"application\/ld+json\" class=\"yoast-schema-graph\">{\"@context\":\"https:\\\/\\\/schema.org\",\"@graph\":[{\"@type\":\"WebPage\",\"@id\":\"https:\\\/\\\/scaleorder.com\\\/fr\\\/\",\"url\":\"https:\\\/\\\/scaleorder.com\\\/fr\\\/\",\"name\":\"Scaleorder \u2013 Fournisseur Leader de Dropshipping Gratuit | Meilleurs Produits Gagnants pour le Commerce Num\u00e9rique en Dropshipping\",\"isPartOf\":{\"@id\":\"https:\\\/\\\/scaleorder.com\\\/#website\"},\"datePublished\":\"2024-07-08T00:37:52+00:00\",\"dateModified\":\"2025-07-23T04:24:41+00:00\",\"description\":\"Scaleorder est une plateforme de dropshipping gratuite qui vous aide \u00e0 lancer votre activit\u00e9 de dropshipping et de print-on-demand en 2025. Elle propose des produits \u00e0 forte valeur ajout\u00e9e comme la d\u00e9coration int\u00e9rieure, les meubles, les bijoux, les parfums, la lingerie, les cosm\u00e9tiques et d'autres produits de beaut\u00e9. Scaleorder s\u2019int\u00e8gre avec Shopify, Amazon, eBay, WooCommerce, Lazada et BigCommerce. Elle comprend des outils d\u2019ex\u00e9cution automatis\u00e9s int\u00e9gr\u00e9s et une interface conviviale pour d\u00e9butants, vous permettant de d\u00e9velopper votre entreprise et d\u2019atteindre une rentabilit\u00e9 maximale.\",\"breadcrumb\":{\"@id\":\"https:\\\/\\\/scaleorder.com\\\/fr\\\/#breadcrumb\"},\"inLanguage\":\"fr-FR\",\"potentialAction\":[{\"@type\":\"ReadAction\",\"target\":[\"https:\\\/\\\/scaleorder.com\\\/fr\\\/\"]}]},{\"@type\":\"BreadcrumbList\",\"@id\":\"https:\\\/\\\/scaleorder.com\\\/fr\\\/#breadcrumb\",\"itemListElement\":[{\"@type\":\"ListItem\",\"position\":1,\"name\":\"Home\",\"item\":\"https:\\\/\\\/scaleorder.com\\\/fr\\\/\"},{\"@type\":\"ListItem\",\"position\":2,\"name\":\"French Front\"}]},{\"@type\":\"WebSite\",\"@id\":\"https:\\\/\\\/scaleorder.com\\\/#website\",\"url\":\"https:\\\/\\\/scaleorder.com\\\/\",\"name\":\"ScaleOrder Dropshipping\",\"description\":\"The Ultimate Branded Dropshipping Solution\",\"potentialAction\":[{\"@type\":\"SearchAction\",\"target\":{\"@type\":\"EntryPoint\",\"urlTemplate\":\"https:\\\/\\\/scaleorder.com\\\/?s={search_term_string}\"},\"query-input\":{\"@type\":\"PropertyValueSpecification\",\"valueRequired\":true,\"valueName\":\"search_term_string\"}}],\"inLanguage\":\"fr-FR\"}]}<\/script>\n<!-- \/ Yoast SEO plugin. -->","yoast_head_json":{"title":"Scaleorder \u2013 Fournisseur Leader de Dropshipping Gratuit | Meilleurs Produits Gagnants pour le Commerce Num\u00e9rique en Dropshipping","description":"Scaleorder est une plateforme de dropshipping gratuite qui vous aide \u00e0 lancer votre activit\u00e9 de dropshipping et de print-on-demand en 2025. Elle propose des produits \u00e0 forte valeur ajout\u00e9e comme la d\u00e9coration int\u00e9rieure, les meubles, les bijoux, les parfums, la lingerie, les cosm\u00e9tiques et d'autres produits de beaut\u00e9. Scaleorder s\u2019int\u00e8gre avec Shopify, Amazon, eBay, WooCommerce, Lazada et BigCommerce. Elle comprend des outils d\u2019ex\u00e9cution automatis\u00e9s int\u00e9gr\u00e9s et une interface conviviale pour d\u00e9butants, vous permettant de d\u00e9velopper votre entreprise et d\u2019atteindre une rentabilit\u00e9 maximale.","robots":{"index":"index","follow":"follow","max-snippet":"max-snippet:-1","max-image-preview":"max-image-preview:large","max-video-preview":"max-video-preview:-1"},"canonical":"https:\/\/scaleorder.com\/fr\/","og_locale":"fr_FR","og_type":"article","og_title":"Scaleorder \u2013 Fournisseur Leader de Dropshipping Gratuit | Meilleurs Produits Gagnants pour le Commerce Num\u00e9rique en Dropshipping","og_description":"Scaleorder est une plateforme de dropshipping gratuite qui vous aide \u00e0 lancer votre activit\u00e9 de dropshipping et de print-on-demand en 2025. Elle propose des produits \u00e0 forte valeur ajout\u00e9e comme la d\u00e9coration int\u00e9rieure, les meubles, les bijoux, les parfums, la lingerie, les cosm\u00e9tiques et d'autres produits de beaut\u00e9. Scaleorder s\u2019int\u00e8gre avec Shopify, Amazon, eBay, WooCommerce, Lazada et BigCommerce. Elle comprend des outils d\u2019ex\u00e9cution automatis\u00e9s int\u00e9gr\u00e9s et une interface conviviale pour d\u00e9butants, vous permettant de d\u00e9velopper votre entreprise et d\u2019atteindre une rentabilit\u00e9 maximale.","og_url":"https:\/\/scaleorder.com\/fr\/","og_site_name":"ScaleOrder Dropshipping","article_modified_time":"2025-07-23T04:24:41+00:00","twitter_card":"summary_large_image","schema":{"@context":"https:\/\/schema.org","@graph":[{"@type":"WebPage","@id":"https:\/\/scaleorder.com\/fr\/","url":"https:\/\/scaleorder.com\/fr\/","name":"Scaleorder \u2013 Fournisseur Leader de Dropshipping Gratuit | Meilleurs Produits Gagnants pour le Commerce Num\u00e9rique en Dropshipping","isPartOf":{"@id":"https:\/\/scaleorder.com\/#website"},"datePublished":"2024-07-08T00:37:52+00:00","dateModified":"2025-07-23T04:24:41+00:00","description":"Scaleorder est une plateforme de dropshipping gratuite qui vous aide \u00e0 lancer votre activit\u00e9 de dropshipping et de print-on-demand en 2025. Elle propose des produits \u00e0 forte valeur ajout\u00e9e comme la d\u00e9coration int\u00e9rieure, les meubles, les bijoux, les parfums, la lingerie, les cosm\u00e9tiques et d'autres produits de beaut\u00e9. Scaleorder s\u2019int\u00e8gre avec Shopify, Amazon, eBay, WooCommerce, Lazada et BigCommerce. Elle comprend des outils d\u2019ex\u00e9cution automatis\u00e9s int\u00e9gr\u00e9s et une interface conviviale pour d\u00e9butants, vous permettant de d\u00e9velopper votre entreprise et d\u2019atteindre une rentabilit\u00e9 maximale.","breadcrumb":{"@id":"https:\/\/scaleorder.com\/fr\/#breadcrumb"},"inLanguage":"fr-FR","potentialAction":[{"@type":"ReadAction","target":["https:\/\/scaleorder.com\/fr\/"]}]},{"@type":"BreadcrumbList","@id":"https:\/\/scaleorder.com\/fr\/#breadcrumb","itemListElement":[{"@type":"ListItem","position":1,"name":"Home","item":"https:\/\/scaleorder.com\/fr\/"},{"@type":"ListItem","position":2,"name":"French Front"}]},{"@type":"WebSite","@id":"https:\/\/scaleorder.com\/#website","url":"https:\/\/scaleorder.com\/","name":"ScaleOrder Dropshipping","description":"The Ultimate Branded Dropshipping Solution","potentialAction":[{"@type":"SearchAction","target":{"@type":"EntryPoint","urlTemplate":"https:\/\/scaleorder.com\/?s={search_term_string}"},"query-input":{"@type":"PropertyValueSpecification","valueRequired":true,"valueName":"search_term_string"}}],"inLanguage":"fr-FR"}]}},"_links":{"self":[{"href":"https:\/\/scaleorder.com\/fr\/wp-json\/wp\/v2\/pages\/1539","targetHints":{"allow":["GET"]}}],"collection":[{"href":"https:\/\/scaleorder.com\/fr\/wp-json\/wp\/v2\/pages"}],"about":[{"href":"https:\/\/scaleorder.com\/fr\/wp-json\/wp\/v2\/types\/page"}],"author":[{"embeddable":true,"href":"https:\/\/scaleorder.com\/fr\/wp-json\/wp\/v2\/users\/1"}],"replies":[{"embeddable":true,"href":"https:\/\/scaleorder.com\/fr\/wp-json\/wp\/v2\/comments?post=1539"}],"version-history":[{"count":0,"href":"https:\/\/scaleorder.com\/fr\/wp-json\/wp\/v2\/pages\/1539\/revisions"}],"wp:attachment":[{"href":"https:\/\/scaleorder.com\/fr\/wp-json\/wp\/v2\/media?parent=1539"}],"curies":[{"name":"wp","href":"https:\/\/api.w.org\/{rel}","templated":true}]}}