{"id":28736,"date":"2025-03-12T14:15:03","date_gmt":"2025-03-12T06:15:03","guid":{"rendered":"https:\/\/scaleorder.com\/shopify\/"},"modified":"2025-03-12T14:15:03","modified_gmt":"2025-03-12T06:15:03","slug":"shopify","status":"publish","type":"page","link":"https:\/\/scaleorder.com\/es\/shopify\/","title":{"rendered":"Shopify"},"content":{"rendered":"","protected":false},"excerpt":{"rendered":"","protected":false},"author":1,"featured_media":0,"parent":0,"menu_order":0,"comment_status":"closed","ping_status":"closed","template":"shopify-intregrate.php","meta":{"inline_featured_image":false,"footnotes":""},"class_list":["post-28736","page","type-page","status-publish","hentry"],"yoast_head":"<!-- This site is optimized with the Yoast SEO plugin v27.5 - https:\/\/yoast.com\/product\/yoast-seo-wordpress\/ -->\n<title>ScaleOrder - El mejor proveedor de dropshipping de Shopify | Configure y automatice f\u00e1cilmente el cumplimiento de pedidos de Shopify con nuestra aplicaci\u00f3n gratuita todo en uno<\/title>\n<meta name=\"description\" content=\"Descubre c\u00f3mo iniciar el dropshipping de Shopify con la mejor aplicaci\u00f3n para proveedores. Configure f\u00e1cilmente tiendas, encuentre los mejores productos y cumpla con cada pedido autom\u00e1ticamente. Escale m\u00e1s r\u00e1pido con una soluci\u00f3n gratuita todo en uno para la configuraci\u00f3n automatizada de la tienda, la sincronizaci\u00f3n de inventario y el env\u00edo r\u00e1pido, ideal para dropshippers de todos los tama\u00f1os.\" \/>\n<meta name=\"robots\" content=\"index, follow, max-snippet:-1, max-image-preview:large, max-video-preview:-1\" \/>\n<link rel=\"canonical\" href=\"https:\/\/scaleorder.com\/es\/shopify\/\" \/>\n<meta property=\"og:locale\" content=\"es_ES\" \/>\n<meta property=\"og:type\" content=\"article\" \/>\n<meta property=\"og:title\" content=\"ScaleOrder - El mejor proveedor de dropshipping de Shopify | Configure y automatice f\u00e1cilmente el cumplimiento de pedidos de Shopify con nuestra aplicaci\u00f3n gratuita todo en uno\" \/>\n<meta property=\"og:description\" content=\"Descubre c\u00f3mo iniciar el dropshipping de Shopify con la mejor aplicaci\u00f3n para proveedores. Configure f\u00e1cilmente tiendas, encuentre los mejores productos y cumpla con cada pedido autom\u00e1ticamente. Escale m\u00e1s r\u00e1pido con una soluci\u00f3n gratuita todo en uno para la configuraci\u00f3n automatizada de la tienda, la sincronizaci\u00f3n de inventario y el env\u00edo r\u00e1pido, ideal para dropshippers de todos los tama\u00f1os.\" \/>\n<meta property=\"og:url\" content=\"https:\/\/scaleorder.com\/es\/shopify\/\" \/>\n<meta property=\"og:site_name\" content=\"ScaleOrder Dropshipping\" \/>\n<meta name=\"twitter:card\" content=\"summary_large_image\" \/>\n<script type=\"application\/ld+json\" class=\"yoast-schema-graph\">{\"@context\":\"https:\\\/\\\/schema.org\",\"@graph\":[{\"@type\":\"WebPage\",\"@id\":\"https:\\\/\\\/scaleorder.com\\\/es\\\/shopify\\\/\",\"url\":\"https:\\\/\\\/scaleorder.com\\\/es\\\/shopify\\\/\",\"name\":\"ScaleOrder - El mejor proveedor de dropshipping de Shopify | Configure y automatice f\u00e1cilmente el cumplimiento de pedidos de Shopify con nuestra aplicaci\u00f3n gratuita todo en uno\",\"isPartOf\":{\"@id\":\"https:\\\/\\\/scaleorder.com\\\/#website\"},\"datePublished\":\"2025-03-12T06:15:03+00:00\",\"description\":\"Descubre c\u00f3mo iniciar el dropshipping de Shopify con la mejor aplicaci\u00f3n para proveedores. Configure f\u00e1cilmente tiendas, encuentre los mejores productos y cumpla con cada pedido autom\u00e1ticamente. Escale m\u00e1s r\u00e1pido con una soluci\u00f3n gratuita todo en uno para la configuraci\u00f3n automatizada de la tienda, la sincronizaci\u00f3n de inventario y el env\u00edo r\u00e1pido, ideal para dropshippers de todos los tama\u00f1os.\",\"breadcrumb\":{\"@id\":\"https:\\\/\\\/scaleorder.com\\\/es\\\/shopify\\\/#breadcrumb\"},\"inLanguage\":\"es\",\"potentialAction\":[{\"@type\":\"ReadAction\",\"target\":[\"https:\\\/\\\/scaleorder.com\\\/es\\\/shopify\\\/\"]}]},{\"@type\":\"BreadcrumbList\",\"@id\":\"https:\\\/\\\/scaleorder.com\\\/es\\\/shopify\\\/#breadcrumb\",\"itemListElement\":[{\"@type\":\"ListItem\",\"position\":1,\"name\":\"Home\",\"item\":\"https:\\\/\\\/scaleorder.com\\\/es\\\/front\\\/\"},{\"@type\":\"ListItem\",\"position\":2,\"name\":\"Shopify\"}]},{\"@type\":\"WebSite\",\"@id\":\"https:\\\/\\\/scaleorder.com\\\/#website\",\"url\":\"https:\\\/\\\/scaleorder.com\\\/\",\"name\":\"ScaleOrder Dropshipping\",\"description\":\"The Ultimate Branded Dropshipping Solution\",\"potentialAction\":[{\"@type\":\"SearchAction\",\"target\":{\"@type\":\"EntryPoint\",\"urlTemplate\":\"https:\\\/\\\/scaleorder.com\\\/?s={search_term_string}\"},\"query-input\":{\"@type\":\"PropertyValueSpecification\",\"valueRequired\":true,\"valueName\":\"search_term_string\"}}],\"inLanguage\":\"es\"}]}<\/script>\n<!-- \/ Yoast SEO plugin. -->","yoast_head_json":{"title":"ScaleOrder - El mejor proveedor de dropshipping de Shopify | Configure y automatice f\u00e1cilmente el cumplimiento de pedidos de Shopify con nuestra aplicaci\u00f3n gratuita todo en uno","description":"Descubre c\u00f3mo iniciar el dropshipping de Shopify con la mejor aplicaci\u00f3n para proveedores. Configure f\u00e1cilmente tiendas, encuentre los mejores productos y cumpla con cada pedido autom\u00e1ticamente. Escale m\u00e1s r\u00e1pido con una soluci\u00f3n gratuita todo en uno para la configuraci\u00f3n automatizada de la tienda, la sincronizaci\u00f3n de inventario y el env\u00edo r\u00e1pido, ideal para dropshippers de todos los tama\u00f1os.","robots":{"index":"index","follow":"follow","max-snippet":"max-snippet:-1","max-image-preview":"max-image-preview:large","max-video-preview":"max-video-preview:-1"},"canonical":"https:\/\/scaleorder.com\/es\/shopify\/","og_locale":"es_ES","og_type":"article","og_title":"ScaleOrder - El mejor proveedor de dropshipping de Shopify | Configure y automatice f\u00e1cilmente el cumplimiento de pedidos de Shopify con nuestra aplicaci\u00f3n gratuita todo en uno","og_description":"Descubre c\u00f3mo iniciar el dropshipping de Shopify con la mejor aplicaci\u00f3n para proveedores. Configure f\u00e1cilmente tiendas, encuentre los mejores productos y cumpla con cada pedido autom\u00e1ticamente. Escale m\u00e1s r\u00e1pido con una soluci\u00f3n gratuita todo en uno para la configuraci\u00f3n automatizada de la tienda, la sincronizaci\u00f3n de inventario y el env\u00edo r\u00e1pido, ideal para dropshippers de todos los tama\u00f1os.","og_url":"https:\/\/scaleorder.com\/es\/shopify\/","og_site_name":"ScaleOrder Dropshipping","twitter_card":"summary_large_image","schema":{"@context":"https:\/\/schema.org","@graph":[{"@type":"WebPage","@id":"https:\/\/scaleorder.com\/es\/shopify\/","url":"https:\/\/scaleorder.com\/es\/shopify\/","name":"ScaleOrder - El mejor proveedor de dropshipping de Shopify | Configure y automatice f\u00e1cilmente el cumplimiento de pedidos de Shopify con nuestra aplicaci\u00f3n gratuita todo en uno","isPartOf":{"@id":"https:\/\/scaleorder.com\/#website"},"datePublished":"2025-03-12T06:15:03+00:00","description":"Descubre c\u00f3mo iniciar el dropshipping de Shopify con la mejor aplicaci\u00f3n para proveedores. Configure f\u00e1cilmente tiendas, encuentre los mejores productos y cumpla con cada pedido autom\u00e1ticamente. Escale m\u00e1s r\u00e1pido con una soluci\u00f3n gratuita todo en uno para la configuraci\u00f3n automatizada de la tienda, la sincronizaci\u00f3n de inventario y el env\u00edo r\u00e1pido, ideal para dropshippers de todos los tama\u00f1os.","breadcrumb":{"@id":"https:\/\/scaleorder.com\/es\/shopify\/#breadcrumb"},"inLanguage":"es","potentialAction":[{"@type":"ReadAction","target":["https:\/\/scaleorder.com\/es\/shopify\/"]}]},{"@type":"BreadcrumbList","@id":"https:\/\/scaleorder.com\/es\/shopify\/#breadcrumb","itemListElement":[{"@type":"ListItem","position":1,"name":"Home","item":"https:\/\/scaleorder.com\/es\/front\/"},{"@type":"ListItem","position":2,"name":"Shopify"}]},{"@type":"WebSite","@id":"https:\/\/scaleorder.com\/#website","url":"https:\/\/scaleorder.com\/","name":"ScaleOrder Dropshipping","description":"The Ultimate Branded Dropshipping Solution","potentialAction":[{"@type":"SearchAction","target":{"@type":"EntryPoint","urlTemplate":"https:\/\/scaleorder.com\/?s={search_term_string}"},"query-input":{"@type":"PropertyValueSpecification","valueRequired":true,"valueName":"search_term_string"}}],"inLanguage":"es"}]}},"_links":{"self":[{"href":"https:\/\/scaleorder.com\/es\/wp-json\/wp\/v2\/pages\/28736","targetHints":{"allow":["GET"]}}],"collection":[{"href":"https:\/\/scaleorder.com\/es\/wp-json\/wp\/v2\/pages"}],"about":[{"href":"https:\/\/scaleorder.com\/es\/wp-json\/wp\/v2\/types\/page"}],"author":[{"embeddable":true,"href":"https:\/\/scaleorder.com\/es\/wp-json\/wp\/v2\/users\/1"}],"replies":[{"embeddable":true,"href":"https:\/\/scaleorder.com\/es\/wp-json\/wp\/v2\/comments?post=28736"}],"version-history":[{"count":0,"href":"https:\/\/scaleorder.com\/es\/wp-json\/wp\/v2\/pages\/28736\/revisions"}],"wp:attachment":[{"href":"https:\/\/scaleorder.com\/es\/wp-json\/wp\/v2\/media?parent=28736"}],"curies":[{"name":"wp","href":"https:\/\/api.w.org\/{rel}","templated":true}]}}