{"id":28639,"date":"2025-03-13T05:00:53","date_gmt":"2025-03-12T21:00:53","guid":{"rendered":"https:\/\/scaleorder.com\/lazada\/"},"modified":"2025-03-13T05:00:53","modified_gmt":"2025-03-12T21:00:53","slug":"lazada","status":"publish","type":"page","link":"https:\/\/scaleorder.com\/es\/lazada\/","title":{"rendered":"Lazada"},"content":{"rendered":"","protected":false},"excerpt":{"rendered":"","protected":false},"author":1,"featured_media":0,"parent":0,"menu_order":0,"comment_status":"closed","ping_status":"closed","template":"lazada-intregrate.php","meta":{"inline_featured_image":false,"footnotes":""},"class_list":["post-28639","page","type-page","status-publish","hentry"],"yoast_head":"<!-- This site is optimized with the Yoast SEO plugin v27.4 - https:\/\/yoast.com\/product\/yoast-seo-wordpress\/ -->\n<title>Scaleorder - Inicie Lazada Dropshipping gratis | Aplicaci\u00f3n de f\u00e1cil configuraci\u00f3n, simplificaci\u00f3n de cumplimiento e inventario, mejor proveedor de dropshipping<\/title>\n<meta name=\"description\" content=\"\u00danase a los vendedores exitosos de Lazada que utilizan Scaleorder para automatizar el cumplimiento y el seguimiento de pedidos, optimizar la log\u00edstica y escalar globalmente. Con\u00e9ctese f\u00e1cilmente a proveedores globales y sin tarifas de instalaci\u00f3n, sincronizaci\u00f3n de inventario en tiempo real.\" \/>\n<meta name=\"robots\" content=\"index, follow, max-snippet:-1, max-image-preview:large, max-video-preview:-1\" \/>\n<link rel=\"canonical\" href=\"https:\/\/scaleorder.com\/es\/lazada\/\" \/>\n<meta property=\"og:locale\" content=\"es_ES\" \/>\n<meta property=\"og:type\" content=\"article\" \/>\n<meta property=\"og:title\" content=\"Scaleorder - Inicie Lazada Dropshipping gratis | Aplicaci\u00f3n de f\u00e1cil configuraci\u00f3n, simplificaci\u00f3n de cumplimiento e inventario, mejor proveedor de dropshipping\" \/>\n<meta property=\"og:description\" content=\"\u00danase a los vendedores exitosos de Lazada que utilizan Scaleorder para automatizar el cumplimiento y el seguimiento de pedidos, optimizar la log\u00edstica y escalar globalmente. Con\u00e9ctese f\u00e1cilmente a proveedores globales y sin tarifas de instalaci\u00f3n, sincronizaci\u00f3n de inventario en tiempo real.\" \/>\n<meta property=\"og:url\" content=\"https:\/\/scaleorder.com\/es\/lazada\/\" \/>\n<meta property=\"og:site_name\" content=\"ScaleOrder Dropshipping\" \/>\n<meta name=\"twitter:card\" content=\"summary_large_image\" \/>\n<script type=\"application\/ld+json\" class=\"yoast-schema-graph\">{\"@context\":\"https:\\\/\\\/schema.org\",\"@graph\":[{\"@type\":\"WebPage\",\"@id\":\"https:\\\/\\\/scaleorder.com\\\/es\\\/lazada\\\/\",\"url\":\"https:\\\/\\\/scaleorder.com\\\/es\\\/lazada\\\/\",\"name\":\"Scaleorder - Inicie Lazada Dropshipping gratis | Aplicaci\u00f3n de f\u00e1cil configuraci\u00f3n, simplificaci\u00f3n de cumplimiento e inventario, mejor proveedor de dropshipping\",\"isPartOf\":{\"@id\":\"https:\\\/\\\/scaleorder.com\\\/#website\"},\"datePublished\":\"2025-03-12T21:00:53+00:00\",\"description\":\"\u00danase a los vendedores exitosos de Lazada que utilizan Scaleorder para automatizar el cumplimiento y el seguimiento de pedidos, optimizar la log\u00edstica y escalar globalmente. Con\u00e9ctese f\u00e1cilmente a proveedores globales y sin tarifas de instalaci\u00f3n, sincronizaci\u00f3n de inventario en tiempo real.\",\"breadcrumb\":{\"@id\":\"https:\\\/\\\/scaleorder.com\\\/es\\\/lazada\\\/#breadcrumb\"},\"inLanguage\":\"es\",\"potentialAction\":[{\"@type\":\"ReadAction\",\"target\":[\"https:\\\/\\\/scaleorder.com\\\/es\\\/lazada\\\/\"]}]},{\"@type\":\"BreadcrumbList\",\"@id\":\"https:\\\/\\\/scaleorder.com\\\/es\\\/lazada\\\/#breadcrumb\",\"itemListElement\":[{\"@type\":\"ListItem\",\"position\":1,\"name\":\"Home\",\"item\":\"https:\\\/\\\/scaleorder.com\\\/es\\\/front\\\/\"},{\"@type\":\"ListItem\",\"position\":2,\"name\":\"Lazada\"}]},{\"@type\":\"WebSite\",\"@id\":\"https:\\\/\\\/scaleorder.com\\\/#website\",\"url\":\"https:\\\/\\\/scaleorder.com\\\/\",\"name\":\"ScaleOrder Dropshipping\",\"description\":\"The Ultimate Branded Dropshipping Solution\",\"potentialAction\":[{\"@type\":\"SearchAction\",\"target\":{\"@type\":\"EntryPoint\",\"urlTemplate\":\"https:\\\/\\\/scaleorder.com\\\/?s={search_term_string}\"},\"query-input\":{\"@type\":\"PropertyValueSpecification\",\"valueRequired\":true,\"valueName\":\"search_term_string\"}}],\"inLanguage\":\"es\"}]}<\/script>\n<!-- \/ Yoast SEO plugin. -->","yoast_head_json":{"title":"Scaleorder - Inicie Lazada Dropshipping gratis | Aplicaci\u00f3n de f\u00e1cil configuraci\u00f3n, simplificaci\u00f3n de cumplimiento e inventario, mejor proveedor de dropshipping","description":"\u00danase a los vendedores exitosos de Lazada que utilizan Scaleorder para automatizar el cumplimiento y el seguimiento de pedidos, optimizar la log\u00edstica y escalar globalmente. Con\u00e9ctese f\u00e1cilmente a proveedores globales y sin tarifas de instalaci\u00f3n, sincronizaci\u00f3n de inventario en tiempo real.","robots":{"index":"index","follow":"follow","max-snippet":"max-snippet:-1","max-image-preview":"max-image-preview:large","max-video-preview":"max-video-preview:-1"},"canonical":"https:\/\/scaleorder.com\/es\/lazada\/","og_locale":"es_ES","og_type":"article","og_title":"Scaleorder - Inicie Lazada Dropshipping gratis | Aplicaci\u00f3n de f\u00e1cil configuraci\u00f3n, simplificaci\u00f3n de cumplimiento e inventario, mejor proveedor de dropshipping","og_description":"\u00danase a los vendedores exitosos de Lazada que utilizan Scaleorder para automatizar el cumplimiento y el seguimiento de pedidos, optimizar la log\u00edstica y escalar globalmente. Con\u00e9ctese f\u00e1cilmente a proveedores globales y sin tarifas de instalaci\u00f3n, sincronizaci\u00f3n de inventario en tiempo real.","og_url":"https:\/\/scaleorder.com\/es\/lazada\/","og_site_name":"ScaleOrder Dropshipping","twitter_card":"summary_large_image","schema":{"@context":"https:\/\/schema.org","@graph":[{"@type":"WebPage","@id":"https:\/\/scaleorder.com\/es\/lazada\/","url":"https:\/\/scaleorder.com\/es\/lazada\/","name":"Scaleorder - Inicie Lazada Dropshipping gratis | Aplicaci\u00f3n de f\u00e1cil configuraci\u00f3n, simplificaci\u00f3n de cumplimiento e inventario, mejor proveedor de dropshipping","isPartOf":{"@id":"https:\/\/scaleorder.com\/#website"},"datePublished":"2025-03-12T21:00:53+00:00","description":"\u00danase a los vendedores exitosos de Lazada que utilizan Scaleorder para automatizar el cumplimiento y el seguimiento de pedidos, optimizar la log\u00edstica y escalar globalmente. Con\u00e9ctese f\u00e1cilmente a proveedores globales y sin tarifas de instalaci\u00f3n, sincronizaci\u00f3n de inventario en tiempo real.","breadcrumb":{"@id":"https:\/\/scaleorder.com\/es\/lazada\/#breadcrumb"},"inLanguage":"es","potentialAction":[{"@type":"ReadAction","target":["https:\/\/scaleorder.com\/es\/lazada\/"]}]},{"@type":"BreadcrumbList","@id":"https:\/\/scaleorder.com\/es\/lazada\/#breadcrumb","itemListElement":[{"@type":"ListItem","position":1,"name":"Home","item":"https:\/\/scaleorder.com\/es\/front\/"},{"@type":"ListItem","position":2,"name":"Lazada"}]},{"@type":"WebSite","@id":"https:\/\/scaleorder.com\/#website","url":"https:\/\/scaleorder.com\/","name":"ScaleOrder Dropshipping","description":"The Ultimate Branded Dropshipping Solution","potentialAction":[{"@type":"SearchAction","target":{"@type":"EntryPoint","urlTemplate":"https:\/\/scaleorder.com\/?s={search_term_string}"},"query-input":{"@type":"PropertyValueSpecification","valueRequired":true,"valueName":"search_term_string"}}],"inLanguage":"es"}]}},"_links":{"self":[{"href":"https:\/\/scaleorder.com\/es\/wp-json\/wp\/v2\/pages\/28639","targetHints":{"allow":["GET"]}}],"collection":[{"href":"https:\/\/scaleorder.com\/es\/wp-json\/wp\/v2\/pages"}],"about":[{"href":"https:\/\/scaleorder.com\/es\/wp-json\/wp\/v2\/types\/page"}],"author":[{"embeddable":true,"href":"https:\/\/scaleorder.com\/es\/wp-json\/wp\/v2\/users\/1"}],"replies":[{"embeddable":true,"href":"https:\/\/scaleorder.com\/es\/wp-json\/wp\/v2\/comments?post=28639"}],"version-history":[{"count":0,"href":"https:\/\/scaleorder.com\/es\/wp-json\/wp\/v2\/pages\/28639\/revisions"}],"wp:attachment":[{"href":"https:\/\/scaleorder.com\/es\/wp-json\/wp\/v2\/media?parent=28639"}],"curies":[{"name":"wp","href":"https:\/\/api.w.org\/{rel}","templated":true}]}}