{"id":28071,"date":"2025-06-26T20:03:13","date_gmt":"2025-06-26T12:03:13","guid":{"rendered":"https:\/\/scaleorder.com\/personalizacion-del-producto\/"},"modified":"2025-11-06T10:53:56","modified_gmt":"2025-11-06T02:53:56","slug":"personalizacion-del-producto","status":"publish","type":"page","link":"https:\/\/scaleorder.com\/es\/personalizacion-del-producto\/","title":{"rendered":"Personalizaci\u00f3n del producto"},"content":{"rendered":"","protected":false},"excerpt":{"rendered":"","protected":false},"author":1,"featured_media":0,"parent":0,"menu_order":0,"comment_status":"open","ping_status":"closed","template":"tpl-brand-customization.php","meta":{"inline_featured_image":false,"footnotes":""},"class_list":["post-28071","page","type-page","status-publish","hentry"],"yoast_head":"<!-- This site is optimized with the Yoast SEO plugin v27.4 - https:\/\/yoast.com\/product\/yoast-seo-wordpress\/ -->\n<title>Scaleorder - Los mejores servicios de personalizaci\u00f3n de productos | Embalaje y marca personalizados para dropshipping, servicio de impresi\u00f3n bajo demanda r\u00e1pido y gratuito<\/title>\n<meta name=\"description\" content=\"ScaleOrder ofrece servicios de personalizaci\u00f3n de productos r\u00e1pidos y flexibles, desde impresi\u00f3n bajo demanda hasta empaques OEM\/ODM totalmente personalizados. Comience desde 1 pieza o gran volumen con precios transparentes y una integraci\u00f3n perfecta con FBA, Shopify, WooCommerce y m\u00e1s.\" \/>\n<meta name=\"robots\" content=\"index, follow, max-snippet:-1, max-image-preview:large, max-video-preview:-1\" \/>\n<link rel=\"canonical\" href=\"https:\/\/scaleorder.com\/es\/personalizacion-del-producto\/\" \/>\n<meta property=\"og:locale\" content=\"es_ES\" \/>\n<meta property=\"og:type\" content=\"article\" \/>\n<meta property=\"og:title\" content=\"Scaleorder - Los mejores servicios de personalizaci\u00f3n de productos | Embalaje y marca personalizados para dropshipping, servicio de impresi\u00f3n bajo demanda r\u00e1pido y gratuito\" \/>\n<meta property=\"og:description\" content=\"ScaleOrder ofrece servicios de personalizaci\u00f3n de productos r\u00e1pidos y flexibles, desde impresi\u00f3n bajo demanda hasta empaques OEM\/ODM totalmente personalizados. Comience desde 1 pieza o gran volumen con precios transparentes y una integraci\u00f3n perfecta con FBA, Shopify, WooCommerce y m\u00e1s.\" \/>\n<meta property=\"og:url\" content=\"https:\/\/scaleorder.com\/es\/personalizacion-del-producto\/\" \/>\n<meta property=\"og:site_name\" content=\"ScaleOrder Dropshipping\" \/>\n<meta property=\"article:modified_time\" content=\"2025-11-06T02:53:56+00:00\" \/>\n<meta name=\"twitter:card\" content=\"summary_large_image\" \/>\n<script type=\"application\/ld+json\" class=\"yoast-schema-graph\">{\"@context\":\"https:\\\/\\\/schema.org\",\"@graph\":[{\"@type\":\"WebPage\",\"@id\":\"https:\\\/\\\/scaleorder.com\\\/es\\\/personalizacion-del-producto\\\/\",\"url\":\"https:\\\/\\\/scaleorder.com\\\/es\\\/personalizacion-del-producto\\\/\",\"name\":\"Scaleorder - Los mejores servicios de personalizaci\u00f3n de productos | Embalaje y marca personalizados para dropshipping, servicio de impresi\u00f3n bajo demanda r\u00e1pido y gratuito\",\"isPartOf\":{\"@id\":\"https:\\\/\\\/scaleorder.com\\\/#website\"},\"datePublished\":\"2025-06-26T12:03:13+00:00\",\"dateModified\":\"2025-11-06T02:53:56+00:00\",\"description\":\"ScaleOrder ofrece servicios de personalizaci\u00f3n de productos r\u00e1pidos y flexibles, desde impresi\u00f3n bajo demanda hasta empaques OEM\\\/ODM totalmente personalizados. Comience desde 1 pieza o gran volumen con precios transparentes y una integraci\u00f3n perfecta con FBA, Shopify, WooCommerce y m\u00e1s.\",\"breadcrumb\":{\"@id\":\"https:\\\/\\\/scaleorder.com\\\/es\\\/personalizacion-del-producto\\\/#breadcrumb\"},\"inLanguage\":\"es\",\"potentialAction\":[{\"@type\":\"ReadAction\",\"target\":[\"https:\\\/\\\/scaleorder.com\\\/es\\\/personalizacion-del-producto\\\/\"]}]},{\"@type\":\"BreadcrumbList\",\"@id\":\"https:\\\/\\\/scaleorder.com\\\/es\\\/personalizacion-del-producto\\\/#breadcrumb\",\"itemListElement\":[{\"@type\":\"ListItem\",\"position\":1,\"name\":\"Home\",\"item\":\"https:\\\/\\\/scaleorder.com\\\/es\\\/front\\\/\"},{\"@type\":\"ListItem\",\"position\":2,\"name\":\"Personalizaci\u00f3n del producto\"}]},{\"@type\":\"WebSite\",\"@id\":\"https:\\\/\\\/scaleorder.com\\\/#website\",\"url\":\"https:\\\/\\\/scaleorder.com\\\/\",\"name\":\"ScaleOrder Dropshipping\",\"description\":\"The Ultimate Branded Dropshipping Solution\",\"potentialAction\":[{\"@type\":\"SearchAction\",\"target\":{\"@type\":\"EntryPoint\",\"urlTemplate\":\"https:\\\/\\\/scaleorder.com\\\/?s={search_term_string}\"},\"query-input\":{\"@type\":\"PropertyValueSpecification\",\"valueRequired\":true,\"valueName\":\"search_term_string\"}}],\"inLanguage\":\"es\"}]}<\/script>\n<!-- \/ Yoast SEO plugin. -->","yoast_head_json":{"title":"Scaleorder - Los mejores servicios de personalizaci\u00f3n de productos | Embalaje y marca personalizados para dropshipping, servicio de impresi\u00f3n bajo demanda r\u00e1pido y gratuito","description":"ScaleOrder ofrece servicios de personalizaci\u00f3n de productos r\u00e1pidos y flexibles, desde impresi\u00f3n bajo demanda hasta empaques OEM\/ODM totalmente personalizados. Comience desde 1 pieza o gran volumen con precios transparentes y una integraci\u00f3n perfecta con FBA, Shopify, WooCommerce y m\u00e1s.","robots":{"index":"index","follow":"follow","max-snippet":"max-snippet:-1","max-image-preview":"max-image-preview:large","max-video-preview":"max-video-preview:-1"},"canonical":"https:\/\/scaleorder.com\/es\/personalizacion-del-producto\/","og_locale":"es_ES","og_type":"article","og_title":"Scaleorder - Los mejores servicios de personalizaci\u00f3n de productos | Embalaje y marca personalizados para dropshipping, servicio de impresi\u00f3n bajo demanda r\u00e1pido y gratuito","og_description":"ScaleOrder ofrece servicios de personalizaci\u00f3n de productos r\u00e1pidos y flexibles, desde impresi\u00f3n bajo demanda hasta empaques OEM\/ODM totalmente personalizados. Comience desde 1 pieza o gran volumen con precios transparentes y una integraci\u00f3n perfecta con FBA, Shopify, WooCommerce y m\u00e1s.","og_url":"https:\/\/scaleorder.com\/es\/personalizacion-del-producto\/","og_site_name":"ScaleOrder Dropshipping","article_modified_time":"2025-11-06T02:53:56+00:00","twitter_card":"summary_large_image","schema":{"@context":"https:\/\/schema.org","@graph":[{"@type":"WebPage","@id":"https:\/\/scaleorder.com\/es\/personalizacion-del-producto\/","url":"https:\/\/scaleorder.com\/es\/personalizacion-del-producto\/","name":"Scaleorder - Los mejores servicios de personalizaci\u00f3n de productos | Embalaje y marca personalizados para dropshipping, servicio de impresi\u00f3n bajo demanda r\u00e1pido y gratuito","isPartOf":{"@id":"https:\/\/scaleorder.com\/#website"},"datePublished":"2025-06-26T12:03:13+00:00","dateModified":"2025-11-06T02:53:56+00:00","description":"ScaleOrder ofrece servicios de personalizaci\u00f3n de productos r\u00e1pidos y flexibles, desde impresi\u00f3n bajo demanda hasta empaques OEM\/ODM totalmente personalizados. Comience desde 1 pieza o gran volumen con precios transparentes y una integraci\u00f3n perfecta con FBA, Shopify, WooCommerce y m\u00e1s.","breadcrumb":{"@id":"https:\/\/scaleorder.com\/es\/personalizacion-del-producto\/#breadcrumb"},"inLanguage":"es","potentialAction":[{"@type":"ReadAction","target":["https:\/\/scaleorder.com\/es\/personalizacion-del-producto\/"]}]},{"@type":"BreadcrumbList","@id":"https:\/\/scaleorder.com\/es\/personalizacion-del-producto\/#breadcrumb","itemListElement":[{"@type":"ListItem","position":1,"name":"Home","item":"https:\/\/scaleorder.com\/es\/front\/"},{"@type":"ListItem","position":2,"name":"Personalizaci\u00f3n del producto"}]},{"@type":"WebSite","@id":"https:\/\/scaleorder.com\/#website","url":"https:\/\/scaleorder.com\/","name":"ScaleOrder Dropshipping","description":"The Ultimate Branded Dropshipping Solution","potentialAction":[{"@type":"SearchAction","target":{"@type":"EntryPoint","urlTemplate":"https:\/\/scaleorder.com\/?s={search_term_string}"},"query-input":{"@type":"PropertyValueSpecification","valueRequired":true,"valueName":"search_term_string"}}],"inLanguage":"es"}]}},"_links":{"self":[{"href":"https:\/\/scaleorder.com\/es\/wp-json\/wp\/v2\/pages\/28071","targetHints":{"allow":["GET"]}}],"collection":[{"href":"https:\/\/scaleorder.com\/es\/wp-json\/wp\/v2\/pages"}],"about":[{"href":"https:\/\/scaleorder.com\/es\/wp-json\/wp\/v2\/types\/page"}],"author":[{"embeddable":true,"href":"https:\/\/scaleorder.com\/es\/wp-json\/wp\/v2\/users\/1"}],"replies":[{"embeddable":true,"href":"https:\/\/scaleorder.com\/es\/wp-json\/wp\/v2\/comments?post=28071"}],"version-history":[{"count":0,"href":"https:\/\/scaleorder.com\/es\/wp-json\/wp\/v2\/pages\/28071\/revisions"}],"wp:attachment":[{"href":"https:\/\/scaleorder.com\/es\/wp-json\/wp\/v2\/media?parent=28071"}],"curies":[{"name":"wp","href":"https:\/\/api.w.org\/{rel}","templated":true}]}}