{"id":27703,"date":"2025-06-26T17:40:01","date_gmt":"2025-06-26T09:40:01","guid":{"rendered":"https:\/\/scaleorder.com\/cumplimiento-de-dropshipping\/"},"modified":"2025-06-26T17:40:01","modified_gmt":"2025-06-26T09:40:01","slug":"cumplimiento-de-dropshipping","status":"publish","type":"page","link":"https:\/\/scaleorder.com\/es\/cumplimiento-de-dropshipping\/","title":{"rendered":"Cumplimiento de dropshipping"},"content":{"rendered":"","protected":false},"excerpt":{"rendered":"","protected":false},"author":1,"featured_media":0,"parent":0,"menu_order":0,"comment_status":"closed","ping_status":"closed","template":"tpl-dropshipping-fulfillment.php","meta":{"inline_featured_image":false,"footnotes":""},"class_list":["post-27703","page","type-page","status-publish","hentry"],"yoast_head":"<!-- This site is optimized with the Yoast SEO plugin v27.5 - https:\/\/yoast.com\/product\/yoast-seo-wordpress\/ -->\n<title>Scaleorder: el mejor servicio de cumplimiento de pedidos de dropshipping | Software de cumplimiento autom\u00e1tico para Shopify, Amazon y omnicanal gratis<\/title>\n<meta name=\"description\" content=\"Scaleorder es una empresa l\u00edder en cumplimiento que ofrece un servicio gratuito de cumplimiento de pedidos en todo el mundo para su negocio de dropshipping. Administre sin esfuerzo los pedidos de Shopify, Amazon y B2B con el mejor software de cumplimiento autom\u00e1tico. Nuestro centro 3PL proporciona env\u00edos r\u00e1pidos y cumplimiento multicanal, incluido el cumplimiento de pedidos de WooCommerce para productos de belleza, cosm\u00e9ticos, fasion y otros.\" \/>\n<meta name=\"robots\" content=\"index, follow, max-snippet:-1, max-image-preview:large, max-video-preview:-1\" \/>\n<link rel=\"canonical\" href=\"https:\/\/scaleorder.com\/es\/cumplimiento-de-dropshipping\/\" \/>\n<meta property=\"og:locale\" content=\"es_ES\" \/>\n<meta property=\"og:type\" content=\"article\" \/>\n<meta property=\"og:title\" content=\"Scaleorder: el mejor servicio de cumplimiento de pedidos de dropshipping | Software de cumplimiento autom\u00e1tico para Shopify, Amazon y omnicanal gratis\" \/>\n<meta property=\"og:description\" content=\"Scaleorder es una empresa l\u00edder en cumplimiento que ofrece un servicio gratuito de cumplimiento de pedidos en todo el mundo para su negocio de dropshipping. Administre sin esfuerzo los pedidos de Shopify, Amazon y B2B con el mejor software de cumplimiento autom\u00e1tico. Nuestro centro 3PL proporciona env\u00edos r\u00e1pidos y cumplimiento multicanal, incluido el cumplimiento de pedidos de WooCommerce para productos de belleza, cosm\u00e9ticos, fasion y otros.\" \/>\n<meta property=\"og:url\" content=\"https:\/\/scaleorder.com\/es\/cumplimiento-de-dropshipping\/\" \/>\n<meta property=\"og:site_name\" content=\"ScaleOrder Dropshipping\" \/>\n<meta name=\"twitter:card\" content=\"summary_large_image\" \/>\n<script type=\"application\/ld+json\" class=\"yoast-schema-graph\">{\"@context\":\"https:\\\/\\\/schema.org\",\"@graph\":[{\"@type\":\"WebPage\",\"@id\":\"https:\\\/\\\/scaleorder.com\\\/es\\\/cumplimiento-de-dropshipping\\\/\",\"url\":\"https:\\\/\\\/scaleorder.com\\\/es\\\/cumplimiento-de-dropshipping\\\/\",\"name\":\"Scaleorder: el mejor servicio de cumplimiento de pedidos de dropshipping | Software de cumplimiento autom\u00e1tico para Shopify, Amazon y omnicanal gratis\",\"isPartOf\":{\"@id\":\"https:\\\/\\\/scaleorder.com\\\/#website\"},\"datePublished\":\"2025-06-26T09:40:01+00:00\",\"description\":\"Scaleorder es una empresa l\u00edder en cumplimiento que ofrece un servicio gratuito de cumplimiento de pedidos en todo el mundo para su negocio de dropshipping. Administre sin esfuerzo los pedidos de Shopify, Amazon y B2B con el mejor software de cumplimiento autom\u00e1tico. Nuestro centro 3PL proporciona env\u00edos r\u00e1pidos y cumplimiento multicanal, incluido el cumplimiento de pedidos de WooCommerce para productos de belleza, cosm\u00e9ticos, fasion y otros.\",\"breadcrumb\":{\"@id\":\"https:\\\/\\\/scaleorder.com\\\/es\\\/cumplimiento-de-dropshipping\\\/#breadcrumb\"},\"inLanguage\":\"es\",\"potentialAction\":[{\"@type\":\"ReadAction\",\"target\":[\"https:\\\/\\\/scaleorder.com\\\/es\\\/cumplimiento-de-dropshipping\\\/\"]}]},{\"@type\":\"BreadcrumbList\",\"@id\":\"https:\\\/\\\/scaleorder.com\\\/es\\\/cumplimiento-de-dropshipping\\\/#breadcrumb\",\"itemListElement\":[{\"@type\":\"ListItem\",\"position\":1,\"name\":\"Home\",\"item\":\"https:\\\/\\\/scaleorder.com\\\/es\\\/front\\\/\"},{\"@type\":\"ListItem\",\"position\":2,\"name\":\"Cumplimiento de dropshipping\"}]},{\"@type\":\"WebSite\",\"@id\":\"https:\\\/\\\/scaleorder.com\\\/#website\",\"url\":\"https:\\\/\\\/scaleorder.com\\\/\",\"name\":\"ScaleOrder Dropshipping\",\"description\":\"The Ultimate Branded Dropshipping Solution\",\"potentialAction\":[{\"@type\":\"SearchAction\",\"target\":{\"@type\":\"EntryPoint\",\"urlTemplate\":\"https:\\\/\\\/scaleorder.com\\\/?s={search_term_string}\"},\"query-input\":{\"@type\":\"PropertyValueSpecification\",\"valueRequired\":true,\"valueName\":\"search_term_string\"}}],\"inLanguage\":\"es\"}]}<\/script>\n<!-- \/ Yoast SEO plugin. -->","yoast_head_json":{"title":"Scaleorder: el mejor servicio de cumplimiento de pedidos de dropshipping | Software de cumplimiento autom\u00e1tico para Shopify, Amazon y omnicanal gratis","description":"Scaleorder es una empresa l\u00edder en cumplimiento que ofrece un servicio gratuito de cumplimiento de pedidos en todo el mundo para su negocio de dropshipping. Administre sin esfuerzo los pedidos de Shopify, Amazon y B2B con el mejor software de cumplimiento autom\u00e1tico. Nuestro centro 3PL proporciona env\u00edos r\u00e1pidos y cumplimiento multicanal, incluido el cumplimiento de pedidos de WooCommerce para productos de belleza, cosm\u00e9ticos, fasion y otros.","robots":{"index":"index","follow":"follow","max-snippet":"max-snippet:-1","max-image-preview":"max-image-preview:large","max-video-preview":"max-video-preview:-1"},"canonical":"https:\/\/scaleorder.com\/es\/cumplimiento-de-dropshipping\/","og_locale":"es_ES","og_type":"article","og_title":"Scaleorder: el mejor servicio de cumplimiento de pedidos de dropshipping | Software de cumplimiento autom\u00e1tico para Shopify, Amazon y omnicanal gratis","og_description":"Scaleorder es una empresa l\u00edder en cumplimiento que ofrece un servicio gratuito de cumplimiento de pedidos en todo el mundo para su negocio de dropshipping. Administre sin esfuerzo los pedidos de Shopify, Amazon y B2B con el mejor software de cumplimiento autom\u00e1tico. Nuestro centro 3PL proporciona env\u00edos r\u00e1pidos y cumplimiento multicanal, incluido el cumplimiento de pedidos de WooCommerce para productos de belleza, cosm\u00e9ticos, fasion y otros.","og_url":"https:\/\/scaleorder.com\/es\/cumplimiento-de-dropshipping\/","og_site_name":"ScaleOrder Dropshipping","twitter_card":"summary_large_image","schema":{"@context":"https:\/\/schema.org","@graph":[{"@type":"WebPage","@id":"https:\/\/scaleorder.com\/es\/cumplimiento-de-dropshipping\/","url":"https:\/\/scaleorder.com\/es\/cumplimiento-de-dropshipping\/","name":"Scaleorder: el mejor servicio de cumplimiento de pedidos de dropshipping | Software de cumplimiento autom\u00e1tico para Shopify, Amazon y omnicanal gratis","isPartOf":{"@id":"https:\/\/scaleorder.com\/#website"},"datePublished":"2025-06-26T09:40:01+00:00","description":"Scaleorder es una empresa l\u00edder en cumplimiento que ofrece un servicio gratuito de cumplimiento de pedidos en todo el mundo para su negocio de dropshipping. Administre sin esfuerzo los pedidos de Shopify, Amazon y B2B con el mejor software de cumplimiento autom\u00e1tico. Nuestro centro 3PL proporciona env\u00edos r\u00e1pidos y cumplimiento multicanal, incluido el cumplimiento de pedidos de WooCommerce para productos de belleza, cosm\u00e9ticos, fasion y otros.","breadcrumb":{"@id":"https:\/\/scaleorder.com\/es\/cumplimiento-de-dropshipping\/#breadcrumb"},"inLanguage":"es","potentialAction":[{"@type":"ReadAction","target":["https:\/\/scaleorder.com\/es\/cumplimiento-de-dropshipping\/"]}]},{"@type":"BreadcrumbList","@id":"https:\/\/scaleorder.com\/es\/cumplimiento-de-dropshipping\/#breadcrumb","itemListElement":[{"@type":"ListItem","position":1,"name":"Home","item":"https:\/\/scaleorder.com\/es\/front\/"},{"@type":"ListItem","position":2,"name":"Cumplimiento de dropshipping"}]},{"@type":"WebSite","@id":"https:\/\/scaleorder.com\/#website","url":"https:\/\/scaleorder.com\/","name":"ScaleOrder Dropshipping","description":"The Ultimate Branded Dropshipping Solution","potentialAction":[{"@type":"SearchAction","target":{"@type":"EntryPoint","urlTemplate":"https:\/\/scaleorder.com\/?s={search_term_string}"},"query-input":{"@type":"PropertyValueSpecification","valueRequired":true,"valueName":"search_term_string"}}],"inLanguage":"es"}]}},"_links":{"self":[{"href":"https:\/\/scaleorder.com\/es\/wp-json\/wp\/v2\/pages\/27703","targetHints":{"allow":["GET"]}}],"collection":[{"href":"https:\/\/scaleorder.com\/es\/wp-json\/wp\/v2\/pages"}],"about":[{"href":"https:\/\/scaleorder.com\/es\/wp-json\/wp\/v2\/types\/page"}],"author":[{"embeddable":true,"href":"https:\/\/scaleorder.com\/es\/wp-json\/wp\/v2\/users\/1"}],"replies":[{"embeddable":true,"href":"https:\/\/scaleorder.com\/es\/wp-json\/wp\/v2\/comments?post=27703"}],"version-history":[{"count":0,"href":"https:\/\/scaleorder.com\/es\/wp-json\/wp\/v2\/pages\/27703\/revisions"}],"wp:attachment":[{"href":"https:\/\/scaleorder.com\/es\/wp-json\/wp\/v2\/media?parent=27703"}],"curies":[{"name":"wp","href":"https:\/\/api.w.org\/{rel}","templated":true}]}}