{"id":27526,"date":"2025-06-26T18:43:36","date_gmt":"2025-06-26T10:43:36","guid":{"rendered":"https:\/\/scaleorder.com\/preparacion-de-amazon-fba\/"},"modified":"2025-06-26T18:43:36","modified_gmt":"2025-06-26T10:43:36","slug":"preparacion-de-amazon-fba","status":"publish","type":"page","link":"https:\/\/scaleorder.com\/es\/preparacion-de-amazon-fba\/","title":{"rendered":"Preparaci\u00f3n de Amazon FBA"},"content":{"rendered":"","protected":false},"excerpt":{"rendered":"","protected":false},"author":1,"featured_media":0,"parent":0,"menu_order":0,"comment_status":"closed","ping_status":"closed","template":"tpl-amazon-sfp-and-fba-prep.php","meta":{"inline_featured_image":false,"footnotes":""},"class_list":["post-27526","page","type-page","status-publish","hentry"],"yoast_head":"<!-- This site is optimized with the Yoast SEO plugin v27.4 - https:\/\/yoast.com\/product\/yoast-seo-wordpress\/ -->\n<title>Scaleorder: servicio l\u00edder de preparaci\u00f3n de Amazon FBA gratis | La mejor soluci\u00f3n de preparaci\u00f3n de log\u00edstica y FBA de 3PL para grandes vol\u00famenes y peque\u00f1os vendedores<\/title>\n<meta name=\"description\" content=\"Scaleorder es un proveedor l\u00edder de log\u00edstica de terceros que ofrece el mejor, r\u00e1pido y f\u00e1cil servicio de preparaci\u00f3n de Amazon FBA, que cumple con todos los requisitos con precios de tarifa plana, ideal tanto para peque\u00f1os vendedores como para pedidos de gran volumen, entregados desde nuestro centro de preparaci\u00f3n de Log\u00edstica de Amazon con soluciones de env\u00edo inteligentes.\" \/>\n<meta name=\"robots\" content=\"index, follow, max-snippet:-1, max-image-preview:large, max-video-preview:-1\" \/>\n<link rel=\"canonical\" href=\"https:\/\/scaleorder.com\/es\/preparacion-de-amazon-fba\/\" \/>\n<meta property=\"og:locale\" content=\"es_ES\" \/>\n<meta property=\"og:type\" content=\"article\" \/>\n<meta property=\"og:title\" content=\"Scaleorder: servicio l\u00edder de preparaci\u00f3n de Amazon FBA gratis | La mejor soluci\u00f3n de preparaci\u00f3n de log\u00edstica y FBA de 3PL para grandes vol\u00famenes y peque\u00f1os vendedores\" \/>\n<meta property=\"og:description\" content=\"Scaleorder es un proveedor l\u00edder de log\u00edstica de terceros que ofrece el mejor, r\u00e1pido y f\u00e1cil servicio de preparaci\u00f3n de Amazon FBA, que cumple con todos los requisitos con precios de tarifa plana, ideal tanto para peque\u00f1os vendedores como para pedidos de gran volumen, entregados desde nuestro centro de preparaci\u00f3n de Log\u00edstica de Amazon con soluciones de env\u00edo inteligentes.\" \/>\n<meta property=\"og:url\" content=\"https:\/\/scaleorder.com\/es\/preparacion-de-amazon-fba\/\" \/>\n<meta property=\"og:site_name\" content=\"ScaleOrder Dropshipping\" \/>\n<meta name=\"twitter:card\" content=\"summary_large_image\" \/>\n<script type=\"application\/ld+json\" class=\"yoast-schema-graph\">{\"@context\":\"https:\\\/\\\/schema.org\",\"@graph\":[{\"@type\":\"WebPage\",\"@id\":\"https:\\\/\\\/scaleorder.com\\\/es\\\/preparacion-de-amazon-fba\\\/\",\"url\":\"https:\\\/\\\/scaleorder.com\\\/es\\\/preparacion-de-amazon-fba\\\/\",\"name\":\"Scaleorder: servicio l\u00edder de preparaci\u00f3n de Amazon FBA gratis | La mejor soluci\u00f3n de preparaci\u00f3n de log\u00edstica y FBA de 3PL para grandes vol\u00famenes y peque\u00f1os vendedores\",\"isPartOf\":{\"@id\":\"https:\\\/\\\/scaleorder.com\\\/#website\"},\"datePublished\":\"2025-06-26T10:43:36+00:00\",\"description\":\"Scaleorder es un proveedor l\u00edder de log\u00edstica de terceros que ofrece el mejor, r\u00e1pido y f\u00e1cil servicio de preparaci\u00f3n de Amazon FBA, que cumple con todos los requisitos con precios de tarifa plana, ideal tanto para peque\u00f1os vendedores como para pedidos de gran volumen, entregados desde nuestro centro de preparaci\u00f3n de Log\u00edstica de Amazon con soluciones de env\u00edo inteligentes.\",\"breadcrumb\":{\"@id\":\"https:\\\/\\\/scaleorder.com\\\/es\\\/preparacion-de-amazon-fba\\\/#breadcrumb\"},\"inLanguage\":\"es\",\"potentialAction\":[{\"@type\":\"ReadAction\",\"target\":[\"https:\\\/\\\/scaleorder.com\\\/es\\\/preparacion-de-amazon-fba\\\/\"]}]},{\"@type\":\"BreadcrumbList\",\"@id\":\"https:\\\/\\\/scaleorder.com\\\/es\\\/preparacion-de-amazon-fba\\\/#breadcrumb\",\"itemListElement\":[{\"@type\":\"ListItem\",\"position\":1,\"name\":\"Home\",\"item\":\"https:\\\/\\\/scaleorder.com\\\/es\\\/front\\\/\"},{\"@type\":\"ListItem\",\"position\":2,\"name\":\"Preparaci\u00f3n de Amazon FBA\"}]},{\"@type\":\"WebSite\",\"@id\":\"https:\\\/\\\/scaleorder.com\\\/#website\",\"url\":\"https:\\\/\\\/scaleorder.com\\\/\",\"name\":\"ScaleOrder Dropshipping\",\"description\":\"The Ultimate Branded Dropshipping Solution\",\"potentialAction\":[{\"@type\":\"SearchAction\",\"target\":{\"@type\":\"EntryPoint\",\"urlTemplate\":\"https:\\\/\\\/scaleorder.com\\\/?s={search_term_string}\"},\"query-input\":{\"@type\":\"PropertyValueSpecification\",\"valueRequired\":true,\"valueName\":\"search_term_string\"}}],\"inLanguage\":\"es\"}]}<\/script>\n<!-- \/ Yoast SEO plugin. -->","yoast_head_json":{"title":"Scaleorder: servicio l\u00edder de preparaci\u00f3n de Amazon FBA gratis | La mejor soluci\u00f3n de preparaci\u00f3n de log\u00edstica y FBA de 3PL para grandes vol\u00famenes y peque\u00f1os vendedores","description":"Scaleorder es un proveedor l\u00edder de log\u00edstica de terceros que ofrece el mejor, r\u00e1pido y f\u00e1cil servicio de preparaci\u00f3n de Amazon FBA, que cumple con todos los requisitos con precios de tarifa plana, ideal tanto para peque\u00f1os vendedores como para pedidos de gran volumen, entregados desde nuestro centro de preparaci\u00f3n de Log\u00edstica de Amazon con soluciones de env\u00edo inteligentes.","robots":{"index":"index","follow":"follow","max-snippet":"max-snippet:-1","max-image-preview":"max-image-preview:large","max-video-preview":"max-video-preview:-1"},"canonical":"https:\/\/scaleorder.com\/es\/preparacion-de-amazon-fba\/","og_locale":"es_ES","og_type":"article","og_title":"Scaleorder: servicio l\u00edder de preparaci\u00f3n de Amazon FBA gratis | La mejor soluci\u00f3n de preparaci\u00f3n de log\u00edstica y FBA de 3PL para grandes vol\u00famenes y peque\u00f1os vendedores","og_description":"Scaleorder es un proveedor l\u00edder de log\u00edstica de terceros que ofrece el mejor, r\u00e1pido y f\u00e1cil servicio de preparaci\u00f3n de Amazon FBA, que cumple con todos los requisitos con precios de tarifa plana, ideal tanto para peque\u00f1os vendedores como para pedidos de gran volumen, entregados desde nuestro centro de preparaci\u00f3n de Log\u00edstica de Amazon con soluciones de env\u00edo inteligentes.","og_url":"https:\/\/scaleorder.com\/es\/preparacion-de-amazon-fba\/","og_site_name":"ScaleOrder Dropshipping","twitter_card":"summary_large_image","schema":{"@context":"https:\/\/schema.org","@graph":[{"@type":"WebPage","@id":"https:\/\/scaleorder.com\/es\/preparacion-de-amazon-fba\/","url":"https:\/\/scaleorder.com\/es\/preparacion-de-amazon-fba\/","name":"Scaleorder: servicio l\u00edder de preparaci\u00f3n de Amazon FBA gratis | La mejor soluci\u00f3n de preparaci\u00f3n de log\u00edstica y FBA de 3PL para grandes vol\u00famenes y peque\u00f1os vendedores","isPartOf":{"@id":"https:\/\/scaleorder.com\/#website"},"datePublished":"2025-06-26T10:43:36+00:00","description":"Scaleorder es un proveedor l\u00edder de log\u00edstica de terceros que ofrece el mejor, r\u00e1pido y f\u00e1cil servicio de preparaci\u00f3n de Amazon FBA, que cumple con todos los requisitos con precios de tarifa plana, ideal tanto para peque\u00f1os vendedores como para pedidos de gran volumen, entregados desde nuestro centro de preparaci\u00f3n de Log\u00edstica de Amazon con soluciones de env\u00edo inteligentes.","breadcrumb":{"@id":"https:\/\/scaleorder.com\/es\/preparacion-de-amazon-fba\/#breadcrumb"},"inLanguage":"es","potentialAction":[{"@type":"ReadAction","target":["https:\/\/scaleorder.com\/es\/preparacion-de-amazon-fba\/"]}]},{"@type":"BreadcrumbList","@id":"https:\/\/scaleorder.com\/es\/preparacion-de-amazon-fba\/#breadcrumb","itemListElement":[{"@type":"ListItem","position":1,"name":"Home","item":"https:\/\/scaleorder.com\/es\/front\/"},{"@type":"ListItem","position":2,"name":"Preparaci\u00f3n de Amazon FBA"}]},{"@type":"WebSite","@id":"https:\/\/scaleorder.com\/#website","url":"https:\/\/scaleorder.com\/","name":"ScaleOrder Dropshipping","description":"The Ultimate Branded Dropshipping Solution","potentialAction":[{"@type":"SearchAction","target":{"@type":"EntryPoint","urlTemplate":"https:\/\/scaleorder.com\/?s={search_term_string}"},"query-input":{"@type":"PropertyValueSpecification","valueRequired":true,"valueName":"search_term_string"}}],"inLanguage":"es"}]}},"_links":{"self":[{"href":"https:\/\/scaleorder.com\/es\/wp-json\/wp\/v2\/pages\/27526","targetHints":{"allow":["GET"]}}],"collection":[{"href":"https:\/\/scaleorder.com\/es\/wp-json\/wp\/v2\/pages"}],"about":[{"href":"https:\/\/scaleorder.com\/es\/wp-json\/wp\/v2\/types\/page"}],"author":[{"embeddable":true,"href":"https:\/\/scaleorder.com\/es\/wp-json\/wp\/v2\/users\/1"}],"replies":[{"embeddable":true,"href":"https:\/\/scaleorder.com\/es\/wp-json\/wp\/v2\/comments?post=27526"}],"version-history":[{"count":0,"href":"https:\/\/scaleorder.com\/es\/wp-json\/wp\/v2\/pages\/27526\/revisions"}],"wp:attachment":[{"href":"https:\/\/scaleorder.com\/es\/wp-json\/wp\/v2\/media?parent=27526"}],"curies":[{"name":"wp","href":"https:\/\/api.w.org\/{rel}","templated":true}]}}