{"id":27489,"date":"2025-03-12T14:00:37","date_gmt":"2025-03-12T06:00:37","guid":{"rendered":"https:\/\/scaleorder.com\/amazona\/"},"modified":"2025-03-12T14:00:37","modified_gmt":"2025-03-12T06:00:37","slug":"amazona","status":"publish","type":"page","link":"https:\/\/scaleorder.com\/es\/amazona\/","title":{"rendered":"Amazona"},"content":{"rendered":"","protected":false},"excerpt":{"rendered":"","protected":false},"author":1,"featured_media":0,"parent":0,"menu_order":0,"comment_status":"closed","ping_status":"closed","template":"amazon-intregrate.php","meta":{"inline_featured_image":false,"footnotes":""},"class_list":["post-27489","page","type-page","status-publish","hentry"],"yoast_head":"<!-- This site is optimized with the Yoast SEO plugin v27.5 - https:\/\/yoast.com\/product\/yoast-seo-wordpress\/ -->\n<title>Scaleorder: el mejor sitio de dropshipping autom\u00e1tico para vendedores de Amazon | Env\u00edo r\u00e1pido Proveedor de Amazon FBA, software de dropshipping gratuito y de f\u00e1cil configuraci\u00f3n<\/title>\n<meta name=\"description\" content=\"Lanza tu negocio de dropshipping de Amazon sin esfuerzo con la aplicaci\u00f3n y el software de dropshipping autom\u00e1tico Scaleorder. El mejor proveedor de dropshipping, productos de tendencia y un proceso de configuraci\u00f3n simple, 100% gratis. Ideal para vendedores de Amazon FBA y empresas de comercio electr\u00f3nico que buscan soluciones escalables.\" \/>\n<meta name=\"robots\" content=\"index, follow, max-snippet:-1, max-image-preview:large, max-video-preview:-1\" \/>\n<link rel=\"canonical\" href=\"https:\/\/scaleorder.com\/es\/amazona\/\" \/>\n<meta property=\"og:locale\" content=\"es_ES\" \/>\n<meta property=\"og:type\" content=\"article\" \/>\n<meta property=\"og:title\" content=\"Scaleorder: el mejor sitio de dropshipping autom\u00e1tico para vendedores de Amazon | Env\u00edo r\u00e1pido Proveedor de Amazon FBA, software de dropshipping gratuito y de f\u00e1cil configuraci\u00f3n\" \/>\n<meta property=\"og:description\" content=\"Lanza tu negocio de dropshipping de Amazon sin esfuerzo con la aplicaci\u00f3n y el software de dropshipping autom\u00e1tico Scaleorder. El mejor proveedor de dropshipping, productos de tendencia y un proceso de configuraci\u00f3n simple, 100% gratis. Ideal para vendedores de Amazon FBA y empresas de comercio electr\u00f3nico que buscan soluciones escalables.\" \/>\n<meta property=\"og:url\" content=\"https:\/\/scaleorder.com\/es\/amazona\/\" \/>\n<meta property=\"og:site_name\" content=\"ScaleOrder Dropshipping\" \/>\n<meta name=\"twitter:card\" content=\"summary_large_image\" \/>\n<script type=\"application\/ld+json\" class=\"yoast-schema-graph\">{\"@context\":\"https:\\\/\\\/schema.org\",\"@graph\":[{\"@type\":\"WebPage\",\"@id\":\"https:\\\/\\\/scaleorder.com\\\/es\\\/amazona\\\/\",\"url\":\"https:\\\/\\\/scaleorder.com\\\/es\\\/amazona\\\/\",\"name\":\"Scaleorder: el mejor sitio de dropshipping autom\u00e1tico para vendedores de Amazon | Env\u00edo r\u00e1pido Proveedor de Amazon FBA, software de dropshipping gratuito y de f\u00e1cil configuraci\u00f3n\",\"isPartOf\":{\"@id\":\"https:\\\/\\\/scaleorder.com\\\/#website\"},\"datePublished\":\"2025-03-12T06:00:37+00:00\",\"description\":\"Lanza tu negocio de dropshipping de Amazon sin esfuerzo con la aplicaci\u00f3n y el software de dropshipping autom\u00e1tico Scaleorder. El mejor proveedor de dropshipping, productos de tendencia y un proceso de configuraci\u00f3n simple, 100% gratis. Ideal para vendedores de Amazon FBA y empresas de comercio electr\u00f3nico que buscan soluciones escalables.\",\"breadcrumb\":{\"@id\":\"https:\\\/\\\/scaleorder.com\\\/es\\\/amazona\\\/#breadcrumb\"},\"inLanguage\":\"es\",\"potentialAction\":[{\"@type\":\"ReadAction\",\"target\":[\"https:\\\/\\\/scaleorder.com\\\/es\\\/amazona\\\/\"]}]},{\"@type\":\"BreadcrumbList\",\"@id\":\"https:\\\/\\\/scaleorder.com\\\/es\\\/amazona\\\/#breadcrumb\",\"itemListElement\":[{\"@type\":\"ListItem\",\"position\":1,\"name\":\"Home\",\"item\":\"https:\\\/\\\/scaleorder.com\\\/es\\\/front\\\/\"},{\"@type\":\"ListItem\",\"position\":2,\"name\":\"Amazona\"}]},{\"@type\":\"WebSite\",\"@id\":\"https:\\\/\\\/scaleorder.com\\\/#website\",\"url\":\"https:\\\/\\\/scaleorder.com\\\/\",\"name\":\"ScaleOrder Dropshipping\",\"description\":\"The Ultimate Branded Dropshipping Solution\",\"potentialAction\":[{\"@type\":\"SearchAction\",\"target\":{\"@type\":\"EntryPoint\",\"urlTemplate\":\"https:\\\/\\\/scaleorder.com\\\/?s={search_term_string}\"},\"query-input\":{\"@type\":\"PropertyValueSpecification\",\"valueRequired\":true,\"valueName\":\"search_term_string\"}}],\"inLanguage\":\"es\"}]}<\/script>\n<!-- \/ Yoast SEO plugin. -->","yoast_head_json":{"title":"Scaleorder: el mejor sitio de dropshipping autom\u00e1tico para vendedores de Amazon | Env\u00edo r\u00e1pido Proveedor de Amazon FBA, software de dropshipping gratuito y de f\u00e1cil configuraci\u00f3n","description":"Lanza tu negocio de dropshipping de Amazon sin esfuerzo con la aplicaci\u00f3n y el software de dropshipping autom\u00e1tico Scaleorder. El mejor proveedor de dropshipping, productos de tendencia y un proceso de configuraci\u00f3n simple, 100% gratis. Ideal para vendedores de Amazon FBA y empresas de comercio electr\u00f3nico que buscan soluciones escalables.","robots":{"index":"index","follow":"follow","max-snippet":"max-snippet:-1","max-image-preview":"max-image-preview:large","max-video-preview":"max-video-preview:-1"},"canonical":"https:\/\/scaleorder.com\/es\/amazona\/","og_locale":"es_ES","og_type":"article","og_title":"Scaleorder: el mejor sitio de dropshipping autom\u00e1tico para vendedores de Amazon | Env\u00edo r\u00e1pido Proveedor de Amazon FBA, software de dropshipping gratuito y de f\u00e1cil configuraci\u00f3n","og_description":"Lanza tu negocio de dropshipping de Amazon sin esfuerzo con la aplicaci\u00f3n y el software de dropshipping autom\u00e1tico Scaleorder. El mejor proveedor de dropshipping, productos de tendencia y un proceso de configuraci\u00f3n simple, 100% gratis. Ideal para vendedores de Amazon FBA y empresas de comercio electr\u00f3nico que buscan soluciones escalables.","og_url":"https:\/\/scaleorder.com\/es\/amazona\/","og_site_name":"ScaleOrder Dropshipping","twitter_card":"summary_large_image","schema":{"@context":"https:\/\/schema.org","@graph":[{"@type":"WebPage","@id":"https:\/\/scaleorder.com\/es\/amazona\/","url":"https:\/\/scaleorder.com\/es\/amazona\/","name":"Scaleorder: el mejor sitio de dropshipping autom\u00e1tico para vendedores de Amazon | Env\u00edo r\u00e1pido Proveedor de Amazon FBA, software de dropshipping gratuito y de f\u00e1cil configuraci\u00f3n","isPartOf":{"@id":"https:\/\/scaleorder.com\/#website"},"datePublished":"2025-03-12T06:00:37+00:00","description":"Lanza tu negocio de dropshipping de Amazon sin esfuerzo con la aplicaci\u00f3n y el software de dropshipping autom\u00e1tico Scaleorder. El mejor proveedor de dropshipping, productos de tendencia y un proceso de configuraci\u00f3n simple, 100% gratis. Ideal para vendedores de Amazon FBA y empresas de comercio electr\u00f3nico que buscan soluciones escalables.","breadcrumb":{"@id":"https:\/\/scaleorder.com\/es\/amazona\/#breadcrumb"},"inLanguage":"es","potentialAction":[{"@type":"ReadAction","target":["https:\/\/scaleorder.com\/es\/amazona\/"]}]},{"@type":"BreadcrumbList","@id":"https:\/\/scaleorder.com\/es\/amazona\/#breadcrumb","itemListElement":[{"@type":"ListItem","position":1,"name":"Home","item":"https:\/\/scaleorder.com\/es\/front\/"},{"@type":"ListItem","position":2,"name":"Amazona"}]},{"@type":"WebSite","@id":"https:\/\/scaleorder.com\/#website","url":"https:\/\/scaleorder.com\/","name":"ScaleOrder Dropshipping","description":"The Ultimate Branded Dropshipping Solution","potentialAction":[{"@type":"SearchAction","target":{"@type":"EntryPoint","urlTemplate":"https:\/\/scaleorder.com\/?s={search_term_string}"},"query-input":{"@type":"PropertyValueSpecification","valueRequired":true,"valueName":"search_term_string"}}],"inLanguage":"es"}]}},"_links":{"self":[{"href":"https:\/\/scaleorder.com\/es\/wp-json\/wp\/v2\/pages\/27489","targetHints":{"allow":["GET"]}}],"collection":[{"href":"https:\/\/scaleorder.com\/es\/wp-json\/wp\/v2\/pages"}],"about":[{"href":"https:\/\/scaleorder.com\/es\/wp-json\/wp\/v2\/types\/page"}],"author":[{"embeddable":true,"href":"https:\/\/scaleorder.com\/es\/wp-json\/wp\/v2\/users\/1"}],"replies":[{"embeddable":true,"href":"https:\/\/scaleorder.com\/es\/wp-json\/wp\/v2\/comments?post=27489"}],"version-history":[{"count":0,"href":"https:\/\/scaleorder.com\/es\/wp-json\/wp\/v2\/pages\/27489\/revisions"}],"wp:attachment":[{"href":"https:\/\/scaleorder.com\/es\/wp-json\/wp\/v2\/media?parent=27489"}],"curies":[{"name":"wp","href":"https:\/\/api.w.org\/{rel}","templated":true}]}}