{"id":1598,"date":"2024-07-10T10:31:36","date_gmt":"2024-07-10T02:31:36","guid":{"rendered":"https:\/\/scaleorder.com\/distribucion-en-almacen\/"},"modified":"2025-11-04T19:52:38","modified_gmt":"2025-11-04T11:52:38","slug":"distribucion-en-almacen","status":"publish","type":"page","link":"https:\/\/scaleorder.com\/es\/distribucion-en-almacen\/","title":{"rendered":"Almacenamiento global"},"content":{"rendered":"","protected":false},"excerpt":{"rendered":"","protected":false},"author":1,"featured_media":0,"parent":0,"menu_order":0,"comment_status":"closed","ping_status":"closed","template":"warehousing-distribution.php","meta":{"inline_featured_image":false,"footnotes":""},"class_list":["post-1598","page","type-page","status-publish","hentry"],"yoast_head":"<!-- This site is optimized with the Yoast SEO plugin v27.5 - https:\/\/yoast.com\/product\/yoast-seo-wordpress\/ -->\n<title>Scaleorder: soluciones globales de almacenamiento y cumplimiento autom\u00e1tico para tiendas de comercio electr\u00f3nico y empresas de dropshipping<\/title>\n<meta name=\"description\" content=\"ScaleOrder ofrece soluciones integrales de almacenamiento global y cumplimiento 3PL con integraciones para Shopify, WooCommerce, Amazon y m\u00e1s. Disfrute de la sincronizaci\u00f3n de inventario en tiempo real, el env\u00edo multicanal r\u00e1pido y la log\u00edstica escalable adaptada a las marcas de comercio electr\u00f3nico.\" \/>\n<meta name=\"robots\" content=\"index, follow, max-snippet:-1, max-image-preview:large, max-video-preview:-1\" \/>\n<link rel=\"canonical\" href=\"https:\/\/scaleorder.com\/es\/distribucion-en-almacen\/\" \/>\n<meta property=\"og:locale\" content=\"es_ES\" \/>\n<meta property=\"og:type\" content=\"article\" \/>\n<meta property=\"og:title\" content=\"Scaleorder: soluciones globales de almacenamiento y cumplimiento autom\u00e1tico para tiendas de comercio electr\u00f3nico y empresas de dropshipping\" \/>\n<meta property=\"og:description\" content=\"ScaleOrder ofrece soluciones integrales de almacenamiento global y cumplimiento 3PL con integraciones para Shopify, WooCommerce, Amazon y m\u00e1s. Disfrute de la sincronizaci\u00f3n de inventario en tiempo real, el env\u00edo multicanal r\u00e1pido y la log\u00edstica escalable adaptada a las marcas de comercio electr\u00f3nico.\" \/>\n<meta property=\"og:url\" content=\"https:\/\/scaleorder.com\/es\/distribucion-en-almacen\/\" \/>\n<meta property=\"og:site_name\" content=\"ScaleOrder Dropshipping\" \/>\n<meta property=\"article:modified_time\" content=\"2025-11-04T11:52:38+00:00\" \/>\n<meta name=\"twitter:card\" content=\"summary_large_image\" \/>\n<script type=\"application\/ld+json\" class=\"yoast-schema-graph\">{\"@context\":\"https:\\\/\\\/schema.org\",\"@graph\":[{\"@type\":\"WebPage\",\"@id\":\"https:\\\/\\\/scaleorder.com\\\/es\\\/distribucion-en-almacen\\\/\",\"url\":\"https:\\\/\\\/scaleorder.com\\\/es\\\/distribucion-en-almacen\\\/\",\"name\":\"Scaleorder: soluciones globales de almacenamiento y cumplimiento autom\u00e1tico para tiendas de comercio electr\u00f3nico y empresas de dropshipping\",\"isPartOf\":{\"@id\":\"https:\\\/\\\/scaleorder.com\\\/#website\"},\"datePublished\":\"2024-07-10T02:31:36+00:00\",\"dateModified\":\"2025-11-04T11:52:38+00:00\",\"description\":\"ScaleOrder ofrece soluciones integrales de almacenamiento global y cumplimiento 3PL con integraciones para Shopify, WooCommerce, Amazon y m\u00e1s. Disfrute de la sincronizaci\u00f3n de inventario en tiempo real, el env\u00edo multicanal r\u00e1pido y la log\u00edstica escalable adaptada a las marcas de comercio electr\u00f3nico.\",\"breadcrumb\":{\"@id\":\"https:\\\/\\\/scaleorder.com\\\/es\\\/distribucion-en-almacen\\\/#breadcrumb\"},\"inLanguage\":\"es\",\"potentialAction\":[{\"@type\":\"ReadAction\",\"target\":[\"https:\\\/\\\/scaleorder.com\\\/es\\\/distribucion-en-almacen\\\/\"]}]},{\"@type\":\"BreadcrumbList\",\"@id\":\"https:\\\/\\\/scaleorder.com\\\/es\\\/distribucion-en-almacen\\\/#breadcrumb\",\"itemListElement\":[{\"@type\":\"ListItem\",\"position\":1,\"name\":\"Home\",\"item\":\"https:\\\/\\\/scaleorder.com\\\/es\\\/front\\\/\"},{\"@type\":\"ListItem\",\"position\":2,\"name\":\"Almacenamiento global\"}]},{\"@type\":\"WebSite\",\"@id\":\"https:\\\/\\\/scaleorder.com\\\/#website\",\"url\":\"https:\\\/\\\/scaleorder.com\\\/\",\"name\":\"ScaleOrder Dropshipping\",\"description\":\"The Ultimate Branded Dropshipping Solution\",\"potentialAction\":[{\"@type\":\"SearchAction\",\"target\":{\"@type\":\"EntryPoint\",\"urlTemplate\":\"https:\\\/\\\/scaleorder.com\\\/?s={search_term_string}\"},\"query-input\":{\"@type\":\"PropertyValueSpecification\",\"valueRequired\":true,\"valueName\":\"search_term_string\"}}],\"inLanguage\":\"es\"}]}<\/script>\n<!-- \/ Yoast SEO plugin. -->","yoast_head_json":{"title":"Scaleorder: soluciones globales de almacenamiento y cumplimiento autom\u00e1tico para tiendas de comercio electr\u00f3nico y empresas de dropshipping","description":"ScaleOrder ofrece soluciones integrales de almacenamiento global y cumplimiento 3PL con integraciones para Shopify, WooCommerce, Amazon y m\u00e1s. Disfrute de la sincronizaci\u00f3n de inventario en tiempo real, el env\u00edo multicanal r\u00e1pido y la log\u00edstica escalable adaptada a las marcas de comercio electr\u00f3nico.","robots":{"index":"index","follow":"follow","max-snippet":"max-snippet:-1","max-image-preview":"max-image-preview:large","max-video-preview":"max-video-preview:-1"},"canonical":"https:\/\/scaleorder.com\/es\/distribucion-en-almacen\/","og_locale":"es_ES","og_type":"article","og_title":"Scaleorder: soluciones globales de almacenamiento y cumplimiento autom\u00e1tico para tiendas de comercio electr\u00f3nico y empresas de dropshipping","og_description":"ScaleOrder ofrece soluciones integrales de almacenamiento global y cumplimiento 3PL con integraciones para Shopify, WooCommerce, Amazon y m\u00e1s. Disfrute de la sincronizaci\u00f3n de inventario en tiempo real, el env\u00edo multicanal r\u00e1pido y la log\u00edstica escalable adaptada a las marcas de comercio electr\u00f3nico.","og_url":"https:\/\/scaleorder.com\/es\/distribucion-en-almacen\/","og_site_name":"ScaleOrder Dropshipping","article_modified_time":"2025-11-04T11:52:38+00:00","twitter_card":"summary_large_image","schema":{"@context":"https:\/\/schema.org","@graph":[{"@type":"WebPage","@id":"https:\/\/scaleorder.com\/es\/distribucion-en-almacen\/","url":"https:\/\/scaleorder.com\/es\/distribucion-en-almacen\/","name":"Scaleorder: soluciones globales de almacenamiento y cumplimiento autom\u00e1tico para tiendas de comercio electr\u00f3nico y empresas de dropshipping","isPartOf":{"@id":"https:\/\/scaleorder.com\/#website"},"datePublished":"2024-07-10T02:31:36+00:00","dateModified":"2025-11-04T11:52:38+00:00","description":"ScaleOrder ofrece soluciones integrales de almacenamiento global y cumplimiento 3PL con integraciones para Shopify, WooCommerce, Amazon y m\u00e1s. Disfrute de la sincronizaci\u00f3n de inventario en tiempo real, el env\u00edo multicanal r\u00e1pido y la log\u00edstica escalable adaptada a las marcas de comercio electr\u00f3nico.","breadcrumb":{"@id":"https:\/\/scaleorder.com\/es\/distribucion-en-almacen\/#breadcrumb"},"inLanguage":"es","potentialAction":[{"@type":"ReadAction","target":["https:\/\/scaleorder.com\/es\/distribucion-en-almacen\/"]}]},{"@type":"BreadcrumbList","@id":"https:\/\/scaleorder.com\/es\/distribucion-en-almacen\/#breadcrumb","itemListElement":[{"@type":"ListItem","position":1,"name":"Home","item":"https:\/\/scaleorder.com\/es\/front\/"},{"@type":"ListItem","position":2,"name":"Almacenamiento global"}]},{"@type":"WebSite","@id":"https:\/\/scaleorder.com\/#website","url":"https:\/\/scaleorder.com\/","name":"ScaleOrder Dropshipping","description":"The Ultimate Branded Dropshipping Solution","potentialAction":[{"@type":"SearchAction","target":{"@type":"EntryPoint","urlTemplate":"https:\/\/scaleorder.com\/?s={search_term_string}"},"query-input":{"@type":"PropertyValueSpecification","valueRequired":true,"valueName":"search_term_string"}}],"inLanguage":"es"}]}},"_links":{"self":[{"href":"https:\/\/scaleorder.com\/es\/wp-json\/wp\/v2\/pages\/1598","targetHints":{"allow":["GET"]}}],"collection":[{"href":"https:\/\/scaleorder.com\/es\/wp-json\/wp\/v2\/pages"}],"about":[{"href":"https:\/\/scaleorder.com\/es\/wp-json\/wp\/v2\/types\/page"}],"author":[{"embeddable":true,"href":"https:\/\/scaleorder.com\/es\/wp-json\/wp\/v2\/users\/1"}],"replies":[{"embeddable":true,"href":"https:\/\/scaleorder.com\/es\/wp-json\/wp\/v2\/comments?post=1598"}],"version-history":[{"count":0,"href":"https:\/\/scaleorder.com\/es\/wp-json\/wp\/v2\/pages\/1598\/revisions"}],"wp:attachment":[{"href":"https:\/\/scaleorder.com\/es\/wp-json\/wp\/v2\/media?parent=1598"}],"curies":[{"name":"wp","href":"https:\/\/api.w.org\/{rel}","templated":true}]}}