{"id":1578,"date":"2024-07-22T10:27:26","date_gmt":"2024-07-22T02:27:26","guid":{"rendered":"https:\/\/scaleorder.com\/condiciones-de-uso\/"},"modified":"2025-11-06T11:24:23","modified_gmt":"2025-11-06T03:24:23","slug":"condiciones-de-uso","status":"publish","type":"page","link":"https:\/\/scaleorder.com\/es\/condiciones-de-uso\/","title":{"rendered":"Condiciones de uso"},"content":{"rendered":"<div class=\"row justify-content-center\">\n<div class=\"col-md-12 col-xl-10\">\n<div class=\"text-content\">\n<div class=\"text-body\">\n<div class=\"text-part\" data-i18n=\"termsAndCondition.a.1\">Bienvenido a nuestro sitio web. Te proporcionamos sus servicios sujetos a los avisos, t\u00e9rminos y condiciones establecidos en este acuerdo (el \u00abAcuerdo\u00bb). Adem\u00e1s, cuando utilices cualquier servicio (por ejemplo, Revisiones de clientes), estar\u00e1s sujeto a las normas, directrices, pol\u00edticas, t\u00e9rminos y condiciones aplicables a dichos servicios, y se incorporan a este Acuerdo mediante esta referencia. Nuestro sitio web se reserva el derecho a modificar este sitio y estos t\u00e9rminos y condiciones en cualquier momento.   <\/div>\n<div class=\"text-part\" data-i18n=\"termsAndCondition.a.2\">El acceso, navegaci\u00f3n o cualquier otro uso del sitio indica que aceptas todos los t\u00e9rminos y condiciones de este acuerdo. Lee atentamente este acuerdo antes de continuar. <\/div>\n<\/div>\n<div class=\"text-body\">\n<div class=\"text-part\" data-i18n=\"termsAndCondition.a.3\">Uso del sitio<\/div>\n<div class=\"text-part\" data-i18n=\"termsAndCondition.a.4\">Declaras y garantizas que tienes al menos 18 a\u00f1os o que visitas el Sitio bajo la supervisi\u00f3n de un padre o tutor. Sujeto a los t\u00e9rminos y condiciones de este Acuerdo, nuestro sitio web te concede por la presente una licencia limitada, revocable, intransferible y no exclusiva para acceder y utilizar el Sitio mostr\u00e1ndolo en tu navegador de Internet s\u00f3lo con el fin de comprar art\u00edculos personales vendidos en el Sitio y no para ning\u00fan uso comercial o uso en nombre de terceros, salvo que nuestro sitio web lo permita expl\u00edcitamente por adelantado. Cualquier incumplimiento de este Acuerdo dar\u00e1 lugar a la revocaci\u00f3n inmediata de la licencia concedida en este p\u00e1rrafo sin previo aviso.  <\/div>\n<div class=\"text-part\" data-i18n=\"termsAndCondition.a.5\">A excepci\u00f3n de lo permitido en el p\u00e1rrafo anterior, no puedes reproducir, distribuir, mostrar, vender, arrendar, transmitir, crear trabajos derivados, traducir, modificar, realizar ingenier\u00eda inversa, desmontar, descompilar o explotar de cualquier otra forma este Sitio o cualquier parte del mismo, a menos que nuestro sitio web lo permita expresamente por escrito. No puedes hacer ning\u00fan uso comercial de la informaci\u00f3n proporcionada en el Sitio ni hacer ning\u00fan uso del Sitio en beneficio de otra empresa, a menos que nuestro sitio web lo permita expl\u00edcitamente por adelantado. Nuestro sitio web se reserva el derecho a rechazar el servicio, cancelar cuentas y\/o cancelar pedidos a su discreci\u00f3n, incluyendo, sin limitaci\u00f3n, si nuestro sitio web considera que la conducta del cliente viola la legislaci\u00f3n aplicable o es perjudicial para los intereses de nuestro sitio web.  <\/div>\n<div class=\"text-part\" data-i18n=\"termsAndCondition.a.6\">No cargar\u00e1s, distribuir\u00e1s ni publicar\u00e1s de ning\u00fan otro modo a trav\u00e9s de este Sitio ning\u00fan Contenido, informaci\u00f3n u otro material que (a) viole o infrinja los derechos de autor, patentes, marcas comerciales, marcas de servicio, secretos comerciales u otros derechos de propiedad de cualquier persona; (b) sea calumnioso, amenazador, difamatorio, obsceno, indecente, pornogr\u00e1fico o pueda dar lugar a cualquier responsabilidad civil o penal en virtud de la legislaci\u00f3n estadounidense o internacional; o (c) incluya errores, virus, gusanos, puertas trampa, caballos de Troya u otros c\u00f3digos o propiedades da\u00f1inos. Nuestro sitio web puede asignarte una contrase\u00f1a y una identificaci\u00f3n de cuenta para permitirte acceder y utilizar determinadas partes de este Sitio. Cada vez que utilices una contrase\u00f1a o identificaci\u00f3n, se considerar\u00e1 que est\u00e1s autorizado a acceder y utilizar el Sitio de forma coherente con los t\u00e9rminos y condiciones de este Acuerdo, y nuestro sitio web no tiene ninguna obligaci\u00f3n de investigar la autorizaci\u00f3n o el origen de dicho acceso o uso del Sitio.     <\/div>\n<div class=\"text-part\" data-i18n=\"termsAndCondition.a.7\">Salvo que se disponga lo contrario en otra parte de este Acuerdo o en el sitio, cualquier cosa que env\u00edes o publiques en el sitio y\/o proporciones a nuestro sitio web, incluyendo, sin limitaci\u00f3n, ideas, conocimientos, t\u00e9cnicas, preguntas, rese\u00f1as, comentarios y sugerencias (colectivamente, \u00abEnv\u00edos\u00bb) es y ser\u00e1 tratada como no confidencial y no propietaria, y al enviar o publicar, aceptas conceder irrevocablemente la licencia de la entrada y todos los derechos de propiedad intelectual relacionados con ella (excluidos los derechos morales, como el derecho de autor) a nuestro sitio web sin cargo alguno, y nuestro sitio web tendr\u00e1 el derecho libre de regal\u00edas, mundial, perpetuo, irrevocable y transferible de utilizar, copiar, distribuir, mostrar, publicar, ejecutar, vender, arrendar, transmitir, adaptar, crear trabajos derivados de dichos Env\u00edos por cualquier medio y en cualquier forma, y de traducir, modificar, aplicar ingenier\u00eda inversa, desensamblar o descompilar dichos Env\u00edos. Todos los Env\u00edos pasar\u00e1n autom\u00e1ticamente a ser propiedad \u00fanica y exclusiva de nuestro sitio web y no te ser\u00e1n devueltos, y te comprometes a no plantear ninguna disputa en relaci\u00f3n con cualquier uso de la entrada por parte de nuestro sitio web en el futuro. <\/div>\n<div class=\"text-part\" data-i18n=\"termsAndCondition.a.8\">Garantizas que tus Participaciones, en su totalidad o en parte, est\u00e1n limpias y libres de cualquier infracci\u00f3n de derechos de propiedad intelectual, litigios o reclamaciones de terceros. nuestro sitio web no asume ninguna responsabilidad por cualquier uso indebido de los derechos de autor o de cualquier otro derecho de terceros por tu parte. Te comprometes a defender e indemnizar al Patrocinador por cualquier p\u00e9rdida causada debido al uso de las participaciones para cualquier fin.  <\/div>\n<div class=\"text-part\" data-i18n=\"termsAndCondition.a.9\">Adem\u00e1s de los derechos aplicables a cualquier Env\u00edo, cuando publicas comentarios o rese\u00f1as en el sitio, tambi\u00e9n concedes a nuestro sitio web el derecho a utilizar el nombre que env\u00edes con cualquier rese\u00f1a, comentario u otro Contenido, si lo hubiera, en relaci\u00f3n con dicha rese\u00f1a, comentario u otro contenido. Declaras y garantizas que posees o controlas de otro modo todos los derechos sobre las rese\u00f1as, comentarios y otros Contenidos que publiques en este sitio y que el uso de tus rese\u00f1as, comentarios u otros Contenidos por parte de nuestro sitio web no infringir\u00e1 ni violar\u00e1 los derechos de terceros. No utilizar\u00e1s una direcci\u00f3n de correo electr\u00f3nico falsa, ni te har\u00e1s pasar por otra persona que no seas t\u00fa, ni enga\u00f1ar\u00e1s de otro modo a nuestro sitio web o a terceros en cuanto al origen de cualquier Env\u00edo o Contenido. nuestro sitio web podr\u00e1, pero no estar\u00e1 obligado a eliminar o editar cualquier Env\u00edo (incluidos comentarios o rese\u00f1as) por cualquier motivo.   <\/div>\n<\/div>\n<div class=\"text-body\">\n<div class=\"text-part\" data-i18n=\"termsAndCondition.a.10\">Rese\u00f1as y comentarios<br \/>\nSalvo que se disponga lo contrario en otra parte de este Acuerdo o en el sitio, cualquier cosa que env\u00edes o publiques en el sitio y\/o proporciones a nuestro sitio web, incluyendo, sin limitaci\u00f3n, ideas, conocimientos, t\u00e9cnicas, preguntas, rese\u00f1as, comentarios y sugerencias (colectivamente, \u00abEnv\u00edos\u00bb) es y ser\u00e1 tratada como no confidencial y no propietaria, y al enviar o publicar, aceptas conceder irrevocablemente la licencia de la entrada y todos los derechos de propiedad intelectual relacionados con ella (excluidos los derechos morales, como el derecho de autor) a nuestro sitio web sin cargo alguno, y nuestro sitio web tendr\u00e1 el derecho libre de regal\u00edas, mundial, perpetuo, irrevocable y transferible de utilizar, copiar, distribuir, mostrar, publicar, ejecutar, vender, arrendar, transmitir, adaptar, crear trabajos derivados de dichos Env\u00edos por cualquier medio y en cualquier forma, y de traducir, modificar, aplicar ingenier\u00eda inversa, desensamblar o descompilar dichos Env\u00edos. Todos los Env\u00edos pasar\u00e1n autom\u00e1ticamente a ser propiedad \u00fanica y exclusiva de nuestro sitio web y no te ser\u00e1n devueltos, y te comprometes a no plantear ninguna disputa en relaci\u00f3n con cualquier uso de la entrada por parte de nuestro sitio web en el futuro. <\/div>\n<div class=\"text-part\" data-i18n=\"termsAndCondition.a.11\">Garantizas que tus Participaciones, en su totalidad o en parte, est\u00e1n limpias y libres de cualquier infracci\u00f3n de derechos de propiedad intelectual, litigios o reclamaciones de terceros. nuestro sitio web no asume ninguna responsabilidad por cualquier uso indebido de los derechos de autor o de cualquier otro derecho de terceros por tu parte. Te comprometes a defender e indemnizar al Patrocinador por cualquier p\u00e9rdida causada debido al uso de las participaciones para cualquier fin.  <\/div>\n<div class=\"text-part\" data-i18n=\"termsAndCondition.a.12\">Adem\u00e1s de los derechos aplicables a cualquier Env\u00edo, cuando publicas comentarios o rese\u00f1as en el sitio, tambi\u00e9n concedes a nuestro sitio web el derecho a utilizar el nombre que env\u00edes con cualquier rese\u00f1a, comentario u otro Contenido, si lo hubiera, en relaci\u00f3n con dicha rese\u00f1a, comentario u otro contenido. Declaras y garantizas que posees o controlas de otro modo todos los derechos sobre las rese\u00f1as, comentarios y otros Contenidos que publiques en este sitio y que el uso de tus rese\u00f1as, comentarios u otros Contenidos por parte de nuestro sitio web no infringir\u00e1 ni violar\u00e1 los derechos de terceros. No utilizar\u00e1s una direcci\u00f3n de correo electr\u00f3nico falsa, ni te har\u00e1s pasar por otra persona que no seas t\u00fa, ni enga\u00f1ar\u00e1s de otro modo a nuestro sitio web o a terceros en cuanto al origen de cualquier Env\u00edo o Contenido. nuestro sitio web podr\u00e1, pero no estar\u00e1 obligado a eliminar o editar cualquier Env\u00edo (incluidos comentarios o rese\u00f1as) por cualquier motivo.   <\/div>\n<\/div>\n<div class=\"text-body\">\n<div class=\"text-part\" data-i18n=\"termsAndCondition.a.13\">Derechos de autor<br \/>\nTodos los textos, gr\u00e1ficos, fotograf\u00edas u otras im\u00e1genes, iconos de botones, clips de audio, logotipos, esl\u00f3ganes, nombres comerciales o software de palabras y otros contenidos en el sitio web de nuestro sitio web (colectivamente, \u00abContenido\u00bb), pertenecen exclusivamente a nuestro sitio web o a sus proveedores de contenido apropiados. No puede usar, reproducir, copiar, modificar, transmitir, mostrar, publicar, vender, licenciar, ejecutar p\u00fablicamente, distribuir o explotar comercialmente ninguno de los Contenidos ni disponer de ning\u00fan Contenido de una manera no permitida por nuestro sitio web, sin su consentimiento previo expreso por escrito. Est\u00e1 estrictamente prohibido el uso de miner\u00eda de datos, robots o herramientas similares de recopilaci\u00f3n y extracci\u00f3n de datos en nuestro sitio web, as\u00ed como el uso de marcas comerciales o marcas de servicio en metaetiquetas. Puede ver y usar el Contenido solo para su informaci\u00f3n personal y para comprar y hacer pedidos en el sitio y para ning\u00fan otro prop\u00f3sito. La recopilaci\u00f3n, disposici\u00f3n y ensamblaje de todo el contenido de este sitio (la \u00abCompilaci\u00f3n\u00bb) pertenece exclusivamente a nuestro sitio web. No puede utilizar el Contenido o la Compilaci\u00f3n de nuestro sitio web de ninguna manera que menosprecie o desacredite nuestro sitio web o de cualquier manera que pueda causar confusi\u00f3n o violaci\u00f3n de las leyes o regulaciones aplicables. Todo el software utilizado en este Sitio (el \u00abSoftware\u00bb) es propiedad de nuestro sitio web y\/o sus proveedores de Software. El Contenido, la Compilaci\u00f3n y el Software est\u00e1n protegidos por las leyes de derechos de autor estatales, nacionales e internacionales. Todos los derechos no otorgados expresamente est\u00e1n reservados por nuestro sitio web. Los infractores ser\u00e1n procesados con todo el peso de la ley.         <\/div>\n<div class=\"text-part\" data-i18n=\"termsAndCondition.a.14\">Nuestro sitio web reconoce y respeta todos los derechos de autor y marcas registradas. Como tal, cualquier uso de nombres o t\u00edtulos de televisi\u00f3n, pel\u00edculas, m\u00fasica, festivales de cine u otros no tiene relaci\u00f3n con nuestro sitio web y son propiedad exclusiva de los titulares de los derechos de autor o de las marcas registradas. Nuestros vestidos est\u00e1n inspirados en el estilo de las famosas y son recreaciones nuestras de los que llevan las famosas en tus programas de televisi\u00f3n favoritos y en la alfombra roja, pero no est\u00e1n autorizados, respaldados ni relacionados de ning\u00fan modo con estos programas, y no pretenden infringir ninguna marca registrada ni ning\u00fan derecho de autor.  <\/div>\n<\/div>\n<div class=\"text-body\">\n<div class=\"text-part\" data-i18n=\"termsAndCondition.a.15\">Pol\u00edtica<br \/>\nde infracci\u00f3n de propiedad intelectual Es pol\u00edtica de nuestro sitio web tomar las medidas apropiadas cuando sea necesario para defender y reconocer todas las leyes estatales, federales e internacionales relevantes en relaci\u00f3n con el material que se alega que infringe cualquier marca comercial, derechos de autor, patentes y todas o cualquier otra ley de propiedad intelectual. Si usted es propietario de derechos de propiedad intelectual y cree que nuestro sitio web vende, ofrece a la venta o pone a disposici\u00f3n bienes y\/o servicios que infringen sus derechos de propiedad intelectual, cont\u00e1ctenos en el Centro de soporte. <\/div>\n<\/div>\n<div class=\"text-body\">\n<div class=\"text-part\" data-i18n=\"termsAndCondition.a.16\">Terminaci\u00f3n y efecto de la terminaci\u00f3n<br \/>\nAdem\u00e1s de cualquier otro recurso legal o equitativo, nuestro sitio web puede, sin previo aviso, rescindir inmediatamente el Acuerdo o revocar cualquiera o todos sus derechos otorgados en virtud de este Acuerdo. Tras la terminaci\u00f3n de este Acuerdo, deber\u00e1 cesar inmediatamente todo acceso y uso del sitio y nuestro sitio web, adem\u00e1s de cualquier otro recurso legal o equitativo, revocar\u00e1 inmediatamente todas las contrase\u00f1as e identificaci\u00f3n de cuenta que se le emitan y denegar\u00e1 su acceso y uso de este Sitio en su totalidad o en parte. La rescisi\u00f3n de este Acuerdo no afectar\u00e1 los derechos y obligaciones respectivos (incluidas, entre otras, las obligaciones de pago) de las partes que surjan antes de la fecha de rescisi\u00f3n.  <\/div>\n<\/div>\n<div class=\"text-body\">\n<div class=\"text-part\" data-i18n=\"termsAndCondition.a.17\">Aceptaci\u00f3n<br \/>\nde pedidos Tenga en cuenta que puede haber ciertos pedidos que no podamos aceptar y debamos cancelar. Nuestro sitio web se reserva el derecho, a su entera discreci\u00f3n, de rechazar o cancelar cualquier pedido por cualquier motivo. Algunas situaciones que pueden resultar en la cancelaci\u00f3n de su pedido incluyen limitaciones en las cantidades disponibles para la compra, inexactitudes o errores en la informaci\u00f3n del producto o precios, o problemas identificados por nuestro departamento de cr\u00e9dito y prevenci\u00f3n de fraudes. Tambi\u00e9n podemos requerir verificaciones o informaci\u00f3n adicional antes de aceptar cualquier pedido. Nos pondremos en contacto con usted si se cancela todo o parte de su pedido o si se requiere informaci\u00f3n adicional para aceptar su pedido.    <\/div>\n<\/div>\n<div class=\"text-body\">\n<div class=\"text-part\" data-i18n=\"termsAndCondition.a.18\">Fijaci\u00f3n de precios en distintas monedas<\/div>\n<div class=\"text-part\" data-i18n=\"termsAndCondition.a.19\">Los precios de los productos vendidos en nuestro sitio web se basan en cifras calculadas en d\u00f3lares estadounidenses (US$). Los precios mostrados en otras divisas se convierten a partir de d\u00f3lares estadounidenses seg\u00fan los tipos de conversi\u00f3n m\u00e1s actualizados. Debido a la fluctuaci\u00f3n de los valores de las divisas, los precios mostrados en divisas no estadounidenses en el Sitio, salvo en la p\u00e1gina de producto individual, pueden no ser los m\u00e1s actuales. Las \u00e1reas del Sitio en las que las denominaciones de moneda no estadounidense pueden ser inexactas incluyen, entre otras, los banners promocionales, las p\u00e1ginas promocionales y la informaci\u00f3n de las p\u00e1ginas de categor\u00edas de productos. El precio que aparece en la p\u00e1gina de un producto individual, independientemente de la denominaci\u00f3n de la moneda, es el precio actual que debes pagar en nuestro sitio Web, excluyendo los gastos de env\u00edo.    <\/div>\n<\/div>\n<div class=\"text-body\">\n<div class=\"text-part\" data-i18n=\"termsAndCondition.a.20\">Enlaces<br \/>\nEste sitio puede contener enlaces a otros sitios en Internet que son propiedad y est\u00e1n operados por terceros. Usted reconoce que nuestro sitio web no es responsable del funcionamiento o el contenido ubicado en o a trav\u00e9s de dicho sitio. <\/div>\n<\/div>\n<div class=\"text-body\">\n<div class=\"text-part\" data-i18n=\"termsAndCondition.a.21\">Recursos<br \/>\nUsted acepta que el recurso legal de nuestro sitio web por cualquier incumplimiento real o potencial de este Acuerdo ser\u00eda inadecuado y que nuestro sitio web tendr\u00e1 derecho a un cumplimiento espec\u00edfico o medidas cautelares, o ambos, adem\u00e1s de cualquier da\u00f1o que nuestro sitio web pueda tener derecho legalmente a recuperar, junto con los gastos razonables de cualquier forma de resoluci\u00f3n de disputas.  incluidos, entre otros, los honorarios de los abogados.<\/div>\n<div class=\"text-part\" data-i18n=\"termsAndCondition.a.22\">Ning\u00fan derecho o recurso de nuestro sitio web ser\u00e1 exclusivo de cualquier otro, ya sea en derecho o en equidad, incluyendo, sin limitaci\u00f3n, da\u00f1os y perjuicios, medidas cautelares, honorarios de abogados y gastos.<\/div>\n<div class=\"text-part\" data-i18n=\"termsAndCondition.a.23\">Ning\u00fan caso de renuncia por parte de nuestro sitio web a sus derechos o recursos en virtud de estos t\u00e9rminos y condiciones implicar\u00e1 ninguna obligaci\u00f3n de conceder ninguna renuncia similar, futura o de otro tipo.<\/div>\n<\/div>\n<p><!-- \n\n<div class=\"text-body\">\n\n\n<div class=\"text-part\">\n\t\t\t\t\t\tGOVERNING LAW\n\nThese terms and conditions are governed by and are to be construed in accordance with\nthe laws of France.<\/div>\n\n\n<\/div>\n\n\n--><\/p>\n<div>\n<p>Empresa : <strong> Beidou Hulian Technologies Co., Ltd <\/strong> <\/p>\n<p data-i18n=\"termsAndCondition.a.24\">Correo electr\u00f3nico : <strong> support@scaleorder.com <\/strong> <\/p>\n<p data-i18n=\"termsAndCondition.a.25\">Tel\u00e9fono : <strong> +86-20-22305935 <\/strong> <\/p>\n<p data-i18n=\"termsAndCondition.a.26\">Direcci\u00f3n : <strong> Oficina 1603, Edificio B2, Parque Cient\u00edfico Yunsheng, n\u00ba 11, Fupu Middle Road, Ciudad de la Ciencia, Distrito de Huangpu, Guangzhou. <\/strong> <\/p>\n<\/div>\n<\/div>\n<\/div>\n<\/div>\n","protected":false},"excerpt":{"rendered":"<p>Bienvenido a nuestro sitio web. Te proporcionamos sus servicios sujetos a los avisos, t\u00e9rminos y condiciones establecidos en este acuerdo (el \u00abAcuerdo\u00bb). Adem\u00e1s, cuando utilices cualquier servicio (por ejemplo, Revisiones de clientes), estar\u00e1s sujeto a las normas, directrices, pol\u00edticas, t\u00e9rminos y condiciones aplicables a dichos servicios, y se incorporan a este Acuerdo mediante esta referencia. <a href=\"https:\/\/scaleorder.com\/es\/condiciones-de-uso\/\" class=\"more-link\">&#8230;<span class=\"screen-reader-text\">  Condiciones de uso<\/span><\/a><\/p>\n","protected":false},"author":1,"featured_media":0,"parent":0,"menu_order":0,"comment_status":"open","ping_status":"closed","template":"","meta":{"inline_featured_image":false,"footnotes":""},"class_list":["post-1578","page","type-page","status-publish","hentry"],"yoast_head":"<!-- This site is optimized with the Yoast SEO plugin v27.5 - https:\/\/yoast.com\/product\/yoast-seo-wordpress\/ -->\n<title>T\u00e9rminos de uso de ScaleOrder - Acuerdo de usuario y pol\u00edticas<\/title>\n<meta name=\"description\" content=\"Lea los T\u00e9rminos de uso de ScaleOrder para comprender sus derechos, responsabilidades de usuario, reglas de contenido y pol\u00edticas legales antes de utilizar nuestros servicios o sitio web.\" \/>\n<meta name=\"robots\" content=\"index, follow, max-snippet:-1, max-image-preview:large, max-video-preview:-1\" \/>\n<link rel=\"canonical\" href=\"https:\/\/scaleorder.com\/es\/condiciones-de-uso\/\" \/>\n<meta property=\"og:locale\" content=\"es_ES\" \/>\n<meta property=\"og:type\" content=\"article\" \/>\n<meta property=\"og:title\" content=\"T\u00e9rminos de uso de ScaleOrder - Acuerdo de usuario y pol\u00edticas\" \/>\n<meta property=\"og:description\" content=\"Lea los T\u00e9rminos de uso de ScaleOrder para comprender sus derechos, responsabilidades de usuario, reglas de contenido y pol\u00edticas legales antes de utilizar nuestros servicios o sitio web.\" \/>\n<meta property=\"og:url\" content=\"https:\/\/scaleorder.com\/es\/condiciones-de-uso\/\" \/>\n<meta property=\"og:site_name\" content=\"ScaleOrder Dropshipping\" \/>\n<meta property=\"article:modified_time\" content=\"2025-11-06T03:24:23+00:00\" \/>\n<meta name=\"twitter:card\" content=\"summary_large_image\" \/>\n<meta name=\"twitter:label1\" content=\"Tiempo de lectura\" \/>\n\t<meta name=\"twitter:data1\" content=\"13 minutos\" \/>\n<script type=\"application\/ld+json\" class=\"yoast-schema-graph\">{\"@context\":\"https:\\\/\\\/schema.org\",\"@graph\":[{\"@type\":\"WebPage\",\"@id\":\"https:\\\/\\\/scaleorder.com\\\/es\\\/condiciones-de-uso\\\/\",\"url\":\"https:\\\/\\\/scaleorder.com\\\/es\\\/condiciones-de-uso\\\/\",\"name\":\"T\u00e9rminos de uso de ScaleOrder - Acuerdo de usuario y pol\u00edticas\",\"isPartOf\":{\"@id\":\"https:\\\/\\\/scaleorder.com\\\/#website\"},\"datePublished\":\"2024-07-22T02:27:26+00:00\",\"dateModified\":\"2025-11-06T03:24:23+00:00\",\"description\":\"Lea los T\u00e9rminos de uso de ScaleOrder para comprender sus derechos, responsabilidades de usuario, reglas de contenido y pol\u00edticas legales antes de utilizar nuestros servicios o sitio web.\",\"breadcrumb\":{\"@id\":\"https:\\\/\\\/scaleorder.com\\\/es\\\/condiciones-de-uso\\\/#breadcrumb\"},\"inLanguage\":\"es\",\"potentialAction\":[{\"@type\":\"ReadAction\",\"target\":[\"https:\\\/\\\/scaleorder.com\\\/es\\\/condiciones-de-uso\\\/\"]}]},{\"@type\":\"BreadcrumbList\",\"@id\":\"https:\\\/\\\/scaleorder.com\\\/es\\\/condiciones-de-uso\\\/#breadcrumb\",\"itemListElement\":[{\"@type\":\"ListItem\",\"position\":1,\"name\":\"Home\",\"item\":\"https:\\\/\\\/scaleorder.com\\\/es\\\/front\\\/\"},{\"@type\":\"ListItem\",\"position\":2,\"name\":\"Condiciones de uso\"}]},{\"@type\":\"WebSite\",\"@id\":\"https:\\\/\\\/scaleorder.com\\\/#website\",\"url\":\"https:\\\/\\\/scaleorder.com\\\/\",\"name\":\"ScaleOrder Dropshipping\",\"description\":\"The Ultimate Branded Dropshipping Solution\",\"potentialAction\":[{\"@type\":\"SearchAction\",\"target\":{\"@type\":\"EntryPoint\",\"urlTemplate\":\"https:\\\/\\\/scaleorder.com\\\/?s={search_term_string}\"},\"query-input\":{\"@type\":\"PropertyValueSpecification\",\"valueRequired\":true,\"valueName\":\"search_term_string\"}}],\"inLanguage\":\"es\"}]}<\/script>\n<!-- \/ Yoast SEO plugin. -->","yoast_head_json":{"title":"T\u00e9rminos de uso de ScaleOrder - Acuerdo de usuario y pol\u00edticas","description":"Lea los T\u00e9rminos de uso de ScaleOrder para comprender sus derechos, responsabilidades de usuario, reglas de contenido y pol\u00edticas legales antes de utilizar nuestros servicios o sitio web.","robots":{"index":"index","follow":"follow","max-snippet":"max-snippet:-1","max-image-preview":"max-image-preview:large","max-video-preview":"max-video-preview:-1"},"canonical":"https:\/\/scaleorder.com\/es\/condiciones-de-uso\/","og_locale":"es_ES","og_type":"article","og_title":"T\u00e9rminos de uso de ScaleOrder - Acuerdo de usuario y pol\u00edticas","og_description":"Lea los T\u00e9rminos de uso de ScaleOrder para comprender sus derechos, responsabilidades de usuario, reglas de contenido y pol\u00edticas legales antes de utilizar nuestros servicios o sitio web.","og_url":"https:\/\/scaleorder.com\/es\/condiciones-de-uso\/","og_site_name":"ScaleOrder Dropshipping","article_modified_time":"2025-11-06T03:24:23+00:00","twitter_card":"summary_large_image","twitter_misc":{"Tiempo de lectura":"13 minutos"},"schema":{"@context":"https:\/\/schema.org","@graph":[{"@type":"WebPage","@id":"https:\/\/scaleorder.com\/es\/condiciones-de-uso\/","url":"https:\/\/scaleorder.com\/es\/condiciones-de-uso\/","name":"T\u00e9rminos de uso de ScaleOrder - Acuerdo de usuario y pol\u00edticas","isPartOf":{"@id":"https:\/\/scaleorder.com\/#website"},"datePublished":"2024-07-22T02:27:26+00:00","dateModified":"2025-11-06T03:24:23+00:00","description":"Lea los T\u00e9rminos de uso de ScaleOrder para comprender sus derechos, responsabilidades de usuario, reglas de contenido y pol\u00edticas legales antes de utilizar nuestros servicios o sitio web.","breadcrumb":{"@id":"https:\/\/scaleorder.com\/es\/condiciones-de-uso\/#breadcrumb"},"inLanguage":"es","potentialAction":[{"@type":"ReadAction","target":["https:\/\/scaleorder.com\/es\/condiciones-de-uso\/"]}]},{"@type":"BreadcrumbList","@id":"https:\/\/scaleorder.com\/es\/condiciones-de-uso\/#breadcrumb","itemListElement":[{"@type":"ListItem","position":1,"name":"Home","item":"https:\/\/scaleorder.com\/es\/front\/"},{"@type":"ListItem","position":2,"name":"Condiciones de uso"}]},{"@type":"WebSite","@id":"https:\/\/scaleorder.com\/#website","url":"https:\/\/scaleorder.com\/","name":"ScaleOrder Dropshipping","description":"The Ultimate Branded Dropshipping Solution","potentialAction":[{"@type":"SearchAction","target":{"@type":"EntryPoint","urlTemplate":"https:\/\/scaleorder.com\/?s={search_term_string}"},"query-input":{"@type":"PropertyValueSpecification","valueRequired":true,"valueName":"search_term_string"}}],"inLanguage":"es"}]}},"_links":{"self":[{"href":"https:\/\/scaleorder.com\/es\/wp-json\/wp\/v2\/pages\/1578","targetHints":{"allow":["GET"]}}],"collection":[{"href":"https:\/\/scaleorder.com\/es\/wp-json\/wp\/v2\/pages"}],"about":[{"href":"https:\/\/scaleorder.com\/es\/wp-json\/wp\/v2\/types\/page"}],"author":[{"embeddable":true,"href":"https:\/\/scaleorder.com\/es\/wp-json\/wp\/v2\/users\/1"}],"replies":[{"embeddable":true,"href":"https:\/\/scaleorder.com\/es\/wp-json\/wp\/v2\/comments?post=1578"}],"version-history":[{"count":0,"href":"https:\/\/scaleorder.com\/es\/wp-json\/wp\/v2\/pages\/1578\/revisions"}],"wp:attachment":[{"href":"https:\/\/scaleorder.com\/es\/wp-json\/wp\/v2\/media?parent=1578"}],"curies":[{"name":"wp","href":"https:\/\/api.w.org\/{rel}","templated":true}]}}