{"id":1537,"date":"2024-07-08T08:37:52","date_gmt":"2024-07-08T00:37:52","guid":{"rendered":"https:\/\/scaleorder.com\/frente\/"},"modified":"2025-11-04T19:46:32","modified_gmt":"2025-11-04T11:46:32","slug":"front","status":"publish","type":"page","link":"https:\/\/scaleorder.com\/es\/","title":{"rendered":"Frente"},"content":{"rendered":"","protected":false},"excerpt":{"rendered":"","protected":false},"author":1,"featured_media":0,"parent":0,"menu_order":0,"comment_status":"open","ping_status":"closed","template":"front.php","meta":{"inline_featured_image":false,"footnotes":""},"class_list":["post-1537","page","type-page","status-publish","hentry"],"yoast_head":"<!-- This site is optimized with the Yoast SEO plugin v27.4 - https:\/\/yoast.com\/product\/yoast-seo-wordpress\/ -->\n<title>Scaleorder: plataforma l\u00edder de dropshipping gratis | Los mejores productos ganadores para el negocio de dropshipping digital<\/title>\n<meta name=\"description\" content=\"Scaleorder es una plataforma de dropshipping gratuita que lo ayuda a iniciar su negocio de dropshipping e impresi\u00f3n bajo demanda en 2025. Ofrece productos de Dropshipping de alto costo como decoraci\u00f3n del hogar, muebles, joyas, perfumes, lencer\u00eda, cosm\u00e9ticos y otros productos de belleza, todos obtenidos directamente de los fabricantes. Scaleorder se integra con Shopify, Amazon, eBay, WooCommerce, Lazada y BigCommerce. Viene con herramientas de cumplimiento automatizadas integradas y una interfaz amigable para principiantes para ayudarlo a hacer crecer su negocio y lograr mayores m\u00e1rgenes de ganancia.\" \/>\n<meta name=\"robots\" content=\"index, follow, max-snippet:-1, max-image-preview:large, max-video-preview:-1\" \/>\n<link rel=\"canonical\" href=\"https:\/\/scaleorder.com\/es\/front\/\" \/>\n<meta property=\"og:locale\" content=\"es_ES\" \/>\n<meta property=\"og:type\" content=\"article\" \/>\n<meta property=\"og:title\" content=\"Scaleorder: plataforma l\u00edder de dropshipping gratis | Los mejores productos ganadores para el negocio de dropshipping digital\" \/>\n<meta property=\"og:description\" content=\"Scaleorder es una plataforma de dropshipping gratuita que lo ayuda a iniciar su negocio de dropshipping e impresi\u00f3n bajo demanda en 2025. Ofrece productos de Dropshipping de alto costo como decoraci\u00f3n del hogar, muebles, joyas, perfumes, lencer\u00eda, cosm\u00e9ticos y otros productos de belleza, todos obtenidos directamente de los fabricantes. Scaleorder se integra con Shopify, Amazon, eBay, WooCommerce, Lazada y BigCommerce. Viene con herramientas de cumplimiento automatizadas integradas y una interfaz amigable para principiantes para ayudarlo a hacer crecer su negocio y lograr mayores m\u00e1rgenes de ganancia.\" \/>\n<meta property=\"og:url\" content=\"https:\/\/scaleorder.com\/es\/front\/\" \/>\n<meta property=\"og:site_name\" content=\"ScaleOrder Dropshipping\" \/>\n<meta property=\"article:modified_time\" content=\"2025-11-04T11:46:32+00:00\" \/>\n<meta name=\"twitter:card\" content=\"summary_large_image\" \/>\n<script type=\"application\/ld+json\" class=\"yoast-schema-graph\">{\"@context\":\"https:\\\/\\\/schema.org\",\"@graph\":[{\"@type\":\"WebPage\",\"@id\":\"https:\\\/\\\/scaleorder.com\\\/es\\\/front\\\/\",\"url\":\"https:\\\/\\\/scaleorder.com\\\/es\\\/front\\\/\",\"name\":\"Scaleorder: plataforma l\u00edder de dropshipping gratis | Los mejores productos ganadores para el negocio de dropshipping digital\",\"isPartOf\":{\"@id\":\"https:\\\/\\\/scaleorder.com\\\/#website\"},\"datePublished\":\"2024-07-08T00:37:52+00:00\",\"dateModified\":\"2025-11-04T11:46:32+00:00\",\"description\":\"Scaleorder es una plataforma de dropshipping gratuita que lo ayuda a iniciar su negocio de dropshipping e impresi\u00f3n bajo demanda en 2025. Ofrece productos de Dropshipping de alto costo como decoraci\u00f3n del hogar, muebles, joyas, perfumes, lencer\u00eda, cosm\u00e9ticos y otros productos de belleza, todos obtenidos directamente de los fabricantes. Scaleorder se integra con Shopify, Amazon, eBay, WooCommerce, Lazada y BigCommerce. Viene con herramientas de cumplimiento automatizadas integradas y una interfaz amigable para principiantes para ayudarlo a hacer crecer su negocio y lograr mayores m\u00e1rgenes de ganancia.\",\"breadcrumb\":{\"@id\":\"https:\\\/\\\/scaleorder.com\\\/es\\\/front\\\/#breadcrumb\"},\"inLanguage\":\"es\",\"potentialAction\":[{\"@type\":\"ReadAction\",\"target\":[\"https:\\\/\\\/scaleorder.com\\\/es\\\/front\\\/\"]}]},{\"@type\":\"BreadcrumbList\",\"@id\":\"https:\\\/\\\/scaleorder.com\\\/es\\\/front\\\/#breadcrumb\",\"itemListElement\":[{\"@type\":\"ListItem\",\"position\":1,\"name\":\"Home\",\"item\":\"https:\\\/\\\/scaleorder.com\\\/es\\\/front\\\/\"},{\"@type\":\"ListItem\",\"position\":2,\"name\":\"Frente\"}]},{\"@type\":\"WebSite\",\"@id\":\"https:\\\/\\\/scaleorder.com\\\/#website\",\"url\":\"https:\\\/\\\/scaleorder.com\\\/\",\"name\":\"ScaleOrder Dropshipping\",\"description\":\"The Ultimate Branded Dropshipping Solution\",\"potentialAction\":[{\"@type\":\"SearchAction\",\"target\":{\"@type\":\"EntryPoint\",\"urlTemplate\":\"https:\\\/\\\/scaleorder.com\\\/?s={search_term_string}\"},\"query-input\":{\"@type\":\"PropertyValueSpecification\",\"valueRequired\":true,\"valueName\":\"search_term_string\"}}],\"inLanguage\":\"es\"}]}<\/script>\n<!-- \/ Yoast SEO plugin. -->","yoast_head_json":{"title":"Scaleorder: plataforma l\u00edder de dropshipping gratis | Los mejores productos ganadores para el negocio de dropshipping digital","description":"Scaleorder es una plataforma de dropshipping gratuita que lo ayuda a iniciar su negocio de dropshipping e impresi\u00f3n bajo demanda en 2025. Ofrece productos de Dropshipping de alto costo como decoraci\u00f3n del hogar, muebles, joyas, perfumes, lencer\u00eda, cosm\u00e9ticos y otros productos de belleza, todos obtenidos directamente de los fabricantes. Scaleorder se integra con Shopify, Amazon, eBay, WooCommerce, Lazada y BigCommerce. Viene con herramientas de cumplimiento automatizadas integradas y una interfaz amigable para principiantes para ayudarlo a hacer crecer su negocio y lograr mayores m\u00e1rgenes de ganancia.","robots":{"index":"index","follow":"follow","max-snippet":"max-snippet:-1","max-image-preview":"max-image-preview:large","max-video-preview":"max-video-preview:-1"},"canonical":"https:\/\/scaleorder.com\/es\/front\/","og_locale":"es_ES","og_type":"article","og_title":"Scaleorder: plataforma l\u00edder de dropshipping gratis | Los mejores productos ganadores para el negocio de dropshipping digital","og_description":"Scaleorder es una plataforma de dropshipping gratuita que lo ayuda a iniciar su negocio de dropshipping e impresi\u00f3n bajo demanda en 2025. Ofrece productos de Dropshipping de alto costo como decoraci\u00f3n del hogar, muebles, joyas, perfumes, lencer\u00eda, cosm\u00e9ticos y otros productos de belleza, todos obtenidos directamente de los fabricantes. Scaleorder se integra con Shopify, Amazon, eBay, WooCommerce, Lazada y BigCommerce. Viene con herramientas de cumplimiento automatizadas integradas y una interfaz amigable para principiantes para ayudarlo a hacer crecer su negocio y lograr mayores m\u00e1rgenes de ganancia.","og_url":"https:\/\/scaleorder.com\/es\/front\/","og_site_name":"ScaleOrder Dropshipping","article_modified_time":"2025-11-04T11:46:32+00:00","twitter_card":"summary_large_image","schema":{"@context":"https:\/\/schema.org","@graph":[{"@type":"WebPage","@id":"https:\/\/scaleorder.com\/es\/front\/","url":"https:\/\/scaleorder.com\/es\/front\/","name":"Scaleorder: plataforma l\u00edder de dropshipping gratis | Los mejores productos ganadores para el negocio de dropshipping digital","isPartOf":{"@id":"https:\/\/scaleorder.com\/#website"},"datePublished":"2024-07-08T00:37:52+00:00","dateModified":"2025-11-04T11:46:32+00:00","description":"Scaleorder es una plataforma de dropshipping gratuita que lo ayuda a iniciar su negocio de dropshipping e impresi\u00f3n bajo demanda en 2025. Ofrece productos de Dropshipping de alto costo como decoraci\u00f3n del hogar, muebles, joyas, perfumes, lencer\u00eda, cosm\u00e9ticos y otros productos de belleza, todos obtenidos directamente de los fabricantes. Scaleorder se integra con Shopify, Amazon, eBay, WooCommerce, Lazada y BigCommerce. Viene con herramientas de cumplimiento automatizadas integradas y una interfaz amigable para principiantes para ayudarlo a hacer crecer su negocio y lograr mayores m\u00e1rgenes de ganancia.","breadcrumb":{"@id":"https:\/\/scaleorder.com\/es\/front\/#breadcrumb"},"inLanguage":"es","potentialAction":[{"@type":"ReadAction","target":["https:\/\/scaleorder.com\/es\/front\/"]}]},{"@type":"BreadcrumbList","@id":"https:\/\/scaleorder.com\/es\/front\/#breadcrumb","itemListElement":[{"@type":"ListItem","position":1,"name":"Home","item":"https:\/\/scaleorder.com\/es\/front\/"},{"@type":"ListItem","position":2,"name":"Frente"}]},{"@type":"WebSite","@id":"https:\/\/scaleorder.com\/#website","url":"https:\/\/scaleorder.com\/","name":"ScaleOrder Dropshipping","description":"The Ultimate Branded Dropshipping Solution","potentialAction":[{"@type":"SearchAction","target":{"@type":"EntryPoint","urlTemplate":"https:\/\/scaleorder.com\/?s={search_term_string}"},"query-input":{"@type":"PropertyValueSpecification","valueRequired":true,"valueName":"search_term_string"}}],"inLanguage":"es"}]}},"_links":{"self":[{"href":"https:\/\/scaleorder.com\/es\/wp-json\/wp\/v2\/pages\/1537","targetHints":{"allow":["GET"]}}],"collection":[{"href":"https:\/\/scaleorder.com\/es\/wp-json\/wp\/v2\/pages"}],"about":[{"href":"https:\/\/scaleorder.com\/es\/wp-json\/wp\/v2\/types\/page"}],"author":[{"embeddable":true,"href":"https:\/\/scaleorder.com\/es\/wp-json\/wp\/v2\/users\/1"}],"replies":[{"embeddable":true,"href":"https:\/\/scaleorder.com\/es\/wp-json\/wp\/v2\/comments?post=1537"}],"version-history":[{"count":0,"href":"https:\/\/scaleorder.com\/es\/wp-json\/wp\/v2\/pages\/1537\/revisions"}],"wp:attachment":[{"href":"https:\/\/scaleorder.com\/es\/wp-json\/wp\/v2\/media?parent=1537"}],"curies":[{"name":"wp","href":"https:\/\/api.w.org\/{rel}","templated":true}]}}