{"id":1536,"date":"2024-07-05T12:39:55","date_gmt":"2024-07-05T04:39:55","guid":{"rendered":"https:\/\/scaleorder.com\/politica-de-privacidad\/"},"modified":"2025-11-06T10:46:46","modified_gmt":"2025-11-06T02:46:46","slug":"politica-de-privacidad","status":"publish","type":"page","link":"https:\/\/scaleorder.com\/es\/politica-de-privacidad\/","title":{"rendered":"Pol\u00edtica de privacidad"},"content":{"rendered":"<div class=\"row justify-content-center\">\n<div class=\"col-md-12 col-xl-10\">\n<div class=\"tltle\">\n<p><!-- \n\n<h1 class=\"text-center mt-5\" style=\"font-weight:bold;\">Scaleorder Privacy Policy<\/h1>\n\n\n--><\/p>\n<div style=\"text-align: right;\" data-i18n=\"privacyPolicy.a.1\">\u00daltima actualizaci\u00f3n: 24 de mayo de 2022<\/div>\n<\/div>\n<div class=\"text-content\">\n<div class=\"text-body\" data-i18n=\"privacyPolicy.a.2\">Scaleorder \u00abla App\u00bb proporciona Construyendo el Negocio M\u00e1s Sostenible \u00abel Servicio\u00bb a los comerciantes que utilizan Shopify para potenciar sus tiendas. Esta Pol\u00edtica de Privacidad describe c\u00f3mo se recopila, utiliza y comparte la informaci\u00f3n personal cuando instalas o utilizas la Aplicaci\u00f3n en relaci\u00f3n con tu tienda respaldada por Shopify. <\/div>\n<div class=\"text-body\">\n<h3 data-i18n=\"privacyPolicy.a.3\">Informaci\u00f3n personal que recoge la aplicaci\u00f3n<\/h3>\n<div class=\"text-part\" data-i18n=\"privacyPolicy.a.4\">Cuando instala la aplicaci\u00f3n, podemos acceder autom\u00e1ticamente a ciertos tipos de informaci\u00f3n desde su cuenta de Shopify. Adem\u00e1s, recopilamos los siguientes tipos de informaci\u00f3n personal de usted y\/o sus clientes una vez que haya instalado la aplicaci\u00f3n. Informaci\u00f3n sobre usted y otras personas que puedan acceder a la aplicaci\u00f3n en nombre de su tienda, como su nombre, direcci\u00f3n, direcci\u00f3n de correo electr\u00f3nico, n\u00famero de tel\u00e9fono e informaci\u00f3n de facturaci\u00f3n; Informaci\u00f3n sobre las personas que visitan su tienda, como su direcci\u00f3n IP, detalles del navegador web, zona horaria e informaci\u00f3n sobre las cookies instaladas en el dispositivo en particular. Recopilamos informaci\u00f3n personal directamente de la persona correspondiente, a trav\u00e9s de su cuenta de Shopify o utilizando las siguientes tecnolog\u00edas: Las \u00abcookies\u00bb son archivos de datos que se colocan en su dispositivo o computadora y, a menudo, incluyen un identificador \u00fanico an\u00f3nimo. Para obtener m\u00e1s informaci\u00f3n sobre las cookies y c\u00f3mo deshabilitarlas, visite<br \/>\n<a href=\"http:\/\/www.allaboutcookies.org\">http:\/\/www.allaboutcookies.org<\/a>. Los \u00abarchivos de registro\u00bb rastrean las acciones que ocurren en el Sitio y recopilan datos que incluyen su direcci\u00f3n IP, tipo de navegador, proveedor de servicios de Internet, p\u00e1ginas de referencia \/ salida y marcas de fecha \/ hora. Las \u00abbalizas web\u00bb, las \u00abetiquetas\u00bb y los \u00abp\u00edxeles\u00bb son archivos electr\u00f3nicos que se utilizan para registrar informaci\u00f3n sobre c\u00f3mo navega por el Sitio.  <\/div>\n<\/div>\n<div class=\"text-body\">\n<h3 data-i18n=\"privacyPolicy.a.7\">\u00bfC\u00f3mo utilizamos tus datos personales?<\/h3>\n<div class=\"text-part\" data-i18n=\"privacyPolicy.a.8\">Utilizamos la informaci\u00f3n personal que recopilamos de ti y de tus clientes para prestar el Servicio y hacer funcionar la App. Adem\u00e1s, utilizamos esta informaci\u00f3n personal para:<br \/>\nComunicarnos contigo; Optimizar o mejorar la App; y Proporcionarte informaci\u00f3n o publicidad relacionada con nuestros productos o servicios. <\/div>\n<\/div>\n<div class=\"text-body\">\n<h3 data-i18n=\"privacyPolicy.a.9\">Compartir tu informaci\u00f3n personal<\/h3>\n<div class=\"text-part\" data-i18n=\"privacyPolicy.a.10\">Por \u00faltimo, tambi\u00e9n podemos compartir tus Datos Personales para cumplir las leyes y normativas aplicables, para responder a una citaci\u00f3n, orden de registro u otra solicitud legal de informaci\u00f3n que recibamos, o para proteger de otro modo nuestros derechos. Publicidad basada en el comportamiento Como se ha descrito anteriormente, utilizamos tus Datos Personales para ofrecerte publicidad dirigida o comunicaciones de marketing que creemos que pueden ser de tu inter\u00e9s. Para m\u00e1s informaci\u00f3n sobre c\u00f3mo funciona la publicidad dirigida, puedes visitar la p\u00e1gina educativa de la Network Advertising Initiative (\u00abNAI\u00bb) en <a href=\"http:\/\/www.networkadvertising.org\/understanding-online-advertising\/how-does-it-work\">http:\/\/www.networkadvertising.org\/understanding-online-advertising\/how-does-it-work.<\/a>  <\/div>\n<div class=\"text-part\" data-i18n=\"privacyPolicy.a.12\">Puede optar por no recibir publicidad dirigida. Adem\u00e1s, puede optar por no participar en algunos de estos servicios visitando el portal de exclusi\u00f3n voluntaria de Digital Advertising Alliance en:<br \/>\n<a href=\"http:\/\/optout.aboutads.info\/\"><br \/>\nhttp:\/\/optout.aboutads.info\/<\/a>. Sus derechos Si es residente europeo, tiene derecho a acceder a la informaci\u00f3n personal que tenemos sobre usted y a solicitar que su informaci\u00f3n personal sea corregida, actualizada o eliminada. Si desea ejercer este derecho, comun\u00edquese con nosotros a trav\u00e9s de la informaci\u00f3n de contacto a continuaci\u00f3n. Adem\u00e1s, si usted es residente europeo, observamos que estamos procesando su informaci\u00f3n para cumplir con los contratos que podamos tener con usted (por ejemplo, si realiza un pedido a trav\u00e9s del Sitio), o para perseguir nuestros intereses comerciales leg\u00edtimos enumerados anteriormente. Adem\u00e1s, tenga en cuenta que su informaci\u00f3n se transferir\u00e1 fuera de Europa, incluso a Canad\u00e1 y Estados Unidos. Retenci\u00f3n de datos Cuando realiza un pedido a trav\u00e9s del Sitio, mantendremos la informaci\u00f3n de su pedido para nuestros registros a menos que y hasta que nos solicite que eliminemos esta informaci\u00f3n. Cambios Podemos actualizar esta pol\u00edtica de privacidad de vez en cuando para reflejar, por ejemplo, cambios en nuestras pr\u00e1cticas o por otras razones operativas, legales o reglamentarias. Para obtener m\u00e1s informaci\u00f3n sobre nuestras pr\u00e1cticas de privacidad, si tiene preguntas o si desea presentar una queja, comun\u00edquese con nosotros por correo electr\u00f3nico a support@scaleorder.com o por correo postal utilizando los detalles que se proporcionan a continuaci\u00f3n:       <\/div>\n<\/div>\n<\/div>\n<\/div>\n<\/div>\n","protected":false},"excerpt":{"rendered":"<p>\u00daltima actualizaci\u00f3n: 24 de mayo de 2022 Scaleorder \u00abla App\u00bb proporciona Construyendo el Negocio M\u00e1s Sostenible \u00abel Servicio\u00bb a los comerciantes que utilizan Shopify para potenciar sus tiendas. Esta Pol\u00edtica de Privacidad describe c\u00f3mo se recopila, utiliza y comparte la informaci\u00f3n personal cuando instalas o utilizas la Aplicaci\u00f3n en relaci\u00f3n con tu tienda respaldada por <a href=\"https:\/\/scaleorder.com\/es\/politica-de-privacidad\/\" class=\"more-link\">&#8230;<span class=\"screen-reader-text\">  Pol\u00edtica de privacidad<\/span><\/a><\/p>\n","protected":false},"author":1,"featured_media":0,"parent":0,"menu_order":0,"comment_status":"closed","ping_status":"closed","template":"","meta":{"inline_featured_image":false,"footnotes":""},"class_list":["post-1536","page","type-page","status-publish","hentry"],"yoast_head":"<!-- This site is optimized with the Yoast SEO plugin v27.5 - https:\/\/yoast.com\/product\/yoast-seo-wordpress\/ -->\n<title>Pol\u00edtica de privacidad de ScaleOrder - Seguridad de datos y derechos del usuario<\/title>\n<meta name=\"description\" content=\"Lea la pol\u00edtica de privacidad de ScaleOrder para conocer nuestras pr\u00e1cticas de recopilaci\u00f3n de datos, c\u00f3mo manejamos su informaci\u00f3n y sus derechos con respecto a la protecci\u00f3n y seguridad de datos.\" \/>\n<meta name=\"robots\" content=\"index, follow, max-snippet:-1, max-image-preview:large, max-video-preview:-1\" \/>\n<link rel=\"canonical\" href=\"https:\/\/scaleorder.com\/es\/politica-de-privacidad\/\" \/>\n<meta property=\"og:locale\" content=\"es_ES\" \/>\n<meta property=\"og:type\" content=\"article\" \/>\n<meta property=\"og:title\" content=\"Pol\u00edtica de privacidad de ScaleOrder - Seguridad de datos y derechos del usuario\" \/>\n<meta property=\"og:description\" content=\"Lea la pol\u00edtica de privacidad de ScaleOrder para conocer nuestras pr\u00e1cticas de recopilaci\u00f3n de datos, c\u00f3mo manejamos su informaci\u00f3n y sus derechos con respecto a la protecci\u00f3n y seguridad de datos.\" \/>\n<meta property=\"og:url\" content=\"https:\/\/scaleorder.com\/es\/politica-de-privacidad\/\" \/>\n<meta property=\"og:site_name\" content=\"ScaleOrder Dropshipping\" \/>\n<meta property=\"article:modified_time\" content=\"2025-11-06T02:46:46+00:00\" \/>\n<meta name=\"twitter:card\" content=\"summary_large_image\" \/>\n<meta name=\"twitter:label1\" content=\"Tiempo de lectura\" \/>\n\t<meta name=\"twitter:data1\" content=\"4 minutos\" \/>\n<script type=\"application\/ld+json\" class=\"yoast-schema-graph\">{\"@context\":\"https:\\\/\\\/schema.org\",\"@graph\":[{\"@type\":\"WebPage\",\"@id\":\"https:\\\/\\\/scaleorder.com\\\/es\\\/politica-de-privacidad\\\/\",\"url\":\"https:\\\/\\\/scaleorder.com\\\/es\\\/politica-de-privacidad\\\/\",\"name\":\"Pol\u00edtica de privacidad de ScaleOrder - Seguridad de datos y derechos del usuario\",\"isPartOf\":{\"@id\":\"https:\\\/\\\/scaleorder.com\\\/#website\"},\"datePublished\":\"2024-07-05T04:39:55+00:00\",\"dateModified\":\"2025-11-06T02:46:46+00:00\",\"description\":\"Lea la pol\u00edtica de privacidad de ScaleOrder para conocer nuestras pr\u00e1cticas de recopilaci\u00f3n de datos, c\u00f3mo manejamos su informaci\u00f3n y sus derechos con respecto a la protecci\u00f3n y seguridad de datos.\",\"breadcrumb\":{\"@id\":\"https:\\\/\\\/scaleorder.com\\\/es\\\/politica-de-privacidad\\\/#breadcrumb\"},\"inLanguage\":\"es\",\"potentialAction\":[{\"@type\":\"ReadAction\",\"target\":[\"https:\\\/\\\/scaleorder.com\\\/es\\\/politica-de-privacidad\\\/\"]}]},{\"@type\":\"BreadcrumbList\",\"@id\":\"https:\\\/\\\/scaleorder.com\\\/es\\\/politica-de-privacidad\\\/#breadcrumb\",\"itemListElement\":[{\"@type\":\"ListItem\",\"position\":1,\"name\":\"Home\",\"item\":\"https:\\\/\\\/scaleorder.com\\\/es\\\/front\\\/\"},{\"@type\":\"ListItem\",\"position\":2,\"name\":\"Pol\u00edtica de privacidad\"}]},{\"@type\":\"WebSite\",\"@id\":\"https:\\\/\\\/scaleorder.com\\\/#website\",\"url\":\"https:\\\/\\\/scaleorder.com\\\/\",\"name\":\"ScaleOrder Dropshipping\",\"description\":\"The Ultimate Branded Dropshipping Solution\",\"potentialAction\":[{\"@type\":\"SearchAction\",\"target\":{\"@type\":\"EntryPoint\",\"urlTemplate\":\"https:\\\/\\\/scaleorder.com\\\/?s={search_term_string}\"},\"query-input\":{\"@type\":\"PropertyValueSpecification\",\"valueRequired\":true,\"valueName\":\"search_term_string\"}}],\"inLanguage\":\"es\"}]}<\/script>\n<!-- \/ Yoast SEO plugin. -->","yoast_head_json":{"title":"Pol\u00edtica de privacidad de ScaleOrder - Seguridad de datos y derechos del usuario","description":"Lea la pol\u00edtica de privacidad de ScaleOrder para conocer nuestras pr\u00e1cticas de recopilaci\u00f3n de datos, c\u00f3mo manejamos su informaci\u00f3n y sus derechos con respecto a la protecci\u00f3n y seguridad de datos.","robots":{"index":"index","follow":"follow","max-snippet":"max-snippet:-1","max-image-preview":"max-image-preview:large","max-video-preview":"max-video-preview:-1"},"canonical":"https:\/\/scaleorder.com\/es\/politica-de-privacidad\/","og_locale":"es_ES","og_type":"article","og_title":"Pol\u00edtica de privacidad de ScaleOrder - Seguridad de datos y derechos del usuario","og_description":"Lea la pol\u00edtica de privacidad de ScaleOrder para conocer nuestras pr\u00e1cticas de recopilaci\u00f3n de datos, c\u00f3mo manejamos su informaci\u00f3n y sus derechos con respecto a la protecci\u00f3n y seguridad de datos.","og_url":"https:\/\/scaleorder.com\/es\/politica-de-privacidad\/","og_site_name":"ScaleOrder Dropshipping","article_modified_time":"2025-11-06T02:46:46+00:00","twitter_card":"summary_large_image","twitter_misc":{"Tiempo de lectura":"4 minutos"},"schema":{"@context":"https:\/\/schema.org","@graph":[{"@type":"WebPage","@id":"https:\/\/scaleorder.com\/es\/politica-de-privacidad\/","url":"https:\/\/scaleorder.com\/es\/politica-de-privacidad\/","name":"Pol\u00edtica de privacidad de ScaleOrder - Seguridad de datos y derechos del usuario","isPartOf":{"@id":"https:\/\/scaleorder.com\/#website"},"datePublished":"2024-07-05T04:39:55+00:00","dateModified":"2025-11-06T02:46:46+00:00","description":"Lea la pol\u00edtica de privacidad de ScaleOrder para conocer nuestras pr\u00e1cticas de recopilaci\u00f3n de datos, c\u00f3mo manejamos su informaci\u00f3n y sus derechos con respecto a la protecci\u00f3n y seguridad de datos.","breadcrumb":{"@id":"https:\/\/scaleorder.com\/es\/politica-de-privacidad\/#breadcrumb"},"inLanguage":"es","potentialAction":[{"@type":"ReadAction","target":["https:\/\/scaleorder.com\/es\/politica-de-privacidad\/"]}]},{"@type":"BreadcrumbList","@id":"https:\/\/scaleorder.com\/es\/politica-de-privacidad\/#breadcrumb","itemListElement":[{"@type":"ListItem","position":1,"name":"Home","item":"https:\/\/scaleorder.com\/es\/front\/"},{"@type":"ListItem","position":2,"name":"Pol\u00edtica de privacidad"}]},{"@type":"WebSite","@id":"https:\/\/scaleorder.com\/#website","url":"https:\/\/scaleorder.com\/","name":"ScaleOrder Dropshipping","description":"The Ultimate Branded Dropshipping Solution","potentialAction":[{"@type":"SearchAction","target":{"@type":"EntryPoint","urlTemplate":"https:\/\/scaleorder.com\/?s={search_term_string}"},"query-input":{"@type":"PropertyValueSpecification","valueRequired":true,"valueName":"search_term_string"}}],"inLanguage":"es"}]}},"_links":{"self":[{"href":"https:\/\/scaleorder.com\/es\/wp-json\/wp\/v2\/pages\/1536","targetHints":{"allow":["GET"]}}],"collection":[{"href":"https:\/\/scaleorder.com\/es\/wp-json\/wp\/v2\/pages"}],"about":[{"href":"https:\/\/scaleorder.com\/es\/wp-json\/wp\/v2\/types\/page"}],"author":[{"embeddable":true,"href":"https:\/\/scaleorder.com\/es\/wp-json\/wp\/v2\/users\/1"}],"replies":[{"embeddable":true,"href":"https:\/\/scaleorder.com\/es\/wp-json\/wp\/v2\/comments?post=1536"}],"version-history":[{"count":0,"href":"https:\/\/scaleorder.com\/es\/wp-json\/wp\/v2\/pages\/1536\/revisions"}],"wp:attachment":[{"href":"https:\/\/scaleorder.com\/es\/wp-json\/wp\/v2\/media?parent=1536"}],"curies":[{"name":"wp","href":"https:\/\/api.w.org\/{rel}","templated":true}]}}