{"id":17350,"date":"2024-07-08T08:37:52","date_gmt":"2024-07-08T00:37:52","guid":{"rendered":"https:\/\/scaleorder.com\/vorderseite\/"},"modified":"2024-07-08T08:37:52","modified_gmt":"2024-07-08T00:37:52","slug":"vorderseite","status":"publish","type":"page","link":"https:\/\/scaleorder.com\/de\/","title":{"rendered":"Vorderseite"},"content":{"rendered":"","protected":false},"excerpt":{"rendered":"","protected":false},"author":1,"featured_media":0,"parent":0,"menu_order":0,"comment_status":"open","ping_status":"closed","template":"front.php","meta":{"inline_featured_image":false,"footnotes":""},"class_list":["post-17350","page","type-page","status-publish","hentry"],"yoast_head":"<!-- This site is optimized with the Yoast SEO plugin v27.4 - https:\/\/yoast.com\/product\/yoast-seo-wordpress\/ -->\n<title>Scaleorder - F\u00fchrende kostenlose Dropshipping-Plattform | Beste Gewinnerprodukte f\u00fcr das digitale Dropshipping-Gesch\u00e4ft<\/title>\n<meta name=\"description\" content=\"Scaleorder ist eine kostenlose Dropshipping-Plattform, mit der Sie Ihr Dropshipping- und Print-on-Demand-Gesch\u00e4ft im Jahr 2025 starten k\u00f6nnen. Scaleorder bietet Dropshipping-Produkte mit hohem Preisniveau, wie z.B. Wohnaccessoires, M\u00f6bel, Schmuck, Parf\u00fcm, Dessous, Kosmetika und andere Sch\u00f6nheitsprodukte, die direkt von den Herstellern bezogen werden. Scaleorder l\u00e4sst sich mit Shopify, Amazon, eBay, WooCommerce, Lazada und BigCommerce integrieren. Es verf\u00fcgt \u00fcber integrierte automatisierte Fulfillment-Tools und eine einsteigerfreundliche Oberfl\u00e4che, die Ihnen helfen, Ihr Gesch\u00e4ft auszubauen und h\u00f6here Gewinnspannen zu erzielen.\" \/>\n<meta name=\"robots\" content=\"index, follow, max-snippet:-1, max-image-preview:large, max-video-preview:-1\" \/>\n<link rel=\"canonical\" href=\"https:\/\/scaleorder.com\/de\/vorderseite\/\" \/>\n<meta property=\"og:locale\" content=\"de_DE\" \/>\n<meta property=\"og:type\" content=\"article\" \/>\n<meta property=\"og:title\" content=\"Scaleorder - F\u00fchrende kostenlose Dropshipping-Plattform | Beste Gewinnerprodukte f\u00fcr das digitale Dropshipping-Gesch\u00e4ft\" \/>\n<meta property=\"og:description\" content=\"Scaleorder ist eine kostenlose Dropshipping-Plattform, mit der Sie Ihr Dropshipping- und Print-on-Demand-Gesch\u00e4ft im Jahr 2025 starten k\u00f6nnen. Scaleorder bietet Dropshipping-Produkte mit hohem Preisniveau, wie z.B. Wohnaccessoires, M\u00f6bel, Schmuck, Parf\u00fcm, Dessous, Kosmetika und andere Sch\u00f6nheitsprodukte, die direkt von den Herstellern bezogen werden. Scaleorder l\u00e4sst sich mit Shopify, Amazon, eBay, WooCommerce, Lazada und BigCommerce integrieren. Es verf\u00fcgt \u00fcber integrierte automatisierte Fulfillment-Tools und eine einsteigerfreundliche Oberfl\u00e4che, die Ihnen helfen, Ihr Gesch\u00e4ft auszubauen und h\u00f6here Gewinnspannen zu erzielen.\" \/>\n<meta property=\"og:url\" content=\"https:\/\/scaleorder.com\/de\/vorderseite\/\" \/>\n<meta property=\"og:site_name\" content=\"ScaleOrder Dropshipping\" \/>\n<meta name=\"twitter:card\" content=\"summary_large_image\" \/>\n<script type=\"application\/ld+json\" class=\"yoast-schema-graph\">{\"@context\":\"https:\\\/\\\/schema.org\",\"@graph\":[{\"@type\":\"WebPage\",\"@id\":\"https:\\\/\\\/scaleorder.com\\\/de\\\/vorderseite\\\/\",\"url\":\"https:\\\/\\\/scaleorder.com\\\/de\\\/vorderseite\\\/\",\"name\":\"Scaleorder - F\u00fchrende kostenlose Dropshipping-Plattform | Beste Gewinnerprodukte f\u00fcr das digitale Dropshipping-Gesch\u00e4ft\",\"isPartOf\":{\"@id\":\"https:\\\/\\\/scaleorder.com\\\/#website\"},\"datePublished\":\"2024-07-08T00:37:52+00:00\",\"description\":\"Scaleorder ist eine kostenlose Dropshipping-Plattform, mit der Sie Ihr Dropshipping- und Print-on-Demand-Gesch\u00e4ft im Jahr 2025 starten k\u00f6nnen. Scaleorder bietet Dropshipping-Produkte mit hohem Preisniveau, wie z.B. Wohnaccessoires, M\u00f6bel, Schmuck, Parf\u00fcm, Dessous, Kosmetika und andere Sch\u00f6nheitsprodukte, die direkt von den Herstellern bezogen werden. Scaleorder l\u00e4sst sich mit Shopify, Amazon, eBay, WooCommerce, Lazada und BigCommerce integrieren. Es verf\u00fcgt \u00fcber integrierte automatisierte Fulfillment-Tools und eine einsteigerfreundliche Oberfl\u00e4che, die Ihnen helfen, Ihr Gesch\u00e4ft auszubauen und h\u00f6here Gewinnspannen zu erzielen.\",\"breadcrumb\":{\"@id\":\"https:\\\/\\\/scaleorder.com\\\/de\\\/vorderseite\\\/#breadcrumb\"},\"inLanguage\":\"de\",\"potentialAction\":[{\"@type\":\"ReadAction\",\"target\":[\"https:\\\/\\\/scaleorder.com\\\/de\\\/vorderseite\\\/\"]}]},{\"@type\":\"BreadcrumbList\",\"@id\":\"https:\\\/\\\/scaleorder.com\\\/de\\\/vorderseite\\\/#breadcrumb\",\"itemListElement\":[{\"@type\":\"ListItem\",\"position\":1,\"name\":\"Home\",\"item\":\"https:\\\/\\\/scaleorder.com\\\/de\\\/vorderseite\\\/\"},{\"@type\":\"ListItem\",\"position\":2,\"name\":\"Vorderseite\"}]},{\"@type\":\"WebSite\",\"@id\":\"https:\\\/\\\/scaleorder.com\\\/#website\",\"url\":\"https:\\\/\\\/scaleorder.com\\\/\",\"name\":\"ScaleOrder Dropshipping\",\"description\":\"The Ultimate Branded Dropshipping Solution\",\"potentialAction\":[{\"@type\":\"SearchAction\",\"target\":{\"@type\":\"EntryPoint\",\"urlTemplate\":\"https:\\\/\\\/scaleorder.com\\\/?s={search_term_string}\"},\"query-input\":{\"@type\":\"PropertyValueSpecification\",\"valueRequired\":true,\"valueName\":\"search_term_string\"}}],\"inLanguage\":\"de\"}]}<\/script>\n<!-- \/ Yoast SEO plugin. -->","yoast_head_json":{"title":"Scaleorder - F\u00fchrende kostenlose Dropshipping-Plattform | Beste Gewinnerprodukte f\u00fcr das digitale Dropshipping-Gesch\u00e4ft","description":"Scaleorder ist eine kostenlose Dropshipping-Plattform, mit der Sie Ihr Dropshipping- und Print-on-Demand-Gesch\u00e4ft im Jahr 2025 starten k\u00f6nnen. Scaleorder bietet Dropshipping-Produkte mit hohem Preisniveau, wie z.B. Wohnaccessoires, M\u00f6bel, Schmuck, Parf\u00fcm, Dessous, Kosmetika und andere Sch\u00f6nheitsprodukte, die direkt von den Herstellern bezogen werden. Scaleorder l\u00e4sst sich mit Shopify, Amazon, eBay, WooCommerce, Lazada und BigCommerce integrieren. Es verf\u00fcgt \u00fcber integrierte automatisierte Fulfillment-Tools und eine einsteigerfreundliche Oberfl\u00e4che, die Ihnen helfen, Ihr Gesch\u00e4ft auszubauen und h\u00f6here Gewinnspannen zu erzielen.","robots":{"index":"index","follow":"follow","max-snippet":"max-snippet:-1","max-image-preview":"max-image-preview:large","max-video-preview":"max-video-preview:-1"},"canonical":"https:\/\/scaleorder.com\/de\/vorderseite\/","og_locale":"de_DE","og_type":"article","og_title":"Scaleorder - F\u00fchrende kostenlose Dropshipping-Plattform | Beste Gewinnerprodukte f\u00fcr das digitale Dropshipping-Gesch\u00e4ft","og_description":"Scaleorder ist eine kostenlose Dropshipping-Plattform, mit der Sie Ihr Dropshipping- und Print-on-Demand-Gesch\u00e4ft im Jahr 2025 starten k\u00f6nnen. Scaleorder bietet Dropshipping-Produkte mit hohem Preisniveau, wie z.B. Wohnaccessoires, M\u00f6bel, Schmuck, Parf\u00fcm, Dessous, Kosmetika und andere Sch\u00f6nheitsprodukte, die direkt von den Herstellern bezogen werden. Scaleorder l\u00e4sst sich mit Shopify, Amazon, eBay, WooCommerce, Lazada und BigCommerce integrieren. Es verf\u00fcgt \u00fcber integrierte automatisierte Fulfillment-Tools und eine einsteigerfreundliche Oberfl\u00e4che, die Ihnen helfen, Ihr Gesch\u00e4ft auszubauen und h\u00f6here Gewinnspannen zu erzielen.","og_url":"https:\/\/scaleorder.com\/de\/vorderseite\/","og_site_name":"ScaleOrder Dropshipping","twitter_card":"summary_large_image","schema":{"@context":"https:\/\/schema.org","@graph":[{"@type":"WebPage","@id":"https:\/\/scaleorder.com\/de\/vorderseite\/","url":"https:\/\/scaleorder.com\/de\/vorderseite\/","name":"Scaleorder - F\u00fchrende kostenlose Dropshipping-Plattform | Beste Gewinnerprodukte f\u00fcr das digitale Dropshipping-Gesch\u00e4ft","isPartOf":{"@id":"https:\/\/scaleorder.com\/#website"},"datePublished":"2024-07-08T00:37:52+00:00","description":"Scaleorder ist eine kostenlose Dropshipping-Plattform, mit der Sie Ihr Dropshipping- und Print-on-Demand-Gesch\u00e4ft im Jahr 2025 starten k\u00f6nnen. Scaleorder bietet Dropshipping-Produkte mit hohem Preisniveau, wie z.B. Wohnaccessoires, M\u00f6bel, Schmuck, Parf\u00fcm, Dessous, Kosmetika und andere Sch\u00f6nheitsprodukte, die direkt von den Herstellern bezogen werden. Scaleorder l\u00e4sst sich mit Shopify, Amazon, eBay, WooCommerce, Lazada und BigCommerce integrieren. Es verf\u00fcgt \u00fcber integrierte automatisierte Fulfillment-Tools und eine einsteigerfreundliche Oberfl\u00e4che, die Ihnen helfen, Ihr Gesch\u00e4ft auszubauen und h\u00f6here Gewinnspannen zu erzielen.","breadcrumb":{"@id":"https:\/\/scaleorder.com\/de\/vorderseite\/#breadcrumb"},"inLanguage":"de","potentialAction":[{"@type":"ReadAction","target":["https:\/\/scaleorder.com\/de\/vorderseite\/"]}]},{"@type":"BreadcrumbList","@id":"https:\/\/scaleorder.com\/de\/vorderseite\/#breadcrumb","itemListElement":[{"@type":"ListItem","position":1,"name":"Home","item":"https:\/\/scaleorder.com\/de\/vorderseite\/"},{"@type":"ListItem","position":2,"name":"Vorderseite"}]},{"@type":"WebSite","@id":"https:\/\/scaleorder.com\/#website","url":"https:\/\/scaleorder.com\/","name":"ScaleOrder Dropshipping","description":"The Ultimate Branded Dropshipping Solution","potentialAction":[{"@type":"SearchAction","target":{"@type":"EntryPoint","urlTemplate":"https:\/\/scaleorder.com\/?s={search_term_string}"},"query-input":{"@type":"PropertyValueSpecification","valueRequired":true,"valueName":"search_term_string"}}],"inLanguage":"de"}]}},"_links":{"self":[{"href":"https:\/\/scaleorder.com\/de\/wp-json\/wp\/v2\/pages\/17350","targetHints":{"allow":["GET"]}}],"collection":[{"href":"https:\/\/scaleorder.com\/de\/wp-json\/wp\/v2\/pages"}],"about":[{"href":"https:\/\/scaleorder.com\/de\/wp-json\/wp\/v2\/types\/page"}],"author":[{"embeddable":true,"href":"https:\/\/scaleorder.com\/de\/wp-json\/wp\/v2\/users\/1"}],"replies":[{"embeddable":true,"href":"https:\/\/scaleorder.com\/de\/wp-json\/wp\/v2\/comments?post=17350"}],"version-history":[{"count":0,"href":"https:\/\/scaleorder.com\/de\/wp-json\/wp\/v2\/pages\/17350\/revisions"}],"wp:attachment":[{"href":"https:\/\/scaleorder.com\/de\/wp-json\/wp\/v2\/media?parent=17350"}],"curies":[{"name":"wp","href":"https:\/\/api.w.org\/{rel}","templated":true}]}}