{"id":17321,"date":"2024-07-09T11:32:02","date_gmt":"2024-07-09T03:32:02","guid":{"rendered":"https:\/\/scaleorder.com\/amazon-sfp-integration\/"},"modified":"2025-09-30T10:33:03","modified_gmt":"2025-09-30T02:33:03","slug":"amazon-sfp-integration","status":"publish","type":"page","link":"https:\/\/scaleorder.com\/de\/amazon-sfp-integration\/","title":{"rendered":"Amazon SFP Integration"},"content":{"rendered":"","protected":false},"excerpt":{"rendered":"","protected":false},"author":1,"featured_media":0,"parent":0,"menu_order":0,"comment_status":"closed","ping_status":"closed","template":"amazon-sfp.php","meta":{"inline_featured_image":false,"footnotes":""},"class_list":["post-17321","page","type-page","status-publish","hentry"],"yoast_head":"<!-- This site is optimized with the Yoast SEO plugin v27.5 - https:\/\/yoast.com\/product\/yoast-seo-wordpress\/ -->\n<title>Scaleorder - Best Amazon SFP Fulfillment For Free | 3rd Party Logistic &amp; Fulfillment Services For Ecommerce Business<\/title>\n<meta name=\"description\" content=\"Scaleorder gibt Ihnen die M\u00f6glichkeit, Ihren FBA-Transferprozess zu rationalisieren, um den Bestandsfluss und die betriebliche Effizienz zu verbessern. Als erfahrenes E-Commerce-Unternehmen bieten wir einen zuverl\u00e4ssigen Fulfillment-Service durch 3rd Party Fulfillment (3PL)-L\u00f6sungen, die vollst\u00e4ndig mit Amazon SFP und anderen f\u00fchrenden Plattformen kompatibel sind.\" \/>\n<meta name=\"robots\" content=\"index, follow, max-snippet:-1, max-image-preview:large, max-video-preview:-1\" \/>\n<link rel=\"canonical\" href=\"https:\/\/scaleorder.com\/de\/amazon-sfp-integration\/\" \/>\n<meta property=\"og:locale\" content=\"de_DE\" \/>\n<meta property=\"og:type\" content=\"article\" \/>\n<meta property=\"og:title\" content=\"Scaleorder - Best Amazon SFP Fulfillment For Free | 3rd Party Logistic &amp; Fulfillment Services For Ecommerce Business\" \/>\n<meta property=\"og:description\" content=\"Scaleorder gibt Ihnen die M\u00f6glichkeit, Ihren FBA-Transferprozess zu rationalisieren, um den Bestandsfluss und die betriebliche Effizienz zu verbessern. Als erfahrenes E-Commerce-Unternehmen bieten wir einen zuverl\u00e4ssigen Fulfillment-Service durch 3rd Party Fulfillment (3PL)-L\u00f6sungen, die vollst\u00e4ndig mit Amazon SFP und anderen f\u00fchrenden Plattformen kompatibel sind.\" \/>\n<meta property=\"og:url\" content=\"https:\/\/scaleorder.com\/de\/amazon-sfp-integration\/\" \/>\n<meta property=\"og:site_name\" content=\"ScaleOrder Dropshipping\" \/>\n<meta property=\"article:modified_time\" content=\"2025-09-30T02:33:03+00:00\" \/>\n<meta name=\"twitter:card\" content=\"summary_large_image\" \/>\n<script type=\"application\/ld+json\" class=\"yoast-schema-graph\">{\"@context\":\"https:\\\/\\\/schema.org\",\"@graph\":[{\"@type\":\"WebPage\",\"@id\":\"https:\\\/\\\/scaleorder.com\\\/de\\\/amazon-sfp-integration\\\/\",\"url\":\"https:\\\/\\\/scaleorder.com\\\/de\\\/amazon-sfp-integration\\\/\",\"name\":\"Scaleorder - Best Amazon SFP Fulfillment For Free | 3rd Party Logistic & Fulfillment Services For Ecommerce Business\",\"isPartOf\":{\"@id\":\"https:\\\/\\\/scaleorder.com\\\/#website\"},\"datePublished\":\"2024-07-09T03:32:02+00:00\",\"dateModified\":\"2025-09-30T02:33:03+00:00\",\"description\":\"Scaleorder gibt Ihnen die M\u00f6glichkeit, Ihren FBA-Transferprozess zu rationalisieren, um den Bestandsfluss und die betriebliche Effizienz zu verbessern. Als erfahrenes E-Commerce-Unternehmen bieten wir einen zuverl\u00e4ssigen Fulfillment-Service durch 3rd Party Fulfillment (3PL)-L\u00f6sungen, die vollst\u00e4ndig mit Amazon SFP und anderen f\u00fchrenden Plattformen kompatibel sind.\",\"breadcrumb\":{\"@id\":\"https:\\\/\\\/scaleorder.com\\\/de\\\/amazon-sfp-integration\\\/#breadcrumb\"},\"inLanguage\":\"de\",\"potentialAction\":[{\"@type\":\"ReadAction\",\"target\":[\"https:\\\/\\\/scaleorder.com\\\/de\\\/amazon-sfp-integration\\\/\"]}]},{\"@type\":\"BreadcrumbList\",\"@id\":\"https:\\\/\\\/scaleorder.com\\\/de\\\/amazon-sfp-integration\\\/#breadcrumb\",\"itemListElement\":[{\"@type\":\"ListItem\",\"position\":1,\"name\":\"Home\",\"item\":\"https:\\\/\\\/scaleorder.com\\\/de\\\/vorderseite\\\/\"},{\"@type\":\"ListItem\",\"position\":2,\"name\":\"Amazon SFP Integration\"}]},{\"@type\":\"WebSite\",\"@id\":\"https:\\\/\\\/scaleorder.com\\\/#website\",\"url\":\"https:\\\/\\\/scaleorder.com\\\/\",\"name\":\"ScaleOrder Dropshipping\",\"description\":\"The Ultimate Branded Dropshipping Solution\",\"potentialAction\":[{\"@type\":\"SearchAction\",\"target\":{\"@type\":\"EntryPoint\",\"urlTemplate\":\"https:\\\/\\\/scaleorder.com\\\/?s={search_term_string}\"},\"query-input\":{\"@type\":\"PropertyValueSpecification\",\"valueRequired\":true,\"valueName\":\"search_term_string\"}}],\"inLanguage\":\"de\"}]}<\/script>\n<!-- \/ Yoast SEO plugin. -->","yoast_head_json":{"title":"Scaleorder - Best Amazon SFP Fulfillment For Free | 3rd Party Logistic & Fulfillment Services For Ecommerce Business","description":"Scaleorder gibt Ihnen die M\u00f6glichkeit, Ihren FBA-Transferprozess zu rationalisieren, um den Bestandsfluss und die betriebliche Effizienz zu verbessern. Als erfahrenes E-Commerce-Unternehmen bieten wir einen zuverl\u00e4ssigen Fulfillment-Service durch 3rd Party Fulfillment (3PL)-L\u00f6sungen, die vollst\u00e4ndig mit Amazon SFP und anderen f\u00fchrenden Plattformen kompatibel sind.","robots":{"index":"index","follow":"follow","max-snippet":"max-snippet:-1","max-image-preview":"max-image-preview:large","max-video-preview":"max-video-preview:-1"},"canonical":"https:\/\/scaleorder.com\/de\/amazon-sfp-integration\/","og_locale":"de_DE","og_type":"article","og_title":"Scaleorder - Best Amazon SFP Fulfillment For Free | 3rd Party Logistic & Fulfillment Services For Ecommerce Business","og_description":"Scaleorder gibt Ihnen die M\u00f6glichkeit, Ihren FBA-Transferprozess zu rationalisieren, um den Bestandsfluss und die betriebliche Effizienz zu verbessern. Als erfahrenes E-Commerce-Unternehmen bieten wir einen zuverl\u00e4ssigen Fulfillment-Service durch 3rd Party Fulfillment (3PL)-L\u00f6sungen, die vollst\u00e4ndig mit Amazon SFP und anderen f\u00fchrenden Plattformen kompatibel sind.","og_url":"https:\/\/scaleorder.com\/de\/amazon-sfp-integration\/","og_site_name":"ScaleOrder Dropshipping","article_modified_time":"2025-09-30T02:33:03+00:00","twitter_card":"summary_large_image","schema":{"@context":"https:\/\/schema.org","@graph":[{"@type":"WebPage","@id":"https:\/\/scaleorder.com\/de\/amazon-sfp-integration\/","url":"https:\/\/scaleorder.com\/de\/amazon-sfp-integration\/","name":"Scaleorder - Best Amazon SFP Fulfillment For Free | 3rd Party Logistic & Fulfillment Services For Ecommerce Business","isPartOf":{"@id":"https:\/\/scaleorder.com\/#website"},"datePublished":"2024-07-09T03:32:02+00:00","dateModified":"2025-09-30T02:33:03+00:00","description":"Scaleorder gibt Ihnen die M\u00f6glichkeit, Ihren FBA-Transferprozess zu rationalisieren, um den Bestandsfluss und die betriebliche Effizienz zu verbessern. Als erfahrenes E-Commerce-Unternehmen bieten wir einen zuverl\u00e4ssigen Fulfillment-Service durch 3rd Party Fulfillment (3PL)-L\u00f6sungen, die vollst\u00e4ndig mit Amazon SFP und anderen f\u00fchrenden Plattformen kompatibel sind.","breadcrumb":{"@id":"https:\/\/scaleorder.com\/de\/amazon-sfp-integration\/#breadcrumb"},"inLanguage":"de","potentialAction":[{"@type":"ReadAction","target":["https:\/\/scaleorder.com\/de\/amazon-sfp-integration\/"]}]},{"@type":"BreadcrumbList","@id":"https:\/\/scaleorder.com\/de\/amazon-sfp-integration\/#breadcrumb","itemListElement":[{"@type":"ListItem","position":1,"name":"Home","item":"https:\/\/scaleorder.com\/de\/vorderseite\/"},{"@type":"ListItem","position":2,"name":"Amazon SFP Integration"}]},{"@type":"WebSite","@id":"https:\/\/scaleorder.com\/#website","url":"https:\/\/scaleorder.com\/","name":"ScaleOrder Dropshipping","description":"The Ultimate Branded Dropshipping Solution","potentialAction":[{"@type":"SearchAction","target":{"@type":"EntryPoint","urlTemplate":"https:\/\/scaleorder.com\/?s={search_term_string}"},"query-input":{"@type":"PropertyValueSpecification","valueRequired":true,"valueName":"search_term_string"}}],"inLanguage":"de"}]}},"_links":{"self":[{"href":"https:\/\/scaleorder.com\/de\/wp-json\/wp\/v2\/pages\/17321","targetHints":{"allow":["GET"]}}],"collection":[{"href":"https:\/\/scaleorder.com\/de\/wp-json\/wp\/v2\/pages"}],"about":[{"href":"https:\/\/scaleorder.com\/de\/wp-json\/wp\/v2\/types\/page"}],"author":[{"embeddable":true,"href":"https:\/\/scaleorder.com\/de\/wp-json\/wp\/v2\/users\/1"}],"replies":[{"embeddable":true,"href":"https:\/\/scaleorder.com\/de\/wp-json\/wp\/v2\/comments?post=17321"}],"version-history":[{"count":0,"href":"https:\/\/scaleorder.com\/de\/wp-json\/wp\/v2\/pages\/17321\/revisions"}],"wp:attachment":[{"href":"https:\/\/scaleorder.com\/de\/wp-json\/wp\/v2\/media?parent=17321"}],"curies":[{"name":"wp","href":"https:\/\/api.w.org\/{rel}","templated":true}]}}