{"id":17313,"date":"2025-03-12T14:00:37","date_gmt":"2025-03-12T06:00:37","guid":{"rendered":"https:\/\/scaleorder.com\/amazon\/"},"modified":"2025-03-12T14:00:37","modified_gmt":"2025-03-12T06:00:37","slug":"amazon","status":"publish","type":"page","link":"https:\/\/scaleorder.com\/de\/amazon\/","title":{"rendered":"Amazon"},"content":{"rendered":"","protected":false},"excerpt":{"rendered":"","protected":false},"author":1,"featured_media":0,"parent":0,"menu_order":0,"comment_status":"closed","ping_status":"closed","template":"amazon-intregrate.php","meta":{"inline_featured_image":false,"footnotes":""},"class_list":["post-17313","page","type-page","status-publish","hentry"],"yoast_head":"<!-- This site is optimized with the Yoast SEO plugin v27.5 - https:\/\/yoast.com\/product\/yoast-seo-wordpress\/ -->\n<title>Scaleorder - Beste automatische Dropshipping-Website f\u00fcr Amazon-Verk\u00e4ufer | Schneller Versand Amazon FBA-Lieferant, einfaches Einrichten und kostenlose Dropshipping-Software<\/title>\n<meta name=\"description\" content=\"Starten Sie Ihr Amazon Dropshipping-Gesch\u00e4ft m\u00fchelos mit der automatischen Dropshipping-App und -Software von Scaleorder. Top Dropshipping-Anbieter, trendige Produkte und ein einfacher Einrichtungsprozess - 100% kostenlos. Ideal f\u00fcr Amazon FBA-Verk\u00e4ufer und eCommerce-Unternehmen, die skalierbare L\u00f6sungen suchen.\" \/>\n<meta name=\"robots\" content=\"index, follow, max-snippet:-1, max-image-preview:large, max-video-preview:-1\" \/>\n<link rel=\"canonical\" href=\"https:\/\/scaleorder.com\/de\/amazon\/\" \/>\n<meta property=\"og:locale\" content=\"de_DE\" \/>\n<meta property=\"og:type\" content=\"article\" \/>\n<meta property=\"og:title\" content=\"Scaleorder - Beste automatische Dropshipping-Website f\u00fcr Amazon-Verk\u00e4ufer | Schneller Versand Amazon FBA-Lieferant, einfaches Einrichten und kostenlose Dropshipping-Software\" \/>\n<meta property=\"og:description\" content=\"Starten Sie Ihr Amazon Dropshipping-Gesch\u00e4ft m\u00fchelos mit der automatischen Dropshipping-App und -Software von Scaleorder. Top Dropshipping-Anbieter, trendige Produkte und ein einfacher Einrichtungsprozess - 100% kostenlos. Ideal f\u00fcr Amazon FBA-Verk\u00e4ufer und eCommerce-Unternehmen, die skalierbare L\u00f6sungen suchen.\" \/>\n<meta property=\"og:url\" content=\"https:\/\/scaleorder.com\/de\/amazon\/\" \/>\n<meta property=\"og:site_name\" content=\"ScaleOrder Dropshipping\" \/>\n<meta name=\"twitter:card\" content=\"summary_large_image\" \/>\n<script type=\"application\/ld+json\" class=\"yoast-schema-graph\">{\"@context\":\"https:\\\/\\\/schema.org\",\"@graph\":[{\"@type\":\"WebPage\",\"@id\":\"https:\\\/\\\/scaleorder.com\\\/de\\\/amazon\\\/\",\"url\":\"https:\\\/\\\/scaleorder.com\\\/de\\\/amazon\\\/\",\"name\":\"Scaleorder - Beste automatische Dropshipping-Website f\u00fcr Amazon-Verk\u00e4ufer | Schneller Versand Amazon FBA-Lieferant, einfaches Einrichten und kostenlose Dropshipping-Software\",\"isPartOf\":{\"@id\":\"https:\\\/\\\/scaleorder.com\\\/#website\"},\"datePublished\":\"2025-03-12T06:00:37+00:00\",\"description\":\"Starten Sie Ihr Amazon Dropshipping-Gesch\u00e4ft m\u00fchelos mit der automatischen Dropshipping-App und -Software von Scaleorder. Top Dropshipping-Anbieter, trendige Produkte und ein einfacher Einrichtungsprozess - 100% kostenlos. Ideal f\u00fcr Amazon FBA-Verk\u00e4ufer und eCommerce-Unternehmen, die skalierbare L\u00f6sungen suchen.\",\"breadcrumb\":{\"@id\":\"https:\\\/\\\/scaleorder.com\\\/de\\\/amazon\\\/#breadcrumb\"},\"inLanguage\":\"de\",\"potentialAction\":[{\"@type\":\"ReadAction\",\"target\":[\"https:\\\/\\\/scaleorder.com\\\/de\\\/amazon\\\/\"]}]},{\"@type\":\"BreadcrumbList\",\"@id\":\"https:\\\/\\\/scaleorder.com\\\/de\\\/amazon\\\/#breadcrumb\",\"itemListElement\":[{\"@type\":\"ListItem\",\"position\":1,\"name\":\"Home\",\"item\":\"https:\\\/\\\/scaleorder.com\\\/de\\\/vorderseite\\\/\"},{\"@type\":\"ListItem\",\"position\":2,\"name\":\"Amazon\"}]},{\"@type\":\"WebSite\",\"@id\":\"https:\\\/\\\/scaleorder.com\\\/#website\",\"url\":\"https:\\\/\\\/scaleorder.com\\\/\",\"name\":\"ScaleOrder Dropshipping\",\"description\":\"The Ultimate Branded Dropshipping Solution\",\"potentialAction\":[{\"@type\":\"SearchAction\",\"target\":{\"@type\":\"EntryPoint\",\"urlTemplate\":\"https:\\\/\\\/scaleorder.com\\\/?s={search_term_string}\"},\"query-input\":{\"@type\":\"PropertyValueSpecification\",\"valueRequired\":true,\"valueName\":\"search_term_string\"}}],\"inLanguage\":\"de\"}]}<\/script>\n<!-- \/ Yoast SEO plugin. -->","yoast_head_json":{"title":"Scaleorder - Beste automatische Dropshipping-Website f\u00fcr Amazon-Verk\u00e4ufer | Schneller Versand Amazon FBA-Lieferant, einfaches Einrichten und kostenlose Dropshipping-Software","description":"Starten Sie Ihr Amazon Dropshipping-Gesch\u00e4ft m\u00fchelos mit der automatischen Dropshipping-App und -Software von Scaleorder. Top Dropshipping-Anbieter, trendige Produkte und ein einfacher Einrichtungsprozess - 100% kostenlos. Ideal f\u00fcr Amazon FBA-Verk\u00e4ufer und eCommerce-Unternehmen, die skalierbare L\u00f6sungen suchen.","robots":{"index":"index","follow":"follow","max-snippet":"max-snippet:-1","max-image-preview":"max-image-preview:large","max-video-preview":"max-video-preview:-1"},"canonical":"https:\/\/scaleorder.com\/de\/amazon\/","og_locale":"de_DE","og_type":"article","og_title":"Scaleorder - Beste automatische Dropshipping-Website f\u00fcr Amazon-Verk\u00e4ufer | Schneller Versand Amazon FBA-Lieferant, einfaches Einrichten und kostenlose Dropshipping-Software","og_description":"Starten Sie Ihr Amazon Dropshipping-Gesch\u00e4ft m\u00fchelos mit der automatischen Dropshipping-App und -Software von Scaleorder. Top Dropshipping-Anbieter, trendige Produkte und ein einfacher Einrichtungsprozess - 100% kostenlos. Ideal f\u00fcr Amazon FBA-Verk\u00e4ufer und eCommerce-Unternehmen, die skalierbare L\u00f6sungen suchen.","og_url":"https:\/\/scaleorder.com\/de\/amazon\/","og_site_name":"ScaleOrder Dropshipping","twitter_card":"summary_large_image","schema":{"@context":"https:\/\/schema.org","@graph":[{"@type":"WebPage","@id":"https:\/\/scaleorder.com\/de\/amazon\/","url":"https:\/\/scaleorder.com\/de\/amazon\/","name":"Scaleorder - Beste automatische Dropshipping-Website f\u00fcr Amazon-Verk\u00e4ufer | Schneller Versand Amazon FBA-Lieferant, einfaches Einrichten und kostenlose Dropshipping-Software","isPartOf":{"@id":"https:\/\/scaleorder.com\/#website"},"datePublished":"2025-03-12T06:00:37+00:00","description":"Starten Sie Ihr Amazon Dropshipping-Gesch\u00e4ft m\u00fchelos mit der automatischen Dropshipping-App und -Software von Scaleorder. Top Dropshipping-Anbieter, trendige Produkte und ein einfacher Einrichtungsprozess - 100% kostenlos. Ideal f\u00fcr Amazon FBA-Verk\u00e4ufer und eCommerce-Unternehmen, die skalierbare L\u00f6sungen suchen.","breadcrumb":{"@id":"https:\/\/scaleorder.com\/de\/amazon\/#breadcrumb"},"inLanguage":"de","potentialAction":[{"@type":"ReadAction","target":["https:\/\/scaleorder.com\/de\/amazon\/"]}]},{"@type":"BreadcrumbList","@id":"https:\/\/scaleorder.com\/de\/amazon\/#breadcrumb","itemListElement":[{"@type":"ListItem","position":1,"name":"Home","item":"https:\/\/scaleorder.com\/de\/vorderseite\/"},{"@type":"ListItem","position":2,"name":"Amazon"}]},{"@type":"WebSite","@id":"https:\/\/scaleorder.com\/#website","url":"https:\/\/scaleorder.com\/","name":"ScaleOrder Dropshipping","description":"The Ultimate Branded Dropshipping Solution","potentialAction":[{"@type":"SearchAction","target":{"@type":"EntryPoint","urlTemplate":"https:\/\/scaleorder.com\/?s={search_term_string}"},"query-input":{"@type":"PropertyValueSpecification","valueRequired":true,"valueName":"search_term_string"}}],"inLanguage":"de"}]}},"_links":{"self":[{"href":"https:\/\/scaleorder.com\/de\/wp-json\/wp\/v2\/pages\/17313","targetHints":{"allow":["GET"]}}],"collection":[{"href":"https:\/\/scaleorder.com\/de\/wp-json\/wp\/v2\/pages"}],"about":[{"href":"https:\/\/scaleorder.com\/de\/wp-json\/wp\/v2\/types\/page"}],"author":[{"embeddable":true,"href":"https:\/\/scaleorder.com\/de\/wp-json\/wp\/v2\/users\/1"}],"replies":[{"embeddable":true,"href":"https:\/\/scaleorder.com\/de\/wp-json\/wp\/v2\/comments?post=17313"}],"version-history":[{"count":0,"href":"https:\/\/scaleorder.com\/de\/wp-json\/wp\/v2\/pages\/17313\/revisions"}],"wp:attachment":[{"href":"https:\/\/scaleorder.com\/de\/wp-json\/wp\/v2\/media?parent=17313"}],"curies":[{"name":"wp","href":"https:\/\/api.w.org\/{rel}","templated":true}]}}